{"id":2067,"date":"2021-01-30T19:35:47","date_gmt":"2021-01-30T17:35:47","guid":{"rendered":"https:\/\/gsoftwarelab.com\/payment-methods\/"},"modified":"2025-10-05T02:45:32","modified_gmt":"2025-10-05T00:45:32","slug":"payment-methods","status":"publish","type":"page","link":"https:\/\/gsoftwarelab.com\/pl\/payment-methods\/","title":{"rendered":"Metody p\u0142atno\u015bci"},"content":{"rendered":"<p>Chcemy, aby Twoje zakupy by\u0142y tak proste i bezpieczne, jak to tylko mo\u017cliwe. Oferujemy szereg opcji p\u0142atno\u015bci dostosowanych do Twoich potrzeb. Wszystkie transakcje s\u0105 przetwarzane przy u\u017cyciu bezpiecznego szyfrowania, aby zapewni\u0107, \u017ce Twoje dane s\u0105 zawsze chronione.<\/p>\n\n\n\n<p>Wybierz metod\u0119, kt\u00f3ra dzia\u0142a najlepiej dla Ciebie z poni\u017cszych opcji.<\/p>\n\n\n\n<hr class=\"wp-block-separator has-alpha-channel-opacity\"\/>\n\n\n\n<h4 class=\"wp-block-heading\"><strong>PayPal &amp; Karty kredytowe \/ debetowe<\/strong><\/h4>\n\n\n\n<p>Bezpiecznie akceptujemy p\u0142atno\u015bci za po\u015brednictwem PayPal. Po przej\u015bciu do kasy zostaniesz przekierowany do bramki p\u0142atno\u015bci PayPal.<\/p>\n\n\n\n<ul class=\"wp-block-list\">\n<li><strong>P\u0142a\u0107 za pomoc\u0105 konta PayPal:<\/strong> Je\u015bli masz konto PayPal, mo\u017cesz zalogowa\u0107 si\u0119, aby szybko sfinalizowa\u0107 zakup, korzystaj\u0105c z zapisanego salda lub po\u0142\u0105czonych metod p\u0142atno\u015bci.<\/li>\n\n\n\n<li><strong>P\u0142a\u0107 kart\u0105 kredytow\u0105 lub debetow\u0105:<\/strong> Nie masz konta PayPal? Nie ma problemu. Wystarczy wybra\u0107 opcj\u0119 \u201eP\u0142a\u0107 kart\u0105 debetow\u0105 lub kredytow\u0105\u201d na stronie PayPal. Mo\u017cesz bezpiecznie wprowadzi\u0107 dane swojej karty (Visa, Mastercard, American Express itp.), Aby zako\u0144czy\u0107 transakcj\u0119 jako go\u015b\u0107. Informacje finansowe s\u0105 chronione przez bezpieczn\u0105 platform\u0119 PayPal.<\/li>\n<\/ul>\n\n\n\n<h4 class=\"wp-block-heading\"><strong>Kryptowaluta<\/strong><\/h4>\n\n\n\n<p>Obejmuj\u0105c przysz\u0142o\u015b\u0107 p\u0142atno\u015bci cyfrowych, z dum\u0105 akceptujemy r\u00f3\u017cne kryptowaluty.<\/p>\n\n\n\n<ul class=\"wp-block-list\">\n<li><strong>Bitcoin (BTC):<\/strong> Mo\u017cesz zap\u0142aci\u0107 bezpo\u015brednio za pomoc\u0105 Bitcoin.<\/li>\n\n\n\n<li><strong>Altcoiny:<\/strong> Akceptujemy r\u00f3wnie\u017c wyb\u00f3r innych popularnych alternatywnych kryptowalut.<\/li>\n<\/ul>\n\n\n\n<p>Wymagana kwota zostanie obliczona na podstawie aktualnego kursu wymiany w momencie transakcji. Wystarczy wybra\u0107 opcj\u0119 kryptowaluty przy kasie, aby kontynuowa\u0107.<\/p>\n\n\n\n<hr class=\"wp-block-separator has-alpha-channel-opacity\"\/>\n\n\n\n<p>Je\u015bli masz jakiekolwiek pytania dotycz\u0105ce naszych metod p\u0142atno\u015bci lub napotkasz jakiekolwiek problemy, nie wahaj si\u0119 <strong><a href=\"https:\/\/gsoftwarelab.com\/pl\/contact-us\/\">Skontaktuj si\u0119 z naszym zespo\u0142em wsparcia<\/a><\/strong> o pomoc.<\/p>\n\n\n\n<div class=\"wp-block-group alignfull has-ti-bg-alt-background-color has-background is-layout-constrained wp-block-group-is-layout-constrained\" style=\"margin-top:0;margin-bottom:0;padding-top:64px;padding-bottom:64px\">\n<h3 class=\"wp-block-heading alignwide has-text-align-center has-large-font-size\">Akceptowane metody p\u0142atno\u015bci<\/h3>\n\n\n\n<div class=\"wp-block-group is-content-justification-center is-nowrap is-layout-flex wp-container-core-group-is-layout-23441af8 wp-block-group-is-layout-flex\">\n<figure class=\"wp-block-image size-full\"><img decoding=\"async\" width=\"128\" height=\"36\" src=\"https:\/\/gsoftwarelab.com\/wp-content\/uploads\/2023\/07\/payment_method_paypal.webp\" alt=\"Zap\u0142a\u0107 za pomoc\u0105 PayPal\" class=\"wp-image-6699\" title=\"\"><\/figure>\n\n\n\n<figure class=\"wp-block-image size-full\"><img decoding=\"async\" width=\"100\" height=\"78\" src=\"https:\/\/gsoftwarelab.com\/wp-content\/uploads\/2023\/07\/payment_method_cc.webp\" alt=\"Zap\u0142a\u0107 za pomoc\u0105 CreditCard\" class=\"wp-image-6700\" title=\"\"><\/figure>\n\n\n\n<figure class=\"wp-block-image size-full\"><img decoding=\"async\" width=\"100\" height=\"42\" src=\"https:\/\/gsoftwarelab.com\/wp-content\/uploads\/2023\/07\/payment_method_stripe.webp\" alt=\"Zap\u0142a\u0107 Stripe\" class=\"wp-image-6701\" title=\"\"><\/figure>\n\n\n\n<figure class=\"wp-block-image size-full\"><img decoding=\"async\" width=\"98\" height=\"98\" src=\"https:\/\/gsoftwarelab.com\/wp-content\/uploads\/2023\/07\/payment_method_bitcoin.webp\" alt=\"Zap\u0142a\u0107 Bitcoinem\" class=\"wp-image-6702\" title=\"\" srcset=\"https:\/\/gsoftwarelab.com\/wp-content\/uploads\/2023\/07\/payment_method_bitcoin.webp 98w, https:\/\/gsoftwarelab.com\/wp-content\/uploads\/2023\/07\/payment_method_bitcoin-96x96.webp 96w\" sizes=\"(max-width: 98px) 100vw, 98px\" \/><\/figure>\n\n\n\n<figure class=\"wp-block-image size-full\"><img decoding=\"async\" width=\"60\" height=\"100\" src=\"https:\/\/gsoftwarelab.com\/wp-content\/uploads\/2023\/07\/payment_method_eth.webp\" alt=\"Zap\u0142a\u0107 za pomoc\u0105 Ethereum i Altcoin\" class=\"wp-image-6703\" title=\"\"><\/figure>\n<\/div>\n<\/div>","protected":false},"excerpt":{"rendered":"<p>Chcemy, aby Twoje zakupy by\u0142y tak proste i bezpieczne, jak to tylko mo\u017cliwe. Oferujemy szereg opcji p\u0142atno\u015bci dostosowanych do Twoich potrzeb. Wszystkie transakcje s\u0105 przetwarzane przy u\u017cyciu bezpiecznego szyfrowania, aby zapewni\u0107, \u017ce Twoje dane s\u0105 zawsze chronione. Wybierz metod\u0119, kt\u00f3ra dzia\u0142a najlepiej dla Ciebie z poni\u017cszych opcji. PayPal &amp; Karty kredytowe \/ debetowe My [...]<\/p>","protected":false},"author":1,"featured_media":0,"parent":0,"menu_order":0,"comment_status":"closed","ping_status":"closed","template":"","meta":{"rop_custom_images_group":[],"rop_custom_messages_group":[],"rop_publish_now":"initial","rop_publish_now_accounts":{"twitter_2998589429_2998589429":""},"rop_publish_now_history":[],"rop_publish_now_status":"pending","footnotes":""},"class_list":["post-2067","page","type-page","status-publish","hentry"],"blocksy_meta":[],"_links":{"self":[{"href":"https:\/\/gsoftwarelab.com\/pl\/wp-json\/wp\/v2\/pages\/2067","targetHints":{"allow":["GET"]}}],"collection":[{"href":"https:\/\/gsoftwarelab.com\/pl\/wp-json\/wp\/v2\/pages"}],"about":[{"href":"https:\/\/gsoftwarelab.com\/pl\/wp-json\/wp\/v2\/types\/page"}],"author":[{"embeddable":true,"href":"https:\/\/gsoftwarelab.com\/pl\/wp-json\/wp\/v2\/users\/1"}],"replies":[{"embeddable":true,"href":"https:\/\/gsoftwarelab.com\/pl\/wp-json\/wp\/v2\/comments?post=2067"}],"version-history":[{"count":2,"href":"https:\/\/gsoftwarelab.com\/pl\/wp-json\/wp\/v2\/pages\/2067\/revisions"}],"predecessor-version":[{"id":8364,"href":"https:\/\/gsoftwarelab.com\/pl\/wp-json\/wp\/v2\/pages\/2067\/revisions\/8364"}],"wp:attachment":[{"href":"https:\/\/gsoftwarelab.com\/pl\/wp-json\/wp\/v2\/media?parent=2067"}],"curies":[{"name":"wp","href":"https:\/\/api.w.org\/{rel}","templated":true}]}}