{"id":1409,"date":"2020-05-14T09:55:52","date_gmt":"2020-05-14T07:55:52","guid":{"rendered":"https:\/\/gsoftwarelab.com\/?post_type=product&#038;p=1409"},"modified":"2026-01-14T05:49:24","modified_gmt":"2026-01-14T03:49:24","slug":"proxy-buddy-v3","status":"publish","type":"product","link":"https:\/\/gsoftwarelab.com\/it\/prodotto\/proxy-buddy-v3\/","title":{"rendered":"Proxy Buddy"},"content":{"rendered":"<h2>Sblocca proxy illimitati con Proxy Buddy<\/h2>\n<div class=\"flex flex-grow flex-col gap-3\">\n<div class=\"min-h-[20px] flex flex-col items-start gap-4 whitespace-pre-wrap\">\n<div class=\"markdown prose w-full break-words dark:prose-invert light\">\n<p>Presentazione Proxy Buddy \u2013 la soluzione definitiva per raschiare, testare, filtrare ed esportare rapidamente e facilmente elenchi di migliaia di nuovi server proxy pubblici. Con la sua funzione di pilota automatico con un solo clic, puoi raccogliere e testare i proxy senza sforzo con un solo clic. Perfetto per applicazioni software SEO e bot, Proxy Buddy include anche uno speciale test di ricerca di Google per garantire che i server proxy possano raschiare i risultati dei motori di ricerca da Google.<\/p>\n<p>Aggiorna il tuo proxy gioco con il nostro acquisto potente ed efficiente proxy strumento di raschiatura. Acquistando il nostro proxy raschietto, si otterr\u00e0 l'accesso a un abbonamento mensile di Proxy Buddy. Questa licenza consente di utilizzare lo strumento su un computer alla volta, senza costi aggiuntivi per aggiornamenti, funzionalit\u00e0 aggiunte o correzioni di bug. Non perdere l'opportunit\u00e0 di migliorare la tua proxy Capacit\u00e0 con Proxy Buddy \u2013 acquista ora!<\/p>\n<\/div>\n<\/div>\n<\/div>\n<div style=\"padding: 56.25% 0 0 0; position: relative;\"><iframe style=\"position: absolute; top: 0; left: 0; width: 100%; height: 100%;\" src=\"https:\/\/player.vimeo.com\/video\/672830210?h=59eb4a1d9e&amp;autoplay=1&amp;loop=1&amp;byline=0\" frameborder=\"0\" allowfullscreen=\"allowfullscreen\"><\/iframe><\/div>\n<p>&nbsp;<\/p>\n<h3 id=\"item-description__key-features\">Caratteristiche principali:<\/h3>\n<ul>\n<li>Raschietto proxy completamente automatizzato<\/li>\n<li>Fonte proxy incorporata<\/li>\n<li>Raschiare milioni di server proxy<\/li>\n<li>Multi-filettato e Socket-Based<\/li>\n<li>Supporta HTTP, HTTPS, Socks4 e Socks5<\/li>\n<li>Caricamento e invio e-mail Caratteristica<\/li>\n<li>Supporto avanzato di filtraggio (protocollo, Google Pass, anonimato, paese e altro)<\/li>\n<li>Aggiornamenti e supporto<\/li>\n<li>Chiave di licenza originale e unica<\/li>\n<\/ul>\n<p><strong>Requisiti minimi di sistema:<\/strong><\/p>\n<ul>\n<li>OS: Windows 10 (versione 22H2 o successiva) Windows 11 (tutte le versioni), Windows Server 2019 e versioni successive<\/li>\n<li>8 GB di RAM<\/li>\n<li>10 GB di spazio di archiviazione<\/li>\n<li>4 nuclei<\/li>\n<li>Connessione Internet stabile<\/li>\n<\/ul>\n<p><strong>Il tuo acquisto include:<\/strong><\/p>\n<ul>\n<li>Abbonamento mensile al software<\/li>\n<li>Supporto completo<\/li>\n<li>Contribuire a piantare un unico albero<\/li>\n<\/ul>\n<p><strong>Termini di abbonamento:<\/strong><\/p>\n<ul>\n<li>Rinnovo automatico ogni mese fino alla cancellazione<\/li>\n<li>Supporto e aggiornamenti durante il periodo di abbonamento<\/li>\n<\/ul>\n<p><a href=\"https:\/\/gsoftwarelab.com\/it\/proxy-buddy-scraper-tester\/\"><strong>Scopri di pi\u00f9 su Proxy Buddy<\/strong><\/a><strong><a href=\"https:\/\/gsoftwarelab.com\/it\/proxy-buddy-scraper-tester\/\"> (Raschietto per delega)<\/a><\/strong><br \/>\n<strong><a href=\"https:\/\/docs.gsoftwarelab.com\/\">Leggi la documentazione<\/a><\/strong><\/p>\n<p><strong><a href=\"https:\/\/gsoftwarelab.com\/it\/organic-traffic-view-bot\/\">Scopri di pi\u00f9 su Traffic Buddy<\/a><a href=\"https:\/\/gsoftwarelab.com\/it\/organic-traffic-view-bot\/\"> (Traffico Bot)<\/a><br \/>\n<a href=\"https:\/\/gsoftwarelab.com\/it\/index-buddy-backlink-indexer\/\">Scopri di pi\u00f9 su Index Buddy<\/a><a href=\"https:\/\/gsoftwarelab.com\/it\/index-buddy-backlink-indexer\/\"> (Software di indicizzazione dei collegamenti)<\/a><br \/>\n<\/strong><\/p>","protected":false},"excerpt":{"rendered":"<p>Trovare e testare senza sforzo migliaia di nuovi server proxy pubblici con Proxy Buddy. Il nostro strumento veloce e facile da usare ti consente di raschiare, testare, filtrare ed esportare elenchi di proxy con facilit\u00e0. La funzione di pilota automatico con un clic semplifica la raccolta e il test dei proxy in blocco. Semplifica la tua ricerca di proxy e assicurati le massime prestazioni con Proxy Buddy.<\/p>","protected":false},"featured_media":7548,"comment_status":"open","ping_status":"closed","template":"","meta":{"rop_custom_images_group":[],"rop_custom_messages_group":[],"rop_publish_now":"initial","rop_publish_now_accounts":{"twitter_2998589429_2998589429":""},"rop_publish_now_history":[],"rop_publish_now_status":"pending"},"product_brand":[2068,2069],"product_cat":[88,87],"product_tag":[153,156,103,2386,102,98,2385,99,157,155,188,189],"class_list":{"0":"post-1409","1":"product","2":"type-product","3":"status-publish","4":"has-post-thumbnail","6":"product_brand-gsoftwarelab","7":"product_brand-proxy-buddy","8":"product_cat-proxy-buddy","9":"product_cat-software","10":"product_tag-google-proxies","11":"product_tag-gsa-ser-proxies","12":"product_tag-proxy-buddy","13":"product_tag-proxy-buddy-subscription","14":"product_tag-proxy-list","15":"product_tag-proxy-scraper","16":"product_tag-proxy-scraper-subscription","17":"product_tag-proxy-tester","18":"product_tag-scrapebox-proxies","19":"product_tag-seo-proxies","20":"product_tag-sock5-proxy","21":"product_tag-socks4-proxy","23":"first","24":"instock","25":"featured","26":"downloadable","27":"virtual","28":"purchasable","29":"product-type-simple"},"wcol_rules":[],"_links":{"self":[{"href":"https:\/\/gsoftwarelab.com\/it\/wp-json\/wp\/v2\/product\/1409","targetHints":{"allow":["GET"]}}],"collection":[{"href":"https:\/\/gsoftwarelab.com\/it\/wp-json\/wp\/v2\/product"}],"about":[{"href":"https:\/\/gsoftwarelab.com\/it\/wp-json\/wp\/v2\/types\/product"}],"replies":[{"embeddable":true,"href":"https:\/\/gsoftwarelab.com\/it\/wp-json\/wp\/v2\/comments?post=1409"}],"wp:featuredmedia":[{"embeddable":true,"href":"https:\/\/gsoftwarelab.com\/it\/wp-json\/wp\/v2\/media\/7548"}],"wp:attachment":[{"href":"https:\/\/gsoftwarelab.com\/it\/wp-json\/wp\/v2\/media?parent=1409"}],"wp:term":[{"taxonomy":"product_brand","embeddable":true,"href":"https:\/\/gsoftwarelab.com\/it\/wp-json\/wp\/v2\/product_brand?post=1409"},{"taxonomy":"product_cat","embeddable":true,"href":"https:\/\/gsoftwarelab.com\/it\/wp-json\/wp\/v2\/product_cat?post=1409"},{"taxonomy":"product_tag","embeddable":true,"href":"https:\/\/gsoftwarelab.com\/it\/wp-json\/wp\/v2\/product_tag?post=1409"}],"curies":[{"name":"wp","href":"https:\/\/api.w.org\/{rel}","templated":true}]}}