{"id":8524,"date":"2025-11-15T08:47:14","date_gmt":"2025-11-15T06:47:14","guid":{"rendered":"https:\/\/gsoftwarelab.com\/?page_id=8524"},"modified":"2025-11-15T08:47:18","modified_gmt":"2025-11-15T06:47:18","slug":"software-license-agreement","status":"publish","type":"page","link":"https:\/\/gsoftwarelab.com\/it\/software-license-agreement\/","title":{"rendered":"Contratto di licenza software"},"content":{"rendered":"<h1 class=\"wp-block-heading\">CONTRATTO DI LICENZA SOFTWARE<\/h1>\n\n\n\n<p>Il presente Contratto di Licenza Software (l'\"ACCORDO\") \u00e8 un accordo legale vincolante tra l'utente (una persona fisica o una singola entit\u00e0 giuridica, di seguito \"utente\" o \"Licenziatario\") e GSoftwareLab (di seguito \u201cLicenziante\u201d o \u201cGSoftwareLab\u201d).<\/p>\n\n\n\n<p>Il presente CONTRATTO disciplina l'utilizzo del GSoftwareLab prodotto software che accompagna il presente CONTRATTO, che comprende il software, qualsiasi supporto associato, materiale stampato e documentazione \"online\" o elettronica (collettivamente, il \"SOFTWARE\").<\/p>\n\n\n\n<p><strong>Installando, copiando, scaricando o utilizzando in altro modo il SOFTWARE, l'utente accetta di essere vincolato dai termini e dalle condizioni del presente CONTRATTO. Se non si accettano questi termini, non installare o utilizzare il SOFTWARE.<\/strong><\/p>\n\n\n\n<h3 class=\"wp-block-heading\">1. PROPRIETA' E PROPRIETA' INTELLETTUALE<\/h3>\n\n\n\n<p>Il SOFTWARE \u00e8 di propriet\u00e0 di GSoftwareLab ed \u00e8 protetto dalle leggi sul diritto d'autore e dai trattati internazionali sul diritto d'autore, nonch\u00e9 da altre leggi e trattati sulla propriet\u00e0 intellettuale. Il SOFTWARE \u00e8 concesso in licenza, non venduto. GSoftwareLab si riserva tutti i diritti non espressamente concessi all'utente nel presente CONTRATTO.<\/p>\n\n\n\n<h3 class=\"wp-block-heading\">2. CONCESSIONE DI LICENZA<\/h3>\n\n\n\n<p>Fatto salvo il rispetto da parte dell'utente di tutti i termini del presente CONTRATTO, GSoftwareLab concede all'utente i seguenti diritti non esclusivi e non trasferibili:<\/p>\n\n\n\n<ul class=\"wp-block-list\">\n<li><strong>Licenza di prova o valutazione:<\/strong> Se il SOFTWARE viene fornito all'utente a fini di valutazione, GSoftwareLab concede all'utente una licenza per installare e utilizzare una (1) copia del SOFTWARE a fini di prova e valutazione per un periodo di tempo limitato (il \"Periodo di prova\"). La durata e i termini specifici del Periodo di prova (ad esempio, limitazioni delle funzionalit\u00e0) saranno specificati da GSoftwareLab al momento del download o all'interno del SOFTWARE stesso. Alla scadenza del Periodo di prova, \u00e8 necessario acquistare un abbonamento per continuare a utilizzare il SOFTWARE o disinstallare e distruggere tutte le copie del SOFTWARE.<\/li>\n\n\n\n<li><strong>Licenza di abbonamento:<\/strong> Subordinatamente al rispetto del presente CONTRATTO e al tempestivo pagamento di tutte le quote di abbonamento applicabili, GSoftwareLab concede all'utente una licenza per installare e utilizzare il SOFTWARE per la durata del periodo di abbonamento attivo. Questa licenza consente l'uso su un singolo computer (ad esempio, PC o server) contemporaneamente, a meno che non vengano acquistate licenze aggiuntive (abbonamenti) da GSoftwareLab per ogni computer aggiuntivo.<\/li>\n<\/ul>\n\n\n\n<h3 class=\"wp-block-heading\">3. TERMINE DI ISCRIZIONE E PAGAMENTO<\/h3>\n\n\n\n<p>Il SOFTWARE \u00e8 concesso in licenza su base di abbonamento. La licenza per l'utilizzo del SOFTWARE \u00e8 subordinata al pagamento attivo e tempestivo delle quote di abbonamento. Tali commissioni saranno fatturate periodicamente (ad esempio, mensilmente, annualmente) come specificato al momento dell'acquisto.<\/p>\n\n\n\n<p>Il mancato mantenimento di un abbonamento attivo o l'invio del pagamento per le tariffe di abbonamento comporter\u00e0 la cessazione della licenza. Al termine o alla scadenza dell'abbonamento, \u00e8 necessario cessare immediatamente ogni utilizzo del SOFTWARE e disinstallarlo dal computer.<\/p>\n\n\n\n<h3 class=\"wp-block-heading\">4. RESTRIZIONI ALLA LICENZA<\/h3>\n\n\n\n<p>\u00c8 espressamente vietato fare quanto segue:<\/p>\n\n\n\n<ul class=\"wp-block-list\">\n<li>L'utente non pu\u00f2 concedere in sublicenza, affittare, noleggiare, vendere o altrimenti trasferire il SOFTWARE o parte di esso a terzi.<\/li>\n\n\n\n<li>L'utente non pu\u00f2 decompilare, disassemblare, decodificare o tentare in altro modo di ricavare il codice sorgente del SOFTWARE o di qualsiasi parte di esso, tranne e solo nella misura in cui tale attivit\u00e0 sia espressamente consentita dalla legge applicabile nonostante questa limitazione.<\/li>\n\n\n\n<li>Non \u00e8 possibile modificare il SOFTWARE o creare opere derivate basate sul SOFTWARE.<\/li>\n\n\n\n<li>Non \u00e8 possibile utilizzare il SOFTWARE dopo la scadenza del Periodo di prova autorizzato senza acquistare un abbonamento attivo.<\/li>\n\n\n\n<li>L'utente non pu\u00f2 bypassare, disabilitare o sconfiggere qualsiasi licenza, protezione dalla copia o meccanismi di applicazione del periodo di prova contenuti nel SOFTWARE.<\/li>\n\n\n\n<li>Non \u00e8 consentito copiare o distribuire il programma di installazione del SOFTWARE o uno qualsiasi dei suoi componenti. Tutta la distribuzione \u00e8 gestita esclusivamente da GSoftwareLab o i suoi rivenditori autorizzati.<\/li>\n<\/ul>\n\n\n\n<h3 class=\"wp-block-heading\">5. AGGIORNAMENTI E SOSTEGNO<\/h3>\n\n\n\n<p>GSoftwareLab pu\u00f2, a sua esclusiva discrezione, fornire aggiornamenti, patch o supporto tecnico per il SOFTWARE durante un periodo di abbonamento attivo. Qualsiasi codice software aggiuntivo o aggiornamento fornito all'utente sar\u00e0 considerato parte del SOFTWARE e soggetto ai termini e alle condizioni del presente CONTRATTO.<\/p>\n\n\n\n<h3 class=\"wp-block-heading\">6. RACCOLTA E PRIVACY DEI DATI<\/h3>\n\n\n\n<p>L'utente riconosce che il SOFTWARE pu\u00f2 contenere tecnologie di attivazione, antiabuso e verifica delle licenze. Per rilevare e prevenire l'uso fraudolento o non autorizzato, il SOFTWARE pu\u00f2 raccogliere, archiviare e trasmettere determinati dati (come indirizzi IP o identificatori di macchina). GSoftwareLab Si riserva il diritto di utilizzare questi dati per far rispettare i suoi termini di licenza. GSoftwareLabLa raccolta e l'utilizzo dei dati personali saranno disciplinati dalla sua politica sulla privacy, disponibile sul suo sito web.<\/p>\n\n\n\n<h3 class=\"wp-block-heading\">7. COMPONENTI DI TERZI<\/h3>\n\n\n\n<p>Il SOFTWARE pu\u00f2 contenere o essere fornito in bundle con software, librerie o componenti di terze parti concessi in licenza in base ai rispettivi accordi di licenza. Un elenco di tali componenti e delle relative licenze applicabili pu\u00f2 essere disponibile nella documentazione del SOFTWARE o nella schermata \"Informazioni\". Il presente CONTRATTO non modifica alcun diritto o obbligo che potresti avere in base a tali licenze separate.<\/p>\n\n\n\n<h3 class=\"wp-block-heading\">8. DISCLAIMER DI GARANZIA<\/h3>\n\n\n\n<p>IL SOFTWARE \u00c8 FORNITO \"COS\u00cc COM'\u00c8\" E SENZA GARANZIA DI ALCUN TIPO. GSOFTWARELAB DECLINA TUTTE LE GARANZIE, ESPRESSE O IMPLICITE, COMPRESE, SENZA LIMITAZIONI, LE GARANZIE DI COMMERCIABILIT\u00c0, IDONEIT\u00c0 PER UN PARTICOLARE SCOPO E NON VIOLAZIONE. L'INTERO RISCHIO DERIVANTE DALL'USO O DALLE PRESTAZIONI DEL SOFTWARE RIMANE CON L'UTENTE.<\/p>\n\n\n\n<h3 class=\"wp-block-heading\">9. LIMITAZIONE DI RESPONSABILIT\u00c0<\/h3>\n\n\n\n<p>IN NESSUN CASO GSOFTWARELAB O I SUOI FORNITORI SARANNO RESPONSABILI DI QUALSIASI DANNO (COMPRESI, SENZA LIMITAZIONI, DANNI PER PERDITA DI PROFITTI AZIENDALI, INTERRUZIONE AZIENDALE, PERDITA DI INFORMAZIONI AZIENDALI O ALTRE PERDITE PECUNIARIE) DERIVANTI DALL'USO O DALL'INCAPACIT\u00c0 DI UTILIZZARE IL SOFTWARE, ANCHE SE GSOFTWARELAB \u00c8 STATO AVVISATO DELLA POSSIBILIT\u00c0 DI TALI DANNI.<\/p>\n\n\n\n<p>IN QUALSIASI CASO, L'INTERA RESPONSABILIT\u00c0 DI GSOFTWARELAB AI SENSI DI QUALSIASI DISPOSIZIONE DEL PRESENTE ACCORDO SAR\u00c0 LIMITATA ALL'IMPORTO VERAMENTE PAGATO DALL'UTENTE PER LA SOTTOSCRIZIONE AL SOFTWARE DURANTE I DUE (12) MESI PRECEDENTI L'EVENTO DATO ALLA RICHIESTA O L'IMPORTO PI\u00d9 BASSO CONSENTITO DALLA LEGGE.<\/p>\n\n\n\n<h3 class=\"wp-block-heading\">10. TERMINAZIONE<\/h3>\n\n\n\n<p>Fatti salvi eventuali altri diritti, GSoftwareLab pu\u00f2 recedere immediatamente dal presente CONTRATTO in caso di mancato rispetto di uno qualsiasi dei suoi termini e condizioni. In tal caso, \u00e8 necessario cessare immediatamente ogni utilizzo del SOFTWARE e distruggere tutte le copie del SOFTWARE e tutte le sue parti componenti. Le sezioni 1, 4, 6, 7, 8, 9 e 11 sopravvivranno a qualsiasi risoluzione del presente CONTRATTO.<\/p>\n\n\n\n<h3 class=\"wp-block-heading\">11. DISPOSIZIONI GENERALI<\/h3>\n\n\n\n<ul class=\"wp-block-list\">\n<li><strong>Legge applicabile:<\/strong> Il presente CONTRATTO sar\u00e0 regolato e interpretato in conformit\u00e0 con le leggi di <strong>[Il vostro Stato\/paese]<\/strong>, senza tener conto dei suoi principi di conflitto di leggi. L'utente accetta di sottoporsi alla giurisdizione esclusiva dei tribunali situati in <strong>[La tua citt\u00e0, Stato\/Paese]<\/strong> per risolvere qualsiasi controversia derivante dal presente CONTRATTO.<\/li>\n\n\n\n<li><strong>Separabilit\u00e0:<\/strong> Se una qualsiasi disposizione del presente ACCORDO \u00e8 ritenuta inapplicabile o non valida, tale disposizione sar\u00e0 modificata e interpretata per conseguire gli obiettivi di tale disposizione nella massima misura possibile ai sensi della legge applicabile, e le restanti disposizioni continueranno a essere pienamente valide ed efficaci.<\/li>\n\n\n\n<li><strong>Restrizioni all'esportazione:<\/strong> Accetti di rispettare tutte le leggi e i regolamenti applicabili in materia di controllo delle esportazioni e riesportazioni della tua giurisdizione e di qualsiasi altra giurisdizione applicabile.<\/li>\n\n\n\n<li><strong>Intero accordo:<\/strong> Il presente CONTRATTO costituisce l'intero accordo tra l'utente e GSoftwareLab relativo al SOFTWARE e sostituisce tutte le precedenti o contemporanee comunicazioni orali o scritte, proposte e dichiarazioni relative al SOFTWARE o a qualsiasi altro oggetto coperto dal presente CONTRATTO.<\/li>\n<\/ul>","protected":false},"excerpt":{"rendered":"<p>Il presente Contratto di Licenza del Software (l'\"ACCORDO\") \u00e8 un accordo legale vincolante tra l'utente (una persona fisica o una singola entit\u00e0 giuridica, di seguito \"utente\" o \"Licenziatario\") e GSoftwareLab (di seguito \u201cLicenziante\u201d o \u201cGSoftwareLab\u201d). Il presente CONTRATTO disciplina l'utilizzo del GSoftwareLab prodotto software che accompagna il presente CONTRATTO, che include il software, qualsiasi supporto associato, stampato [...]<\/p>","protected":false},"author":1,"featured_media":0,"parent":0,"menu_order":0,"comment_status":"closed","ping_status":"closed","template":"","meta":{"rop_custom_images_group":[],"rop_custom_messages_group":[],"rop_publish_now":"initial","rop_publish_now_accounts":{"twitter_2998589429_2998589429":""},"rop_publish_now_history":[],"rop_publish_now_status":"pending","footnotes":""},"class_list":["post-8524","page","type-page","status-publish","hentry"],"blocksy_meta":[],"_links":{"self":[{"href":"https:\/\/gsoftwarelab.com\/it\/wp-json\/wp\/v2\/pages\/8524","targetHints":{"allow":["GET"]}}],"collection":[{"href":"https:\/\/gsoftwarelab.com\/it\/wp-json\/wp\/v2\/pages"}],"about":[{"href":"https:\/\/gsoftwarelab.com\/it\/wp-json\/wp\/v2\/types\/page"}],"author":[{"embeddable":true,"href":"https:\/\/gsoftwarelab.com\/it\/wp-json\/wp\/v2\/users\/1"}],"replies":[{"embeddable":true,"href":"https:\/\/gsoftwarelab.com\/it\/wp-json\/wp\/v2\/comments?post=8524"}],"version-history":[{"count":1,"href":"https:\/\/gsoftwarelab.com\/it\/wp-json\/wp\/v2\/pages\/8524\/revisions"}],"predecessor-version":[{"id":8525,"href":"https:\/\/gsoftwarelab.com\/it\/wp-json\/wp\/v2\/pages\/8524\/revisions\/8525"}],"wp:attachment":[{"href":"https:\/\/gsoftwarelab.com\/it\/wp-json\/wp\/v2\/media?parent=8524"}],"curies":[{"name":"wp","href":"https:\/\/api.w.org\/{rel}","templated":true}]}}