{"id":68,"date":"2021-01-05T17:24:31","date_gmt":"2021-01-05T15:24:31","guid":{"rendered":"http:\/\/gsoftwarelab.com\/?page_id=68"},"modified":"2025-11-09T08:46:22","modified_gmt":"2025-11-09T06:46:22","slug":"imprint","status":"publish","type":"page","link":"https:\/\/gsoftwarelab.com\/it\/imprint\/","title":{"rendered":"Impronta"},"content":{"rendered":"<h1 class=\"wp-block-heading\">Divulgazione giuridica<\/h1>\n\n\n\n<p>Informazioni ai sensi della sezione 5 TMG<\/p>\n\n\n\n<p>GSoftwareLab Inh. Lucas Schmutzler<br \/>Dahlienweg 8<br \/>09557 Floeha<br \/>Sassonia (Germania)<\/p>\n\n\n\n<h2 class=\"wp-block-heading\">Contatto<\/h2>\n\n\n\n<p>E-Mail: <a href=\"mailto:support@gsoftwarelab.atlassian.net\">support@gsoftwarelab.atlassian.net<\/a><br \/>Contattaci: <a href=\"https:\/\/gsoftwarelab.atlassian.net\/servicedesk\/customer\/portal\/1\" target=\"_blank\" rel=\"noreferrer noopener\">https:\/\/gsoftwarelab.atlassian.net\/servicedesk\/customer\/portal\/1<\/a><br \/>Sito web: <a href=\"https:\/\/GSoftwareLab.com\" target=\"_blank\" rel=\"noreferrer noopener\">https:\/\/GSoftwareLab.com<\/a><\/p>\n\n\n\n<h2 class=\"wp-block-heading\">Partita IVA<\/h2>\n\n\n\n<p>Numero di identificazione IVA ai sensi dell'articolo 27a della legge tedesca sull'IVA<br \/>USt-Id-NR: DE 220\/269\/01182<\/p>\n\n\n\n<p>L'imposta sul valore aggiunto non viene riscossa, in quanto le piccole imprese ai sensi dell'articolo 19, paragrafo 1, UStG.<\/p>\n\n\n\n<h2 class=\"wp-block-heading\">Clausola di esclusione della responsabilit\u00e0<\/h2>\n\n\n\n<p>Responsabilit\u00e0 per i contenuti<br \/>I contenuti delle nostre pagine sono stati creati con la massima cura. Tuttavia, non possiamo garantire l'accuratezza, la completezza o l'attualit\u00e0 dei contenuti. Secondo le disposizioni di legge, siamo inoltre responsabili per i nostri contenuti su queste pagine web. In questo contesto, si prega di notare che non siamo obbligati a monitorare semplicemente le informazioni trasmesse o salvate di terzi, o indagare su circostanze che indicano attivit\u00e0 illegali. I nostri obblighi di rimuovere o bloccare l'uso delle informazioni ai sensi delle leggi generalmente applicabili rimangono inalterati da questo ai sensi dei \u00a7\u00a7 da 8 a 10 della legge sui telemedia (TMG).<\/p>\n\n\n\n<p>Responsabilit\u00e0 per i link<br \/>La responsabilit\u00e0 per il contenuto dei link esterni (a pagine web di terzi) spetta esclusivamente ai gestori delle pagine collegate. Nessuna violazione era evidente per noi al momento del collegamento. Se dovessimo venire a conoscenza di qualsiasi violazione legale, rimuoveremo immediatamente il rispettivo link.<\/p>\n\n\n\n<p>Diritto d'autore<br \/>Le nostre pagine web e i loro contenuti sono soggetti al diritto d'autore tedesco. Se non espressamente consentito dalla legge (\u00a7 44a e seguenti della legge sul copyright), ogni forma di utilizzo, riproduzione o elaborazione di opere soggette a protezione del copyright sulle nostre pagine web richiede il previo consenso del rispettivo proprietario dei diritti. Le riproduzioni individuali di un'opera sono consentite solo per uso privato, quindi non devono servire n\u00e9 direttamente n\u00e9 indirettamente per il guadagno. L'utilizzo non autorizzato di opere protette da copyright \u00e8 punibile (\u00a7 106 della legge sul copyright).<\/p>\n\n\n<div class=\"woocommerce woocommerce-gzd woocommerce-gzd-complaints-shortcode\">\n\t\t\t<h3>Risoluzione alternativa delle controversie ai sensi dell'articolo 14, paragrafo 1, ODR-VO e dell'articolo 36 VSBG:<\/h3>\n\t\nNon siamo obbligati n\u00e9 disposti a partecipare a procedimenti di risoluzione delle controversie dinanzi a un collegio arbitrale dei consumatori.<\/div>","protected":false},"excerpt":{"rendered":"<p>Informativa legale ai sensi della sezione 5 TMG GSoftwareLab Inh. Lucas SchmutzlerDahlienweg 809557 FloehaSaxony, Germania Contatto E-Mail: support@gsoftwarelab.atlassian.netContattaci: https:\/\/gsoftwarelab.atlassian.net\/servicedesk\/customer\/portal\/1Sito web: https:\/\/GSoftwareLab.com Partita IVA Numero di identificazione IVA ai sensi della sezione 27 a della legge tedesca sull'IVAUSt-Id-NR: DE 220\/269\/01182 L'imposta sul valore aggiunto non \u00e8 riscossa, in quanto piccole imprese ai sensi dell'articolo 19, paragrafo 1, UStG. Disclaimer [...]<\/p>","protected":false},"author":1,"featured_media":0,"parent":0,"menu_order":0,"comment_status":"closed","ping_status":"closed","template":"","meta":{"rop_custom_images_group":[],"rop_custom_messages_group":[],"rop_publish_now":"initial","rop_publish_now_accounts":{"twitter_2998589429_2998589429":""},"rop_publish_now_history":[],"rop_publish_now_status":"pending","footnotes":""},"class_list":["post-68","page","type-page","status-publish","hentry"],"blocksy_meta":[],"_links":{"self":[{"href":"https:\/\/gsoftwarelab.com\/it\/wp-json\/wp\/v2\/pages\/68","targetHints":{"allow":["GET"]}}],"collection":[{"href":"https:\/\/gsoftwarelab.com\/it\/wp-json\/wp\/v2\/pages"}],"about":[{"href":"https:\/\/gsoftwarelab.com\/it\/wp-json\/wp\/v2\/types\/page"}],"author":[{"embeddable":true,"href":"https:\/\/gsoftwarelab.com\/it\/wp-json\/wp\/v2\/users\/1"}],"replies":[{"embeddable":true,"href":"https:\/\/gsoftwarelab.com\/it\/wp-json\/wp\/v2\/comments?post=68"}],"version-history":[{"count":3,"href":"https:\/\/gsoftwarelab.com\/it\/wp-json\/wp\/v2\/pages\/68\/revisions"}],"predecessor-version":[{"id":8498,"href":"https:\/\/gsoftwarelab.com\/it\/wp-json\/wp\/v2\/pages\/68\/revisions\/8498"}],"wp:attachment":[{"href":"https:\/\/gsoftwarelab.com\/it\/wp-json\/wp\/v2\/media?parent=68"}],"curies":[{"name":"wp","href":"https:\/\/api.w.org\/{rel}","templated":true}]}}