{"id":4633,"date":"2022-06-20T17:23:39","date_gmt":"2022-06-20T15:23:39","guid":{"rendered":"https:\/\/gsoftwarelab.com\/?page_id=4633"},"modified":"2025-10-05T07:40:42","modified_gmt":"2025-10-05T05:40:42","slug":"simple-pdf-converter","status":"publish","type":"page","link":"https:\/\/gsoftwarelab.com\/it\/simple-pdf-converter\/","title":{"rendered":"Semplice convertitore PDF"},"content":{"rendered":"<div class=\"wp-block-cover alignfull is-light\" style=\"margin-top:0;margin-bottom:0;padding-top:24px;padding-right:24px;padding-bottom:24px;padding-left:24px;min-height:50vh;aspect-ratio:unset;\"><img decoding=\"async\" class=\"wp-block-cover__image-background\" alt=\"\" src=\"https:\/\/gsoftwarelab.com\/wp-content\/themes\/neve-fse\/assets\/img\/neve-fse-img04.jpg\" data-object-fit=\"cover\" title=\"\"><span aria-hidden=\"true\" class=\"wp-block-cover__background has-ti-bg-inv-background-color has-background-dim\"><\/span><div class=\"wp-block-cover__inner-container is-layout-flow wp-block-cover-is-layout-flow\">\n<div class=\"wp-block-group has-ti-fg-alt-color has-text-color is-layout-constrained wp-block-group-is-layout-constrained\">\n<h1 class=\"wp-block-heading has-huge-font-size\">Convertitore PDF gratuito<\/h1>\n\n\n\n<p class=\"has-text-align-left has-medium-font-size\">Converti rapidamente e facilmente PDF, documenti Word e altro ancora con il nostro convertitore PDF gratuito <\/p>\n\n\n\n<div class=\"wp-block-buttons is-content-justification-center is-layout-flex wp-container-core-buttons-is-layout-a89b3969 wp-block-buttons-is-layout-flex\">\n<div class=\"wp-block-button\"><a class=\"wp-block-button__link has-ti-fg-color has-text-color wp-element-button\" href=\"https:\/\/gsoftwarelab.com\/it\/prodotto\/pdf-converter\/\">Download gratuito<\/a><\/div>\n<\/div>\n<\/div>\n<\/div><\/div>\n\n\n\n<div class=\"wp-block-group alignfull has-ti-bg-alt-background-color has-background is-layout-constrained wp-container-core-group-is-layout-a8cabacf wp-block-group-is-layout-constrained\" style=\"margin-top:0px;margin-bottom:0px;padding-top:64px;padding-right:24px;padding-bottom:64px;padding-left:24px\">\n<div class=\"wp-block-columns alignwide is-layout-flex wp-container-core-columns-is-layout-6127943d wp-block-columns-is-layout-flex\">\n<div class=\"wp-block-column is-layout-flow wp-block-column-is-layout-flow\" style=\"padding-top:0px;padding-right:0px;padding-bottom:0px;padding-left:0px\">\n<div class=\"wp-block-group is-content-justification-left is-layout-constrained wp-container-core-group-is-layout-c659f4f1 wp-block-group-is-layout-constrained\" style=\"padding-top:0;padding-right:0;padding-bottom:0;padding-left:0\">\n<div class=\"wp-block-group has-ti-accent-background-color has-background is-content-justification-left is-layout-constrained wp-container-core-group-is-layout-781a648b wp-block-group-is-layout-constrained\" style=\"border-radius:100px;padding-top:16px;padding-right:16px;padding-bottom:16px;padding-left:16px\"><\/div>\n<\/div>\n\n\n\n<h3 class=\"wp-block-heading has-text-align-left has-medium-font-size\">Importazione.<\/h3>\n\n\n\n<p>Per convertire un file PDF, Word o immagine utilizzando il nostro convertitore PDF, \u00e8 sufficiente importare il file che si desidera convertire facendo clic sul pulsante \"Importa file\". Questo aprir\u00e0 una finestra in cui \u00e8 possibile sfogliare e selezionare il file dal computer. Una volta importato il file, \u00e8 possibile regolare le impostazioni e le opzioni secondo necessit\u00e0, quindi fare clic sul pulsante \"Converti\" per avviare il processo di conversione. Il file convertito verr\u00e0 generato in pochi istanti e potrai quindi scaricarlo e salvarlo per un uso futuro.<\/p>\n<\/div>\n\n\n\n<div class=\"wp-block-column is-layout-flow wp-block-column-is-layout-flow\" style=\"padding-top:0px;padding-right:0px;padding-bottom:0px;padding-left:0px\">\n<div class=\"wp-block-group is-content-justification-left is-layout-constrained wp-container-core-group-is-layout-c659f4f1 wp-block-group-is-layout-constrained\" style=\"padding-top:0;padding-right:0;padding-bottom:0;padding-left:0\">\n<div class=\"wp-block-group has-ti-accent-background-color has-background is-content-justification-left is-layout-constrained wp-container-core-group-is-layout-781a648b wp-block-group-is-layout-constrained\" style=\"border-radius:100px;padding-top:16px;padding-right:16px;padding-bottom:16px;padding-left:16px\"><\/div>\n<\/div>\n\n\n\n<h3 class=\"wp-block-heading has-text-align-left has-medium-font-size\">Scegli.<\/h3>\n\n\n\n<p class=\"has-text-align-left\">Quando si utilizza il nostro convertitore PDF, \u00e8 possibile scegliere il formato in cui si desidera convertire il file. Basta selezionare il formato desiderato dal menu a discesa e il convertitore regoler\u00e0 automaticamente le impostazioni per garantire che il file venga convertito in modo accurato e corretto. I formati disponibili includono PDF, Word, Excel, PPT, JPG, PNG e altro ancora, in modo da poter scegliere quello pi\u00f9 adatto alle proprie esigenze e preferenze. Con questa funzione flessibile e personalizzabile, puoi facilmente convertire i tuoi file nel formato che funziona meglio per te.<\/p>\n<\/div>\n\n\n\n<div class=\"wp-block-column is-layout-flow wp-block-column-is-layout-flow\" style=\"padding-top:0px;padding-right:0px;padding-bottom:0px;padding-left:0px\">\n<div class=\"wp-block-group is-content-justification-left is-layout-constrained wp-container-core-group-is-layout-c659f4f1 wp-block-group-is-layout-constrained\" style=\"padding-top:0;padding-right:0;padding-bottom:0;padding-left:0\">\n<div class=\"wp-block-group has-ti-accent-background-color has-background is-content-justification-left is-layout-constrained wp-container-core-group-is-layout-781a648b wp-block-group-is-layout-constrained\" style=\"border-radius:100px;padding-top:16px;padding-right:16px;padding-bottom:16px;padding-left:16px\"><\/div>\n<\/div>\n\n\n\n<h3 class=\"wp-block-heading has-text-align-left has-medium-font-size\">Convertire.<\/h3>\n\n\n\n<p class=\"has-text-align-left\">Dopo aver specificato il formato in cui convertire il file e aver cliccato sul pulsante \"Converti\", il nostro convertitore PDF avvier\u00e0 il processo di conversione. Il convertitore convertir\u00e0 con cura e precisione il tuo file, preservandone la formattazione e il layout originali. Una volta completata la conversione, il file verr\u00e0 salvato nella cartella di importazione, in modo da poterlo accedere facilmente e scaricarlo per un uso futuro. Inoltre, il convertitore fornir\u00e0 un'anteprima del file convertito, in modo da poter verificare rapidamente e facilmente che sia corretto e soddisfi le tue aspettative.<\/p>\n<\/div>\n<\/div>\n<\/div>\n\n\n\n<div class=\"wp-block-columns is-layout-flex wp-container-core-columns-is-layout-51c0b34d wp-block-columns-is-layout-flex\" style=\"padding-top:var(--wp--preset--spacing--50);padding-bottom:var(--wp--preset--spacing--50)\">\n<div class=\"wp-block-column is-layout-flow wp-block-column-is-layout-flow\">\n<figure class=\"wp-block-image aligncenter size-large is-resized\"><a href=\"https:\/\/evolution-host.com\/\" target=\"_blank\" rel=\"noopener\"><img decoding=\"async\" src=\"https:\/\/gsoftwarelab.com\/wp-content\/uploads\/2020\/04\/evolution-host-300x96.png\" alt=\"Host di Evolution: Hosting VPS ad alta velocit\u00e0\" style=\"width:219px\" title=\"\"><\/a><\/figure>\n\n\n\n<p class=\"has-text-align-center\"><a href=\"https:\/\/evolution-host.com\/\" target=\"_blank\" data-type=\"URL\" data-id=\"https:\/\/evolution-host.com\/\" rel=\"noreferrer noopener sponsored\">Orgogliosamente alimentato da Evolution-Host<\/a><br \/><a href=\"https:\/\/evolution-host.com\/\" target=\"_blank\" rel=\"noreferrer noopener\">Server ad alte prestazioni e VPS<\/a><\/p>\n<\/div>\n\n\n\n<div class=\"wp-block-column is-layout-flow wp-block-column-is-layout-flow\">\n<figure class=\"wp-block-image aligncenter size-large\"><a href=\"https:\/\/thefasthost.net\/\" target=\"_blank\" rel=\"noreferrer noopener\"><img decoding=\"async\" src=\"https:\/\/gsoftwarelab.com\/wp-content\/uploads\/2021\/06\/tfhlogo_cut1-300x68.png\" alt=\"TheFastHost: Hosting Web a basso costo\" title=\"\"><\/a><\/figure>\n\n\n\n<p class=\"has-text-align-center\"><a href=\"https:\/\/thefasthost.net\/\" target=\"_blank\" rel=\"noreferrer noopener\">Sito web realizzato da TheFastHost<\/a><br \/><a href=\"https:\/\/thefasthost.net\/\" target=\"_blank\" rel=\"noreferrer noopener sponsored\">Web Hosting a partire da solo $1<\/a><\/p>\n<\/div>\n<\/div>\n\n\n\n<div class=\"wp-block-group alignfull has-ti-bg-background-color has-background is-layout-constrained wp-block-group-is-layout-constrained\" style=\"margin-top:0;margin-bottom:0;padding-top:0px;padding-bottom:0px\">\n<div class=\"wp-block-columns alignwide is-layout-flex wp-container-core-columns-is-layout-28232c24 wp-block-columns-is-layout-flex\">\n<div class=\"wp-block-column is-vertically-aligned-center is-layout-flow wp-block-column-is-layout-flow\" style=\"padding-top:24px;padding-right:24px;padding-bottom:24px;padding-left:24px\">\n<h2 class=\"wp-block-heading\">Semplice &amp; Facile <br \/>convertitore PDF<\/h2>\n\n\n\n<p>Il nostro Simple PDF Converter supporta decine di modalit\u00e0 di conversione<\/p>\n\n\n\n<div id=\"wp-block-themeisle-blocks-icon-list-47c091eb\" class=\"wp-block-themeisle-blocks-icon-list is-style-horizontal\">\n\n<div id=\"wp-block-themeisle-blocks-icon-list-item-9a0770e2\" class=\"wp-block-themeisle-blocks-icon-list-item\"><i class=\"fas fa-check wp-block-themeisle-blocks-icon-list-item-icon\"><\/i><p class=\"wp-block-themeisle-blocks-icon-list-item-content\">Converti PDF in DOC<\/p><\/div>\n\n\n<div id=\"wp-block-themeisle-blocks-icon-list-item-92d28b2e\" class=\"wp-block-themeisle-blocks-icon-list-item\"><i class=\"fas fa-check wp-block-themeisle-blocks-icon-list-item-icon\"><\/i><p class=\"wp-block-themeisle-blocks-icon-list-item-content\">Converti PDF in PNG (Immagine)<\/p><\/div>\n\n\n<div id=\"wp-block-themeisle-blocks-icon-list-item-6243ba3d\" class=\"wp-block-themeisle-blocks-icon-list-item\"><i class=\"fas fa-check wp-block-themeisle-blocks-icon-list-item-icon\"><\/i><p class=\"wp-block-themeisle-blocks-icon-list-item-content\">Converti PDF in DOC<\/p><\/div>\n\n\n<div id=\"wp-block-themeisle-blocks-icon-list-item-4b619272\" class=\"wp-block-themeisle-blocks-icon-list-item\"><i class=\"fas fa-check wp-block-themeisle-blocks-icon-list-item-icon\"><\/i><p class=\"wp-block-themeisle-blocks-icon-list-item-content\">Converti DOC in PDF<\/p><\/div>\n\n\n<div id=\"wp-block-themeisle-blocks-icon-list-item-95b27f9f\" class=\"wp-block-themeisle-blocks-icon-list-item\"><i class=\"fas fa-check wp-block-themeisle-blocks-icon-list-item-icon\"><\/i><p class=\"wp-block-themeisle-blocks-icon-list-item-content\">Convertire DOC in PNG (Immagine)<\/p><\/div>\n\n\n<div id=\"wp-block-themeisle-blocks-icon-list-item-cba8ffbc\" class=\"wp-block-themeisle-blocks-icon-list-item\"><i class=\"fas fa-check wp-block-themeisle-blocks-icon-list-item-icon\"><\/i><p class=\"wp-block-themeisle-blocks-icon-list-item-content\">Converti immagine in DOC<\/p><\/div>\n\n\n<div id=\"wp-block-themeisle-blocks-icon-list-item-75bdb721\" class=\"wp-block-themeisle-blocks-icon-list-item\"><i class=\"fas fa-check wp-block-themeisle-blocks-icon-list-item-icon\"><\/i><p class=\"wp-block-themeisle-blocks-icon-list-item-content\">Converti immagine in PDF<\/p><\/div>\n\n<\/div>\n<\/div>\n\n\n\n<div class=\"wp-block-column is-vertically-aligned-center is-layout-flow wp-block-column-is-layout-flow\">\n<figure class=\"wp-block-image aligncenter size-full\"><a href=\"https:\/\/gsoftwarelab.com\/wp-content\/uploads\/2022\/06\/simple_pdf_converter_gui.png\"><img decoding=\"async\" width=\"730\" height=\"173\" src=\"https:\/\/gsoftwarelab.com\/wp-content\/uploads\/2022\/06\/simple_pdf_converter_gui.png\" alt=\"Convertitore PDF semplice gratuito\" class=\"wp-image-4653\" title=\"\" srcset=\"https:\/\/gsoftwarelab.com\/wp-content\/uploads\/2022\/06\/simple_pdf_converter_gui.png 730w, https:\/\/gsoftwarelab.com\/wp-content\/uploads\/2022\/06\/simple_pdf_converter_gui-600x142.png 600w, https:\/\/gsoftwarelab.com\/wp-content\/uploads\/2022\/06\/simple_pdf_converter_gui-300x71.png 300w, https:\/\/gsoftwarelab.com\/wp-content\/uploads\/2022\/06\/simple_pdf_converter_gui-150x36.png 150w, https:\/\/gsoftwarelab.com\/wp-content\/uploads\/2022\/06\/simple_pdf_converter_gui-18x4.png 18w\" sizes=\"(max-width: 730px) 100vw, 730px\" \/><\/a><figcaption class=\"wp-element-caption\">Convertitore PDF semplice gratuito<\/figcaption><\/figure>\n\n\n\n<div class=\"wp-block-buttons is-content-justification-center is-layout-flex wp-container-core-buttons-is-layout-a89b3969 wp-block-buttons-is-layout-flex\">\n<div class=\"wp-block-button\"><a class=\"wp-block-button__link has-ti-fg-color has-text-color wp-element-button\" href=\"https:\/\/gsoftwarelab.com\/it\/prodotto\/pdf-converter\/\">Download gratuito<\/a><\/div>\n<\/div>\n<\/div>\n<\/div>\n<\/div>\n\n\n\n<div class=\"wp-block-group is-layout-constrained wp-block-group-is-layout-constrained\">\n<div class=\"wp-block-columns alignwide is-layout-flex wp-container-core-columns-is-layout-28f84493 wp-block-columns-is-layout-flex\">\n<div class=\"wp-block-column is-vertically-aligned-stretch has-border-color has-ti-accent-secondary-border-color is-layout-flow wp-block-column-is-layout-flow\" style=\"border-width:1px;padding-top:var(--wp--preset--spacing--30);padding-right:var(--wp--preset--spacing--30);padding-bottom:var(--wp--preset--spacing--30);padding-left:var(--wp--preset--spacing--30)\">\n<h3 class=\"wp-block-heading has-text-align-center\"><a href=\"https:\/\/gsoftwarelab.com\/it\/proxy-scraper-and-proxy-tester-software\/\" target=\"_blank\" rel=\"noreferrer noopener\">Raschietto proxy automatizzato<\/a><\/h3>\n\n\n\n<figure class=\"wp-block-image size-large\"><img decoding=\"async\" width=\"1024\" height=\"1024\" src=\"https:\/\/gsoftwarelab.com\/wp-content\/uploads\/2020\/05\/proxy_buddy_sales_images_compact_1by1-1024x1024.jpg\" alt=\"Proxy Buddy: Lo strumento definitivo per il proxy scraping e il proxy testing\" class=\"wp-image-7548\" title=\"\" srcset=\"https:\/\/gsoftwarelab.com\/wp-content\/uploads\/2020\/05\/proxy_buddy_sales_images_compact_1by1-1024x1024.jpg 1024w, https:\/\/gsoftwarelab.com\/wp-content\/uploads\/2020\/05\/proxy_buddy_sales_images_compact_1by1-300x300.jpg 300w, https:\/\/gsoftwarelab.com\/wp-content\/uploads\/2020\/05\/proxy_buddy_sales_images_compact_1by1-100x100.jpg 100w, https:\/\/gsoftwarelab.com\/wp-content\/uploads\/2020\/05\/proxy_buddy_sales_images_compact_1by1-600x600.jpg 600w, https:\/\/gsoftwarelab.com\/wp-content\/uploads\/2020\/05\/proxy_buddy_sales_images_compact_1by1-150x150.jpg 150w, https:\/\/gsoftwarelab.com\/wp-content\/uploads\/2020\/05\/proxy_buddy_sales_images_compact_1by1-768x768.jpg 768w, https:\/\/gsoftwarelab.com\/wp-content\/uploads\/2020\/05\/proxy_buddy_sales_images_compact_1by1-1536x1536.jpg 1536w, https:\/\/gsoftwarelab.com\/wp-content\/uploads\/2020\/05\/proxy_buddy_sales_images_compact_1by1-12x12.jpg 12w, https:\/\/gsoftwarelab.com\/wp-content\/uploads\/2020\/05\/proxy_buddy_sales_images_compact_1by1.jpg 1920w\" sizes=\"(max-width: 1024px) 100vw, 1024px\" \/><figcaption class=\"wp-element-caption\">Proxy Buddy: Lo strumento definitivo per il proxy scraping e il proxy testing<\/figcaption><\/figure>\n\n\n\n<div class=\"wp-block-buttons is-content-justification-center is-layout-flex wp-container-core-buttons-is-layout-a89b3969 wp-block-buttons-is-layout-flex\">\n<div class=\"wp-block-button\"><a class=\"wp-block-button__link has-ti-bg-inv-color has-text-color has-link-color has-text-align-center wp-element-button\" href=\"https:\/\/gsoftwarelab.com\/it\/proxy-scraper-and-proxy-tester-software\/\" target=\"_blank\" rel=\"noreferrer noopener\">Software di raschiatura proxy<\/a><\/div>\n<\/div>\n<\/div>\n\n\n\n<div class=\"wp-block-column is-vertically-aligned-stretch has-border-color has-ti-accent-secondary-border-color is-layout-flow wp-block-column-is-layout-flow\" style=\"border-width:1px;padding-top:var(--wp--preset--spacing--30);padding-right:var(--wp--preset--spacing--30);padding-bottom:var(--wp--preset--spacing--30);padding-left:var(--wp--preset--spacing--30)\">\n<h3 class=\"wp-block-heading has-text-align-center\"><a href=\"https:\/\/gsoftwarelab.com\/it\/index-buddy-backlink-indexer\/\" target=\"_blank\" rel=\"noreferrer noopener\">Strumento di indicizzazione Bulk Link<\/a><\/h3>\n\n\n\n<figure class=\"wp-block-image size-full\"><img decoding=\"async\" width=\"1920\" height=\"1920\" src=\"https:\/\/gsoftwarelab.com\/wp-content\/uploads\/2023\/02\/index_buddy_sales_images_compact_1by1.jpg\" alt=\"Index Buddy: Software di indicizzazione Fast Link\" class=\"wp-image-7727\" title=\"\" srcset=\"https:\/\/gsoftwarelab.com\/wp-content\/uploads\/2023\/02\/index_buddy_sales_images_compact_1by1.jpg 1920w, https:\/\/gsoftwarelab.com\/wp-content\/uploads\/2023\/02\/index_buddy_sales_images_compact_1by1-300x300.jpg 300w, https:\/\/gsoftwarelab.com\/wp-content\/uploads\/2023\/02\/index_buddy_sales_images_compact_1by1-100x100.jpg 100w, https:\/\/gsoftwarelab.com\/wp-content\/uploads\/2023\/02\/index_buddy_sales_images_compact_1by1-600x600.jpg 600w, https:\/\/gsoftwarelab.com\/wp-content\/uploads\/2023\/02\/index_buddy_sales_images_compact_1by1-1024x1024.jpg 1024w, https:\/\/gsoftwarelab.com\/wp-content\/uploads\/2023\/02\/index_buddy_sales_images_compact_1by1-150x150.jpg 150w, https:\/\/gsoftwarelab.com\/wp-content\/uploads\/2023\/02\/index_buddy_sales_images_compact_1by1-768x768.jpg 768w, https:\/\/gsoftwarelab.com\/wp-content\/uploads\/2023\/02\/index_buddy_sales_images_compact_1by1-1536x1536.jpg 1536w, https:\/\/gsoftwarelab.com\/wp-content\/uploads\/2023\/02\/index_buddy_sales_images_compact_1by1-12x12.jpg 12w\" sizes=\"(max-width: 1920px) 100vw, 1920px\" \/><figcaption class=\"wp-element-caption\">Index Buddy: Software di indicizzazione Fast Link<\/figcaption><\/figure>\n\n\n\n<div class=\"wp-block-buttons is-content-justification-center is-layout-flex wp-container-core-buttons-is-layout-098cc607 wp-block-buttons-is-layout-flex\">\n<div class=\"wp-block-button\"><a class=\"wp-block-button__link has-ti-bg-inv-color has-text-color has-link-color has-text-align-center wp-element-button\" href=\"https:\/\/gsoftwarelab.com\/it\/index-buddy-backlink-indexer\/\" target=\"_blank\" rel=\"noreferrer noopener\">Software di indicizzazione dei collegamenti<\/a><\/div>\n<\/div>\n<\/div>\n\n\n\n<div class=\"wp-block-column has-border-color has-ti-accent-secondary-border-color is-layout-flow wp-block-column-is-layout-flow\" style=\"border-width:1px;padding-top:var(--wp--preset--spacing--30);padding-right:var(--wp--preset--spacing--30);padding-bottom:var(--wp--preset--spacing--30);padding-left:var(--wp--preset--spacing--30)\">\n<h3 class=\"wp-block-heading has-text-align-center\"><a href=\"https:\/\/gsoftwarelab.com\/it\/organic-website-traffic-bot\/\" target=\"_blank\" rel=\"noreferrer noopener\">Bot traffico web organico<\/a><\/h3>\n\n\n\n<figure class=\"wp-block-image size-large has-custom-border\"><img decoding=\"async\" width=\"1024\" height=\"1024\" src=\"https:\/\/gsoftwarelab.com\/wp-content\/uploads\/2020\/11\/product_overview_1by1-1024x1024.jpg\" alt=\"Traffic Buddy: Generatore di traffico organico\" class=\"wp-image-7349\" style=\"border-style:none;border-width:0px\" title=\"\" srcset=\"https:\/\/gsoftwarelab.com\/wp-content\/uploads\/2020\/11\/product_overview_1by1-1024x1024.jpg 1024w, https:\/\/gsoftwarelab.com\/wp-content\/uploads\/2020\/11\/product_overview_1by1-300x300.jpg 300w, https:\/\/gsoftwarelab.com\/wp-content\/uploads\/2020\/11\/product_overview_1by1-100x100.jpg 100w, https:\/\/gsoftwarelab.com\/wp-content\/uploads\/2020\/11\/product_overview_1by1-600x600.jpg 600w, https:\/\/gsoftwarelab.com\/wp-content\/uploads\/2020\/11\/product_overview_1by1-150x150.jpg 150w, https:\/\/gsoftwarelab.com\/wp-content\/uploads\/2020\/11\/product_overview_1by1-768x768.jpg 768w, https:\/\/gsoftwarelab.com\/wp-content\/uploads\/2020\/11\/product_overview_1by1-1536x1536.jpg 1536w, https:\/\/gsoftwarelab.com\/wp-content\/uploads\/2020\/11\/product_overview_1by1-12x12.jpg 12w, https:\/\/gsoftwarelab.com\/wp-content\/uploads\/2020\/11\/product_overview_1by1.jpg 1898w\" sizes=\"(max-width: 1024px) 100vw, 1024px\" \/><figcaption class=\"wp-element-caption\">Traffic Buddy: Generatore di traffico organico<\/figcaption><\/figure>\n\n\n\n<div class=\"wp-block-buttons is-content-justification-center is-layout-flex wp-container-core-buttons-is-layout-098cc607 wp-block-buttons-is-layout-flex\">\n<div class=\"wp-block-button\"><a class=\"wp-block-button__link has-ti-bg-inv-color has-text-color has-link-color has-text-align-center wp-element-button\" href=\"https:\/\/gsoftwarelab.com\/it\/organic-website-traffic-bot\/\" target=\"_blank\" rel=\"noreferrer noopener\">Software generatore di traffico<\/a><\/div>\n<\/div>\n<\/div>\n<\/div>\n<\/div>\n\n\n\n<div class=\"wp-block-group alignfull has-ti-bg-alt-background-color has-background is-layout-constrained wp-block-group-is-layout-constrained\" style=\"margin-top:0;margin-bottom:0;padding-top:64px;padding-bottom:64px\">\n<h3 class=\"wp-block-heading alignwide has-text-align-center has-large-font-size\">Metodi di pagamento accettati<\/h3>\n\n\n\n<div class=\"wp-block-group is-content-justification-center is-nowrap is-layout-flex wp-container-core-group-is-layout-23441af8 wp-block-group-is-layout-flex\">\n<figure class=\"wp-block-image size-full\"><img decoding=\"async\" width=\"128\" height=\"36\" src=\"https:\/\/gsoftwarelab.com\/wp-content\/uploads\/2023\/07\/payment_method_paypal.webp\" alt=\"Paga con PayPal\" class=\"wp-image-6699\" title=\"\"><\/figure>\n\n\n\n<figure class=\"wp-block-image size-full\"><img decoding=\"async\" width=\"100\" height=\"78\" src=\"https:\/\/gsoftwarelab.com\/wp-content\/uploads\/2023\/07\/payment_method_cc.webp\" alt=\"Paga con CreditCard\" class=\"wp-image-6700\" title=\"\"><\/figure>\n\n\n\n<figure class=\"wp-block-image size-full\"><img decoding=\"async\" width=\"100\" height=\"42\" src=\"https:\/\/gsoftwarelab.com\/wp-content\/uploads\/2023\/07\/payment_method_stripe.webp\" alt=\"Paga con Stripe\" class=\"wp-image-6701\" title=\"\"><\/figure>\n\n\n\n<figure class=\"wp-block-image size-full\"><img decoding=\"async\" width=\"98\" height=\"98\" src=\"https:\/\/gsoftwarelab.com\/wp-content\/uploads\/2023\/07\/payment_method_bitcoin.webp\" alt=\"Paga con Bitcoin\" class=\"wp-image-6702\" title=\"\" srcset=\"https:\/\/gsoftwarelab.com\/wp-content\/uploads\/2023\/07\/payment_method_bitcoin.webp 98w, https:\/\/gsoftwarelab.com\/wp-content\/uploads\/2023\/07\/payment_method_bitcoin-96x96.webp 96w\" sizes=\"(max-width: 98px) 100vw, 98px\" \/><\/figure>\n\n\n\n<figure class=\"wp-block-image size-full\"><img decoding=\"async\" width=\"60\" height=\"100\" src=\"https:\/\/gsoftwarelab.com\/wp-content\/uploads\/2023\/07\/payment_method_eth.webp\" alt=\"Paga con Ethereum e Altcoin\" class=\"wp-image-6703\" title=\"\"><\/figure>\n<\/div>\n<\/div>\n\n\n\t\t\t<div id=\"rank-math-rich-snippet-wrapper\" class=\"\">\n\n\t\t\t\t\t\t<h5 class=\"rank-math-title\">Convertitore PDF gratuito: Trasforma facilmente i tuoi documenti<\/h5>\n\t\t\t\t<div class=\"rank-math-review-image\">\n\t\t\t<img decoding=\"async\" src=\"https:\/\/gsoftwarelab.com\/wp-content\/uploads\/2022\/06\/simple_pdf_converter_gui-300x71.png\" alt=\"\" title=\"\">\n\t\t<\/div>\n\t\t<div class=\"rank-math-review-data\">\n\n\t\t\t<p>Convertitore PDF gratuito. Converti rapidamente e facilmente PDF, documenti Word e altro ancora con il nostro semplice PDF. Download gratuito.<\/p>\n\t\t\n\t\n\t\t\t<p>\n\t\t\t<strong>Valuta del prezzo: <\/strong>\n\t\t\tEUR\t\t<\/p>\n\t\t\n\t\t\t<p>\n\t\t\t<strong>Sistema operativo: <\/strong>\n\t\t\tWindows 10, Windows 11, Windows Server 2019, Windows Server 2022, Windows Server 2025\t\t<\/p>\n\t\t\n\t\t\t<p>\n\t\t\t<strong>Categoria di applicazione: <\/strong>\n\t\t\tconvertitore PDF\t\t<\/p>\n\t\t\n\t\t\t<div class=\"rank-math-total-wrapper\">\n\n\t\t\t<strong>Valutazione dell'editor<\/strong><br \/>\n\n\t\t\t<span class=\"rank-math-total\">5<\/span>\n\n\t\t\t<div class=\"rank-math-review-star\">\n\n\t\t\t\t<div class=\"rank-math-review-result-wrapper\">\n\n\t\t\t\t\t<i class=\"rank-math-star\"><\/i><i class=\"rank-math-star\"><\/i><i class=\"rank-math-star\"><\/i><i class=\"rank-math-star\"><\/i><i class=\"rank-math-star\"><\/i>\n\t\t\t\t\t<div class=\"rank-math-review-result\" style=\"width:100%;\">\n\t\t\t\t\t\t<i class=\"rank-math-star\"><\/i><i class=\"rank-math-star\"><\/i><i class=\"rank-math-star\"><\/i><i class=\"rank-math-star\"><\/i><i class=\"rank-math-star\"><\/i>\t\t\t\t\t<\/div>\n\n\t\t\t\t<\/div>\n\n\t\t\t<\/div>\n\n\t\t<\/div>\n\t\t\n<\/div>\n\n\t\t\t<\/div>","protected":false},"excerpt":{"rendered":"<p>Importazione. Per convertire un file PDF, Word o immagine utilizzando il nostro convertitore PDF, \u00e8 sufficiente importare il file che si desidera convertire facendo clic sul pulsante \"Importa file\". Questo aprir\u00e0 una finestra in cui \u00e8 possibile sfogliare e selezionare il file dal computer. Dopo aver importato il file, \u00e8 possibile regolare le impostazioni [...]<\/p>","protected":false},"author":1,"featured_media":4653,"parent":0,"menu_order":0,"comment_status":"closed","ping_status":"closed","template":"","meta":{"rop_custom_images_group":[],"rop_custom_messages_group":[],"rop_publish_now":"initial","rop_publish_now_accounts":{"twitter_2998589429_2998589429":""},"rop_publish_now_history":[],"rop_publish_now_status":"pending","footnotes":""},"class_list":["post-4633","page","type-page","status-publish","has-post-thumbnail","hentry"],"blocksy_meta":[],"_links":{"self":[{"href":"https:\/\/gsoftwarelab.com\/it\/wp-json\/wp\/v2\/pages\/4633","targetHints":{"allow":["GET"]}}],"collection":[{"href":"https:\/\/gsoftwarelab.com\/it\/wp-json\/wp\/v2\/pages"}],"about":[{"href":"https:\/\/gsoftwarelab.com\/it\/wp-json\/wp\/v2\/types\/page"}],"author":[{"embeddable":true,"href":"https:\/\/gsoftwarelab.com\/it\/wp-json\/wp\/v2\/users\/1"}],"replies":[{"embeddable":true,"href":"https:\/\/gsoftwarelab.com\/it\/wp-json\/wp\/v2\/comments?post=4633"}],"version-history":[{"count":3,"href":"https:\/\/gsoftwarelab.com\/it\/wp-json\/wp\/v2\/pages\/4633\/revisions"}],"predecessor-version":[{"id":8393,"href":"https:\/\/gsoftwarelab.com\/it\/wp-json\/wp\/v2\/pages\/4633\/revisions\/8393"}],"wp:featuredmedia":[{"embeddable":true,"href":"https:\/\/gsoftwarelab.com\/it\/wp-json\/wp\/v2\/media\/4653"}],"wp:attachment":[{"href":"https:\/\/gsoftwarelab.com\/it\/wp-json\/wp\/v2\/media?parent=4633"}],"curies":[{"name":"wp","href":"https:\/\/api.w.org\/{rel}","templated":true}]}}