{"id":8312,"date":"2025-09-27T08:34:07","date_gmt":"2025-09-27T06:34:07","guid":{"rendered":"https:\/\/gsoftwarelab.com\/?post_type=product&#038;p=8312"},"modified":"2026-04-05T02:56:39","modified_gmt":"2026-04-05T00:56:39","slug":"free-trial-traffic-buddy","status":"publish","type":"product","link":"https:\/\/gsoftwarelab.com\/fr\/produit\/free-trial-traffic-buddy\/","title":{"rendered":"Traffic Buddy \u2013 Essai gratuit"},"content":{"rendered":"<h2>Traffic Buddy Essai de 7 jours \u2013 Free Traffic Bot<\/h2>\n<p>Curieux de savoir comment Traffic Buddy peut-il vous aider \u00e0 am\u00e9liorer le classement de votre site web? T\u00e9l\u00e9chargez notre essai gratuit de 7 jours et d\u00e9couvrez les fonctionnalit\u00e9s de base par vous-m\u00eame. Cette version \u00e0 fonctionnalit\u00e9s limit\u00e9es vous permet de g\u00e9n\u00e9rer du trafic de base, d'explorer l'interface conviviale et de comprendre comment notre outil peut cr\u00e9er un v\u00e9ritable trafic de navigateur pour votre site Web. Pas d'engagement, pas de risque. Commencez votre essai gratuit d\u00e8s aujourd'hui!<\/p>\n<h3><a href=\"https:\/\/gsoftwarelab.com\/fr\/produit\/traffic-buddy\/\">Acheter la version compl\u00e8te de Traffic Buddy<\/a><\/h3>\n<p><img decoding=\"async\" src=\"https:\/\/api.apidog.com\/api\/v1\/projects\/1067667\/resources\/362604\/image-preview\" alt=\"image.png\" title=\"\"><\/p>\n<p><strong>Principales caract\u00e9ristiques:<br \/>\n<\/strong><\/p>\n<ul>\n<li>G\u00e9n\u00e9rer du trafic r\u00e9el du navigateur<\/li>\n<li>Construit en priv\u00e9, r\u00e9sidentiel, rotatif et public proxy Support (Http, Https, Chaussettes4, Chaussettes5)<\/li>\n<li>Grattoir proxy public int\u00e9gr\u00e9 (Http, Https, Chaussettes4, Chaussettes5)<\/li>\n<li>Construit dans multi-threaded proxy testeur<\/li>\n<li>Filtrage de pays proxy int\u00e9gr\u00e9 (\u00e0 l'aide d'une base de donn\u00e9es Geo-IP)<\/li>\n<li>Modifier le r\u00e9f\u00e9rent\/l'origine du trafic (prise en charge de Google, Bing, DuckDuckGo avec des mots-cl\u00e9s et des URL personnalis\u00e9es)<\/li>\n<li>Parcourir les pages internes du site Web<\/li>\n<li>Simuler le comportement de l'utilisateur (scrolling et click)<\/li>\n<li>Simuler les clics de l'utilisateur (cliquer sur des boutons personnalis\u00e9s, des images, etc.)<\/li>\n<li>\u00c9mulation de p\u00e9riph\u00e9rique int\u00e9gr\u00e9e (plus de 100 p\u00e9riph\u00e9riques authentiques, \u00e9mule automatiquement l'agent utilisateur, l'affichage, le processeur, le b\u00e9lier et bien plus encore)<\/li>\n<li>Mises \u00e0 jour gratuites \u00e0 vie<\/li>\n<li>NOUVEAU: Prise en charge des proxys TOR int\u00e9gr\u00e9s<\/li>\n<li>NOUVEAU: Google Search Bot (g\u00e9n\u00e9rer du trafic SEO)<\/li>\n<li><a href=\"https:\/\/gsoftwarelab.com\/fr\/organic-website-traffic-bot\/\">En savoir plus<\/a> \u00e0 propos de toutes les fonctionnalit\u00e9s de bot de trafic.<\/li>\n<\/ul>\n<p><strong>Limites de la version d'essai:<\/strong><\/p>\n<ul>\n<li>Valable pendant 7 jours<\/li>\n<li>Cr\u00e9ation d'une campagne<\/li>\n<li>G\u00e9n\u00e9ration de jusqu'\u00e0 1000 vues<\/li>\n<li>1 navigateur simultan\u00e9 (thread)<\/li>\n<\/ul>","protected":false},"excerpt":{"rendered":"<p>Curieux de savoir comment Traffic Buddy peut-il vous aider \u00e0 am\u00e9liorer le classement de votre site web? T\u00e9l\u00e9chargez notre essai gratuit de 7 jours et d\u00e9couvrez les fonctionnalit\u00e9s de base par vous-m\u00eame. Cette version \u00e0 fonctionnalit\u00e9s limit\u00e9es vous permet de g\u00e9n\u00e9rer du trafic de base, d'explorer l'interface conviviale et de comprendre comment notre outil peut cr\u00e9er un v\u00e9ritable trafic de navigateur pour votre site Web. Pas d'engagement, pas de risque. Commencez votre essai gratuit d\u00e8s aujourd'hui!<\/p>","protected":false},"featured_media":8315,"comment_status":"open","ping_status":"closed","template":"","meta":{"rop_custom_images_group":[],"rop_custom_messages_group":[],"rop_publish_now":"initial","rop_publish_now_accounts":{"twitter_2998589429_2998589429":""},"rop_publish_now_history":[],"rop_publish_now_status":"pending"},"product_brand":[2068,2071],"product_cat":[2400,87,104],"product_tag":[140,2376,696,2377,2375],"class_list":{"0":"post-8312","1":"product","2":"type-product","3":"status-publish","4":"has-post-thumbnail","6":"product_brand-gsoftwarelab","7":"product_brand-traffic-buddy","8":"product_cat-free-software","9":"product_cat-software","10":"product_cat-traffic-buddy","11":"product_tag-free","12":"product_tag-free-download","13":"product_tag-traffic-bot","14":"product_tag-traffic-buddy-trial","15":"product_tag-trial","17":"first","18":"instock","19":"downloadable","20":"virtual","21":"sold-individually","22":"purchasable","23":"product-type-simple"},"wcol_rules":[{"obj_ids":["8312","8292","8298"],"applied_on":"quantity","cus_applied_on":"amount","message":"","accomulative":"","id":8330,"rule_type":"products","product_type":"simple","min_rule_limit":"0","enable_max_rule_limit":"on","max_rule_limit":"1","enable_time_limit":"on","rule_time_span":"yearly","yearly_start_day":"1","yearly_start_month":"01","weekly_start_day":"monday","monthly_start_date":"","enable_for_users":"on","user_type":"guest-users","disable_limit":"","parent_rule":"","across_all_orders":"2","exclude_shipping_price":"","enable_for_payment":"","enable_custom_notice":"","rule_start_time":"","rule_end_time":""}],"_links":{"self":[{"href":"https:\/\/gsoftwarelab.com\/fr\/wp-json\/wp\/v2\/product\/8312","targetHints":{"allow":["GET"]}}],"collection":[{"href":"https:\/\/gsoftwarelab.com\/fr\/wp-json\/wp\/v2\/product"}],"about":[{"href":"https:\/\/gsoftwarelab.com\/fr\/wp-json\/wp\/v2\/types\/product"}],"replies":[{"embeddable":true,"href":"https:\/\/gsoftwarelab.com\/fr\/wp-json\/wp\/v2\/comments?post=8312"}],"wp:featuredmedia":[{"embeddable":true,"href":"https:\/\/gsoftwarelab.com\/fr\/wp-json\/wp\/v2\/media\/8315"}],"wp:attachment":[{"href":"https:\/\/gsoftwarelab.com\/fr\/wp-json\/wp\/v2\/media?parent=8312"}],"wp:term":[{"taxonomy":"product_brand","embeddable":true,"href":"https:\/\/gsoftwarelab.com\/fr\/wp-json\/wp\/v2\/product_brand?post=8312"},{"taxonomy":"product_cat","embeddable":true,"href":"https:\/\/gsoftwarelab.com\/fr\/wp-json\/wp\/v2\/product_cat?post=8312"},{"taxonomy":"product_tag","embeddable":true,"href":"https:\/\/gsoftwarelab.com\/fr\/wp-json\/wp\/v2\/product_tag?post=8312"}],"curies":[{"name":"wp","href":"https:\/\/api.w.org\/{rel}","templated":true}]}}