{"id":8298,"date":"2025-09-25T03:08:38","date_gmt":"2025-09-25T01:08:38","guid":{"rendered":"https:\/\/gsoftwarelab.com\/?post_type=product&#038;p=8298"},"modified":"2025-11-05T09:07:04","modified_gmt":"2025-11-05T07:07:04","slug":"pdf-converter","status":"publish","type":"product","link":"https:\/\/gsoftwarelab.com\/fr\/produit\/pdf-converter\/","title":{"rendered":"Convertisseur de PDF"},"content":{"rendered":"<h2><strong><span class=\"edtFontSize200\">Convertisseur PDF: Conversion rapide et facile de PDF, Word Docs et plus<\/span><\/strong><\/h2>\r\n<p>Notre convertisseur PDF est votre outil polyvalent pour la conversion de documents sans effort. Transformez rapidement et facilement les PDF en documents Word ou en images, et inversement. Il prend en charge des formats suppl\u00e9mentaires pour une flexibilit\u00e9 maximale, ce qui le rend id\u00e9al pour ceux qui cherchent \u00e0 gagner du temps et \u00e0 traiter efficacement leurs documents.<\/p>","protected":false},"excerpt":{"rendered":"<p>Notre convertisseur PDF est votre outil polyvalent pour la conversion de documents sans effort. Transformez rapidement et facilement les PDF en documents Word ou en images, et inversement. Il prend en charge des formats suppl\u00e9mentaires pour une flexibilit\u00e9 maximale, ce qui le rend id\u00e9al pour ceux qui cherchent \u00e0 gagner du temps et \u00e0 traiter efficacement leurs documents.<\/p>","protected":false},"featured_media":8301,"comment_status":"closed","ping_status":"closed","template":"","meta":{"rop_custom_images_group":[],"rop_custom_messages_group":[],"rop_publish_now":"initial","rop_publish_now_accounts":{"twitter_2998589429_2998589429":""},"rop_publish_now_history":[],"rop_publish_now_status":"pending"},"product_brand":[2068],"product_cat":[2400,87],"product_tag":[],"class_list":{"0":"post-8298","1":"product","2":"type-product","3":"status-publish","4":"has-post-thumbnail","6":"product_brand-gsoftwarelab","7":"product_cat-free-software","8":"product_cat-software","10":"first","11":"instock","12":"downloadable","13":"virtual","14":"purchasable","15":"product-type-simple"},"wcol_rules":[{"obj_ids":["8312","8292","8298"],"applied_on":"quantity","cus_applied_on":"amount","message":"","accomulative":"","id":8330,"rule_type":"products","product_type":"simple","min_rule_limit":"0","enable_max_rule_limit":"on","max_rule_limit":"1","enable_time_limit":"on","rule_time_span":"yearly","yearly_start_day":"1","yearly_start_month":"01","weekly_start_day":"monday","monthly_start_date":"","enable_for_users":"on","user_type":"guest-users","disable_limit":"","parent_rule":"","across_all_orders":"2","exclude_shipping_price":"","enable_for_payment":"","enable_custom_notice":"","rule_start_time":"","rule_end_time":""}],"_links":{"self":[{"href":"https:\/\/gsoftwarelab.com\/fr\/wp-json\/wp\/v2\/product\/8298","targetHints":{"allow":["GET"]}}],"collection":[{"href":"https:\/\/gsoftwarelab.com\/fr\/wp-json\/wp\/v2\/product"}],"about":[{"href":"https:\/\/gsoftwarelab.com\/fr\/wp-json\/wp\/v2\/types\/product"}],"replies":[{"embeddable":true,"href":"https:\/\/gsoftwarelab.com\/fr\/wp-json\/wp\/v2\/comments?post=8298"}],"wp:featuredmedia":[{"embeddable":true,"href":"https:\/\/gsoftwarelab.com\/fr\/wp-json\/wp\/v2\/media\/8301"}],"wp:attachment":[{"href":"https:\/\/gsoftwarelab.com\/fr\/wp-json\/wp\/v2\/media?parent=8298"}],"wp:term":[{"taxonomy":"product_brand","embeddable":true,"href":"https:\/\/gsoftwarelab.com\/fr\/wp-json\/wp\/v2\/product_brand?post=8298"},{"taxonomy":"product_cat","embeddable":true,"href":"https:\/\/gsoftwarelab.com\/fr\/wp-json\/wp\/v2\/product_cat?post=8298"},{"taxonomy":"product_tag","embeddable":true,"href":"https:\/\/gsoftwarelab.com\/fr\/wp-json\/wp\/v2\/product_tag?post=8298"}],"curies":[{"name":"wp","href":"https:\/\/api.w.org\/{rel}","templated":true}]}}