{"id":8292,"date":"2025-09-25T01:12:53","date_gmt":"2025-09-24T23:12:53","guid":{"rendered":"https:\/\/gsoftwarelab.com\/?post_type=product&#038;p=8292"},"modified":"2025-11-05T09:07:16","modified_gmt":"2025-11-05T07:07:16","slug":"backlink-checker","status":"publish","type":"product","link":"https:\/\/gsoftwarelab.com\/fr\/produit\/backlink-checker\/","title":{"rendered":"V\u00e9rificateur de backlink"},"content":{"rendered":"<h2 class=\"elementor-image-box-title\">Backlink Checker \u2013 Aper\u00e7us en temps r\u00e9el des backlinks<\/h2>\n<p>Le Backlink Checker est un outil intuitif et facile \u00e0 utiliser qui permet aux utilisateurs de v\u00e9rifier si les sites Web contiennent une cha\u00eene sp\u00e9cifique, telle qu'un nom de domaine ou un mot cl\u00e9. Cette fonctionnalit\u00e9 peut \u00eatre utilis\u00e9e pour v\u00e9rifier rapidement et facilement les backlinks vers votre site Web, vous aidant \u00e0 suivre et \u00e0 analyser la qualit\u00e9 et la pertinence des liens pointant vers votre site. Dot\u00e9 d\u2019une interface simple et directe, le Backlink Checker est un outil puissant et essentiel pour quiconque cherche \u00e0 surveiller et \u00e0 am\u00e9liorer le profil de backlink de son site web.<\/p>\n<p><img decoding=\"async\" src=\"https:\/\/gsoftwarelab.com\/wp-content\/uploads\/2020\/11\/dasht.png.webp\" alt=\"Logiciel gratuit de v\u00e9rification des liens et des backlinks\" title=\"\"><\/p>\n<p>&nbsp;<\/p>\n<p><strong>Principales caract\u00e9ristiques<\/strong><\/p>\n<ul>\n<li>Support de liste de masse &amp; en vrac<\/li>\n<li>V\u00e9rification multi-thread<\/li>\n<li>V\u00e9rification personnalis\u00e9e des cha\u00eenes ou des liens<\/li>\n<li>R\u00e9sultats d\u00e9taill\u00e9s<\/li>\n<li>100% GRATUIT<\/li>\n<\/ul>","protected":false},"excerpt":{"rendered":"<p>Le Backlink Checker est un outil intuitif et facile \u00e0 utiliser qui permet aux utilisateurs de v\u00e9rifier si les sites Web contiennent une cha\u00eene sp\u00e9cifique, telle qu'un nom de domaine ou un mot cl\u00e9. Cette fonctionnalit\u00e9 peut \u00eatre utilis\u00e9e pour v\u00e9rifier rapidement et facilement les backlinks vers votre site Web, vous aidant \u00e0 suivre et \u00e0 analyser la qualit\u00e9 et la pertinence des liens pointant vers votre site.<\/p>","protected":false},"featured_media":8294,"comment_status":"closed","ping_status":"closed","template":"","meta":{"rop_custom_images_group":[],"rop_custom_messages_group":[],"rop_publish_now":"initial","rop_publish_now_accounts":{"twitter_2998589429_2998589429":""},"rop_publish_now_history":[],"rop_publish_now_status":"pending"},"product_brand":[2068],"product_cat":[2400,87],"product_tag":[],"class_list":{"0":"post-8292","1":"product","2":"type-product","3":"status-publish","4":"has-post-thumbnail","6":"product_brand-gsoftwarelab","7":"product_cat-free-software","8":"product_cat-software","10":"first","11":"instock","12":"downloadable","13":"virtual","14":"purchasable","15":"product-type-simple"},"wcol_rules":[{"obj_ids":["8312","8292","8298"],"applied_on":"quantity","cus_applied_on":"amount","message":"","accomulative":"","id":8330,"rule_type":"products","product_type":"simple","min_rule_limit":"0","enable_max_rule_limit":"on","max_rule_limit":"1","enable_time_limit":"on","rule_time_span":"yearly","yearly_start_day":"1","yearly_start_month":"01","weekly_start_day":"monday","monthly_start_date":"","enable_for_users":"on","user_type":"guest-users","disable_limit":"","parent_rule":"","across_all_orders":"2","exclude_shipping_price":"","enable_for_payment":"","enable_custom_notice":"","rule_start_time":"","rule_end_time":""}],"_links":{"self":[{"href":"https:\/\/gsoftwarelab.com\/fr\/wp-json\/wp\/v2\/product\/8292","targetHints":{"allow":["GET"]}}],"collection":[{"href":"https:\/\/gsoftwarelab.com\/fr\/wp-json\/wp\/v2\/product"}],"about":[{"href":"https:\/\/gsoftwarelab.com\/fr\/wp-json\/wp\/v2\/types\/product"}],"replies":[{"embeddable":true,"href":"https:\/\/gsoftwarelab.com\/fr\/wp-json\/wp\/v2\/comments?post=8292"}],"wp:featuredmedia":[{"embeddable":true,"href":"https:\/\/gsoftwarelab.com\/fr\/wp-json\/wp\/v2\/media\/8294"}],"wp:attachment":[{"href":"https:\/\/gsoftwarelab.com\/fr\/wp-json\/wp\/v2\/media?parent=8292"}],"wp:term":[{"taxonomy":"product_brand","embeddable":true,"href":"https:\/\/gsoftwarelab.com\/fr\/wp-json\/wp\/v2\/product_brand?post=8292"},{"taxonomy":"product_cat","embeddable":true,"href":"https:\/\/gsoftwarelab.com\/fr\/wp-json\/wp\/v2\/product_cat?post=8292"},{"taxonomy":"product_tag","embeddable":true,"href":"https:\/\/gsoftwarelab.com\/fr\/wp-json\/wp\/v2\/product_tag?post=8292"}],"curies":[{"name":"wp","href":"https:\/\/api.w.org\/{rel}","templated":true}]}}