{"id":8173,"date":"2025-09-12T16:31:09","date_gmt":"2025-09-12T14:31:09","guid":{"rendered":"https:\/\/gsoftwarelab.com\/?post_type=product&#038;p=8173"},"modified":"2026-01-14T05:49:24","modified_gmt":"2026-01-14T03:49:24","slug":"addon-geosync-pro-unlock-authenticity-and-automation","status":"publish","type":"product","link":"https:\/\/gsoftwarelab.com\/fr\/produit\/addon-geosync-pro-unlock-authenticity-and-automation\/","title":{"rendered":"Addon : GeoSync Pro"},"content":{"rendered":"<p><strong>GeoSync Pro: D\u00e9bloquez l'authenticit\u00e9 et l'automatisation avec z\u00e9ro effort<\/strong><\/p>\n<p>Mise \u00e0 niveau vers <b>GeoSync Pro <\/b>(Ajout pour <a href=\"https:\/\/gsoftwarelab.com\/fr\/organic-website-traffic-bot\/\">Trafic Buddy<\/a>). Synchronisez instantan\u00e9ment le fuseau horaire, la langue et la g\u00e9olocalisation de votre navigateur (lat\/long) avec votre proxy IP. Cette automatisation en un clic cr\u00e9e une empreinte digitale sans faille pour contourner la d\u00e9tection et est essentielle pour ma\u00eetriser la rotation proxies.<\/p>\n<ul>\n<li><b>Synchronisation instantan\u00e9e du profil:<\/b> Correspond automatiquement au fuseau horaire du navigateur, \u00e0 la langue et aux coordonn\u00e9es lat\/longues pr\u00e9cises de votre navigateur. proxy IP en temps r\u00e9el.<\/li>\n<li><b>D\u00e9tection de contournement:<\/b> Cr\u00e9e une empreinte digitale parfaitement coh\u00e9rente pour \u00e9liminer les drapeaux rouges et appara\u00eetre 100% authentique.<\/li>\n<li><b>Proxies rotatifs ma\u00eetres:<\/b> Assure que chaque connexion \u00e0 partir d'une nouvelle IP est instantan\u00e9ment et parfaitement adapt\u00e9e.<\/li>\n<li><b>Abonnement mensuel:<\/b> Votre licence sera renouvel\u00e9e tous les mois. Apr\u00e8s l'achat, notre \u00e9quipe mettra \u00e0 disposition votre compte et vous enverra un e-mail une fois l'activation termin\u00e9e.<\/li>\n<\/ul>\n<p>Apr\u00e8s votre commande, notre <a href=\"https:\/\/gsoftwarelab.com\/fr\/contact-us\/\">\u00e9quipe de soutien<\/a> g\u00e9rera l'activation manuelle et vous avertira par e-mail une fois la configuration termin\u00e9e dans les 48 heures.<\/p>\n<p><strong>Conditions d'abonnement:<\/strong><\/p>\n<ul>\n<li>Renouvellement automatique tous les mois jusqu'\u00e0 l'annulation<\/li>\n<li>Support et mises \u00e0 jour pendant la p\u00e9riode d'abonnement<\/li>\n<\/ul>","protected":false},"excerpt":{"rendered":"<p>Mise \u00e0 niveau vers GeoSync Pro (Addon pour Traffic Buddy) et correspondent automatiquement au fuseau horaire, \u00e0 la langue et \u00e0 la g\u00e9olocalisation de votre navigateur proxyl\u2019adresse IP de . \u00c9liminez la configuration manuelle et cr\u00e9ez des profils parfaitement coh\u00e9rents en un seul clic. Id\u00e9al pour la rotation proxies.<\/p>","protected":false},"featured_media":8174,"comment_status":"open","ping_status":"closed","template":"","meta":{"rop_custom_images_group":[],"rop_custom_messages_group":[],"rop_publish_now":"initial","rop_publish_now_accounts":{"twitter_2998589429_2998589429":""},"rop_publish_now_history":[],"rop_publish_now_status":"pending"},"product_brand":[2068,2071],"product_cat":[87,158,104],"product_tag":[],"class_list":{"0":"post-8173","1":"product","2":"type-product","3":"status-publish","4":"has-post-thumbnail","6":"product_brand-gsoftwarelab","7":"product_brand-traffic-buddy","8":"product_cat-software","9":"product_cat-services","10":"product_cat-traffic-buddy","12":"first","13":"outofstock","14":"virtual","15":"purchasable","16":"product-type-simple"},"wcol_rules":[],"_links":{"self":[{"href":"https:\/\/gsoftwarelab.com\/fr\/wp-json\/wp\/v2\/product\/8173","targetHints":{"allow":["GET"]}}],"collection":[{"href":"https:\/\/gsoftwarelab.com\/fr\/wp-json\/wp\/v2\/product"}],"about":[{"href":"https:\/\/gsoftwarelab.com\/fr\/wp-json\/wp\/v2\/types\/product"}],"replies":[{"embeddable":true,"href":"https:\/\/gsoftwarelab.com\/fr\/wp-json\/wp\/v2\/comments?post=8173"}],"wp:featuredmedia":[{"embeddable":true,"href":"https:\/\/gsoftwarelab.com\/fr\/wp-json\/wp\/v2\/media\/8174"}],"wp:attachment":[{"href":"https:\/\/gsoftwarelab.com\/fr\/wp-json\/wp\/v2\/media?parent=8173"}],"wp:term":[{"taxonomy":"product_brand","embeddable":true,"href":"https:\/\/gsoftwarelab.com\/fr\/wp-json\/wp\/v2\/product_brand?post=8173"},{"taxonomy":"product_cat","embeddable":true,"href":"https:\/\/gsoftwarelab.com\/fr\/wp-json\/wp\/v2\/product_cat?post=8173"},{"taxonomy":"product_tag","embeddable":true,"href":"https:\/\/gsoftwarelab.com\/fr\/wp-json\/wp\/v2\/product_tag?post=8173"}],"curies":[{"name":"wp","href":"https:\/\/api.w.org\/{rel}","templated":true}]}}