{"id":7934,"date":"2025-07-23T11:07:34","date_gmt":"2025-07-23T09:07:34","guid":{"rendered":"https:\/\/gsoftwarelab.com\/?post_type=product&#038;p=7934"},"modified":"2026-04-09T08:22:29","modified_gmt":"2026-04-09T06:22:29","slug":"custom-software-development-1-hour","status":"publish","type":"product","link":"https:\/\/gsoftwarelab.com\/fr\/produit\/custom-software-development-1-hour\/","title":{"rendered":"D\u00e9veloppement logiciel personnalis\u00e9"},"content":{"rendered":"<p data-start=\"110\" data-end=\"488\">D\u00e9bloquez des solutions sur mesure avec notre <strong>D\u00e9veloppement logiciel personnalis\u00e9<\/strong> services \u2014 con\u00e7us pour donner vie \u00e0 vos id\u00e9es uniques. Que vous cherchiez \u00e0 am\u00e9liorer nos produits existants: Traffic Buddy, Proxy Buddy ou Index Buddy \u2013 avec puissance <strong>extensions personnalis\u00e9es<\/strong>, ou construisez quelque chose de enti\u00e8rement nouveau \u00e0 partir de z\u00e9ro, nous avons ce qu\u2019il vous faut.<\/p>\n<p data-start=\"490\" data-end=\"810\">Nos d\u00e9veloppeurs exp\u00e9riment\u00e9s travaillent en \u00e9troite collaboration avec vous pour comprendre vos objectifs, flux de travail et exigences sp\u00e9cifiques, en veillant \u00e0 ce que votre solution personnalis\u00e9e s'int\u00e8gre parfaitement dans vos op\u00e9rations. De l'automatisation des navigateurs et des outils SEO \u00e0 la gestion des donn\u00e9es et aux utilitaires r\u00e9seau, nous fournissons un code propre, efficace et fiable qui fonctionne.<\/p>\n<ul data-start=\"812\" data-end=\"1101\">\n<li data-start=\"812\" data-end=\"880\">\n<p data-start=\"814\" data-end=\"880\">\u2705 Extensions personnalis\u00e9es pour Traffic Buddy (notre <a href=\"https:\/\/gsoftwarelab.com\/fr\/organic-website-traffic-bot\/\">Outil d'automatisation du trafic<\/a>), Proxy Buddy &amp; Index Buddy<\/p>\n<\/li>\n<li data-start=\"881\" data-end=\"948\">\n<p data-start=\"883\" data-end=\"948\">\u2705 Programmes autonomes enti\u00e8rement personnalis\u00e9s en fonction de vos sp\u00e9cifications<\/p>\n<\/li>\n<li data-start=\"949\" data-end=\"993\">\n<p data-start=\"951\" data-end=\"993\">\u2705 Des solutions \u00e9volutives et ax\u00e9es sur la performance<\/p>\n<\/li>\n<li data-start=\"994\" data-end=\"1060\">\n<p data-start=\"996\" data-end=\"1060\">\u2705 Consultation professionnelle tout au long du processus de d\u00e9veloppement<\/p>\n<\/li>\n<li data-start=\"1061\" data-end=\"1101\">\n<p data-start=\"1063\" data-end=\"1101\">\u2705 Prix transparent, factur\u00e9 \u00e0 l'heure<\/p>\n<\/li>\n<\/ul>\n<p data-start=\"1103\" data-end=\"1197\"><strong data-start=\"1103\" data-end=\"1114\">Prix<\/strong>: Le d\u00e9veloppement est factur\u00e9 \u00e0 l'heure en toute transparence sur les heures approximatives requises.<\/p>\n<p data-start=\"1199\" data-end=\"1262\">Construisons les outils qui fonctionnent exactement comme <em data-start=\"1243\" data-end=\"1248\">vous<\/em> Je veux qu'ils le fassent.<\/p>\n<p data-start=\"1199\" data-end=\"1262\">S'il vous pla\u00eet <a href=\"https:\/\/gsoftwarelab.com\/fr\/contact-us\/\">contactez-nous<\/a> pour coordonner vos id\u00e9es.<\/p>","protected":false},"excerpt":{"rendered":"<p>D\u00e9veloppement d'outils logiciels personnalis\u00e9s ou d'extensions pour nos programmes existants, factur\u00e9s \u00e0 l'heure.<\/p>","protected":false},"featured_media":7935,"comment_status":"open","ping_status":"closed","template":"","meta":{"rop_custom_images_group":[],"rop_custom_messages_group":[],"rop_publish_now":"initial","rop_publish_now_accounts":{"twitter_2998589429_2998589429":""},"rop_publish_now_history":[],"rop_publish_now_status":"pending"},"product_brand":[],"product_cat":[158],"product_tag":[],"class_list":{"0":"post-7934","1":"product","2":"type-product","3":"status-publish","4":"has-post-thumbnail","6":"product_cat-services","8":"first","9":"instock","10":"virtual","11":"purchasable","12":"product-type-simple"},"wcol_rules":[],"_links":{"self":[{"href":"https:\/\/gsoftwarelab.com\/fr\/wp-json\/wp\/v2\/product\/7934","targetHints":{"allow":["GET"]}}],"collection":[{"href":"https:\/\/gsoftwarelab.com\/fr\/wp-json\/wp\/v2\/product"}],"about":[{"href":"https:\/\/gsoftwarelab.com\/fr\/wp-json\/wp\/v2\/types\/product"}],"replies":[{"embeddable":true,"href":"https:\/\/gsoftwarelab.com\/fr\/wp-json\/wp\/v2\/comments?post=7934"}],"wp:featuredmedia":[{"embeddable":true,"href":"https:\/\/gsoftwarelab.com\/fr\/wp-json\/wp\/v2\/media\/7935"}],"wp:attachment":[{"href":"https:\/\/gsoftwarelab.com\/fr\/wp-json\/wp\/v2\/media?parent=7934"}],"wp:term":[{"taxonomy":"product_brand","embeddable":true,"href":"https:\/\/gsoftwarelab.com\/fr\/wp-json\/wp\/v2\/product_brand?post=7934"},{"taxonomy":"product_cat","embeddable":true,"href":"https:\/\/gsoftwarelab.com\/fr\/wp-json\/wp\/v2\/product_cat?post=7934"},{"taxonomy":"product_tag","embeddable":true,"href":"https:\/\/gsoftwarelab.com\/fr\/wp-json\/wp\/v2\/product_tag?post=7934"}],"curies":[{"name":"wp","href":"https:\/\/api.w.org\/{rel}","templated":true}]}}