{"id":7899,"date":"2025-07-21T09:02:57","date_gmt":"2025-07-21T07:02:57","guid":{"rendered":"https:\/\/gsoftwarelab.com\/?post_type=product&#038;p=7899"},"modified":"2026-04-11T11:42:01","modified_gmt":"2026-04-11T09:42:01","slug":"private-proxies-1-month","status":"publish","type":"product","link":"https:\/\/gsoftwarelab.com\/fr\/produit\/private-proxies-1-month\/","title":{"rendered":"Procurations priv\u00e9es \u2013 1 mois"},"content":{"rendered":"<p>Voici notre derni\u00e8re offre: <strong>Proxies priv\u00e9s <\/strong>\u00a0\u2013 Plan d\u2019abonnement d\u2019un mois avec <strong>250 Go de trafic inclus <\/strong>et facultatifs <strong>remplacement p\u00e9riodique des adresses IP<\/strong>. Ce service premium assure une navigation s\u00e9curis\u00e9e et efficace gr\u00e2ce \u00e0 un service d\u00e9di\u00e9. proxy pool de sites GEO s\u00e9lectionnables dans le monde entier. Respectez votre vie priv\u00e9e et b\u00e9n\u00e9ficiez d'une connectivit\u00e9 transparente gr\u00e2ce \u00e0 nos solutions exclusives proxy solution adapt\u00e9e \u00e0 vos besoins.<\/p>\n<ul>\n<li>1000 \u2013 10000 \u00e9pine dorsale proxy Connexions (IP:PORT:USER:PASS)<\/li>\n<li>1x Rotation de la connexion Endpoint (nouveau proxy sur chaque connexion)<\/li>\n<li>250 Go de trafic (extensible)<\/li>\n<li>Emplacements GEO dans le monde entier possibles<\/li>\n<li>100 fils de procuration<\/li>\n<li>Prise en charge des connexions HTTP\/HTTPS<\/li>\n<li>Prise en charge des connexions SOCKS5<\/li>\n<\/ul>\n<p>Cette commande sera trait\u00e9e manuellement et son ex\u00e9cution peut prendre jusqu'\u00e0 48 heures. Nous vous contacterons par la suite afin de coordonner avec vous les emplacements GEO souhait\u00e9s.<br \/>\n\u00c0 l\u2019heure actuelle, nous ne pouvons pas proposer de remboursement pour ce service apr\u00e8s le traitement de la commande.<\/p>","protected":false},"excerpt":{"rendered":"<p><strong>Proxies priv\u00e9s <\/strong>\u00a0\u2013 Plan d\u2019abonnement d\u2019un mois avec <strong>250 Go de trafic inclus <\/strong>et facultatifs<strong> Remplacement IP.<\/strong><\/p>","protected":false},"featured_media":7931,"comment_status":"open","ping_status":"closed","template":"","meta":{"rop_custom_images_group":[],"rop_custom_messages_group":[],"rop_publish_now":"initial","rop_publish_now_accounts":{"twitter_2998589429_2998589429":""},"rop_publish_now_history":[],"rop_publish_now_status":"pending"},"product_brand":[],"product_cat":[158],"product_tag":[],"class_list":{"0":"post-7899","1":"product","2":"type-product","3":"status-publish","4":"has-post-thumbnail","6":"product_cat-services","8":"first","9":"instock","10":"shipping-taxable","11":"purchasable","12":"product-type-variable"},"wcol_rules":[],"_links":{"self":[{"href":"https:\/\/gsoftwarelab.com\/fr\/wp-json\/wp\/v2\/product\/7899","targetHints":{"allow":["GET"]}}],"collection":[{"href":"https:\/\/gsoftwarelab.com\/fr\/wp-json\/wp\/v2\/product"}],"about":[{"href":"https:\/\/gsoftwarelab.com\/fr\/wp-json\/wp\/v2\/types\/product"}],"replies":[{"embeddable":true,"href":"https:\/\/gsoftwarelab.com\/fr\/wp-json\/wp\/v2\/comments?post=7899"}],"wp:featuredmedia":[{"embeddable":true,"href":"https:\/\/gsoftwarelab.com\/fr\/wp-json\/wp\/v2\/media\/7931"}],"wp:attachment":[{"href":"https:\/\/gsoftwarelab.com\/fr\/wp-json\/wp\/v2\/media?parent=7899"}],"wp:term":[{"taxonomy":"product_brand","embeddable":true,"href":"https:\/\/gsoftwarelab.com\/fr\/wp-json\/wp\/v2\/product_brand?post=7899"},{"taxonomy":"product_cat","embeddable":true,"href":"https:\/\/gsoftwarelab.com\/fr\/wp-json\/wp\/v2\/product_cat?post=7899"},{"taxonomy":"product_tag","embeddable":true,"href":"https:\/\/gsoftwarelab.com\/fr\/wp-json\/wp\/v2\/product_tag?post=7899"}],"curies":[{"name":"wp","href":"https:\/\/api.w.org\/{rel}","templated":true}]}}