{"id":5915,"date":"2023-02-04T16:45:33","date_gmt":"2023-02-04T14:45:33","guid":{"rendered":"https:\/\/gsoftwarelab.com\/?post_type=product&#038;p=5915"},"modified":"2025-11-10T06:30:58","modified_gmt":"2025-11-10T04:30:58","slug":"index-buddy-v2","status":"publish","type":"product","link":"https:\/\/gsoftwarelab.com\/fr\/produit\/index-buddy-v2\/","title":{"rendered":"Index Buddy"},"content":{"rendered":"<h2 class=\"elementor-image-box-title\">Index Buddy V2 \u2013 Indexateur de liens SEO en masse<\/h2>\n<div class=\"flex flex-grow flex-col gap-3\">\n<div class=\"min-h-[20px] flex flex-col items-start gap-4 whitespace-pre-wrap\">\n<div class=\"markdown prose w-full break-words dark:prose-invert light\">\n<p>Index Buddy V2 est la version la plus r\u00e9cente et la plus am\u00e9lior\u00e9e de Index Buddy. Il offre des capacit\u00e9s d'indexation avanc\u00e9es et am\u00e9lior\u00e9es pour aider \u00e0 am\u00e9liorer la visibilit\u00e9 et le classement de votre site Web ou des URL sur les principaux moteurs de recherche tels que Google, Bing et Baidu. Le logiciel est con\u00e7u pour \u00eatre convivial et puissant, ce qui vous permet d'indexer facilement des URL uniques, des sites Web entiers ou des listes d'URL en vrac en quelques clics.<\/p>\n<p>Avec un abonnement mensuel pour Index Buddy V2, vous pouvez profiter d'une indexation transparente et ininterrompue sur un seul ordinateur. Toutes les mises \u00e0 jour futures, les nouvelles fonctionnalit\u00e9s et les corrections de bogues sont incluses pendant 1 mois, ce qui vous assure d'avoir toujours acc\u00e8s \u00e0 la version la plus \u00e0 jour du logiciel.<\/p>\n<p><img decoding=\"async\" class=\"aligncenter wp-image-6384 size-full\" src=\"https:\/\/gsoftwarelab.com\/wp-content\/uploads\/2023\/02\/Indexing.gif\" alt=\"Index Buddy - Processus d&#039;indexation des liens et des backlinks\" width=\"1000\" height=\"650\" title=\"\"><\/p>\n<\/div>\n<\/div>\n<\/div>\n<p>&nbsp;<\/p>\n<p><strong>Exigences minimales du syst\u00e8me:<\/strong><\/p>\n<ul>\n<li>OS : Windows 10 (version 22H2 ou ult\u00e9rieure) Windows 11 (toutes les versions), Windows Server 2019 et versions ult\u00e9rieures<\/li>\n<li>8 Go de RAM<\/li>\n<li>10 Go de stockage<\/li>\n<li>4 noyaux<\/li>\n<li>Connexion Internet stable<\/li>\n<\/ul>\n<p><strong>La commande comprend:<\/strong><\/p>\n<ul>\n<li>Abonnement logiciel d'un mois (<span class=\"HwtZe\" lang=\"en\"><span class=\"jCAhz ChMk0b\"><span class=\"ryNqvb\">1PC)<\/span><\/span><\/span><\/li>\n<li>1 mois de soutien complet<\/li>\n<\/ul>\n<p><strong>Conditions d'abonnement:<\/strong><\/p>\n<ul>\n<li>Renouvellement automatique tous les mois jusqu'\u00e0 l'annulation<\/li>\n<li>Support et mises \u00e0 jour pendant la p\u00e9riode d'abonnement<\/li>\n<\/ul>\n<p><strong><a href=\"https:\/\/gsoftwarelab.com\/fr\/index-buddy-backlink-indexer\/\">En savoir plus sur Index Buddy (Logiciel d'indexation de liens)<\/a><\/strong><br \/>\n<strong><a href=\"https:\/\/docs.gsoftwarelab.com\/\">Lire la documentation<\/a><\/strong><\/p>\n<p><strong><a href=\"https:\/\/gsoftwarelab.com\/fr\/organic-traffic-view-bot\/\">En savoir plus sur Traffic Buddy<\/a><a href=\"https:\/\/gsoftwarelab.com\/fr\/organic-traffic-view-bot\/\"> (Bouton de Trafic)<\/a><br \/>\n<a href=\"https:\/\/gsoftwarelab.com\/fr\/proxy-buddy-scraper-tester\/\">En savoir plus sur Proxy Buddy <\/a><a href=\"https:\/\/gsoftwarelab.com\/fr\/proxy-buddy-scraper-tester\/\">(Proxy Scraper)<\/a><\/strong><\/p>","protected":false},"excerpt":{"rendered":"<p>Index Buddy V2, l'outil parfait pour indexer d'\u00e9normes listes de backlinks dans les moteurs de recherche.<\/p>","protected":false},"featured_media":7727,"comment_status":"open","ping_status":"closed","template":"","meta":{"rop_custom_images_group":[],"rop_custom_messages_group":[],"rop_publish_now":"initial","rop_publish_now_accounts":{"twitter_2998589429_2998589429":""},"rop_publish_now_history":[],"rop_publish_now_status":"pending"},"product_brand":[2068,2070],"product_cat":[89,87],"product_tag":[190,2383,191,2384,192,193],"class_list":{"0":"post-5915","1":"product","2":"type-product","3":"status-publish","4":"has-post-thumbnail","6":"product_brand-gsoftwarelab","7":"product_brand-index-buddy","8":"product_cat-index-buddy","9":"product_cat-software","10":"product_tag-backlink-indexer","11":"product_tag-backlink-indexer-subscription","12":"product_tag-indexing-software","13":"product_tag-indexing-software-subscription","14":"product_tag-indexing-tool","15":"product_tag-url-indexer","17":"first","18":"instock","19":"featured","20":"downloadable","21":"virtual","22":"purchasable","23":"product-type-simple"},"wcol_rules":[],"_links":{"self":[{"href":"https:\/\/gsoftwarelab.com\/fr\/wp-json\/wp\/v2\/product\/5915","targetHints":{"allow":["GET"]}}],"collection":[{"href":"https:\/\/gsoftwarelab.com\/fr\/wp-json\/wp\/v2\/product"}],"about":[{"href":"https:\/\/gsoftwarelab.com\/fr\/wp-json\/wp\/v2\/types\/product"}],"replies":[{"embeddable":true,"href":"https:\/\/gsoftwarelab.com\/fr\/wp-json\/wp\/v2\/comments?post=5915"}],"wp:featuredmedia":[{"embeddable":true,"href":"https:\/\/gsoftwarelab.com\/fr\/wp-json\/wp\/v2\/media\/7727"}],"wp:attachment":[{"href":"https:\/\/gsoftwarelab.com\/fr\/wp-json\/wp\/v2\/media?parent=5915"}],"wp:term":[{"taxonomy":"product_brand","embeddable":true,"href":"https:\/\/gsoftwarelab.com\/fr\/wp-json\/wp\/v2\/product_brand?post=5915"},{"taxonomy":"product_cat","embeddable":true,"href":"https:\/\/gsoftwarelab.com\/fr\/wp-json\/wp\/v2\/product_cat?post=5915"},{"taxonomy":"product_tag","embeddable":true,"href":"https:\/\/gsoftwarelab.com\/fr\/wp-json\/wp\/v2\/product_tag?post=5915"}],"curies":[{"name":"wp","href":"https:\/\/api.w.org\/{rel}","templated":true}]}}