{"id":3541,"date":"2021-11-17T18:40:19","date_gmt":"2021-11-17T16:40:19","guid":{"rendered":"https:\/\/gsoftwarelab.com\/?post_type=product&#038;p=3541"},"modified":"2025-11-27T09:41:16","modified_gmt":"2025-11-27T07:41:16","slug":"seo-agency-bundle","status":"publish","type":"product","link":"https:\/\/gsoftwarelab.com\/fr\/produit\/seo-agency-bundle\/","title":{"rendered":"SEO Agence Bundle"},"content":{"rendered":"<div class=\"flex flex-grow flex-col gap-3\">\n<div class=\"min-h-[20px] flex flex-col items-start gap-4 whitespace-pre-wrap break-words\">\n<div class=\"markdown prose w-full break-words dark:prose-invert light\">\n<p><strong>D\u00e9bloquer un 25 suppl\u00e9mentaire% R\u00e9duction sur notre pack de produits Premier:<\/strong> <strong>La solution ultime pour les agences, les pigistes et les professionnels du r\u00e9f\u00e9rencement.<\/strong><\/p>\n<p>Saisissez cette opportunit\u00e9 exclusive d'\u00e9lever votre entreprise avec une solution compl\u00e8te et \u00e9conomique adapt\u00e9e aux agences, aux freelances et aux experts SEO. Notre gamme de produits de premier ordre comprend nos logiciels les mieux not\u00e9s, des outils de pointe, des ressources inestimables et un support d\u00e9di\u00e9, garantissant que vous avez tout \u00e0 port\u00e9e de main pour am\u00e9liorer votre site Web et renforcer votre pr\u00e9sence en ligne.<\/p>\n<p>D\u00e9couvrez les avantages de nos meilleurs produits et services, tout en \u00e9conomisant du temps et de l'argent. Cette offre \u00e0 dur\u00e9e limit\u00e9e ne durera pas longtemps, alors agissez d\u00e8s maintenant pour obtenir vos 25% escomptez et investissez dans la bo\u00eete \u00e0 outils ultime pour le succ\u00e8s num\u00e9rique.<\/p>\n<p><strong>Votre achat comprend:<\/strong><\/p>\n<ul>\n<li><a href=\"https:\/\/gsoftwarelab.com\/fr\/proxy-scraper-and-proxy-tester-software\/\"><strong>Proxy Buddy<\/strong><\/a> Licence mensuelle pour un PC<\/li>\n<li><a href=\"https:\/\/gsoftwarelab.com\/fr\/organic-traffic-view-bot\/\"><strong>Trafic Buddy<\/strong><\/a> Licence mensuelle pour un PC<\/li>\n<li><a href=\"https:\/\/gsoftwarelab.com\/fr\/index-buddy-backlink-indexer\/\"><strong>Index Buddy v2<\/strong><\/a> Licence mensuelle pour un PC<\/li>\n<li>Complet <strong>Soutien<\/strong><\/li>\n<li>Contribution \u00e0 la plantation\u00a0 <strong>5 arbres<\/strong><\/li>\n<\/ul>\n<p><strong>Conditions d'abonnement:<\/strong><\/p>\n<ul>\n<li>Renouvellement automatique tous les mois jusqu'\u00e0 l'annulation<\/li>\n<li>Support et mises \u00e0 jour pendant la p\u00e9riode d'abonnement<\/li>\n<\/ul>\n<\/div>\n<\/div>\n<\/div>","protected":false},"excerpt":{"rendered":"<p class=\"root-block-node\" data-changed=\"false\" data-paragraphid=\"3\">Nos produits les plus populaires dans un bundle avec un suppl\u00e9ment de 25% r\u00e9duction. Parfait pour les agences, les freelances et les experts SEO.<\/p>","protected":false},"featured_media":7662,"comment_status":"open","ping_status":"closed","template":"","meta":{"rop_custom_images_group":[],"rop_custom_messages_group":[],"rop_publish_now":"initial","rop_publish_now_accounts":{"twitter_2998589429_2998589429":""},"rop_publish_now_history":[],"rop_publish_now_status":"pending"},"product_brand":[2068],"product_cat":[89,88,87,104],"product_tag":[691,191,98,693,690,2369,2370,692,2387,696],"class_list":{"0":"post-3541","1":"product","2":"type-product","3":"status-publish","4":"has-post-thumbnail","6":"product_brand-gsoftwarelab","7":"product_cat-index-buddy","8":"product_cat-proxy-buddy","9":"product_cat-software","10":"product_cat-traffic-buddy","11":"product_tag-bundle","12":"product_tag-indexing-software","13":"product_tag-proxy-scraper","14":"product_tag-sale","15":"product_tag-seo-bundle","16":"product_tag-seo-software","17":"product_tag-seo-software-bundle","18":"product_tag-software-bundle","19":"product_tag-software-bundle-subscription","20":"product_tag-traffic-bot","22":"first","23":"instock","24":"sale","25":"featured","26":"virtual","27":"purchasable","28":"product-type-woosb"},"wcol_rules":[],"_links":{"self":[{"href":"https:\/\/gsoftwarelab.com\/fr\/wp-json\/wp\/v2\/product\/3541","targetHints":{"allow":["GET"]}}],"collection":[{"href":"https:\/\/gsoftwarelab.com\/fr\/wp-json\/wp\/v2\/product"}],"about":[{"href":"https:\/\/gsoftwarelab.com\/fr\/wp-json\/wp\/v2\/types\/product"}],"replies":[{"embeddable":true,"href":"https:\/\/gsoftwarelab.com\/fr\/wp-json\/wp\/v2\/comments?post=3541"}],"wp:featuredmedia":[{"embeddable":true,"href":"https:\/\/gsoftwarelab.com\/fr\/wp-json\/wp\/v2\/media\/7662"}],"wp:attachment":[{"href":"https:\/\/gsoftwarelab.com\/fr\/wp-json\/wp\/v2\/media?parent=3541"}],"wp:term":[{"taxonomy":"product_brand","embeddable":true,"href":"https:\/\/gsoftwarelab.com\/fr\/wp-json\/wp\/v2\/product_brand?post=3541"},{"taxonomy":"product_cat","embeddable":true,"href":"https:\/\/gsoftwarelab.com\/fr\/wp-json\/wp\/v2\/product_cat?post=3541"},{"taxonomy":"product_tag","embeddable":true,"href":"https:\/\/gsoftwarelab.com\/fr\/wp-json\/wp\/v2\/product_tag?post=3541"}],"curies":[{"name":"wp","href":"https:\/\/api.w.org\/{rel}","templated":true}]}}