{"id":1636,"date":"2020-11-09T23:57:30","date_gmt":"2020-11-09T21:57:30","guid":{"rendered":"https:\/\/gsoftwarelab.com\/?post_type=product&#038;p=1636"},"modified":"2026-01-23T12:54:55","modified_gmt":"2026-01-23T10:54:55","slug":"traffic-buddy","status":"publish","type":"product","link":"https:\/\/gsoftwarelab.com\/fr\/produit\/traffic-buddy\/","title":{"rendered":"Trafic Buddy"},"content":{"rendered":"<h2><strong><span class=\"edtFontSize200\">Traffic Buddy: G\u00e9n\u00e9rateur de trafic, Site Web Voir Bot &amp; Google Search Bot<\/span><\/strong><\/h2>\n<p>Notre nouveau bot permet d'envoyer une \u00e9norme quantit\u00e9 de trafic SEO \u00e0 partir de diff\u00e9rents moteurs de recherche en utilisant vos mots cl\u00e9s sur votre site Web. En utilisant un v\u00e9ritable navigateur bas\u00e9 sur Chrome, il peut g\u00e9n\u00e9rer des milliers de vues de sites Web r\u00e9els.<\/p>\n<p>Les navigateurs du g\u00e9n\u00e9rateur de vue simuleront automatiquement diff\u00e9rentes actions de comportement de l'utilisateur, comme cliquer sur des boutons pour parcourir les pages du site Web ou faire d\u00e9filer la page.<\/p>\n<div style=\"padding: 56.25% 0 0 0; position: relative;\"><iframe style=\"position: absolute; top: 0; left: 0; width: 100%; height: 100%;\" src=\"https:\/\/player.vimeo.com\/video\/1029029240?h=59eb4a1d9e&amp;autoplay=1&amp;loop=1&amp;byline=0\" frameborder=\"0\" allowfullscreen=\"allowfullscreen\" data-mce-fragment=\"1\"><\/iframe><\/div>\n<p><strong>Principales caract\u00e9ristiques:<br \/>\n<\/strong><\/p>\n<ul>\n<li>G\u00e9n\u00e9rer du trafic r\u00e9el du navigateur<\/li>\n<li>Construit en priv\u00e9, r\u00e9sidentiel, rotatif et public proxy Support (Http, Https, Chaussettes4, Chaussettes5, Tor Proxy)<\/li>\n<li>Grattoir proxy public int\u00e9gr\u00e9 (Http, Https, Chaussettes4, Chaussettes5)<\/li>\n<li>Construit dans multi-threaded proxy testeur<\/li>\n<li>Filtrage de pays proxy int\u00e9gr\u00e9 (\u00e0 l'aide d'une base de donn\u00e9es Geo-IP)<\/li>\n<li>Sp\u00e9cifique \u00e0 la campagne proxies (utiliser diff\u00e9rents proxies pour chaque campagne)<\/li>\n<li>Modifier le r\u00e9f\u00e9rent\/l'origine du trafic (prise en charge de Google, Bing, DuckDuckGo avec des mots-cl\u00e9s et des URL personnalis\u00e9es)<\/li>\n<li>Parcourir les pages internes du site Web<\/li>\n<li>Simuler le comportement de l'utilisateur (scrolling et click)<\/li>\n<li>Simuler les clics de l'utilisateur (cliquer sur des boutons personnalis\u00e9s, des images, etc.)<\/li>\n<li>\u00c9mulation de p\u00e9riph\u00e9rique int\u00e9gr\u00e9e (plus de 100 p\u00e9riph\u00e9riques authentiques, \u00e9mule automatiquement l'agent utilisateur, l'affichage, le processeur, le b\u00e9lier et bien plus encore)<\/li>\n<li>Mises \u00e0 jour fr\u00e9quentes et support<\/li>\n<li>NOUVEAU: D\u00e9finition de l'origine du trafic facile<\/li>\n<li>NOUVEAU: Bot de recherche Google (g\u00e9n\u00e9rer du trafic SEO)<\/li>\n<li><a href=\"https:\/\/gsoftwarelab.com\/fr\/organic-website-traffic-bot\/\">En savoir plus<\/a> \u00e0 propos de toutes les fonctionnalit\u00e9s de bot de trafic.<\/li>\n<\/ul>\n<p><strong>Cas d'utilisation du logiciel:<\/strong><\/p>\n<ul>\n<li>\u00c0 des fins de r\u00e9f\u00e9rencement et de marketing<\/li>\n<li>Recherche sur la s\u00e9curit\u00e9<\/li>\n<li>Web Crawling et Scraping<\/li>\n<li>Test de charge du site Web\/serveur<\/li>\n<\/ul>\n<p><strong>Exigences minimales du syst\u00e8me:<\/strong><\/p>\n<ul>\n<li>OS : Windows 10 (version 22H2 ou ult\u00e9rieure) Windows 11 (toutes les versions), Windows Server 2019 et versions ult\u00e9rieures<\/li>\n<li>8 Go de RAM<\/li>\n<li>10 Go de stockage<\/li>\n<li>4 c\u0153urs<\/li>\n<li>Connexion Internet stable<\/li>\n<\/ul>\n<p><strong>Votre achat comprend:<\/strong><\/p>\n<ul>\n<li>Abonnement logiciel d'un mois<\/li>\n<li>1 mois de soutien complet<\/li>\n<li>Contribution \u00e0 la plantation d'un arbre<\/li>\n<li><a href=\"https:\/\/gsoftwarelab.com\/fr\/docs\/traffic-buddy\/getting-started\/\">Documentation du logiciel<\/a><\/li>\n<\/ul>\n<p><strong>Conditions d'abonnement:<\/strong><\/p>\n<ul>\n<li>Renouvellement automatique tous les mois jusqu'\u00e0 l'annulation<\/li>\n<li>Support et mises \u00e0 jour pendant la p\u00e9riode d'abonnement<\/li>\n<\/ul>","protected":false},"excerpt":{"rendered":"<p>Traffic Buddy: G\u00e9n\u00e9rateur de trafic, Site Web Voir Bot &amp; Google Search Bot.<\/p>","protected":false},"featured_media":7349,"comment_status":"open","ping_status":"closed","template":"","meta":{"rop_custom_images_group":[],"rop_custom_messages_group":[],"rop_publish_now":"initial","rop_publish_now_accounts":{"twitter_2998589429_2998589429":""},"rop_publish_now_history":[],"rop_publish_now_status":"pending"},"product_brand":[2068,2071],"product_cat":[104,87],"product_tag":[2372,696,2382,699,2373,2381,2371],"class_list":{"0":"post-1636","1":"product","2":"type-product","3":"status-publish","4":"has-post-thumbnail","6":"product_brand-gsoftwarelab","7":"product_brand-traffic-buddy","8":"product_cat-traffic-buddy","9":"product_cat-software","10":"product_tag-generate-traffic-with-traffic-buddy","11":"product_tag-traffic-bot","12":"product_tag-traffic-bot-subscription","13":"product_tag-traffic-buddy","14":"product_tag-traffic-buddy-download","15":"product_tag-traffic-buddy-subscription","16":"product_tag-traffic-buddy-view-bot","18":"first","19":"instock","20":"featured","21":"downloadable","22":"virtual","23":"purchasable","24":"product-type-simple"},"wcol_rules":[],"_links":{"self":[{"href":"https:\/\/gsoftwarelab.com\/fr\/wp-json\/wp\/v2\/product\/1636","targetHints":{"allow":["GET"]}}],"collection":[{"href":"https:\/\/gsoftwarelab.com\/fr\/wp-json\/wp\/v2\/product"}],"about":[{"href":"https:\/\/gsoftwarelab.com\/fr\/wp-json\/wp\/v2\/types\/product"}],"replies":[{"embeddable":true,"href":"https:\/\/gsoftwarelab.com\/fr\/wp-json\/wp\/v2\/comments?post=1636"}],"wp:featuredmedia":[{"embeddable":true,"href":"https:\/\/gsoftwarelab.com\/fr\/wp-json\/wp\/v2\/media\/7349"}],"wp:attachment":[{"href":"https:\/\/gsoftwarelab.com\/fr\/wp-json\/wp\/v2\/media?parent=1636"}],"wp:term":[{"taxonomy":"product_brand","embeddable":true,"href":"https:\/\/gsoftwarelab.com\/fr\/wp-json\/wp\/v2\/product_brand?post=1636"},{"taxonomy":"product_cat","embeddable":true,"href":"https:\/\/gsoftwarelab.com\/fr\/wp-json\/wp\/v2\/product_cat?post=1636"},{"taxonomy":"product_tag","embeddable":true,"href":"https:\/\/gsoftwarelab.com\/fr\/wp-json\/wp\/v2\/product_tag?post=1636"}],"curies":[{"name":"wp","href":"https:\/\/api.w.org\/{rel}","templated":true}]}}