{"id":1411,"date":"2020-05-14T10:21:22","date_gmt":"2020-05-14T08:21:22","guid":{"rendered":"https:\/\/gsoftwarelab.com\/?post_type=product&#038;p=1411"},"modified":"2025-10-18T06:49:26","modified_gmt":"2025-10-18T04:49:26","slug":"index-buddy","status":"publish","type":"product","link":"https:\/\/gsoftwarelab.com\/fr\/produit\/index-buddy\/","title":{"rendered":"Index Buddy V1"},"content":{"rendered":"<h2 class=\"elementor-image-box-title\">Index Buddy V1 \u2013 Indexateur de liens SEO en vrac<\/h2>\n<p><strong>Mise \u00e0 niveau vers <a href=\"https:\/\/gsoftwarelab.com\/fr\/produit\/index-buddy-v2\/\"><span style=\"color: #ff9900;\">Index Buddy v2<\/span><\/a>: Fonctionnalit\u00e9s am\u00e9lior\u00e9es &amp; Am\u00e9lioration de l'exp\u00e9rience utilisateur<\/strong><\/p>\n<p>Index Buddy est un logiciel d'indexation puissant et facile \u00e0 utiliser. Il permet d'indexer des URL uniques, des sites Web ou des listes en vrac d'URL dans les principaux moteurs de recherche comme Google, Bing ou Baidu. L'indexation fonctionne en soumettant votre site Web ou des URL \u00e0 des milliers de sites Web whois et statistiques qui se traduisent par de nombreux backlinks. Vous recevrez une licence \u00e0 vie pour Index Buddy. Il ne peut \u00eatre utilis\u00e9 que sur un seul ordinateur \u00e0 la fois. Toutes les mises \u00e0 jour futures, les fonctionnalit\u00e9s ajout\u00e9es et les corrections de bogues sont incluses sans frais suppl\u00e9mentaires.<\/p>\n<p><img decoding=\"async\" class=\"aligncenter wp-image-3558 size-full\" src=\"https:\/\/gsoftwarelab.com\/wp-content\/uploads\/2021\/11\/indexing_process.gif\" alt=\"Processus d&#039;indexation des backlinks SEO\" width=\"802\" height=\"478\" title=\"\"><\/p>\n<p>&nbsp;<\/p>\n<p><strong>Exigences minimales du syst\u00e8me:<\/strong><\/p>\n<ul>\n<li>OS : Windows 10 (version 22H2 ou ult\u00e9rieure) Windows 11 (toutes les versions), Windows Server 2019 et versions ult\u00e9rieures<\/li>\n<li>8 Go de RAM<\/li>\n<li>10 Go de stockage<\/li>\n<li>4 noyaux<\/li>\n<li>Connexion Internet stable<\/li>\n<\/ul>\n<p><strong>Votre achat comprend:<\/strong><\/p>\n<ul>\n<li>Une licence \u00e0 vie pour un PC<\/li>\n<li>Contribution \u00e0 la plantation d'un seul arbre<\/li>\n<\/ul>\n<p><strong><a href=\"https:\/\/gsoftwarelab.com\/fr\/index-buddy-backlink-indexer\/\">En savoir plus sur Index Buddy<\/a><\/strong><br \/>\n<strong><a href=\"https:\/\/docs.gsoftwarelab.com\/\">Lire la documentation<\/a><\/strong><\/p>\n<p><strong><a href=\"https:\/\/gsoftwarelab.com\/fr\/organic-traffic-view-bot\/\">En savoir plus sur Traffic Buddy<\/a><br \/>\n<a href=\"https:\/\/gsoftwarelab.com\/fr\/proxy-buddy-scraper-tester\/\">En savoir plus sur Proxy Buddy<\/a><br \/>\n<\/strong><\/p>","protected":false},"excerpt":{"rendered":"<p>Index Buddy V1, l'outil parfait pour indexer d'\u00e9normes listes de backlinks dans les moteurs de recherche.<\/p>","protected":false},"featured_media":1771,"comment_status":"open","ping_status":"closed","template":"","meta":{"rop_custom_images_group":[],"rop_custom_messages_group":[],"rop_publish_now":"initial","rop_publish_now_accounts":{"twitter_2998589429_2998589429":""},"rop_publish_now_history":[],"rop_publish_now_status":"pending"},"product_brand":[],"product_cat":[89,87],"product_tag":[190,191,192,193],"class_list":{"0":"post-1411","1":"product","2":"type-product","3":"status-publish","4":"has-post-thumbnail","6":"product_cat-index-buddy","7":"product_cat-software","8":"product_tag-backlink-indexer","9":"product_tag-indexing-software","10":"product_tag-indexing-tool","11":"product_tag-url-indexer","13":"first","14":"instock","15":"downloadable","16":"virtual","17":"purchasable","18":"product-type-simple"},"wcol_rules":[],"_links":{"self":[{"href":"https:\/\/gsoftwarelab.com\/fr\/wp-json\/wp\/v2\/product\/1411","targetHints":{"allow":["GET"]}}],"collection":[{"href":"https:\/\/gsoftwarelab.com\/fr\/wp-json\/wp\/v2\/product"}],"about":[{"href":"https:\/\/gsoftwarelab.com\/fr\/wp-json\/wp\/v2\/types\/product"}],"replies":[{"embeddable":true,"href":"https:\/\/gsoftwarelab.com\/fr\/wp-json\/wp\/v2\/comments?post=1411"}],"wp:featuredmedia":[{"embeddable":true,"href":"https:\/\/gsoftwarelab.com\/fr\/wp-json\/wp\/v2\/media\/1771"}],"wp:attachment":[{"href":"https:\/\/gsoftwarelab.com\/fr\/wp-json\/wp\/v2\/media?parent=1411"}],"wp:term":[{"taxonomy":"product_brand","embeddable":true,"href":"https:\/\/gsoftwarelab.com\/fr\/wp-json\/wp\/v2\/product_brand?post=1411"},{"taxonomy":"product_cat","embeddable":true,"href":"https:\/\/gsoftwarelab.com\/fr\/wp-json\/wp\/v2\/product_cat?post=1411"},{"taxonomy":"product_tag","embeddable":true,"href":"https:\/\/gsoftwarelab.com\/fr\/wp-json\/wp\/v2\/product_tag?post=1411"}],"curies":[{"name":"wp","href":"https:\/\/api.w.org\/{rel}","templated":true}]}}