{"id":1409,"date":"2020-05-14T09:55:52","date_gmt":"2020-05-14T07:55:52","guid":{"rendered":"https:\/\/gsoftwarelab.com\/?post_type=product&#038;p=1409"},"modified":"2026-01-14T05:49:24","modified_gmt":"2026-01-14T03:49:24","slug":"proxy-buddy-v3","status":"publish","type":"product","link":"https:\/\/gsoftwarelab.com\/fr\/produit\/proxy-buddy-v3\/","title":{"rendered":"Proxy Buddy"},"content":{"rendered":"<h2>D\u00e9bloquer des proxys illimit\u00e9s avec Proxy Buddy<\/h2>\n<div class=\"flex flex-grow flex-col gap-3\">\n<div class=\"min-h-[20px] flex flex-col items-start gap-4 whitespace-pre-wrap\">\n<div class=\"markdown prose w-full break-words dark:prose-invert light\">\n<p>Pr\u00e9sentation Proxy Buddy \u2013 la solution ultime pour racler, tester, filtrer et exporter rapidement et facilement des listes de milliers de nouveaux serveurs proxy publics. Avec sa fonction de pilote automatique en un clic, vous pouvez facilement r\u00e9colter et tester des proxys en un seul clic. Parfait pour les applications logicielles SEO et les robots, Proxy Buddy inclut m\u00eame un test de recherche Google sp\u00e9cial pour s'assurer que vos serveurs proxy peuvent extraire les r\u00e9sultats des moteurs de recherche de Google.<\/p>\n<p>Am\u00e9liorez votre proxy jeu avec notre achat puissant et efficace proxy outil de grattage. En achetant notre proxy scraper, vous aurez acc\u00e8s \u00e0 un abonnement mensuel de Proxy Buddy. Cette licence vous permet d'utiliser l'outil sur un ordinateur \u00e0 la fois, sans frais suppl\u00e9mentaires pour les mises \u00e0 jour, les fonctionnalit\u00e9s ajout\u00e9es ou les corrections de bogues. Ne manquez pas l\u2019occasion d\u2019am\u00e9liorer votre proxy capacit\u00e9s avec Proxy Buddy \u2013 achetez d\u00e8s maintenant!<\/p>\n<\/div>\n<\/div>\n<\/div>\n<div style=\"padding: 56.25% 0 0 0; position: relative;\"><iframe style=\"position: absolute; top: 0; left: 0; width: 100%; height: 100%;\" src=\"https:\/\/player.vimeo.com\/video\/672830210?h=59eb4a1d9e&amp;autoplay=1&amp;loop=1&amp;byline=0\" frameborder=\"0\" allowfullscreen=\"allowfullscreen\"><\/iframe><\/div>\n<p>&nbsp;<\/p>\n<h3 id=\"item-description__key-features\">Principales caract\u00e9ristiques:<\/h3>\n<ul>\n<li>Gratteur de proxy enti\u00e8rement automatis\u00e9<\/li>\n<li>Source de proxy int\u00e9gr\u00e9e<\/li>\n<li>Grattez des millions de serveurs proxy<\/li>\n<li>Multi-Threaded et Socket-Based<\/li>\n<li>Prend en charge HTTP, HTTPS, Socks4 et Socks5<\/li>\n<li>Fonction de t\u00e9l\u00e9chargement et d'envoi d'e-mails<\/li>\n<li>Support de filtrage avanc\u00e9 (protocole, Google Pass, anonymat, pays, etc.)<\/li>\n<li>Mises \u00e0 jour et support<\/li>\n<li>Cl\u00e9 de licence authentique et unique<\/li>\n<\/ul>\n<p><strong>Exigences minimales du syst\u00e8me:<\/strong><\/p>\n<ul>\n<li>OS : Windows 10 (version 22H2 ou ult\u00e9rieure) Windows 11 (toutes les versions), Windows Server 2019 et versions ult\u00e9rieures<\/li>\n<li>8 Go de RAM<\/li>\n<li>10 Go de stockage<\/li>\n<li>4 noyaux<\/li>\n<li>Connexion Internet stable<\/li>\n<\/ul>\n<p><strong>Votre achat comprend:<\/strong><\/p>\n<ul>\n<li>Abonnement mensuel au logiciel<\/li>\n<li>Un soutien complet<\/li>\n<li>Contribution \u00e0 la plantation d'un seul arbre<\/li>\n<\/ul>\n<p><strong>Conditions d'abonnement:<\/strong><\/p>\n<ul>\n<li>Renouvellement automatique tous les mois jusqu'\u00e0 l'annulation<\/li>\n<li>Support et mises \u00e0 jour pendant la p\u00e9riode d'abonnement<\/li>\n<\/ul>\n<p><a href=\"https:\/\/gsoftwarelab.com\/fr\/proxy-buddy-scraper-tester\/\"><strong>En savoir plus sur Proxy Buddy<\/strong><\/a><strong><a href=\"https:\/\/gsoftwarelab.com\/fr\/proxy-buddy-scraper-tester\/\"> (Proxy Scraper)<\/a><\/strong><br \/>\n<strong><a href=\"https:\/\/docs.gsoftwarelab.com\/\">Lire la documentation<\/a><\/strong><\/p>\n<p><strong><a href=\"https:\/\/gsoftwarelab.com\/fr\/organic-traffic-view-bot\/\">En savoir plus sur Traffic Buddy<\/a><a href=\"https:\/\/gsoftwarelab.com\/fr\/organic-traffic-view-bot\/\"> (Bouton de Trafic)<\/a><br \/>\n<a href=\"https:\/\/gsoftwarelab.com\/fr\/index-buddy-backlink-indexer\/\">En savoir plus sur Index Buddy<\/a><a href=\"https:\/\/gsoftwarelab.com\/fr\/index-buddy-backlink-indexer\/\"> (Logiciel d'indexation de liens)<\/a><br \/>\n<\/strong><\/p>","protected":false},"excerpt":{"rendered":"<p>Trouvez et testez sans effort des milliers de nouveaux serveurs proxy publics avec Proxy Buddy. Notre outil rapide et convivial vous permet de gratter, tester, filtrer et exporter facilement des listes de proxy. La fonction de pilote automatique en un clic facilite la r\u00e9colte et le test des proxys en vrac. Rationalisez votre recherche proxy et assurez des performances optimales avec Proxy Buddy.<\/p>","protected":false},"featured_media":7548,"comment_status":"open","ping_status":"closed","template":"","meta":{"rop_custom_images_group":[],"rop_custom_messages_group":[],"rop_publish_now":"initial","rop_publish_now_accounts":{"twitter_2998589429_2998589429":""},"rop_publish_now_history":[],"rop_publish_now_status":"pending"},"product_brand":[2068,2069],"product_cat":[88,87],"product_tag":[153,156,103,2386,102,98,2385,99,157,155,188,189],"class_list":{"0":"post-1409","1":"product","2":"type-product","3":"status-publish","4":"has-post-thumbnail","6":"product_brand-gsoftwarelab","7":"product_brand-proxy-buddy","8":"product_cat-proxy-buddy","9":"product_cat-software","10":"product_tag-google-proxies","11":"product_tag-gsa-ser-proxies","12":"product_tag-proxy-buddy","13":"product_tag-proxy-buddy-subscription","14":"product_tag-proxy-list","15":"product_tag-proxy-scraper","16":"product_tag-proxy-scraper-subscription","17":"product_tag-proxy-tester","18":"product_tag-scrapebox-proxies","19":"product_tag-seo-proxies","20":"product_tag-sock5-proxy","21":"product_tag-socks4-proxy","23":"first","24":"instock","25":"featured","26":"downloadable","27":"virtual","28":"purchasable","29":"product-type-simple"},"wcol_rules":[],"_links":{"self":[{"href":"https:\/\/gsoftwarelab.com\/fr\/wp-json\/wp\/v2\/product\/1409","targetHints":{"allow":["GET"]}}],"collection":[{"href":"https:\/\/gsoftwarelab.com\/fr\/wp-json\/wp\/v2\/product"}],"about":[{"href":"https:\/\/gsoftwarelab.com\/fr\/wp-json\/wp\/v2\/types\/product"}],"replies":[{"embeddable":true,"href":"https:\/\/gsoftwarelab.com\/fr\/wp-json\/wp\/v2\/comments?post=1409"}],"wp:featuredmedia":[{"embeddable":true,"href":"https:\/\/gsoftwarelab.com\/fr\/wp-json\/wp\/v2\/media\/7548"}],"wp:attachment":[{"href":"https:\/\/gsoftwarelab.com\/fr\/wp-json\/wp\/v2\/media?parent=1409"}],"wp:term":[{"taxonomy":"product_brand","embeddable":true,"href":"https:\/\/gsoftwarelab.com\/fr\/wp-json\/wp\/v2\/product_brand?post=1409"},{"taxonomy":"product_cat","embeddable":true,"href":"https:\/\/gsoftwarelab.com\/fr\/wp-json\/wp\/v2\/product_cat?post=1409"},{"taxonomy":"product_tag","embeddable":true,"href":"https:\/\/gsoftwarelab.com\/fr\/wp-json\/wp\/v2\/product_tag?post=1409"}],"curies":[{"name":"wp","href":"https:\/\/api.w.org\/{rel}","templated":true}]}}