{"id":8524,"date":"2025-11-15T08:47:14","date_gmt":"2025-11-15T06:47:14","guid":{"rendered":"https:\/\/gsoftwarelab.com\/?page_id=8524"},"modified":"2025-11-15T08:47:18","modified_gmt":"2025-11-15T06:47:18","slug":"software-license-agreement","status":"publish","type":"page","link":"https:\/\/gsoftwarelab.com\/fr\/software-license-agreement\/","title":{"rendered":"Contrat de licence de logiciel"},"content":{"rendered":"<h1 class=\"wp-block-heading\">ACCORD SUR LA LICENCE DES LOGICIELS<\/h1>\n\n\n\n<p>Le pr\u00e9sent contrat de licence de logiciel (ci-apr\u00e8s l\u2019\u00abACCORD\u00bb) est un accord juridique contraignant entre vous (soit une personne physique, soit une entit\u00e9 juridique unique, ci-apr\u00e8s \u00abvous\u00bb ou \u00abtitulaire de licence\u00bb) et GSoftwareLab (ci-apr\u00e8s \u00ab conc\u00e9dant \u00bb ou \u00abGSoftwareLab) \u00bb.<\/p>\n\n\n\n<p>Le pr\u00e9sent ACCORD r\u00e9git votre utilisation du GSoftwareLab le logiciel accompagnant le pr\u00e9sent ACCORD, qui comprend le logiciel, tout support associ\u00e9, les documents imprim\u00e9s et la documentation \u00aben ligne\u00bb ou \u00e9lectronique (collectivement, le \u00abSOFTWARE\u00bb).<\/p>\n\n\n\n<p><strong>En installant, copiant, t\u00e9l\u00e9chargeant ou utilisant autrement le LOGICIEL, vous acceptez d'\u00eatre li\u00e9 par les termes et conditions du pr\u00e9sent ACCORD. Si vous n'acceptez pas ces conditions, n'installez pas ou n'utilisez pas le LOGICIEL.<\/strong><\/p>\n\n\n\n<h3 class=\"wp-block-heading\">1. PROPRI\u00c9T\u00c9 INTELLECTUELLE ET PROPRI\u00c9T\u00c9 INTELLECTUELLE<\/h3>\n\n\n\n<p>Le LOGICIEL est la propri\u00e9t\u00e9 de GSoftwareLab et est prot\u00e9g\u00e9 par les lois sur le droit d'auteur et les trait\u00e9s internationaux sur le droit d'auteur, ainsi que par d'autres lois et trait\u00e9s sur la propri\u00e9t\u00e9 intellectuelle. Le LOGICIEL est sous licence, pas vendu. GSoftwareLab se r\u00e9serve tous les droits qui ne vous sont pas express\u00e9ment accord\u00e9s dans le pr\u00e9sent ACCORD.<\/p>\n\n\n\n<h3 class=\"wp-block-heading\">2. SUBVENTION DE LICENCE<\/h3>\n\n\n\n<p>Sous r\u00e9serve de votre respect de toutes les conditions du pr\u00e9sent ACCORD, GSoftwareLab vous accorde les droits non exclusifs et non cessibles suivants:<\/p>\n\n\n\n<ul class=\"wp-block-list\">\n<li><strong>Licence d'essai ou d'\u00e9valuation:<\/strong> Si le LOGICIEL vous est fourni \u00e0 des fins d'\u00e9valuation, GSoftwareLab vous accorde une licence d\u2019installation et d\u2019utilisation d\u2019une (1) copie du LOGICIEL \u00e0 des fins d\u2019essai et d\u2019\u00e9valuation pour une dur\u00e9e limit\u00e9e (ci-apr\u00e8s la \u00abp\u00e9riode d\u2019essai\u00bb). La dur\u00e9e et les conditions sp\u00e9cifiques de la p\u00e9riode d'essai (par exemple, les limitations de fonctionnalit\u00e9s) seront sp\u00e9cifi\u00e9es par GSoftwareLab au moment du t\u00e9l\u00e9chargement ou dans le LOGICIEL lui-m\u00eame. \u00c0 l'expiration de la p\u00e9riode d'essai, vous devez soit acheter un abonnement pour continuer \u00e0 utiliser le LOGICIEL, soit d\u00e9sinstaller et d\u00e9truire toutes les copies du LOGICIEL.<\/li>\n\n\n\n<li><strong>Licence d'abonnement:<\/strong> Sous r\u00e9serve de votre respect du pr\u00e9sent ACCORD et du paiement en temps opportun de tous les frais d'abonnement applicables, GSoftwareLab vous accorde une licence pour installer et utiliser le LOGICIEL pendant la dur\u00e9e de votre abonnement actif. Cette licence permet l'utilisation sur un seul ordinateur (par exemple, un PC ou un serveur) en m\u00eame temps, \u00e0 moins que des licences suppl\u00e9mentaires (abonnements) ne soient achet\u00e9es aupr\u00e8s de GSoftwareLab pour chaque ordinateur suppl\u00e9mentaire.<\/li>\n<\/ul>\n\n\n\n<h3 class=\"wp-block-heading\">3. TERME DE SUBSCRIPTION ET PAIEMENT<\/h3>\n\n\n\n<p>Le LOGICIEL est conc\u00e9d\u00e9 sous licence sur la base d'un abonnement. Votre licence d'utilisation du LOGICIEL d\u00e9pend de votre paiement actif et en temps opportun des frais d'abonnement. Ces frais seront factur\u00e9s p\u00e9riodiquement (par exemple, mensuellement, annuellement) comme sp\u00e9cifi\u00e9 au moment de votre achat.<\/p>\n\n\n\n<p>Le d\u00e9faut de maintenir un abonnement actif ou de verser le paiement des frais d'abonnement entra\u00eenera la r\u00e9siliation de votre licence. En cas de r\u00e9siliation ou d'expiration de votre abonnement, vous devez imm\u00e9diatement cesser toute utilisation du LOGICIEL et le d\u00e9sinstaller de votre (vos) ordinateur(s).<\/p>\n\n\n\n<h3 class=\"wp-block-heading\">4. RESTRICTIONS EN MATI\u00c8RE DE LICENCE<\/h3>\n\n\n\n<p>Il vous est express\u00e9ment interdit de faire ce qui suit:<\/p>\n\n\n\n<ul class=\"wp-block-list\">\n<li>Vous ne pouvez pas sous-licencier, louer, louer, vendre ou autrement transf\u00e9rer le LOGICIEL ou toute partie de celui-ci \u00e0 un tiers.<\/li>\n\n\n\n<li>Vous ne pouvez pas d\u00e9compiler, d\u00e9sassembler, d\u00e9sosser ou tenter de toute autre mani\u00e8re de d\u00e9river le code source du LOGICIEL ou toute partie de celui-ci, sauf et uniquement dans la mesure o\u00f9 une telle activit\u00e9 est express\u00e9ment autoris\u00e9e par la loi applicable nonobstant cette limitation.<\/li>\n\n\n\n<li>Vous ne pouvez pas modifier le LOGICIEL ou cr\u00e9er des \u0153uvres d\u00e9riv\u00e9es bas\u00e9es sur le LOGICIEL.<\/li>\n\n\n\n<li>Vous ne pouvez pas utiliser le LOGICIEL apr\u00e8s l'expiration de la P\u00e9riode d'essai autoris\u00e9e sans avoir achet\u00e9 un abonnement actif.<\/li>\n\n\n\n<li>Vous ne pouvez pas contourner, d\u00e9sactiver ou vaincre les m\u00e9canismes de licence, de protection contre la copie ou d'application de la p\u00e9riode d'essai contenus dans le LOGICIEL.<\/li>\n\n\n\n<li>Vous ne pouvez pas copier ou distribuer le programme d'installation du LOGICIEL ou l'un de ses composants. Toute la distribution est g\u00e9r\u00e9e exclusivement par GSoftwareLab ou ses revendeurs agr\u00e9\u00e9s.<\/li>\n<\/ul>\n\n\n\n<h3 class=\"wp-block-heading\">5. MISES \u00c0 JOUR ET SOUTIEN<\/h3>\n\n\n\n<p>GSoftwareLab peut, \u00e0 sa seule discr\u00e9tion, fournir des mises \u00e0 jour, des correctifs ou un support technique pour le LOGICIEL pendant une p\u00e9riode d'abonnement active. Tout code logiciel suppl\u00e9mentaire ou mise \u00e0 jour qui vous est fourni sera consid\u00e9r\u00e9 comme faisant partie du LOGICIEL et soumis aux termes et conditions du pr\u00e9sent ACCORD.<\/p>\n\n\n\n<h3 class=\"wp-block-heading\">6. COLLECTE DE DONN\u00c9ES ET CONFIDENTIALIT\u00c9<\/h3>\n\n\n\n<p>Vous reconnaissez que le LOGICIEL peut contenir des technologies d'activation, de lutte contre les abus et de v\u00e9rification de licence. Pour d\u00e9tecter et emp\u00eacher une utilisation frauduleuse ou non autoris\u00e9e, le LOGICIEL peut collecter, stocker et transmettre certaines donn\u00e9es (telles que les adresses IP ou les identifiants de machine). GSoftwareLab se r\u00e9serve le droit d'utiliser ces donn\u00e9es pour faire respecter ses conditions de licence. GSoftwareLabLa collecte et l\u2019utilisation de toutes les donn\u00e9es \u00e0 caract\u00e8re personnel seront r\u00e9gies par sa politique de confidentialit\u00e9, qui est disponible sur son site web.<\/p>\n\n\n\n<h3 class=\"wp-block-heading\">7. COMPOSANTS DE TIERS<\/h3>\n\n\n\n<p>Le LOGICIEL peut contenir ou \u00eatre fourni avec des logiciels, des biblioth\u00e8ques ou des composants tiers qui sont conc\u00e9d\u00e9s sous licence en vertu de leurs propres accords de licence respectifs. Une liste de ces composants et de leurs licences applicables peut \u00eatre disponible dans la documentation du LOGICIEL ou sur l\u2019\u00e9cran \u00ab\u00c0 propos\u00bb. Le pr\u00e9sent ACCORD ne modifie pas les droits ou obligations que vous pourriez avoir en vertu de ces licences distinctes.<\/p>\n\n\n\n<h3 class=\"wp-block-heading\">8. D\u00c9CLARATION DE GARANTIE<\/h3>\n\n\n\n<p>Le LOGICIEL est fourni \u00abtel quel\u00bb et sans garantie d\u2019aucune sorte. GSOFTWARELAB D\u00c9CLARE TOUTES LES GARANTIES, EXPRESS\u00c9ES OU IMPLIQU\u00c9ES, Y COMPRIS, SANS LIMITATION, LES GARANTIES DE MERCHANTABILIT\u00c9, D'APTITUDE \u00c0 UN FIN PARTICULIER ET DE NON-INFRINGEMENT. LE RISQUE ENTIER D\u00c9COULANT DE L'UTILISATION OU DE LA PERFORMANCE DU LOGICIEL DEMAINE AVEC VOUS.<\/p>\n\n\n\n<h3 class=\"wp-block-heading\">9. LIMITATION DE RESPONSABILIT\u00c9<\/h3>\n\n\n\n<p>En aucun cas, GSOFTWARELAB ou ses fournisseurs ne seront responsables de tout dommage (y compris, sans limitation, les dommages r\u00e9sultant de la perte de biens d'entreprise, de l'ing\u00e9rence des entreprises, de la perte d'informations commerciales ou de toute autre perte p\u00e9cuniaire) r\u00e9sultant de l'utilisation ou de l'impossibilit\u00e9 d'utiliser le logiciel, m\u00eame si GSOFTWARELAB a \u00e9t\u00e9 inform\u00e9 de la possibilit\u00e9 de tels dommages.<\/p>\n\n\n\n<p>En tout \u00e9tat de cause, la responsabilit\u00e9 totale de GSOFTWARELAB en vertu d\u2019une disposition quelconque du pr\u00e9sent accord est limit\u00e9e au montant effectivement pay\u00e9 par vous pour la souscription du logiciel au cours des deux (12) mois pr\u00e9c\u00e9dant l\u2019\u00e9v\u00e9nement donnant lieu \u00e0 la r\u00e9clamation, ou au montant le plus faible autoris\u00e9 par la loi.<\/p>\n\n\n\n<h3 class=\"wp-block-heading\">10. R\u00c9SILIATION<\/h3>\n\n\n\n<p>Sans pr\u00e9judice de tout autre droit, GSoftwareLab peut r\u00e9silier cet ACCORD imm\u00e9diatement si vous ne respectez pas l'un de ses termes et conditions. Dans un tel cas, vous devez imm\u00e9diatement cesser toute utilisation du LOGICIEL et d\u00e9truire toutes les copies du LOGICIEL et toutes ses composantes. Les articles 1, 4, 6, 7, 8, 9 et 11 survivront \u00e0 toute r\u00e9siliation du pr\u00e9sent ACCORD.<\/p>\n\n\n\n<h3 class=\"wp-block-heading\">11. DISPOSITIONS G\u00c9N\u00c9RALES<\/h3>\n\n\n\n<ul class=\"wp-block-list\">\n<li><strong>Droit applicable:<\/strong> Le pr\u00e9sent ACCORD est r\u00e9gi et interpr\u00e9t\u00e9 conform\u00e9ment aux lois de <strong>[Votre \u00c9tat\/pays]<\/strong>, sans tenir compte de ses principes de conflit de lois. Vous acceptez de vous soumettre \u00e0 la comp\u00e9tence exclusive des tribunaux situ\u00e9s dans <strong>[Votre ville, \u00c9tat\/pays]<\/strong> pour r\u00e9soudre tout litige d\u00e9coulant du pr\u00e9sent ACCORD.<\/li>\n\n\n\n<li><strong>S\u00e9parabilit\u00e9:<\/strong> Si une disposition du pr\u00e9sent ACCORD est jug\u00e9e inapplicable ou invalide, cette disposition sera modifi\u00e9e et interpr\u00e9t\u00e9e pour atteindre les objectifs de cette disposition dans toute la mesure possible en vertu de la loi applicable, et les autres dispositions resteront pleinement en vigueur.<\/li>\n\n\n\n<li><strong>Restrictions \u00e0 l'exportation:<\/strong> Vous acceptez de vous conformer \u00e0 toutes les lois et r\u00e9glementations applicables en mati\u00e8re de contr\u00f4le des exportations et des r\u00e9exportations de votre juridiction et de toute autre juridiction applicable.<\/li>\n\n\n\n<li><strong>Accord complet:<\/strong> Le pr\u00e9sent ACCORD constitue l'int\u00e9gralit\u00e9 de l'accord entre vous et GSoftwareLab se rapportant au LOGICIEL et remplace toutes les communications, propositions et repr\u00e9sentations orales ou \u00e9crites ant\u00e9rieures ou contemporaines concernant le LOGICIEL ou tout autre sujet couvert par le pr\u00e9sent ACCORD.<\/li>\n<\/ul>","protected":false},"excerpt":{"rendered":"<p>Le pr\u00e9sent Contrat de Licence de Logiciel (le \u00ab Contrat \u00bb) est un accord juridique contraignant entre vous (soit une personne physique, soit une entit\u00e9 juridique unique, ci-apr\u00e8s \u00ab vous \u00bb ou \u00ab Licenci\u00e9 \u00bb) et GSoftwareLab (ci-apr\u00e8s \u00ab conc\u00e9dant \u00bb ou \u00abGSoftwareLab) \u00bb. Le pr\u00e9sent ACCORD r\u00e9git votre utilisation du GSoftwareLab produit logiciel accompagnant le pr\u00e9sent ACCORD, qui comprend le logiciel, tout support associ\u00e9, [...]<\/p>","protected":false},"author":1,"featured_media":0,"parent":0,"menu_order":0,"comment_status":"closed","ping_status":"closed","template":"","meta":{"rop_custom_images_group":[],"rop_custom_messages_group":[],"rop_publish_now":"initial","rop_publish_now_accounts":{"twitter_2998589429_2998589429":""},"rop_publish_now_history":[],"rop_publish_now_status":"pending","footnotes":""},"class_list":["post-8524","page","type-page","status-publish","hentry"],"blocksy_meta":[],"_links":{"self":[{"href":"https:\/\/gsoftwarelab.com\/fr\/wp-json\/wp\/v2\/pages\/8524","targetHints":{"allow":["GET"]}}],"collection":[{"href":"https:\/\/gsoftwarelab.com\/fr\/wp-json\/wp\/v2\/pages"}],"about":[{"href":"https:\/\/gsoftwarelab.com\/fr\/wp-json\/wp\/v2\/types\/page"}],"author":[{"embeddable":true,"href":"https:\/\/gsoftwarelab.com\/fr\/wp-json\/wp\/v2\/users\/1"}],"replies":[{"embeddable":true,"href":"https:\/\/gsoftwarelab.com\/fr\/wp-json\/wp\/v2\/comments?post=8524"}],"version-history":[{"count":1,"href":"https:\/\/gsoftwarelab.com\/fr\/wp-json\/wp\/v2\/pages\/8524\/revisions"}],"predecessor-version":[{"id":8525,"href":"https:\/\/gsoftwarelab.com\/fr\/wp-json\/wp\/v2\/pages\/8524\/revisions\/8525"}],"wp:attachment":[{"href":"https:\/\/gsoftwarelab.com\/fr\/wp-json\/wp\/v2\/media?parent=8524"}],"curies":[{"name":"wp","href":"https:\/\/api.w.org\/{rel}","templated":true}]}}