{"id":71,"date":"2014-09-19T17:25:00","date_gmt":"2014-09-19T15:25:00","guid":{"rendered":"http:\/\/gsoftwarelab.com\/?page_id=71"},"modified":"2025-10-05T02:47:27","modified_gmt":"2025-10-05T00:47:27","slug":"privacy","status":"publish","type":"page","link":"https:\/\/gsoftwarelab.com\/fr\/privacy\/","title":{"rendered":"Politique de confidentialit\u00e9"},"content":{"rendered":"<h1 class=\"wp-block-heading\">D\u00e9claration de confidentialit\u00e9<\/h1>\n\n\n\n<h2 class=\"wp-block-heading\">G\u00e9n\u00e9ralit\u00e9s<\/h2>\n\n\n\n<p>Vos donn\u00e9es personnelles (par exemple titre, nom, adresse de la maison, adresse e-mail, num\u00e9ro de t\u00e9l\u00e9phone, coordonn\u00e9es bancaires, num\u00e9ro de carte de cr\u00e9dit) ne sont trait\u00e9es par nous que conform\u00e9ment aux dispositions des lois allemandes sur la confidentialit\u00e9 des donn\u00e9es. Les dispositions suivantes d\u00e9crivent le type, la port\u00e9e et la finalit\u00e9 de la collecte, du traitement et de l'utilisation des donn\u00e9es \u00e0 caract\u00e8re personnel. Cette politique de confidentialit\u00e9 des donn\u00e9es s'applique uniquement \u00e0 nos pages Web. Si des liens sur nos pages vous dirigent vers d'autres pages, veuillez vous renseigner sur la fa\u00e7on dont vos donn\u00e9es sont trait\u00e9es dans de tels cas.<\/p>\n\n\n\n<h2 class=\"wp-block-heading\">Donn\u00e9es d'inventaire<\/h2>\n\n\n\n<p>(1) Vos donn\u00e9es personnelles, dans la mesure o\u00f9 elles sont n\u00e9cessaires \u00e0 cette relation contractuelle (donn\u00e9es d'inventaire) en termes d'\u00e9tablissement, d'organisation du contenu et de modifications, sont utilis\u00e9es exclusivement pour l'ex\u00e9cution du contrat. Pour les marchandises \u00e0 livrer, par exemple, votre nom et votre adresse doivent \u00eatre transmis au fournisseur des marchandises.<br \/>(2) Sans votre consentement explicite ou une base l\u00e9gale, vos donn\u00e9es personnelles ne sont pas transmises \u00e0 des tiers en dehors du cadre de l'ex\u00e9cution du pr\u00e9sent contrat. Apr\u00e8s l'ach\u00e8vement du contrat, vos donn\u00e9es sont bloqu\u00e9es contre toute utilisation ult\u00e9rieure. Apr\u00e8s l'expiration des d\u00e9lais conform\u00e9ment \u00e0 la r\u00e9glementation fiscale et commerciale, ces donn\u00e9es sont supprim\u00e9es, sauf si vous avez express\u00e9ment consenti \u00e0 leur utilisation ult\u00e9rieure.<\/p>\n\n\n\n<h2 class=\"wp-block-heading\">Analyse Web avec Google Analytics<\/h2>\n\n\n\n<p>Ce site Web utilise Google Analytics, un service d'analyse Web de Google Inc. (Google). Google Analytics utilise des cookies, c'est-\u00e0-dire des fichiers texte stock\u00e9s sur votre ordinateur pour permettre l'analyse de l'utilisation du site Web par vous. Les informations g\u00e9n\u00e9r\u00e9es par le cookie concernant votre utilisation de ce site Web sont g\u00e9n\u00e9ralement transmises \u00e0 un serveur de Google aux \u00c9tats-Unis et y sont stock\u00e9es. En cas d'activation de l'anonymisation IP sur ce site Web, votre adresse IP est toutefois pr\u00e9alablement tronqu\u00e9e par Google dans les \u00c9tats membres de l'Union europ\u00e9enne ou dans d'autres \u00c9tats parties \u00e0 l'accord sur l'Espace \u00e9conomique europ\u00e9en. Ce n'est que dans des cas exceptionnels qu'une adresse IP compl\u00e8te est transmise \u00e0 un serveur de Google aux \u00c9tats-Unis et y est tronqu\u00e9e. Pour le compte du propri\u00e9taire de ce site web, Google utilisera ces informations pour \u00e9valuer votre utilisation du site web, compiler des rapports sur les activit\u00e9s du site web et fournir \u00e0 l\u2019exploitant du site web d\u2019autres services li\u00e9s \u00e0 l\u2019utilisation du site web et d\u2019Internet. L'adresse IP envoy\u00e9e par votre navigateur dans le cadre de Google Analytics n'est pas fusionn\u00e9e avec d'autres donn\u00e9es par Google. Vous pouvez emp\u00eacher le stockage de cookies en param\u00e9trant correctement votre logiciel de navigation; Dans ce cas, cependant, veuillez noter que vous pourriez ne pas \u00eatre en mesure d'utiliser pleinement toutes les fonctions offertes par ce site Web. En outre, vous pouvez emp\u00eacher que les donn\u00e9es g\u00e9n\u00e9r\u00e9es par le cookie et relatives \u00e0 votre utilisation du site Web (y compris votre adresse IP) soient collect\u00e9es et trait\u00e9es par Google, en t\u00e9l\u00e9chargeant et en installant un plug-in de navigateur \u00e0 partir du lien suivant: <a href=\"http:\/\/tools.google.com\/dlpage\/gaoptout?hl=en\" target=\"_blank\" rel=\"noopener noreferrer\">http:\/\/tools.google.com\/dlpage\/gaoptout?hl=en<\/a><\/p>\n\n\n\n<h2 class=\"wp-block-heading\">Informations sur les cookies<\/h2>\n\n\n\n<p>(1) Pour optimiser notre pr\u00e9sence sur le Web, nous utilisons des cookies. Il s\u2019agit de petits fichiers texte stock\u00e9s dans la m\u00e9moire principale de votre ordinateur. Ces cookies sont supprim\u00e9s apr\u00e8s la fermeture du navigateur. D'autres cookies restent sur votre ordinateur (cookies \u00e0 long terme) et permettent sa reconnaissance lors de votre prochaine visite. Cela nous permet d'am\u00e9liorer votre acc\u00e8s \u00e0 notre site.<br \/>(2) Vous pouvez emp\u00eacher le stockage de cookies en choisissant l\u2019option \u00abd\u00e9sactiver les cookies\u00bb dans les param\u00e8tres de votre navigateur. Mais cela peut limiter la fonctionnalit\u00e9 de nos offres Internet en cons\u00e9quence.<\/p>\n\n\n\n<h2 class=\"wp-block-heading\">Plug-ins sociaux de Facebook<\/h2>\n\n\n\n<p>Nous utilisons des plug-ins sociaux de facebook.com, exploit\u00e9s par Facebook Inc., 1601 S. California Ave, Palo Alto, CA 94304, \u00c9tats-Unis. Les plug-ins peuvent \u00eatre reconnus au moyen du logo Facebook ou du suppl\u00e9ment \u00abFacebook Social Plug-in\u00bb. Par exemple, si vous cliquez sur le bouton \u00abJ\u2019aime\u00bb ou laissez un commentaire, les informations pertinentes sont transmises directement de votre navigateur \u00e0 Facebook et y sont stock\u00e9es. De plus, Facebook rend vos likes publics pour vos amis Facebook. Si vous \u00eates connect\u00e9 \u00e0 Facebook, il peut attribuer l'invocation de notre page directement \u00e0 votre compte Facebook. M\u00eame si vous n\u2019\u00eates pas connect\u00e9 ou si vous n\u2019avez pas de compte Facebook, votre navigateur envoie des informations (par exemple, les pages web que vous avez consult\u00e9es, votre adresse IP) qui sont ensuite stock\u00e9es par Facebook. Pour plus de d\u00e9tails sur le traitement de vos donn\u00e9es personnelles par Facebook et vos droits connexes, veuillez vous r\u00e9f\u00e9rer \u00e0 la politique de confidentialit\u00e9 des donn\u00e9es de Facebook: <a href=\"http:\/\/www.facebook.com\/policy.php\" target=\"_blank\" rel=\"noopener noreferrer\">http:\/\/www.facebook.com\/policy.php<\/a>. Si vous ne souhaitez pas que Facebook associe les donn\u00e9es collect\u00e9es \u00e0 votre sujet via nos sites Web \u00e0 votre compte Facebook, vous devez vous d\u00e9connecter de Facebook avant de visiter nos pages Web.<\/p>\n\n\n\n<h2 class=\"wp-block-heading\">Plug-ins sociaux de Twitter<\/h2>\n\n\n\n<p>Avec Twitter et ses fonctions Retweet, nous utilisons des plug-ins sociaux de Twitter.com, exploit\u00e9s par Twitter Inc. 795 Folsom St., Suite 600, San Francisco, CA 94107. Si vous utilisez Retweet, les sites Web que vous visitez sont annonc\u00e9s \u00e0 des tiers et associ\u00e9s \u00e0 votre compte Twitter. Vous trouverez des informations d\u00e9taill\u00e9es sur le traitement de vos donn\u00e9es par Twitter, ainsi que sur vos droits et les options de r\u00e9glage pour la protection de vos informations \u00e0 caract\u00e8re personnel dans la politique de confidentialit\u00e9 de Twitter: <a href=\"http:\/\/twitter.com\/privacy\" target=\"_blank\" rel=\"noopener noreferrer\">http:\/\/twitter.com\/privacy <\/a><\/p>\n\n\n\n<h2 class=\"wp-block-heading\">Informations \u00e0 fournir<\/h2>\n\n\n\n<p>Conform\u00e9ment \u00e0 la loi f\u00e9d\u00e9rale sur la protection des donn\u00e9es, vous avez le droit d'obtenir gratuitement des informations sur vos donn\u00e9es stock\u00e9es, et \u00e9ventuellement le droit de corriger, de bloquer ou de supprimer ces donn\u00e9es. Les demandes de renseignements peuvent \u00eatre adress\u00e9es aux adresses \u00e9lectroniques suivantes: support (AT) gsoftwarelab.atlassian.net<\/p>","protected":false},"excerpt":{"rendered":"<p>Vos donn\u00e9es personnelles (par exemple, le titre, le nom, l'adresse de la maison, l'adresse e-mail, le num\u00e9ro de t\u00e9l\u00e9phone, les coordonn\u00e9es bancaires, le num\u00e9ro de carte de cr\u00e9dit) ne sont trait\u00e9es par nous que conform\u00e9ment aux dispositions des lois allemandes sur la confidentialit\u00e9 des donn\u00e9es. Les dispositions suivantes d\u00e9crivent le type, la port\u00e9e et la finalit\u00e9 de la collecte, du traitement et de l'utilisation des donn\u00e9es \u00e0 caract\u00e8re personnel. Cette politique de confidentialit\u00e9 des donn\u00e9es [...]<\/p>","protected":false},"author":1,"featured_media":0,"parent":0,"menu_order":0,"comment_status":"closed","ping_status":"closed","template":"","meta":{"rop_custom_images_group":[],"rop_custom_messages_group":[],"rop_publish_now":"initial","rop_publish_now_accounts":{"twitter_2998589429_2998589429":""},"rop_publish_now_history":[],"rop_publish_now_status":"pending","footnotes":""},"class_list":["post-71","page","type-page","status-publish","hentry"],"blocksy_meta":[],"_links":{"self":[{"href":"https:\/\/gsoftwarelab.com\/fr\/wp-json\/wp\/v2\/pages\/71","targetHints":{"allow":["GET"]}}],"collection":[{"href":"https:\/\/gsoftwarelab.com\/fr\/wp-json\/wp\/v2\/pages"}],"about":[{"href":"https:\/\/gsoftwarelab.com\/fr\/wp-json\/wp\/v2\/types\/page"}],"author":[{"embeddable":true,"href":"https:\/\/gsoftwarelab.com\/fr\/wp-json\/wp\/v2\/users\/1"}],"replies":[{"embeddable":true,"href":"https:\/\/gsoftwarelab.com\/fr\/wp-json\/wp\/v2\/comments?post=71"}],"version-history":[{"count":1,"href":"https:\/\/gsoftwarelab.com\/fr\/wp-json\/wp\/v2\/pages\/71\/revisions"}],"predecessor-version":[{"id":8367,"href":"https:\/\/gsoftwarelab.com\/fr\/wp-json\/wp\/v2\/pages\/71\/revisions\/8367"}],"wp:attachment":[{"href":"https:\/\/gsoftwarelab.com\/fr\/wp-json\/wp\/v2\/media?parent=71"}],"curies":[{"name":"wp","href":"https:\/\/api.w.org\/{rel}","templated":true}]}}