{"id":68,"date":"2021-01-05T17:24:31","date_gmt":"2021-01-05T15:24:31","guid":{"rendered":"http:\/\/gsoftwarelab.com\/?page_id=68"},"modified":"2025-11-09T08:46:22","modified_gmt":"2025-11-09T06:46:22","slug":"imprint","status":"publish","type":"page","link":"https:\/\/gsoftwarelab.com\/fr\/imprint\/","title":{"rendered":"Mentions l\u00e9gales"},"content":{"rendered":"<h1 class=\"wp-block-heading\">Divulgation l\u00e9gale<\/h1>\n\n\n\n<p>Informations conform\u00e9ment \u00e0 l'article 5 TMG<\/p>\n\n\n\n<p>GSoftwareLab Inh. Lucas Schmutzler<br \/>Dahlienweg 8<br \/>09557 Floeha<br \/>Saxe (Allemagne)<\/p>\n\n\n\n<h2 class=\"wp-block-heading\">Contact<\/h2>\n\n\n\n<p>Courriel: <a href=\"mailto:support@gsoftwarelab.atlassian.net\">support@gsoftwarelab.atlassian.net<\/a><br \/>Contactez-nous: <a href=\"https:\/\/gsoftwarelab.atlassian.net\/servicedesk\/customer\/portal\/1\" target=\"_blank\" rel=\"noreferrer noopener\">https:\/\/gsoftwarelab.atlassian.net\/servicedesk\/customer\/portal\/1<\/a><br \/>Site web: <a href=\"https:\/\/GSoftwareLab.com\" target=\"_blank\" rel=\"noreferrer noopener\">https:\/\/GSoftwareLab.com<\/a><\/p>\n\n\n\n<h2 class=\"wp-block-heading\">Num\u00e9ro de TVA<\/h2>\n\n\n\n<p>Num\u00e9ro d\u2019identification TVA conform\u00e9ment \u00e0 l\u2019article 27 bis de la loi allemande sur la TVA<br \/>USt-Id-NR: DE 220\/269\/01182<\/p>\n\n\n\n<p>La taxe sur la valeur ajout\u00e9e n'est pas per\u00e7ue, car les petites entreprises conform\u00e9ment \u00e0 l'article 19, paragraphe 1, de l'UStG.<\/p>\n\n\n\n<h2 class=\"wp-block-heading\">avertissement<\/h2>\n\n\n\n<p>Responsabilit\u00e9 en mati\u00e8re de contenu<br \/>Le contenu de nos pages a \u00e9t\u00e9 cr\u00e9\u00e9 avec le plus grand soin. Toutefois, nous ne pouvons garantir l\u2019exactitude, l\u2019exhaustivit\u00e9 ou l\u2019actualit\u00e9 du contenu. Conform\u00e9ment aux dispositions l\u00e9gales, nous sommes en outre responsables de notre propre contenu sur ces pages Web. Dans ce contexte, veuillez noter que nous ne sommes donc pas oblig\u00e9s de surveiller uniquement les informations transmises ou sauvegard\u00e9es par des tiers, ou d'enqu\u00eater sur des circonstances indiquant une activit\u00e9 ill\u00e9gale. Nos obligations de supprimer ou de bloquer l'utilisation des informations en vertu des lois g\u00e9n\u00e9ralement applicables ne sont pas affect\u00e9es par cela, conform\u00e9ment aux \u00a7\u00a7 8 \u00e0 10 de la loi sur les t\u00e9l\u00e9m\u00e9dias (TMG).<\/p>\n\n\n\n<p>Responsabilit\u00e9 pour les liens<br \/>La responsabilit\u00e9 du contenu des liens externes (vers des pages Web de tiers) incombe uniquement aux exploitants des pages li\u00e9es. Aucune violation n'\u00e9tait \u00e9vidente pour nous au moment de l'\u00e9tablissement du lien. Si nous sommes inform\u00e9s d'une infraction l\u00e9gale, nous supprimerons imm\u00e9diatement le lien correspondant.<\/p>\n\n\n\n<p>Droit d'auteur<br \/>Nos pages Web et leur contenu sont soumis \u00e0 la loi allemande sur le droit d'auteur. Sauf autorisation expresse de la loi (articles 44a et suivants de la loi sur le droit d'auteur), toute forme d'utilisation, de reproduction ou de traitement d'\u0153uvres prot\u00e9g\u00e9es par le droit d'auteur sur nos pages Web n\u00e9cessite le consentement pr\u00e9alable du titulaire respectif des droits. Les reproductions individuelles d'une \u0153uvre ne sont autoris\u00e9es que pour un usage priv\u00e9, de sorte qu'elles ne doivent servir ni directement ni indirectement \u00e0 des fins lucratives. L'utilisation non autoris\u00e9e d'\u0153uvres prot\u00e9g\u00e9es par le droit d'auteur est punissable (article 106 de la loi sur le droit d'auteur).<\/p>\n\n\n<div class=\"woocommerce woocommerce-gzd woocommerce-gzd-complaints-shortcode\">\n\t\t\t<h3>R\u00e8glement extrajudiciaire des litiges conform\u00e9ment \u00e0 l\u2019article 14, paragraphe 1, de l\u2019ODR-VO et \u00e0 l\u2019article 36 du VSBG:<\/h3>\n\t\nNous ne sommes pas oblig\u00e9s ni dispos\u00e9s \u00e0 participer \u00e0 une proc\u00e9dure de r\u00e8glement des litiges devant un conseil d'arbitrage des consommateurs.<\/div>","protected":false},"excerpt":{"rendered":"<p>Informations de divulgation l\u00e9gale conform\u00e9ment \u00e0 la section 5 TMG GSoftwareLab Inh. Lucas SchmutzlerDahlienweg 809557 FloehaSaxony, Allemagne Coordonn\u00e9es pour informations suppl\u00e9mentaires Courriel: support@gsoftwarelab.atlassian.netContactez-nous: https:\/\/gsoftwarelab.atlassian.net\/servicedesk\/customer\/portal\/1Site web: https:\/\/GSoftwareLabNum\u00e9ro de TVA .com Num\u00e9ro d'identification TVA conform\u00e9ment \u00e0 l'article 27 a de la loi allemande sur la TVAUSt-Id-NR: DE 220\/269\/01182 La taxe sur la valeur ajout\u00e9e n'est pas per\u00e7ue, car les petites entreprises conform\u00e9ment \u00e0 l'article 19, paragraphe 1, de l'UStG. Clause de non-responsabilit\u00e9 [...]<\/p>","protected":false},"author":1,"featured_media":0,"parent":0,"menu_order":0,"comment_status":"closed","ping_status":"closed","template":"","meta":{"rop_custom_images_group":[],"rop_custom_messages_group":[],"rop_publish_now":"initial","rop_publish_now_accounts":{"twitter_2998589429_2998589429":""},"rop_publish_now_history":[],"rop_publish_now_status":"pending","footnotes":""},"class_list":["post-68","page","type-page","status-publish","hentry"],"blocksy_meta":[],"_links":{"self":[{"href":"https:\/\/gsoftwarelab.com\/fr\/wp-json\/wp\/v2\/pages\/68","targetHints":{"allow":["GET"]}}],"collection":[{"href":"https:\/\/gsoftwarelab.com\/fr\/wp-json\/wp\/v2\/pages"}],"about":[{"href":"https:\/\/gsoftwarelab.com\/fr\/wp-json\/wp\/v2\/types\/page"}],"author":[{"embeddable":true,"href":"https:\/\/gsoftwarelab.com\/fr\/wp-json\/wp\/v2\/users\/1"}],"replies":[{"embeddable":true,"href":"https:\/\/gsoftwarelab.com\/fr\/wp-json\/wp\/v2\/comments?post=68"}],"version-history":[{"count":3,"href":"https:\/\/gsoftwarelab.com\/fr\/wp-json\/wp\/v2\/pages\/68\/revisions"}],"predecessor-version":[{"id":8498,"href":"https:\/\/gsoftwarelab.com\/fr\/wp-json\/wp\/v2\/pages\/68\/revisions\/8498"}],"wp:attachment":[{"href":"https:\/\/gsoftwarelab.com\/fr\/wp-json\/wp\/v2\/media?parent=68"}],"curies":[{"name":"wp","href":"https:\/\/api.w.org\/{rel}","templated":true}]}}