{"id":3273,"date":"2021-10-06T19:55:27","date_gmt":"2021-10-06T17:55:27","guid":{"rendered":"https:\/\/gsoftwarelab.com\/?page_id=3273"},"modified":"2025-10-05T02:52:06","modified_gmt":"2025-10-05T00:52:06","slug":"cancellation-policy","status":"publish","type":"page","link":"https:\/\/gsoftwarelab.com\/fr\/cancellation-policy\/","title":{"rendered":"R\u00e9sum\u00e9 de la politique d'annulation"},"content":{"rendered":"<div class=\"wp-block-stackable-heading stk-block-heading stk-block-heading--v2 stk-block stk-45b3b19\" id=\"cancellation-policy-summary\" data-block-id=\"45b3b19\"><h2 class=\"stk-block-heading__text\">R\u00e9sum\u00e9 de la politique d'annulation<\/h2><\/div>\n\n\n\n<p>Nous croyons en un processus d'annulation simple et \u00e9quitable. Voici un bref aper\u00e7u de vos droits.<\/p>\n\n\n\n<p>Vous avez le droit d'annuler votre contrat dans les d\u00e9lais suivants: <strong>14 jours<\/strong> de sa conclusion, sans qu'il soit n\u00e9cessaire de fournir une raison.<\/p>\n\n\n\n<p>Pour annuler, vous devez nous envoyer une d\u00e9claration claire de votre d\u00e9cision par <a href=\"https:\/\/gsoftwarelab.com\/fr\/contact-us\/\">courriel<\/a>, poster, ou en utilisant le formulaire d'annulation sur notre site Web. D\u00e8s r\u00e9ception de votre demande, nous traiterons un remboursement complet, y compris les frais de livraison standard, dans les 14 jours.<\/p>\n\n\n\n<p>Veuillez noter que si vous avez demand\u00e9 des services pour commencer pendant la p\u00e9riode d'annulation, vous pouvez \u00eatre factur\u00e9 un montant proportionnel au service fourni avant l'annulation.<\/p>\n\n\n\n<p>Ceci est un r\u00e9sum\u00e9 pour votre commodit\u00e9. Pour plus de d\u00e9tails, les exceptions et la politique officielle, s'il vous pla\u00eet se r\u00e9f\u00e9rer \u00e0 <strong><a href=\"https:\/\/gsoftwarelab.com\/fr\/terms-conditions\/\">Section 9 (Politique de remboursement et de retour) de nos Conditions d'utilisation<\/a><\/strong>.<\/p>","protected":false},"excerpt":{"rendered":"<p>R\u00e9sum\u00e9 Nous croyons en un processus d'annulation simple et \u00e9quitable. Voici un bref aper\u00e7u de vos droits. Vous avez le droit de r\u00e9silier votre contrat dans les 14 jours suivant sa conclusion, sans avoir \u00e0 fournir de motif. Pour annuler, vous devez nous envoyer une d\u00e9claration claire de votre d\u00e9cision par e-mail, [...]<\/p>","protected":false},"author":1,"featured_media":0,"parent":0,"menu_order":0,"comment_status":"closed","ping_status":"closed","template":"","meta":{"rop_custom_images_group":[],"rop_custom_messages_group":[],"rop_publish_now":"initial","rop_publish_now_accounts":{"twitter_2998589429_2998589429":""},"rop_publish_now_history":[],"rop_publish_now_status":"pending","footnotes":""},"class_list":["post-3273","page","type-page","status-publish","hentry"],"blocksy_meta":[],"_links":{"self":[{"href":"https:\/\/gsoftwarelab.com\/fr\/wp-json\/wp\/v2\/pages\/3273","targetHints":{"allow":["GET"]}}],"collection":[{"href":"https:\/\/gsoftwarelab.com\/fr\/wp-json\/wp\/v2\/pages"}],"about":[{"href":"https:\/\/gsoftwarelab.com\/fr\/wp-json\/wp\/v2\/types\/page"}],"author":[{"embeddable":true,"href":"https:\/\/gsoftwarelab.com\/fr\/wp-json\/wp\/v2\/users\/1"}],"replies":[{"embeddable":true,"href":"https:\/\/gsoftwarelab.com\/fr\/wp-json\/wp\/v2\/comments?post=3273"}],"version-history":[{"count":1,"href":"https:\/\/gsoftwarelab.com\/fr\/wp-json\/wp\/v2\/pages\/3273\/revisions"}],"predecessor-version":[{"id":8271,"href":"https:\/\/gsoftwarelab.com\/fr\/wp-json\/wp\/v2\/pages\/3273\/revisions\/8271"}],"wp:attachment":[{"href":"https:\/\/gsoftwarelab.com\/fr\/wp-json\/wp\/v2\/media?parent=3273"}],"curies":[{"name":"wp","href":"https:\/\/api.w.org\/{rel}","templated":true}]}}