{"id":2067,"date":"2021-01-30T19:35:47","date_gmt":"2021-01-30T17:35:47","guid":{"rendered":"https:\/\/gsoftwarelab.com\/payment-methods\/"},"modified":"2025-10-05T02:45:32","modified_gmt":"2025-10-05T00:45:32","slug":"payment-methods","status":"publish","type":"page","link":"https:\/\/gsoftwarelab.com\/fr\/payment-methods\/","title":{"rendered":"M\u00e9thodes de paiement"},"content":{"rendered":"<p>Nous voulons rendre votre exp\u00e9rience de paiement aussi simple et s\u00e9curis\u00e9e que possible. Nous offrons une gamme d'options de paiement pour r\u00e9pondre \u00e0 vos besoins. Toutes les transactions sont trait\u00e9es \u00e0 l'aide d'un cryptage s\u00e9curis\u00e9 pour s'assurer que vos donn\u00e9es sont toujours prot\u00e9g\u00e9es.<\/p>\n\n\n\n<p>Choisissez la m\u00e9thode qui vous convient le mieux parmi les options ci-dessous.<\/p>\n\n\n\n<hr class=\"wp-block-separator has-alpha-channel-opacity\"\/>\n\n\n\n<h4 class=\"wp-block-heading\"><strong>PayPal &amp; Cartes de cr\u00e9dit\/d\u00e9bit<\/strong><\/h4>\n\n\n\n<p>Nous acceptons les paiements en toute s\u00e9curit\u00e9 via PayPal. Lorsque vous passez \u00e0 la caisse, vous serez redirig\u00e9 vers la passerelle de paiement PayPal.<\/p>\n\n\n\n<ul class=\"wp-block-list\">\n<li><strong>Payer avec un compte PayPal:<\/strong> Si vous avez un compte PayPal, vous pouvez vous connecter pour effectuer rapidement votre achat en utilisant votre solde enregistr\u00e9 ou des m\u00e9thodes de paiement li\u00e9es.<\/li>\n\n\n\n<li><strong>Payer avec une carte de cr\u00e9dit ou de d\u00e9bit:<\/strong> Vous n\u2019avez pas de compte PayPal? Pas de probl\u00e8me. Il vous suffit de s\u00e9lectionner l\u2019option \u00abPayer par carte de d\u00e9bit ou de cr\u00e9dit\u00bb sur la page PayPal. Vous pouvez entrer en toute s\u00e9curit\u00e9 les d\u00e9tails de votre carte (Visa, Mastercard, American Express, etc.) pour effectuer la transaction en tant qu'invit\u00e9. Vos informations financi\u00e8res sont prot\u00e9g\u00e9es par la plateforme s\u00e9curis\u00e9e de PayPal.<\/li>\n<\/ul>\n\n\n\n<h4 class=\"wp-block-heading\"><strong>Crypto-monnaie<\/strong><\/h4>\n\n\n\n<p>En adoptant l'avenir des paiements num\u00e9riques, nous sommes fiers d'accepter diverses crypto-monnaies.<\/p>\n\n\n\n<ul class=\"wp-block-list\">\n<li><strong>Bitcoin (BTC):<\/strong> Vous pouvez payer directement en utilisant Bitcoin.<\/li>\n\n\n\n<li><strong>Altcoins :<\/strong> Nous acceptons \u00e9galement une s\u00e9lection d'autres crypto-monnaies alternatives populaires.<\/li>\n<\/ul>\n\n\n\n<p>Le montant requis sera calcul\u00e9 sur la base du taux de change en vigueur au moment de la transaction. Il suffit de s\u00e9lectionner l'option de crypto-monnaie \u00e0 la caisse pour continuer.<\/p>\n\n\n\n<hr class=\"wp-block-separator has-alpha-channel-opacity\"\/>\n\n\n\n<p>Si vous avez des questions sur nos m\u00e9thodes de paiement ou rencontrez des probl\u00e8mes, n'h\u00e9sitez pas \u00e0 <strong><a href=\"https:\/\/gsoftwarelab.com\/fr\/contact-us\/\">contactez notre \u00e9quipe d'assistance<\/a><\/strong> pour l'assistance.<\/p>\n\n\n\n<div class=\"wp-block-group alignfull has-ti-bg-alt-background-color has-background is-layout-constrained wp-block-group-is-layout-constrained\" style=\"margin-top:0;margin-bottom:0;padding-top:64px;padding-bottom:64px\">\n<h3 class=\"wp-block-heading alignwide has-text-align-center has-large-font-size\">M\u00e9thodes de paiement accept\u00e9es<\/h3>\n\n\n\n<div class=\"wp-block-group is-content-justification-center is-nowrap is-layout-flex wp-container-core-group-is-layout-23441af8 wp-block-group-is-layout-flex\">\n<figure class=\"wp-block-image size-full\"><img decoding=\"async\" width=\"128\" height=\"36\" src=\"https:\/\/gsoftwarelab.com\/wp-content\/uploads\/2023\/07\/payment_method_paypal.webp\" alt=\"Payer avec PayPal\" class=\"wp-image-6699\" title=\"\"><\/figure>\n\n\n\n<figure class=\"wp-block-image size-full\"><img decoding=\"async\" width=\"100\" height=\"78\" src=\"https:\/\/gsoftwarelab.com\/wp-content\/uploads\/2023\/07\/payment_method_cc.webp\" alt=\"Payer avec CreditCard\" class=\"wp-image-6700\" title=\"\"><\/figure>\n\n\n\n<figure class=\"wp-block-image size-full\"><img decoding=\"async\" width=\"100\" height=\"42\" src=\"https:\/\/gsoftwarelab.com\/wp-content\/uploads\/2023\/07\/payment_method_stripe.webp\" alt=\"Payer avec Stripe\" class=\"wp-image-6701\" title=\"\"><\/figure>\n\n\n\n<figure class=\"wp-block-image size-full\"><img decoding=\"async\" width=\"98\" height=\"98\" src=\"https:\/\/gsoftwarelab.com\/wp-content\/uploads\/2023\/07\/payment_method_bitcoin.webp\" alt=\"Payer avec Bitcoin\" class=\"wp-image-6702\" title=\"\" srcset=\"https:\/\/gsoftwarelab.com\/wp-content\/uploads\/2023\/07\/payment_method_bitcoin.webp 98w, https:\/\/gsoftwarelab.com\/wp-content\/uploads\/2023\/07\/payment_method_bitcoin-96x96.webp 96w\" sizes=\"(max-width: 98px) 100vw, 98px\" \/><\/figure>\n\n\n\n<figure class=\"wp-block-image size-full\"><img decoding=\"async\" width=\"60\" height=\"100\" src=\"https:\/\/gsoftwarelab.com\/wp-content\/uploads\/2023\/07\/payment_method_eth.webp\" alt=\"Payez avec Ethereum et Altcoin\" class=\"wp-image-6703\" title=\"\"><\/figure>\n<\/div>\n<\/div>","protected":false},"excerpt":{"rendered":"<p>Nous voulons rendre votre exp\u00e9rience de paiement aussi simple et s\u00e9curis\u00e9e que possible. Nous offrons une gamme d'options de paiement pour r\u00e9pondre \u00e0 vos besoins. Toutes les transactions sont trait\u00e9es \u00e0 l'aide d'un cryptage s\u00e9curis\u00e9 pour s'assurer que vos donn\u00e9es sont toujours prot\u00e9g\u00e9es. Choisissez la m\u00e9thode qui vous convient le mieux parmi les options ci-dessous. PayPal &amp; Cartes de cr\u00e9dit \/ d\u00e9bit Nous [...]<\/p>","protected":false},"author":1,"featured_media":0,"parent":0,"menu_order":0,"comment_status":"closed","ping_status":"closed","template":"","meta":{"rop_custom_images_group":[],"rop_custom_messages_group":[],"rop_publish_now":"initial","rop_publish_now_accounts":{"twitter_2998589429_2998589429":""},"rop_publish_now_history":[],"rop_publish_now_status":"pending","footnotes":""},"class_list":["post-2067","page","type-page","status-publish","hentry"],"blocksy_meta":[],"_links":{"self":[{"href":"https:\/\/gsoftwarelab.com\/fr\/wp-json\/wp\/v2\/pages\/2067","targetHints":{"allow":["GET"]}}],"collection":[{"href":"https:\/\/gsoftwarelab.com\/fr\/wp-json\/wp\/v2\/pages"}],"about":[{"href":"https:\/\/gsoftwarelab.com\/fr\/wp-json\/wp\/v2\/types\/page"}],"author":[{"embeddable":true,"href":"https:\/\/gsoftwarelab.com\/fr\/wp-json\/wp\/v2\/users\/1"}],"replies":[{"embeddable":true,"href":"https:\/\/gsoftwarelab.com\/fr\/wp-json\/wp\/v2\/comments?post=2067"}],"version-history":[{"count":2,"href":"https:\/\/gsoftwarelab.com\/fr\/wp-json\/wp\/v2\/pages\/2067\/revisions"}],"predecessor-version":[{"id":8364,"href":"https:\/\/gsoftwarelab.com\/fr\/wp-json\/wp\/v2\/pages\/2067\/revisions\/8364"}],"wp:attachment":[{"href":"https:\/\/gsoftwarelab.com\/fr\/wp-json\/wp\/v2\/media?parent=2067"}],"curies":[{"name":"wp","href":"https:\/\/api.w.org\/{rel}","templated":true}]}}