{"id":8312,"date":"2025-09-27T08:34:07","date_gmt":"2025-09-27T06:34:07","guid":{"rendered":"https:\/\/gsoftwarelab.com\/?post_type=product&#038;p=8312"},"modified":"2026-04-05T02:56:39","modified_gmt":"2026-04-05T00:56:39","slug":"free-trial-traffic-buddy","status":"publish","type":"product","link":"https:\/\/gsoftwarelab.com\/es\/producto\/free-trial-traffic-buddy\/","title":{"rendered":"Traffic Buddy \u2013 Prueba gratuita"},"content":{"rendered":"<h2>Traffic Buddy Prueba de 7 d\u00edas - Free Traffic Bot<\/h2>\n<p>Curioso acerca de c\u00f3mo Traffic Buddy puede ayudarle a mejorar la clasificaci\u00f3n de su sitio web? Descargue nuestra prueba gratuita de 7 d\u00edas y vea la funcionalidad principal por s\u00ed mismo. Esta versi\u00f3n de caracter\u00edsticas limitadas le permite generar tr\u00e1fico b\u00e1sico, explorar la interfaz f\u00e1cil de usar y comprender c\u00f3mo nuestra herramienta puede crear tr\u00e1fico real del navegador para su sitio web. Sin compromiso, sin riesgo. \u00a1Comience su prueba gratuita hoy mismo!<\/p>\n<h3><a href=\"https:\/\/gsoftwarelab.com\/es\/producto\/traffic-buddy\/\">Comprar la versi\u00f3n completa de Traffic Buddy<\/a><\/h3>\n<p><img decoding=\"async\" src=\"https:\/\/api.apidog.com\/api\/v1\/projects\/1067667\/resources\/362604\/image-preview\" alt=\"image.png\" title=\"\"><\/p>\n<p><strong>Caracter\u00edsticas principales:<br \/>\n<\/strong><\/p>\n<ul>\n<li>Generar tr\u00e1fico real del navegador<\/li>\n<li>Construido en privado, residencial, rotativo y p\u00fablico proxy soporte (Http, Https, Calcetines4, Calcetines5)<\/li>\n<li>Construido en raspador proxy p\u00fablico (Http, Https, Calcetines4, Calcetines5)<\/li>\n<li>Probador proxy multihilo incorporado<\/li>\n<li>Construido en el filtro de pa\u00eds proxy (usando una base de datos Geo-IP)<\/li>\n<li>Cambiar el referente\/origen del tr\u00e1fico (soporta Google, Bing, DuckDuckGo con palabras clave y URL personalizadas)<\/li>\n<li>Navegar por las p\u00e1ginas internas del sitio web<\/li>\n<li>Simular el comportamiento del usuario (desplazamiento y clic)<\/li>\n<li>Simular los clics de los usuarios (haciendo clic en botones personalizados, im\u00e1genes, etc.)<\/li>\n<li>Emulaci\u00f3n de dispositivos incorporada (m\u00e1s de 100 dispositivos aut\u00e9nticos, emula autom\u00e1ticamente el agente de usuario, pantalla, CPU, RAM y mucho m\u00e1s)<\/li>\n<li>Actualizaciones gratuitas de por vida<\/li>\n<li>NUEVO: Construido en TOR Proxy Support<\/li>\n<li>NUEVO: Google Search Bot (Generar tr\u00e1fico SEO)<\/li>\n<li><a href=\"https:\/\/gsoftwarelab.com\/es\/organic-website-traffic-bot\/\">M\u00e1s informaci\u00f3n<\/a> sobre todas las caracter\u00edsticas del bot de tr\u00e1fico.<\/li>\n<\/ul>\n<p><strong>Limitaciones de la versi\u00f3n de prueba:<\/strong><\/p>\n<ul>\n<li>V\u00e1lido por 7 d\u00edas<\/li>\n<li>Creaci\u00f3n de 1 campa\u00f1a<\/li>\n<li>Generaci\u00f3n de hasta 1000 vistas<\/li>\n<li>1 navegador concurrente (hilo)<\/li>\n<\/ul>","protected":false},"excerpt":{"rendered":"<p>Curioso acerca de c\u00f3mo Traffic Buddy puede ayudarle a mejorar la clasificaci\u00f3n de su sitio web? Descargue nuestra prueba gratuita de 7 d\u00edas y vea la funcionalidad principal por s\u00ed mismo. Esta versi\u00f3n de caracter\u00edsticas limitadas le permite generar tr\u00e1fico b\u00e1sico, explorar la interfaz f\u00e1cil de usar y comprender c\u00f3mo nuestra herramienta puede crear tr\u00e1fico real del navegador para su sitio web. Sin compromiso, sin riesgo. \u00a1Comience su prueba gratuita hoy mismo!<\/p>","protected":false},"featured_media":8315,"comment_status":"open","ping_status":"closed","template":"","meta":{"rop_custom_images_group":[],"rop_custom_messages_group":[],"rop_publish_now":"initial","rop_publish_now_accounts":{"twitter_2998589429_2998589429":""},"rop_publish_now_history":[],"rop_publish_now_status":"pending"},"product_brand":[2068,2071],"product_cat":[2400,87,104],"product_tag":[140,2376,696,2377,2375],"class_list":{"0":"post-8312","1":"product","2":"type-product","3":"status-publish","4":"has-post-thumbnail","6":"product_brand-gsoftwarelab","7":"product_brand-traffic-buddy","8":"product_cat-free-software","9":"product_cat-software","10":"product_cat-traffic-buddy","11":"product_tag-free","12":"product_tag-free-download","13":"product_tag-traffic-bot","14":"product_tag-traffic-buddy-trial","15":"product_tag-trial","17":"first","18":"instock","19":"downloadable","20":"virtual","21":"sold-individually","22":"purchasable","23":"product-type-simple"},"wcol_rules":[{"obj_ids":["8312","8292","8298"],"applied_on":"quantity","cus_applied_on":"amount","message":"","accomulative":"","id":8330,"rule_type":"products","product_type":"simple","min_rule_limit":"0","enable_max_rule_limit":"on","max_rule_limit":"1","enable_time_limit":"on","rule_time_span":"yearly","yearly_start_day":"1","yearly_start_month":"01","weekly_start_day":"monday","monthly_start_date":"","enable_for_users":"on","user_type":"guest-users","disable_limit":"","parent_rule":"","across_all_orders":"2","exclude_shipping_price":"","enable_for_payment":"","enable_custom_notice":"","rule_start_time":"","rule_end_time":""}],"_links":{"self":[{"href":"https:\/\/gsoftwarelab.com\/es\/wp-json\/wp\/v2\/product\/8312","targetHints":{"allow":["GET"]}}],"collection":[{"href":"https:\/\/gsoftwarelab.com\/es\/wp-json\/wp\/v2\/product"}],"about":[{"href":"https:\/\/gsoftwarelab.com\/es\/wp-json\/wp\/v2\/types\/product"}],"replies":[{"embeddable":true,"href":"https:\/\/gsoftwarelab.com\/es\/wp-json\/wp\/v2\/comments?post=8312"}],"wp:featuredmedia":[{"embeddable":true,"href":"https:\/\/gsoftwarelab.com\/es\/wp-json\/wp\/v2\/media\/8315"}],"wp:attachment":[{"href":"https:\/\/gsoftwarelab.com\/es\/wp-json\/wp\/v2\/media?parent=8312"}],"wp:term":[{"taxonomy":"product_brand","embeddable":true,"href":"https:\/\/gsoftwarelab.com\/es\/wp-json\/wp\/v2\/product_brand?post=8312"},{"taxonomy":"product_cat","embeddable":true,"href":"https:\/\/gsoftwarelab.com\/es\/wp-json\/wp\/v2\/product_cat?post=8312"},{"taxonomy":"product_tag","embeddable":true,"href":"https:\/\/gsoftwarelab.com\/es\/wp-json\/wp\/v2\/product_tag?post=8312"}],"curies":[{"name":"wp","href":"https:\/\/api.w.org\/{rel}","templated":true}]}}