{"id":8292,"date":"2025-09-25T01:12:53","date_gmt":"2025-09-24T23:12:53","guid":{"rendered":"https:\/\/gsoftwarelab.com\/?post_type=product&#038;p=8292"},"modified":"2025-11-05T09:07:16","modified_gmt":"2025-11-05T07:07:16","slug":"backlink-checker","status":"publish","type":"product","link":"https:\/\/gsoftwarelab.com\/es\/producto\/backlink-checker\/","title":{"rendered":"Comprobador de backlinks"},"content":{"rendered":"<h2 class=\"elementor-image-box-title\">Backlink Checker \u2013 Informaci\u00f3n sobre backlinks en tiempo real<\/h2>\n<p>Backlink Checker es una herramienta intuitiva y f\u00e1cil de usar que permite a los usuarios comprobar si los sitios web contienen una cadena espec\u00edfica, como un nombre de dominio o una palabra clave. Esta funci\u00f3n se puede utilizar para verificar r\u00e1pida y f\u00e1cilmente los backlinks a su sitio web, ayud\u00e1ndole a rastrear y analizar la calidad y relevancia de los enlaces que apuntan a su sitio. Con una interfaz sencilla y directa, el verificador de backlinks es una herramienta potente y esencial para cualquier persona que desee supervisar y mejorar el perfil de backlinks de su sitio web.<\/p>\n<p><img decoding=\"async\" src=\"https:\/\/gsoftwarelab.com\/wp-content\/uploads\/2020\/11\/dasht.png.webp\" alt=\"Software gratuito de verificaci\u00f3n de enlaces y backlinks\" title=\"\"><\/p>\n<p>&nbsp;<\/p>\n<p><strong>Caracter\u00edsticas principales<\/strong><\/p>\n<ul>\n<li>Soporte de listas masivas de &amp;<\/li>\n<li>Comprobaci\u00f3n multihilo<\/li>\n<li>Cuerda personalizada o verificaci\u00f3n de enlaces<\/li>\n<li>Resultados detallados<\/li>\n<li>100% GRATIS<\/li>\n<\/ul>","protected":false},"excerpt":{"rendered":"<p>Backlink Checker es una herramienta intuitiva y f\u00e1cil de usar que permite a los usuarios comprobar si los sitios web contienen una cadena espec\u00edfica, como un nombre de dominio o una palabra clave. Esta funci\u00f3n se puede utilizar para verificar r\u00e1pida y f\u00e1cilmente los backlinks a su sitio web, ayud\u00e1ndole a rastrear y analizar la calidad y relevancia de los enlaces que apuntan a su sitio.<\/p>","protected":false},"featured_media":8294,"comment_status":"closed","ping_status":"closed","template":"","meta":{"rop_custom_images_group":[],"rop_custom_messages_group":[],"rop_publish_now":"initial","rop_publish_now_accounts":{"twitter_2998589429_2998589429":""},"rop_publish_now_history":[],"rop_publish_now_status":"pending"},"product_brand":[2068],"product_cat":[2400,87],"product_tag":[],"class_list":{"0":"post-8292","1":"product","2":"type-product","3":"status-publish","4":"has-post-thumbnail","6":"product_brand-gsoftwarelab","7":"product_cat-free-software","8":"product_cat-software","10":"first","11":"instock","12":"downloadable","13":"virtual","14":"purchasable","15":"product-type-simple"},"wcol_rules":[{"obj_ids":["8312","8292","8298"],"applied_on":"quantity","cus_applied_on":"amount","message":"","accomulative":"","id":8330,"rule_type":"products","product_type":"simple","min_rule_limit":"0","enable_max_rule_limit":"on","max_rule_limit":"1","enable_time_limit":"on","rule_time_span":"yearly","yearly_start_day":"1","yearly_start_month":"01","weekly_start_day":"monday","monthly_start_date":"","enable_for_users":"on","user_type":"guest-users","disable_limit":"","parent_rule":"","across_all_orders":"2","exclude_shipping_price":"","enable_for_payment":"","enable_custom_notice":"","rule_start_time":"","rule_end_time":""}],"_links":{"self":[{"href":"https:\/\/gsoftwarelab.com\/es\/wp-json\/wp\/v2\/product\/8292","targetHints":{"allow":["GET"]}}],"collection":[{"href":"https:\/\/gsoftwarelab.com\/es\/wp-json\/wp\/v2\/product"}],"about":[{"href":"https:\/\/gsoftwarelab.com\/es\/wp-json\/wp\/v2\/types\/product"}],"replies":[{"embeddable":true,"href":"https:\/\/gsoftwarelab.com\/es\/wp-json\/wp\/v2\/comments?post=8292"}],"wp:featuredmedia":[{"embeddable":true,"href":"https:\/\/gsoftwarelab.com\/es\/wp-json\/wp\/v2\/media\/8294"}],"wp:attachment":[{"href":"https:\/\/gsoftwarelab.com\/es\/wp-json\/wp\/v2\/media?parent=8292"}],"wp:term":[{"taxonomy":"product_brand","embeddable":true,"href":"https:\/\/gsoftwarelab.com\/es\/wp-json\/wp\/v2\/product_brand?post=8292"},{"taxonomy":"product_cat","embeddable":true,"href":"https:\/\/gsoftwarelab.com\/es\/wp-json\/wp\/v2\/product_cat?post=8292"},{"taxonomy":"product_tag","embeddable":true,"href":"https:\/\/gsoftwarelab.com\/es\/wp-json\/wp\/v2\/product_tag?post=8292"}],"curies":[{"name":"wp","href":"https:\/\/api.w.org\/{rel}","templated":true}]}}