{"id":8173,"date":"2025-09-12T16:31:09","date_gmt":"2025-09-12T14:31:09","guid":{"rendered":"https:\/\/gsoftwarelab.com\/?post_type=product&#038;p=8173"},"modified":"2026-01-14T05:49:24","modified_gmt":"2026-01-14T03:49:24","slug":"addon-geosync-pro-unlock-authenticity-and-automation","status":"publish","type":"product","link":"https:\/\/gsoftwarelab.com\/es\/producto\/addon-geosync-pro-unlock-authenticity-and-automation\/","title":{"rendered":"Adici\u00f3n: GeoSync Pro"},"content":{"rendered":"<p><strong>GeoSync Pro: Desbloquea Autenticidad y Automatizaci\u00f3n con Zero Effort<\/strong><\/p>\n<p>Actualizar a <b>GeoSync Pro <\/b>(Adici\u00f3n para <a href=\"https:\/\/gsoftwarelab.com\/es\/organic-website-traffic-bot\/\">Amigo del Tr\u00e1fico<\/a>). Sincronice instant\u00e1neamente la zona horaria, el idioma y la geolocalizaci\u00f3n (lat\/long) de su navegador con su proxy P.I. Esta automatizaci\u00f3n con un solo clic crea una huella digital impecable para evitar la detecci\u00f3n y es esencial para dominar la rotaci\u00f3n proxies.<\/p>\n<ul>\n<li><b>Sincronizaci\u00f3n instant\u00e1nea de perfiles:<\/b> Coincide autom\u00e1ticamente con la zona horaria, el idioma y las coordenadas lat\/long precisas del navegador proxy IP en tiempo real.<\/li>\n<li><b>Detecci\u00f3n de bypass:<\/b> Crea una huella digital perfectamente consistente para eliminar las banderas rojas y aparecer 100% aut\u00e9ntico.<\/li>\n<li><b>Proxies rotatorios maestros:<\/b> Asegura que todas las conexiones de una nueva IP coincidan de forma instant\u00e1nea y perfecta.<\/li>\n<li><b>Suscripci\u00f3n mensual:<\/b> Su licencia se renovar\u00e1 cada mes. Despu\u00e9s de la compra, nuestro equipo aprovisionar\u00e1 su cuenta y le enviar\u00e1 un correo electr\u00f3nico una vez que se complete la activaci\u00f3n.<\/li>\n<\/ul>\n<p>Despu\u00e9s de su pedido, nuestro <a href=\"https:\/\/gsoftwarelab.com\/es\/contact-us\/\">equipo de apoyo<\/a> Manejar\u00e1 la activaci\u00f3n manual y le notificar\u00e1 por correo electr\u00f3nico una vez que se complete la configuraci\u00f3n dentro de las 48 horas.<\/p>\n<p><strong>T\u00e9rminos de suscripci\u00f3n:<\/strong><\/p>\n<ul>\n<li>Renovaci\u00f3n autom\u00e1tica cada mes hasta la cancelaci\u00f3n<\/li>\n<li>Soporte y actualizaciones durante el per\u00edodo de suscripci\u00f3n<\/li>\n<\/ul>","protected":false},"excerpt":{"rendered":"<p>Actualizaci\u00f3n a GeoSync Pro (Addon para Traffic Buddy) y ajusta autom\u00e1ticamente la zona horaria, el idioma y la geolocalizaci\u00f3n de su navegador a su proxyla direcci\u00f3n IP. Elimine la configuraci\u00f3n manual y cree perfiles perfectamente consistentes con un solo clic. Ideal para rotar proxies.<\/p>","protected":false},"featured_media":8174,"comment_status":"open","ping_status":"closed","template":"","meta":{"rop_custom_images_group":[],"rop_custom_messages_group":[],"rop_publish_now":"initial","rop_publish_now_accounts":{"twitter_2998589429_2998589429":""},"rop_publish_now_history":[],"rop_publish_now_status":"pending"},"product_brand":[2068,2071],"product_cat":[87,158,104],"product_tag":[],"class_list":{"0":"post-8173","1":"product","2":"type-product","3":"status-publish","4":"has-post-thumbnail","6":"product_brand-gsoftwarelab","7":"product_brand-traffic-buddy","8":"product_cat-software","9":"product_cat-services","10":"product_cat-traffic-buddy","12":"first","13":"outofstock","14":"virtual","15":"purchasable","16":"product-type-simple"},"wcol_rules":[],"_links":{"self":[{"href":"https:\/\/gsoftwarelab.com\/es\/wp-json\/wp\/v2\/product\/8173","targetHints":{"allow":["GET"]}}],"collection":[{"href":"https:\/\/gsoftwarelab.com\/es\/wp-json\/wp\/v2\/product"}],"about":[{"href":"https:\/\/gsoftwarelab.com\/es\/wp-json\/wp\/v2\/types\/product"}],"replies":[{"embeddable":true,"href":"https:\/\/gsoftwarelab.com\/es\/wp-json\/wp\/v2\/comments?post=8173"}],"wp:featuredmedia":[{"embeddable":true,"href":"https:\/\/gsoftwarelab.com\/es\/wp-json\/wp\/v2\/media\/8174"}],"wp:attachment":[{"href":"https:\/\/gsoftwarelab.com\/es\/wp-json\/wp\/v2\/media?parent=8173"}],"wp:term":[{"taxonomy":"product_brand","embeddable":true,"href":"https:\/\/gsoftwarelab.com\/es\/wp-json\/wp\/v2\/product_brand?post=8173"},{"taxonomy":"product_cat","embeddable":true,"href":"https:\/\/gsoftwarelab.com\/es\/wp-json\/wp\/v2\/product_cat?post=8173"},{"taxonomy":"product_tag","embeddable":true,"href":"https:\/\/gsoftwarelab.com\/es\/wp-json\/wp\/v2\/product_tag?post=8173"}],"curies":[{"name":"wp","href":"https:\/\/api.w.org\/{rel}","templated":true}]}}