{"id":7934,"date":"2025-07-23T11:07:34","date_gmt":"2025-07-23T09:07:34","guid":{"rendered":"https:\/\/gsoftwarelab.com\/?post_type=product&#038;p=7934"},"modified":"2026-04-17T22:40:29","modified_gmt":"2026-04-17T20:40:29","slug":"custom-software-development-1-hour","status":"publish","type":"product","link":"https:\/\/gsoftwarelab.com\/es\/producto\/custom-software-development-1-hour\/","title":{"rendered":"Desarrollo de software personalizado"},"content":{"rendered":"<p data-start=\"110\" data-end=\"488\">Desbloquee soluciones a medida con nuestro <strong>Desarrollo de software personalizado<\/strong> servicios, dise\u00f1ados para dar vida a sus ideas \u00fanicas. Si desea mejorar nuestros productos existentes: Traffic Buddy, Proxy Buddy o Index Buddy \u2013 con potentes <strong>extensiones personalizadas<\/strong>, o construir algo completamente nuevo desde cero, lo tenemos cubierto.<\/p>\n<p data-start=\"490\" data-end=\"810\">Nuestros desarrolladores experimentados trabajan estrechamente con usted para comprender sus objetivos, flujos de trabajo y requisitos espec\u00edficos, asegurando que su soluci\u00f3n personalizada se adapte perfectamente a sus operaciones. Desde la automatizaci\u00f3n del navegador y las herramientas de SEO hasta el manejo de datos y las utilidades de red, ofrecemos un c\u00f3digo limpio, eficiente y confiable que funciona.<\/p>\n<ul data-start=\"812\" data-end=\"1101\">\n<li data-start=\"812\" data-end=\"880\">\n<p data-start=\"814\" data-end=\"880\">\u2705 Extensiones personalizadas para Traffic Buddy (nuestro <a href=\"https:\/\/gsoftwarelab.com\/es\/organic-website-traffic-bot\/\">Herramienta de automatizaci\u00f3n del tr\u00e1fico<\/a>), Proxy Buddy &amp; Index Buddy<\/p>\n<\/li>\n<li data-start=\"881\" data-end=\"948\">\n<p data-start=\"883\" data-end=\"948\">\u2705 Programas independientes totalmente personalizados basados en sus especificaciones<\/p>\n<\/li>\n<li data-start=\"949\" data-end=\"993\">\n<p data-start=\"951\" data-end=\"993\">\u2705 Soluciones escalables y orientadas al rendimiento<\/p>\n<\/li>\n<li data-start=\"994\" data-end=\"1060\">\n<p data-start=\"996\" data-end=\"1060\">\u2705 Consulta profesional durante todo el proceso de desarrollo<\/p>\n<\/li>\n<li data-start=\"1061\" data-end=\"1101\">\n<p data-start=\"1063\" data-end=\"1101\">\u2705 Precios transparentes, facturados por hora<\/p>\n<\/li>\n<\/ul>\n<p data-start=\"1103\" data-end=\"1197\"><strong data-start=\"1103\" data-end=\"1114\">Precios<\/strong>: El desarrollo se factura por hora con total transparencia sobre las horas aproximadas requeridas.<\/p>\n<p data-start=\"1199\" data-end=\"1262\">Construyamos las herramientas que funcionan exactamente como <em data-start=\"1243\" data-end=\"1248\">t\u00fa<\/em> Quiero que lo hagan.<\/p>\n<p data-start=\"1199\" data-end=\"1262\">Por favor, <a href=\"https:\/\/gsoftwarelab.com\/es\/contact-us\/\">cont\u00e1ctenos<\/a> para coordinar tus ideas.<\/p>","protected":false},"excerpt":{"rendered":"<p>Desarrollo de herramientas de software personalizadas o extensiones para nuestros programas existentes, facturados por hora.<\/p>","protected":false},"featured_media":7935,"comment_status":"open","ping_status":"closed","template":"","meta":{"rop_custom_images_group":[],"rop_custom_messages_group":[],"rop_publish_now":"initial","rop_publish_now_accounts":{"twitter_2998589429_2998589429":""},"rop_publish_now_history":[],"rop_publish_now_status":"pending"},"product_brand":[],"product_cat":[158],"product_tag":[],"class_list":{"0":"post-7934","1":"product","2":"type-product","3":"status-publish","4":"has-post-thumbnail","6":"product_cat-services","8":"first","9":"instock","10":"virtual","11":"purchasable","12":"product-type-simple"},"wcol_rules":[],"_links":{"self":[{"href":"https:\/\/gsoftwarelab.com\/es\/wp-json\/wp\/v2\/product\/7934","targetHints":{"allow":["GET"]}}],"collection":[{"href":"https:\/\/gsoftwarelab.com\/es\/wp-json\/wp\/v2\/product"}],"about":[{"href":"https:\/\/gsoftwarelab.com\/es\/wp-json\/wp\/v2\/types\/product"}],"replies":[{"embeddable":true,"href":"https:\/\/gsoftwarelab.com\/es\/wp-json\/wp\/v2\/comments?post=7934"}],"wp:featuredmedia":[{"embeddable":true,"href":"https:\/\/gsoftwarelab.com\/es\/wp-json\/wp\/v2\/media\/7935"}],"wp:attachment":[{"href":"https:\/\/gsoftwarelab.com\/es\/wp-json\/wp\/v2\/media?parent=7934"}],"wp:term":[{"taxonomy":"product_brand","embeddable":true,"href":"https:\/\/gsoftwarelab.com\/es\/wp-json\/wp\/v2\/product_brand?post=7934"},{"taxonomy":"product_cat","embeddable":true,"href":"https:\/\/gsoftwarelab.com\/es\/wp-json\/wp\/v2\/product_cat?post=7934"},{"taxonomy":"product_tag","embeddable":true,"href":"https:\/\/gsoftwarelab.com\/es\/wp-json\/wp\/v2\/product_tag?post=7934"}],"curies":[{"name":"wp","href":"https:\/\/api.w.org\/{rel}","templated":true}]}}