{"id":5915,"date":"2023-02-04T16:45:33","date_gmt":"2023-02-04T14:45:33","guid":{"rendered":"https:\/\/gsoftwarelab.com\/?post_type=product&#038;p=5915"},"modified":"2025-11-10T06:30:58","modified_gmt":"2025-11-10T04:30:58","slug":"index-buddy-v2","status":"publish","type":"product","link":"https:\/\/gsoftwarelab.com\/es\/producto\/index-buddy-v2\/","title":{"rendered":"\u00cdndice Buddy"},"content":{"rendered":"<h2 class=\"elementor-image-box-title\">Index Buddy V2 \u2013 Indizador de enlaces SEO a granel<\/h2>\n<div class=\"flex flex-grow flex-col gap-3\">\n<div class=\"min-h-[20px] flex flex-col items-start gap-4 whitespace-pre-wrap\">\n<div class=\"markdown prose w-full break-words dark:prose-invert light\">\n<p>Index Buddy V2 es la \u00faltima y mejorada versi\u00f3n de Index Buddy. Ofrece capacidades de indexaci\u00f3n avanzadas y mejoradas para ayudar a aumentar la visibilidad y la clasificaci\u00f3n de su sitio web o URL en los principales motores de b\u00fasqueda como Google, Bing y Baidu. El software est\u00e1 dise\u00f1ado para ser f\u00e1cil de usar y potente, lo que facilita la indexaci\u00f3n de URL individuales, sitios web completos o listas masivas de URL en solo unos pocos clics.<\/p>\n<p>Con una suscripci\u00f3n mensual para Index Buddy V2, puede disfrutar de una indexaci\u00f3n fluida e ininterrumpida en una computadora. Todas las actualizaciones futuras, nuevas caracter\u00edsticas y correcciones de errores se incluyen durante 1 mes, lo que garantiza que siempre tenga acceso a la versi\u00f3n m\u00e1s actualizada del software.<\/p>\n<p><img decoding=\"async\" class=\"aligncenter wp-image-6384 size-full\" src=\"https:\/\/gsoftwarelab.com\/wp-content\/uploads\/2023\/02\/Indexing.gif\" alt=\"Index Buddy - Proceso de indexaci\u00f3n de enlaces y backlinks\" width=\"1000\" height=\"650\" title=\"\"><\/p>\n<\/div>\n<\/div>\n<\/div>\n<p>&nbsp;<\/p>\n<p><strong>Requisitos m\u00ednimos del sistema:<\/strong><\/p>\n<ul>\n<li>Sistema operativo: Windows 10 (versi\u00f3n 22H2 o posterior) Windows 11 (todas las versiones), Windows Server 2019 y posterior<\/li>\n<li>8 GB de RAM<\/li>\n<li>10 GB de almacenamiento<\/li>\n<li>4 n\u00facleos<\/li>\n<li>Conexi\u00f3n estable a Internet<\/li>\n<\/ul>\n<p><strong>El pedido incluye:<\/strong><\/p>\n<ul>\n<li>1 Mes de Suscripci\u00f3n de Software (<span class=\"HwtZe\" lang=\"en\"><span class=\"jCAhz ChMk0b\"><span class=\"ryNqvb\">1PC)<\/span><\/span><\/span><\/li>\n<li>1 Mes de Apoyo Integral<\/li>\n<\/ul>\n<p><strong>T\u00e9rminos de suscripci\u00f3n:<\/strong><\/p>\n<ul>\n<li>Renovaci\u00f3n autom\u00e1tica cada mes hasta la cancelaci\u00f3n<\/li>\n<li>Soporte y actualizaciones durante el per\u00edodo de suscripci\u00f3n<\/li>\n<\/ul>\n<p><strong><a href=\"https:\/\/gsoftwarelab.com\/es\/index-buddy-backlink-indexer\/\">M\u00e1s informaci\u00f3n sobre Index Buddy (Software de indexaci\u00f3n de enlaces)<\/a><\/strong><br \/>\n<strong><a href=\"https:\/\/docs.gsoftwarelab.com\/\">Lea la documentaci\u00f3n<\/a><\/strong><\/p>\n<p><strong><a href=\"https:\/\/gsoftwarelab.com\/es\/organic-traffic-view-bot\/\">M\u00e1s informaci\u00f3n sobre Traffic Buddy<\/a><a href=\"https:\/\/gsoftwarelab.com\/es\/organic-traffic-view-bot\/\"> (Bot de tr\u00e1fico)<\/a><br \/>\n<a href=\"https:\/\/gsoftwarelab.com\/es\/proxy-buddy-scraper-tester\/\">M\u00e1s informaci\u00f3n sobre Proxy Buddy <\/a><a href=\"https:\/\/gsoftwarelab.com\/es\/proxy-buddy-scraper-tester\/\">(Raspador de proxy)<\/a><\/strong><\/p>","protected":false},"excerpt":{"rendered":"<p>Index Buddy V2, la herramienta perfecta para indexar enormes listas de backlinks en los motores de b\u00fasqueda.<\/p>","protected":false},"featured_media":7727,"comment_status":"open","ping_status":"closed","template":"","meta":{"rop_custom_images_group":[],"rop_custom_messages_group":[],"rop_publish_now":"initial","rop_publish_now_accounts":{"twitter_2998589429_2998589429":""},"rop_publish_now_history":[],"rop_publish_now_status":"pending"},"product_brand":[2068,2070],"product_cat":[89,87],"product_tag":[190,2383,191,2384,192,193],"class_list":{"0":"post-5915","1":"product","2":"type-product","3":"status-publish","4":"has-post-thumbnail","6":"product_brand-gsoftwarelab","7":"product_brand-index-buddy","8":"product_cat-index-buddy","9":"product_cat-software","10":"product_tag-backlink-indexer","11":"product_tag-backlink-indexer-subscription","12":"product_tag-indexing-software","13":"product_tag-indexing-software-subscription","14":"product_tag-indexing-tool","15":"product_tag-url-indexer","17":"first","18":"instock","19":"featured","20":"downloadable","21":"virtual","22":"purchasable","23":"product-type-simple"},"wcol_rules":[],"_links":{"self":[{"href":"https:\/\/gsoftwarelab.com\/es\/wp-json\/wp\/v2\/product\/5915","targetHints":{"allow":["GET"]}}],"collection":[{"href":"https:\/\/gsoftwarelab.com\/es\/wp-json\/wp\/v2\/product"}],"about":[{"href":"https:\/\/gsoftwarelab.com\/es\/wp-json\/wp\/v2\/types\/product"}],"replies":[{"embeddable":true,"href":"https:\/\/gsoftwarelab.com\/es\/wp-json\/wp\/v2\/comments?post=5915"}],"wp:featuredmedia":[{"embeddable":true,"href":"https:\/\/gsoftwarelab.com\/es\/wp-json\/wp\/v2\/media\/7727"}],"wp:attachment":[{"href":"https:\/\/gsoftwarelab.com\/es\/wp-json\/wp\/v2\/media?parent=5915"}],"wp:term":[{"taxonomy":"product_brand","embeddable":true,"href":"https:\/\/gsoftwarelab.com\/es\/wp-json\/wp\/v2\/product_brand?post=5915"},{"taxonomy":"product_cat","embeddable":true,"href":"https:\/\/gsoftwarelab.com\/es\/wp-json\/wp\/v2\/product_cat?post=5915"},{"taxonomy":"product_tag","embeddable":true,"href":"https:\/\/gsoftwarelab.com\/es\/wp-json\/wp\/v2\/product_tag?post=5915"}],"curies":[{"name":"wp","href":"https:\/\/api.w.org\/{rel}","templated":true}]}}