{"id":3541,"date":"2021-11-17T18:40:19","date_gmt":"2021-11-17T16:40:19","guid":{"rendered":"https:\/\/gsoftwarelab.com\/?post_type=product&#038;p=3541"},"modified":"2025-11-27T09:41:16","modified_gmt":"2025-11-27T07:41:16","slug":"seo-agency-bundle","status":"publish","type":"product","link":"https:\/\/gsoftwarelab.com\/es\/producto\/seo-agency-bundle\/","title":{"rendered":"Paquete de Agencia SEO"},"content":{"rendered":"<div class=\"flex flex-grow flex-col gap-3\">\n<div class=\"min-h-[20px] flex flex-col items-start gap-4 whitespace-pre-wrap break-words\">\n<div class=\"markdown prose w-full break-words dark:prose-invert light\">\n<p><strong>Desbloquear 25 adicionales% Descuento en nuestro paquete de productos Premier:<\/strong> <strong>La soluci\u00f3n definitiva para agencias, freelancers y profesionales de SEO.<\/strong><\/p>\n<p>Aproveche esta oportunidad exclusiva para elevar su negocio con una soluci\u00f3n integral y econ\u00f3mica dise\u00f1ada para agencias, profesionales independientes y expertos en SEO. Nuestro paquete de productos de primer nivel comprende nuestro software de primera categor\u00eda, herramientas de vanguardia, recursos invaluables y soporte dedicado, lo que garantiza que tenga todo a su alcance para mejorar su sitio web y aumentar su presencia en l\u00ednea.<\/p>\n<p>Experimente los beneficios de nuestros mejores productos y servicios, a la vez que ahorra tiempo y dinero. Esta oferta por tiempo limitado no durar\u00e1 mucho, as\u00ed que act\u00faa ahora para asegurar tus 25% Descuento e invertir en el \u00faltimo conjunto de herramientas para el \u00e9xito digital.<\/p>\n<p><strong>Su compra incluye:<\/strong><\/p>\n<ul>\n<li><a href=\"https:\/\/gsoftwarelab.com\/es\/proxy-scraper-and-proxy-tester-software\/\"><strong>Proxy Buddy<\/strong><\/a> Licencia mensual para un PC<\/li>\n<li><a href=\"https:\/\/gsoftwarelab.com\/es\/organic-traffic-view-bot\/\"><strong>Amigo del Tr\u00e1fico<\/strong><\/a> Licencia mensual para un PC<\/li>\n<li><a href=\"https:\/\/gsoftwarelab.com\/es\/index-buddy-backlink-indexer\/\"><strong>Index Buddy v2<\/strong><\/a> Licencia mensual para un PC<\/li>\n<li>Comprensivo <strong>Apoyo<\/strong><\/li>\n<li>Contribuci\u00f3n a la plantaci\u00f3n\u00a0 <strong>5 \u00e1rboles<\/strong><\/li>\n<\/ul>\n<p><strong>T\u00e9rminos de suscripci\u00f3n:<\/strong><\/p>\n<ul>\n<li>Renovaci\u00f3n autom\u00e1tica cada mes hasta la cancelaci\u00f3n<\/li>\n<li>Soporte y actualizaciones durante el per\u00edodo de suscripci\u00f3n<\/li>\n<\/ul>\n<\/div>\n<\/div>\n<\/div>","protected":false},"excerpt":{"rendered":"<p class=\"root-block-node\" data-changed=\"false\" data-paragraphid=\"3\">Nuestros productos m\u00e1s populares en un paquete con un adicional de 25% descuento. Perfecto para agencias, freelancers y expertos en SEO.<\/p>","protected":false},"featured_media":7662,"comment_status":"open","ping_status":"closed","template":"","meta":{"rop_custom_images_group":[],"rop_custom_messages_group":[],"rop_publish_now":"initial","rop_publish_now_accounts":{"twitter_2998589429_2998589429":""},"rop_publish_now_history":[],"rop_publish_now_status":"pending"},"product_brand":[2068],"product_cat":[89,88,87,104],"product_tag":[691,191,98,693,690,2369,2370,692,2387,696],"class_list":{"0":"post-3541","1":"product","2":"type-product","3":"status-publish","4":"has-post-thumbnail","6":"product_brand-gsoftwarelab","7":"product_cat-index-buddy","8":"product_cat-proxy-buddy","9":"product_cat-software","10":"product_cat-traffic-buddy","11":"product_tag-bundle","12":"product_tag-indexing-software","13":"product_tag-proxy-scraper","14":"product_tag-sale","15":"product_tag-seo-bundle","16":"product_tag-seo-software","17":"product_tag-seo-software-bundle","18":"product_tag-software-bundle","19":"product_tag-software-bundle-subscription","20":"product_tag-traffic-bot","22":"first","23":"instock","24":"sale","25":"featured","26":"virtual","27":"purchasable","28":"product-type-woosb"},"wcol_rules":[],"_links":{"self":[{"href":"https:\/\/gsoftwarelab.com\/es\/wp-json\/wp\/v2\/product\/3541","targetHints":{"allow":["GET"]}}],"collection":[{"href":"https:\/\/gsoftwarelab.com\/es\/wp-json\/wp\/v2\/product"}],"about":[{"href":"https:\/\/gsoftwarelab.com\/es\/wp-json\/wp\/v2\/types\/product"}],"replies":[{"embeddable":true,"href":"https:\/\/gsoftwarelab.com\/es\/wp-json\/wp\/v2\/comments?post=3541"}],"wp:featuredmedia":[{"embeddable":true,"href":"https:\/\/gsoftwarelab.com\/es\/wp-json\/wp\/v2\/media\/7662"}],"wp:attachment":[{"href":"https:\/\/gsoftwarelab.com\/es\/wp-json\/wp\/v2\/media?parent=3541"}],"wp:term":[{"taxonomy":"product_brand","embeddable":true,"href":"https:\/\/gsoftwarelab.com\/es\/wp-json\/wp\/v2\/product_brand?post=3541"},{"taxonomy":"product_cat","embeddable":true,"href":"https:\/\/gsoftwarelab.com\/es\/wp-json\/wp\/v2\/product_cat?post=3541"},{"taxonomy":"product_tag","embeddable":true,"href":"https:\/\/gsoftwarelab.com\/es\/wp-json\/wp\/v2\/product_tag?post=3541"}],"curies":[{"name":"wp","href":"https:\/\/api.w.org\/{rel}","templated":true}]}}