{"id":1636,"date":"2020-11-09T23:57:30","date_gmt":"2020-11-09T21:57:30","guid":{"rendered":"https:\/\/gsoftwarelab.com\/?post_type=product&#038;p=1636"},"modified":"2026-01-23T12:54:55","modified_gmt":"2026-01-23T10:54:55","slug":"traffic-buddy","status":"publish","type":"product","link":"https:\/\/gsoftwarelab.com\/es\/producto\/traffic-buddy\/","title":{"rendered":"Amigo del Tr\u00e1fico"},"content":{"rendered":"<h2><strong><span class=\"edtFontSize200\">Traffic Buddy: Generador de tr\u00e1fico, Bot de vista de sitio web &amp; Bot de b\u00fasqueda de Google<\/span><\/strong><\/h2>\n<p>Nuestro nuevo bot permite enviar una gran cantidad de tr\u00e1fico SEO de diferentes motores de b\u00fasqueda utilizando sus palabras clave a su sitio web. Al usar un navegador basado en Chrome real, puede generar miles de vistas de sitios web de aspecto real.<\/p>\n<p>Los navegadores del generador de vistas simular\u00e1n autom\u00e1ticamente diferentes acciones de comportamiento del usuario, como hacer clic en botones para navegar por las p\u00e1ginas del sitio web o desplazarse por la p\u00e1gina.<\/p>\n<div style=\"padding: 56.25% 0 0 0; position: relative;\"><iframe style=\"position: absolute; top: 0; left: 0; width: 100%; height: 100%;\" src=\"https:\/\/player.vimeo.com\/video\/1029029240?h=59eb4a1d9e&amp;autoplay=1&amp;loop=1&amp;byline=0\" frameborder=\"0\" allowfullscreen=\"allowfullscreen\" data-mce-fragment=\"1\"><\/iframe><\/div>\n<p><strong>Caracter\u00edsticas principales:<br \/>\n<\/strong><\/p>\n<ul>\n<li>Generar tr\u00e1fico real del navegador<\/li>\n<li>Construido en privado, residencial, rotativo y p\u00fablico proxy Soporte (Http, Https, Calcetines4, Calcetines5, Tor Proxy)<\/li>\n<li>Construido en raspador proxy p\u00fablico (Http, Https, Calcetines4, Calcetines5)<\/li>\n<li>Probador proxy multihilo incorporado<\/li>\n<li>Construido en el filtro de pa\u00eds proxy (usando una base de datos Geo-IP)<\/li>\n<li>Campa\u00f1a espec\u00edfica proxies (uso diferente proxies para cada campa\u00f1a)<\/li>\n<li>Cambiar el referente\/origen del tr\u00e1fico (soporta Google, Bing, DuckDuckGo con palabras clave y URL personalizadas)<\/li>\n<li>Navegar por las p\u00e1ginas internas del sitio web<\/li>\n<li>Simular el comportamiento del usuario (desplazamiento y clic)<\/li>\n<li>Simular los clics de los usuarios (haciendo clic en botones personalizados, im\u00e1genes, etc.)<\/li>\n<li>Emulaci\u00f3n de dispositivos incorporada (m\u00e1s de 100 dispositivos aut\u00e9nticos, emula autom\u00e1ticamente el agente de usuario, pantalla, CPU, RAM y mucho m\u00e1s)<\/li>\n<li>Actualizaciones frecuentes y soporte<\/li>\n<li>NUEVO: Definici\u00f3n de origen de tr\u00e1fico f\u00e1cil<\/li>\n<li>NUEVO: Bot de b\u00fasqueda de Google (genera tr\u00e1fico SEO)<\/li>\n<li><a href=\"https:\/\/gsoftwarelab.com\/es\/organic-website-traffic-bot\/\">M\u00e1s informaci\u00f3n<\/a> sobre todas las caracter\u00edsticas del bot de tr\u00e1fico.<\/li>\n<\/ul>\n<p><strong>Casos de uso del software:<\/strong><\/p>\n<ul>\n<li>SEO y Marketing<\/li>\n<li>Investigaci\u00f3n de Seguridad<\/li>\n<li>Web Crawling y Scraping<\/li>\n<li>Pruebas de carga del sitio web\/servidor<\/li>\n<\/ul>\n<p><strong>Requisitos m\u00ednimos del sistema:<\/strong><\/p>\n<ul>\n<li>Sistema operativo: Windows 10 (versi\u00f3n 22H2 o posterior) Windows 11 (todas las versiones), Windows Server 2019 y posterior<\/li>\n<li>8 GB de RAM<\/li>\n<li>10 GB de almacenamiento<\/li>\n<li>4 n\u00facleos<\/li>\n<li>Conexi\u00f3n estable a Internet<\/li>\n<\/ul>\n<p><strong>Su compra incluye:<\/strong><\/p>\n<ul>\n<li>Suscripci\u00f3n de Software de 1 Mes<\/li>\n<li>1 Mes de Apoyo Integral<\/li>\n<li>Contribuci\u00f3n a la plantaci\u00f3n de un \u00e1rbol<\/li>\n<li><a href=\"https:\/\/gsoftwarelab.com\/es\/docs\/traffic-buddy\/getting-started\/\">Documentaci\u00f3n de software<\/a><\/li>\n<\/ul>\n<p><strong>T\u00e9rminos de suscripci\u00f3n:<\/strong><\/p>\n<ul>\n<li>Renovaci\u00f3n autom\u00e1tica cada mes hasta la cancelaci\u00f3n<\/li>\n<li>Soporte y actualizaciones durante el per\u00edodo de suscripci\u00f3n<\/li>\n<\/ul>","protected":false},"excerpt":{"rendered":"<p>Traffic Buddy: Generador de tr\u00e1fico, Bot de vista de sitio web &amp; Bot de b\u00fasqueda de Google.<\/p>","protected":false},"featured_media":7349,"comment_status":"open","ping_status":"closed","template":"","meta":{"rop_custom_images_group":[],"rop_custom_messages_group":[],"rop_publish_now":"initial","rop_publish_now_accounts":{"twitter_2998589429_2998589429":""},"rop_publish_now_history":[],"rop_publish_now_status":"pending"},"product_brand":[2068,2071],"product_cat":[104,87],"product_tag":[2372,696,2382,699,2373,2381,2371],"class_list":{"0":"post-1636","1":"product","2":"type-product","3":"status-publish","4":"has-post-thumbnail","6":"product_brand-gsoftwarelab","7":"product_brand-traffic-buddy","8":"product_cat-traffic-buddy","9":"product_cat-software","10":"product_tag-generate-traffic-with-traffic-buddy","11":"product_tag-traffic-bot","12":"product_tag-traffic-bot-subscription","13":"product_tag-traffic-buddy","14":"product_tag-traffic-buddy-download","15":"product_tag-traffic-buddy-subscription","16":"product_tag-traffic-buddy-view-bot","18":"first","19":"instock","20":"featured","21":"downloadable","22":"virtual","23":"purchasable","24":"product-type-simple"},"wcol_rules":[],"_links":{"self":[{"href":"https:\/\/gsoftwarelab.com\/es\/wp-json\/wp\/v2\/product\/1636","targetHints":{"allow":["GET"]}}],"collection":[{"href":"https:\/\/gsoftwarelab.com\/es\/wp-json\/wp\/v2\/product"}],"about":[{"href":"https:\/\/gsoftwarelab.com\/es\/wp-json\/wp\/v2\/types\/product"}],"replies":[{"embeddable":true,"href":"https:\/\/gsoftwarelab.com\/es\/wp-json\/wp\/v2\/comments?post=1636"}],"wp:featuredmedia":[{"embeddable":true,"href":"https:\/\/gsoftwarelab.com\/es\/wp-json\/wp\/v2\/media\/7349"}],"wp:attachment":[{"href":"https:\/\/gsoftwarelab.com\/es\/wp-json\/wp\/v2\/media?parent=1636"}],"wp:term":[{"taxonomy":"product_brand","embeddable":true,"href":"https:\/\/gsoftwarelab.com\/es\/wp-json\/wp\/v2\/product_brand?post=1636"},{"taxonomy":"product_cat","embeddable":true,"href":"https:\/\/gsoftwarelab.com\/es\/wp-json\/wp\/v2\/product_cat?post=1636"},{"taxonomy":"product_tag","embeddable":true,"href":"https:\/\/gsoftwarelab.com\/es\/wp-json\/wp\/v2\/product_tag?post=1636"}],"curies":[{"name":"wp","href":"https:\/\/api.w.org\/{rel}","templated":true}]}}