{"id":1411,"date":"2020-05-14T10:21:22","date_gmt":"2020-05-14T08:21:22","guid":{"rendered":"https:\/\/gsoftwarelab.com\/?post_type=product&#038;p=1411"},"modified":"2025-10-18T06:49:26","modified_gmt":"2025-10-18T04:49:26","slug":"index-buddy","status":"publish","type":"product","link":"https:\/\/gsoftwarelab.com\/es\/producto\/index-buddy\/","title":{"rendered":"Index Buddy V1"},"content":{"rendered":"<h2 class=\"elementor-image-box-title\">Index Buddy V1 \u2013 Indizador de enlaces SEO a granel<\/h2>\n<p><strong>Actualizar a <a href=\"https:\/\/gsoftwarelab.com\/es\/producto\/index-buddy-v2\/\"><span style=\"color: #ff9900;\">Index Buddy v2<\/span><\/a>: Caracter\u00edsticas mejoradas &amp; Experiencia de usuario mejorada<\/strong><\/p>\n<p>Index Buddy es un software de indexaci\u00f3n potente y f\u00e1cil de usar. Permite indexar URL individuales, sitios web o listas masivas de URL en los principales motores de b\u00fasqueda como Google, Bing o Baidu. La indexaci\u00f3n funciona enviando su sitio web o URL a miles de sitios web de whois y estad\u00edsticas que resultan en muchos backlinks. Usted recibir\u00e1 una licencia de por vida para Index Buddy. Solo se puede usar en una computadora a la vez. Todas las actualizaciones futuras, caracter\u00edsticas adicionales y correcciones de errores se incluyen sin costo adicional.<\/p>\n<p><img decoding=\"async\" class=\"aligncenter wp-image-3558 size-full\" src=\"https:\/\/gsoftwarelab.com\/wp-content\/uploads\/2021\/11\/indexing_process.gif\" alt=\"Proceso de indexaci\u00f3n de backlinks SEO\" width=\"802\" height=\"478\" title=\"\"><\/p>\n<p>&nbsp;<\/p>\n<p><strong>Requisitos m\u00ednimos del sistema:<\/strong><\/p>\n<ul>\n<li>Sistema operativo: Windows 10 (versi\u00f3n 22H2 o posterior) Windows 11 (todas las versiones), Windows Server 2019 y posterior<\/li>\n<li>8 GB de RAM<\/li>\n<li>10 GB de almacenamiento<\/li>\n<li>4 n\u00facleos<\/li>\n<li>Conexi\u00f3n estable a Internet<\/li>\n<\/ul>\n<p><strong>Su compra incluye:<\/strong><\/p>\n<ul>\n<li>Una licencia de por vida para una PC<\/li>\n<li>Contribuci\u00f3n a la plantaci\u00f3n de un solo \u00e1rbol<\/li>\n<\/ul>\n<p><strong><a href=\"https:\/\/gsoftwarelab.com\/es\/index-buddy-backlink-indexer\/\">M\u00e1s informaci\u00f3n sobre Index Buddy<\/a><\/strong><br \/>\n<strong><a href=\"https:\/\/docs.gsoftwarelab.com\/\">Lea la documentaci\u00f3n<\/a><\/strong><\/p>\n<p><strong><a href=\"https:\/\/gsoftwarelab.com\/es\/organic-traffic-view-bot\/\">M\u00e1s informaci\u00f3n sobre Traffic Buddy<\/a><br \/>\n<a href=\"https:\/\/gsoftwarelab.com\/es\/proxy-buddy-scraper-tester\/\">M\u00e1s informaci\u00f3n sobre Proxy Buddy<\/a><br \/>\n<\/strong><\/p>","protected":false},"excerpt":{"rendered":"<p>Index Buddy V1, la herramienta perfecta para indexar enormes listas de backlinks en los motores de b\u00fasqueda.<\/p>","protected":false},"featured_media":1771,"comment_status":"open","ping_status":"closed","template":"","meta":{"rop_custom_images_group":[],"rop_custom_messages_group":[],"rop_publish_now":"initial","rop_publish_now_accounts":{"twitter_2998589429_2998589429":""},"rop_publish_now_history":[],"rop_publish_now_status":"pending"},"product_brand":[],"product_cat":[89,87],"product_tag":[190,191,192,193],"class_list":{"0":"post-1411","1":"product","2":"type-product","3":"status-publish","4":"has-post-thumbnail","6":"product_cat-index-buddy","7":"product_cat-software","8":"product_tag-backlink-indexer","9":"product_tag-indexing-software","10":"product_tag-indexing-tool","11":"product_tag-url-indexer","13":"first","14":"instock","15":"downloadable","16":"virtual","17":"purchasable","18":"product-type-simple"},"wcol_rules":[],"_links":{"self":[{"href":"https:\/\/gsoftwarelab.com\/es\/wp-json\/wp\/v2\/product\/1411","targetHints":{"allow":["GET"]}}],"collection":[{"href":"https:\/\/gsoftwarelab.com\/es\/wp-json\/wp\/v2\/product"}],"about":[{"href":"https:\/\/gsoftwarelab.com\/es\/wp-json\/wp\/v2\/types\/product"}],"replies":[{"embeddable":true,"href":"https:\/\/gsoftwarelab.com\/es\/wp-json\/wp\/v2\/comments?post=1411"}],"wp:featuredmedia":[{"embeddable":true,"href":"https:\/\/gsoftwarelab.com\/es\/wp-json\/wp\/v2\/media\/1771"}],"wp:attachment":[{"href":"https:\/\/gsoftwarelab.com\/es\/wp-json\/wp\/v2\/media?parent=1411"}],"wp:term":[{"taxonomy":"product_brand","embeddable":true,"href":"https:\/\/gsoftwarelab.com\/es\/wp-json\/wp\/v2\/product_brand?post=1411"},{"taxonomy":"product_cat","embeddable":true,"href":"https:\/\/gsoftwarelab.com\/es\/wp-json\/wp\/v2\/product_cat?post=1411"},{"taxonomy":"product_tag","embeddable":true,"href":"https:\/\/gsoftwarelab.com\/es\/wp-json\/wp\/v2\/product_tag?post=1411"}],"curies":[{"name":"wp","href":"https:\/\/api.w.org\/{rel}","templated":true}]}}