{"id":1409,"date":"2020-05-14T09:55:52","date_gmt":"2020-05-14T07:55:52","guid":{"rendered":"https:\/\/gsoftwarelab.com\/?post_type=product&#038;p=1409"},"modified":"2026-01-14T05:49:24","modified_gmt":"2026-01-14T03:49:24","slug":"proxy-buddy-v3","status":"publish","type":"product","link":"https:\/\/gsoftwarelab.com\/es\/producto\/proxy-buddy-v3\/","title":{"rendered":"Proxy Buddy"},"content":{"rendered":"<h2>Desbloquear proxys ilimitados con Proxy Buddy<\/h2>\n<div class=\"flex flex-grow flex-col gap-3\">\n<div class=\"min-h-[20px] flex flex-col items-start gap-4 whitespace-pre-wrap\">\n<div class=\"markdown prose w-full break-words dark:prose-invert light\">\n<p>Presentaci\u00f3n Proxy Buddy \u2013 la soluci\u00f3n definitiva para raspar, probar, filtrar y exportar r\u00e1pida y f\u00e1cilmente listas de miles de nuevos servidores proxy p\u00fablicos. Con su funci\u00f3n de piloto autom\u00e1tico de un solo clic, puede cosechar y probar proxies sin esfuerzo con un solo clic. Perfecto para aplicaciones de software SEO y bots, Proxy Buddy Incluso incluye una prueba especial de b\u00fasqueda de Google para garantizar que sus servidores proxy puedan raspar los resultados de los motores de b\u00fasqueda de Google.<\/p>\n<p>Actualice su proxy juego con nuestra compra potente y eficiente proxy Herramienta de rascador. Comprando nuestro proxy scraper, obtendr\u00e1 acceso a una suscripci\u00f3n mensual de Proxy Buddy. Esta licencia le permite usar la herramienta en un equipo a la vez, sin ning\u00fan costo adicional por actualizaciones, funciones adicionales o correcciones de errores. No pierdas la oportunidad de mejorar tu proxy capacidades con Proxy Buddy \u2013 \u00a1compra ahora!<\/p>\n<\/div>\n<\/div>\n<\/div>\n<div style=\"padding: 56.25% 0 0 0; position: relative;\"><iframe style=\"position: absolute; top: 0; left: 0; width: 100%; height: 100%;\" src=\"https:\/\/player.vimeo.com\/video\/672830210?h=59eb4a1d9e&amp;autoplay=1&amp;loop=1&amp;byline=0\" frameborder=\"0\" allowfullscreen=\"allowfullscreen\"><\/iframe><\/div>\n<p>&nbsp;<\/p>\n<h3 id=\"item-description__key-features\">Caracter\u00edsticas principales:<\/h3>\n<ul>\n<li>Raspador de proxy totalmente automatizado<\/li>\n<li>Fuente de proxy incorporada<\/li>\n<li>Raspar millones de servidores proxy<\/li>\n<li>Multihilo y basado en z\u00f3calos<\/li>\n<li>Soporta HTTP, HTTPS, Socks4 y Socks5<\/li>\n<li>Funci\u00f3n de carga y env\u00edo de correo electr\u00f3nico<\/li>\n<li>Soporte de filtrado avanzado (protocolo, Google Pass, anonimato, pa\u00eds y m\u00e1s)<\/li>\n<li>Actualizaciones y Soporte<\/li>\n<li>Clave de licencia genuina y \u00fanica<\/li>\n<\/ul>\n<p><strong>Requisitos m\u00ednimos del sistema:<\/strong><\/p>\n<ul>\n<li>Sistema operativo: Windows 10 (versi\u00f3n 22H2 o posterior) Windows 11 (todas las versiones), Windows Server 2019 y posterior<\/li>\n<li>8 GB de RAM<\/li>\n<li>10 GB de almacenamiento<\/li>\n<li>4 n\u00facleos<\/li>\n<li>Conexi\u00f3n estable a Internet<\/li>\n<\/ul>\n<p><strong>Su compra incluye:<\/strong><\/p>\n<ul>\n<li>Suscripci\u00f3n mensual de software<\/li>\n<li>Soporte integral<\/li>\n<li>Contribuci\u00f3n a la plantaci\u00f3n de un solo \u00e1rbol<\/li>\n<\/ul>\n<p><strong>T\u00e9rminos de suscripci\u00f3n:<\/strong><\/p>\n<ul>\n<li>Renovaci\u00f3n autom\u00e1tica cada mes hasta la cancelaci\u00f3n<\/li>\n<li>Soporte y actualizaciones durante el per\u00edodo de suscripci\u00f3n<\/li>\n<\/ul>\n<p><a href=\"https:\/\/gsoftwarelab.com\/es\/proxy-buddy-scraper-tester\/\"><strong>M\u00e1s informaci\u00f3n sobre Proxy Buddy<\/strong><\/a><strong><a href=\"https:\/\/gsoftwarelab.com\/es\/proxy-buddy-scraper-tester\/\"> (Raspador de proxy)<\/a><\/strong><br \/>\n<strong><a href=\"https:\/\/docs.gsoftwarelab.com\/\">Lea la documentaci\u00f3n<\/a><\/strong><\/p>\n<p><strong><a href=\"https:\/\/gsoftwarelab.com\/es\/organic-traffic-view-bot\/\">M\u00e1s informaci\u00f3n sobre Traffic Buddy<\/a><a href=\"https:\/\/gsoftwarelab.com\/es\/organic-traffic-view-bot\/\"> (Bot de tr\u00e1fico)<\/a><br \/>\n<a href=\"https:\/\/gsoftwarelab.com\/es\/index-buddy-backlink-indexer\/\">M\u00e1s informaci\u00f3n sobre Index Buddy<\/a><a href=\"https:\/\/gsoftwarelab.com\/es\/index-buddy-backlink-indexer\/\"> (Software de indexaci\u00f3n de enlaces)<\/a><br \/>\n<\/strong><\/p>","protected":false},"excerpt":{"rendered":"<p>Encuentre y pruebe sin esfuerzo miles de nuevos servidores proxy p\u00fablicos con Proxy Buddy. Nuestra herramienta r\u00e1pida y f\u00e1cil de usar le permite raspar, probar, filtrar y exportar listas de proxy con facilidad. La funci\u00f3n de piloto autom\u00e1tico con un solo clic facilita la recolecci\u00f3n y prueba de proxies a granel. Optimice su b\u00fasqueda de proxy y garantice el m\u00e1ximo rendimiento con Proxy Buddy.<\/p>","protected":false},"featured_media":7548,"comment_status":"open","ping_status":"closed","template":"","meta":{"rop_custom_images_group":[],"rop_custom_messages_group":[],"rop_publish_now":"initial","rop_publish_now_accounts":{"twitter_2998589429_2998589429":""},"rop_publish_now_history":[],"rop_publish_now_status":"pending"},"product_brand":[2068,2069],"product_cat":[88,87],"product_tag":[153,156,103,2386,102,98,2385,99,157,155,188,189],"class_list":{"0":"post-1409","1":"product","2":"type-product","3":"status-publish","4":"has-post-thumbnail","6":"product_brand-gsoftwarelab","7":"product_brand-proxy-buddy","8":"product_cat-proxy-buddy","9":"product_cat-software","10":"product_tag-google-proxies","11":"product_tag-gsa-ser-proxies","12":"product_tag-proxy-buddy","13":"product_tag-proxy-buddy-subscription","14":"product_tag-proxy-list","15":"product_tag-proxy-scraper","16":"product_tag-proxy-scraper-subscription","17":"product_tag-proxy-tester","18":"product_tag-scrapebox-proxies","19":"product_tag-seo-proxies","20":"product_tag-sock5-proxy","21":"product_tag-socks4-proxy","23":"first","24":"instock","25":"featured","26":"downloadable","27":"virtual","28":"purchasable","29":"product-type-simple"},"wcol_rules":[],"_links":{"self":[{"href":"https:\/\/gsoftwarelab.com\/es\/wp-json\/wp\/v2\/product\/1409","targetHints":{"allow":["GET"]}}],"collection":[{"href":"https:\/\/gsoftwarelab.com\/es\/wp-json\/wp\/v2\/product"}],"about":[{"href":"https:\/\/gsoftwarelab.com\/es\/wp-json\/wp\/v2\/types\/product"}],"replies":[{"embeddable":true,"href":"https:\/\/gsoftwarelab.com\/es\/wp-json\/wp\/v2\/comments?post=1409"}],"wp:featuredmedia":[{"embeddable":true,"href":"https:\/\/gsoftwarelab.com\/es\/wp-json\/wp\/v2\/media\/7548"}],"wp:attachment":[{"href":"https:\/\/gsoftwarelab.com\/es\/wp-json\/wp\/v2\/media?parent=1409"}],"wp:term":[{"taxonomy":"product_brand","embeddable":true,"href":"https:\/\/gsoftwarelab.com\/es\/wp-json\/wp\/v2\/product_brand?post=1409"},{"taxonomy":"product_cat","embeddable":true,"href":"https:\/\/gsoftwarelab.com\/es\/wp-json\/wp\/v2\/product_cat?post=1409"},{"taxonomy":"product_tag","embeddable":true,"href":"https:\/\/gsoftwarelab.com\/es\/wp-json\/wp\/v2\/product_tag?post=1409"}],"curies":[{"name":"wp","href":"https:\/\/api.w.org\/{rel}","templated":true}]}}