{"id":865,"date":"2016-05-05T21:08:49","date_gmt":"2016-05-05T21:08:49","guid":{"rendered":"https:\/\/oceanwp.org\/sport\/?page_id=68"},"modified":"2025-10-05T02:56:43","modified_gmt":"2025-10-05T00:56:43","slug":"contact-us","status":"publish","type":"page","link":"https:\/\/gsoftwarelab.com\/es\/contact-us\/","title":{"rendered":"Cont\u00e1ctenos"},"content":{"rendered":"<div class=\"wp-block-stackable-call-to-action stk-block-call-to-action stk-block stk-90c17a3 is-style-default\" data-v=\"2\" data-block-id=\"90c17a3\"><div class=\"stk-block-call-to-action__content stk-content-align stk-90c17a3-column stk-container stk-90c17a3-container stk-hover-parent\"><div class=\"has-text-align-center stk-block-content stk-inner-blocks stk-90c17a3-inner-blocks\">\n<div class=\"wp-block-stackable-columns alignfull stk-block-columns stk-block stk-453f4d7\" data-block-id=\"453f4d7\"><div class=\"stk-row stk-inner-blocks stk-block-content stk-content-align stk-453f4d7-column alignwide\">\n<div class=\"wp-block-stackable-column stk-block-column stk-column stk-block stk-41e6ab7\" data-v=\"4\" data-block-id=\"41e6ab7\"><div class=\"stk-column-wrapper stk-block-column__content stk-container stk-41e6ab7-container stk--no-background stk--no-padding\"><div class=\"stk-block-content stk-inner-blocks stk-41e6ab7-inner-blocks\">\n<div class=\"wp-block-stackable-heading stk-block-heading stk-block-heading--v2 stk-block stk-f4205ed\" id=\"heading-placeholder\" data-block-id=\"f4205ed\"><h1 class=\"stk-block-heading__text\">P\u00f3ngase en contacto con nosotros<\/h1><\/div>\n\n\n\n<div class=\"wp-block-stackable-text stk-block-text stk-block stk-fadde83\" data-block-id=\"fadde83\"><p class=\"stk-block-text__text has-text-align-left\">\u00a1Nos encantar\u00eda saber de usted! Si tiene alguna pregunta, comentario o comentario, no dude en ponerse en contacto con nosotros. Puede ponerse en contacto con nosotros por correo electr\u00f3nico o abrir un ticket. Nuestro equipo est\u00e1 disponible de lunes a viernes para ayudarle.<\/p><\/div>\n\n\n\n<p class=\"has-text-align-left\">Alternativamente, puede completar el siguiente formulario de contacto y nos pondremos en contacto con usted lo antes posible. Sus consultas son importantes para nosotros, y estamos aqu\u00ed para ayudar!<\/p>\n\n\n\n<div class=\"wp-block-stackable-columns stk-block-columns stk-block stk-cde6c6b\" data-block-id=\"cde6c6b\"><div class=\"stk-row stk-inner-blocks stk-block-content stk-content-align stk-cde6c6b-column\">\n<div class=\"wp-block-stackable-column stk-block-column stk-column stk-block stk-ec56fb5\" data-v=\"4\" data-block-id=\"ec56fb5\"><style>.stk-ec56fb5-inner-blocks{justify-content:center !important;}<\/style><div class=\"stk-column-wrapper stk-block-column__content stk-container stk-ec56fb5-container stk--no-background stk--no-padding\"><div class=\"stk--column-flex stk-block-content stk-inner-blocks stk-ec56fb5-inner-blocks\">\n<div class=\"wp-block-stackable-image stk-block-image stk-block stk-667fc52\" data-block-id=\"667fc52\"><style>.stk-667fc52 .stk-img-wrapper{aspect-ratio:4\/3 !important;height:auto !important;}.stk-667fc52 .stk-img-wrapper img{border-radius:var(--stk--preset--border-radius--xx-large, 32px) !important;}@media screen and (max-width:999px){.stk-667fc52 .stk-img-wrapper{height:auto !important;}}@media screen and (max-width:689px){.stk-667fc52 .stk-img-wrapper{height:auto !important;}}<\/style><figure><span class=\"stk-img-wrapper stk-image--shape-stretch\"><img decoding=\"async\" class=\"stk-img wp-image-7305\" src=\"https:\/\/gsoftwarelab.com\/wp-content\/uploads\/2024\/11\/freepik__expand__99986.webp\" width=\"2048\" height=\"2048\" alt=\"GsoftwareLab: Cont\u00e1ctenos\" title=\"\" srcset=\"https:\/\/gsoftwarelab.com\/wp-content\/uploads\/2024\/11\/freepik__expand__99986.webp 2048w, https:\/\/gsoftwarelab.com\/wp-content\/uploads\/2024\/11\/freepik__expand__99986-300x300.webp 300w, https:\/\/gsoftwarelab.com\/wp-content\/uploads\/2024\/11\/freepik__expand__99986-100x100.webp 100w, https:\/\/gsoftwarelab.com\/wp-content\/uploads\/2024\/11\/freepik__expand__99986-600x600.webp 600w, https:\/\/gsoftwarelab.com\/wp-content\/uploads\/2024\/11\/freepik__expand__99986-1024x1024.webp 1024w, https:\/\/gsoftwarelab.com\/wp-content\/uploads\/2024\/11\/freepik__expand__99986-150x150.webp 150w, https:\/\/gsoftwarelab.com\/wp-content\/uploads\/2024\/11\/freepik__expand__99986-768x768.webp 768w, https:\/\/gsoftwarelab.com\/wp-content\/uploads\/2024\/11\/freepik__expand__99986-1536x1536.webp 1536w\" sizes=\"(max-width: 2048px) 100vw, 2048px\" \/><\/span><\/figure><\/div>\n<\/div><\/div><\/div>\n\n\n\n<div class=\"wp-block-stackable-column stk-block-column stk-column stk-block stk-be3805f\" data-v=\"4\" data-block-id=\"be3805f\"><style>.stk-be3805f-inner-blocks{justify-content:center !important;}<\/style><div class=\"stk-column-wrapper stk-block-column__content stk-container stk-be3805f-container stk--no-background stk--no-padding\"><div class=\"stk--column-flex stk-block-content stk-inner-blocks stk-be3805f-inner-blocks\">\n<div class=\"wp-block-stackable-columns stk-block-columns stk-block stk-6bcc968\" data-block-id=\"6bcc968\"><div class=\"stk-row stk-inner-blocks stk-block-content stk-content-align stk-6bcc968-column\">\n<div class=\"wp-block-stackable-column stk-block-column stk-column stk-block stk-7d4a8ec\" data-v=\"4\" data-block-id=\"7d4a8ec\"><style>.stk-7d4a8ec-inner-blocks{justify-content:center !important;}@media screen and (min-width:690px){.stk-7d4a8ec {flex:var(--stk-flex-grow, 1) 1 calc(15% - var(--stk-column-gap, 0px) * 1 \/ 2 ) !important;}}<\/style><div class=\"stk-column-wrapper stk-block-column__content stk-container stk-7d4a8ec-container stk--no-background stk--no-padding\"><div class=\"has-text-align-center stk--column-flex stk-block-content stk-inner-blocks stk-7d4a8ec-inner-blocks\">\n<div class=\"wp-block-stackable-button-group stk-block-button-group stk-block stk-bca691b\" data-block-id=\"bca691b\"><div class=\"stk-row stk-inner-blocks stk-block-content stk-button-group\">\n<div class=\"wp-block-stackable-icon-button stk-block-icon-button stk-block stk-98fd6e2\" data-block-id=\"98fd6e2\"><style>.stk-98fd6e2 .stk-button{background:var(--theme-palette-color-1, #ff6633) !important;}.stk-98fd6e2 .stk-button .stk--inner-svg svg:last-child{height:25px !important;width:25px !important;}<\/style><a class=\"stk-link stk-button stk--hover-effect-darken\" href=\"\"><span class=\"stk--svg-wrapper\"><div class=\"stk--inner-svg\"><svg xmlns=\"http:\/\/www.w3.org\/2000\/svg\" viewbox=\"0 0 512 512\" aria-hidden=\"true\" width=\"32\" height=\"32\"><path d=\"M48 64C21.5 64 0 85.5 0 112c0 15.1 7.1 29.3 19.2 38.4L236.8 313.6c11.4 8.5 27 8.5 38.4 0L492.8 150.4c12.1-9.1 19.2-23.3 19.2-38.4c0-26.5-21.5-48-48-48H48zM0 176V384c0 35.3 28.7 64 64 64H448c35.3 0 64-28.7 64-64V176L294.4 339.2c-22.8 17.1-54 17.1-76.8 0L0 176z\"><\/path><\/svg><\/div><\/span><\/a><\/div>\n<\/div><\/div>\n<\/div><\/div><\/div>\n\n\n\n<div class=\"wp-block-stackable-column stk-block-column stk-column stk-block stk-adb9674\" data-v=\"4\" data-block-id=\"adb9674\"><style>.stk-adb9674-inner-blocks{justify-content:center !important;}@media screen and (min-width:690px){.stk-adb9674 {flex:var(--stk-flex-grow, 1) 1 calc(85% - var(--stk-column-gap, 0px) * 1 \/ 2 ) !important;}}<\/style><div class=\"stk-column-wrapper stk-block-column__content stk-container stk-adb9674-container stk--no-background stk--no-padding\"><div class=\"has-text-align-center-mobile stk--column-flex stk-block-content stk-inner-blocks stk-adb9674-inner-blocks\">\n<div class=\"wp-block-stackable-text stk-block-text stk-block stk-d144d8d\" data-block-id=\"d144d8d\"><style>.stk-d144d8d {margin-bottom:var(--stk--preset--spacing--20, 10px) !important;}.stk-d144d8d .stk-block-text__text{font-weight:bold !important;}<\/style><p class=\"stk-block-text__text\">Correo electr\u00f3nico<\/p><\/div>\n\n\n\n<div class=\"wp-block-stackable-text stk-block-text stk-block stk-ecf9afc\" data-block-id=\"ecf9afc\"><p class=\"stk-block-text__text\"><a href=\"mailto:support@gsoftwarelab.atlassian.net\">support@gsoftwarelab.atlassian.net<\/a><\/p><\/div>\n<\/div><\/div><\/div>\n<\/div><\/div>\n\n\n\n<div class=\"wp-block-stackable-columns stk-block-columns stk-block stk-56a5421\" data-block-id=\"56a5421\"><div class=\"stk-row stk-inner-blocks stk-block-content stk-content-align stk-56a5421-column\">\n<div class=\"wp-block-stackable-column stk-block-column stk-column stk-block stk-b6df69f\" data-v=\"4\" data-block-id=\"b6df69f\"><style>.stk-b6df69f-inner-blocks{justify-content:center !important;}@media screen and (min-width:690px){.stk-b6df69f {flex:var(--stk-flex-grow, 1) 1 calc(15% - var(--stk-column-gap, 0px) * 1 \/ 2 ) !important;}}<\/style><div class=\"stk-column-wrapper stk-block-column__content stk-container stk-b6df69f-container stk--no-background stk--no-padding\"><div class=\"has-text-align-center stk--column-flex stk-block-content stk-inner-blocks stk-b6df69f-inner-blocks\">\n<div class=\"wp-block-stackable-button-group stk-block-button-group stk-block stk-bc1a50b\" data-block-id=\"bc1a50b\"><div class=\"stk-row stk-inner-blocks stk-block-content stk-button-group\">\n<div class=\"wp-block-stackable-icon-button stk-block-icon-button stk-block stk-e5387a6\" data-block-id=\"e5387a6\"><style>.stk-e5387a6 .stk-button{background:var(--theme-palette-color-1, #ff6633) !important;}.stk-e5387a6 .stk-button .stk--inner-svg svg:last-child{height:25px !important;width:25px !important;}<\/style><a class=\"stk-link stk-button stk--hover-effect-darken\" href=\"\"><span class=\"stk--svg-wrapper\"><div class=\"stk--inner-svg\"><svg xmlns=\"http:\/\/www.w3.org\/2000\/svg\" viewbox=\"0 0 576 512\" aria-hidden=\"true\" width=\"32\" height=\"32\"><path d=\"M64 64C28.7 64 0 92.7 0 128v64c0 8.8 7.4 15.7 15.7 18.6C34.5 217.1 48 235 48 256s-13.5 38.9-32.3 45.4C7.4 304.3 0 311.2 0 320v64c0 35.3 28.7 64 64 64H512c35.3 0 64-28.7 64-64V320c0-8.8-7.4-15.7-15.7-18.6C541.5 294.9 528 277 528 256s13.5-38.9 32.3-45.4c8.3-2.9 15.7-9.8 15.7-18.6V128c0-35.3-28.7-64-64-64H64zm64 112l0 160c0 8.8 7.2 16 16 16H432c8.8 0 16-7.2 16-16V176c0-8.8-7.2-16-16-16H144c-8.8 0-16 7.2-16 16zM96 160c0-17.7 14.3-32 32-32H448c17.7 0 32 14.3 32 32V352c0 17.7-14.3 32-32 32H128c-17.7 0-32-14.3-32-32V160z\"><\/path><\/svg><\/div><\/span><\/a><\/div>\n<\/div><\/div>\n<\/div><\/div><\/div>\n\n\n\n<div class=\"wp-block-stackable-column stk-block-column stk-column stk-block stk-d734160\" data-v=\"4\" data-block-id=\"d734160\"><style>.stk-d734160-inner-blocks{justify-content:center !important;}@media screen and (min-width:690px){.stk-d734160 {flex:var(--stk-flex-grow, 1) 1 calc(85% - var(--stk-column-gap, 0px) * 1 \/ 2 ) !important;}}<\/style><div class=\"stk-column-wrapper stk-block-column__content stk-container stk-d734160-container stk--no-background stk--no-padding\"><div class=\"has-text-align-center-mobile stk--column-flex stk-block-content stk-inner-blocks stk-d734160-inner-blocks\">\n<p><strong>Servicio de asistencia<\/strong><\/p>\n\n\n\n<div class=\"wp-block-stackable-text stk-block-text stk-block stk-f0215be\" data-block-id=\"f0215be\"><p class=\"stk-block-text__text\"><a href=\"https:\/\/gsoftwarelab.atlassian.net\/servicedesk\/customer\/portal\/1\" target=\"_blank\" rel=\"noreferrer noopener\">gsoftwarelab.atlassian.net<\/a><\/p><\/div>\n<\/div><\/div><\/div>\n<\/div><\/div>\n<\/div><\/div><\/div>\n<\/div><\/div>\n<\/div><\/div><\/div>\n<\/div><\/div>\n\n\n\n<div class=\"wp-block-stackable-columns alignfull stk-block-columns stk-block stk-56158d6\" data-block-id=\"56158d6\"><style>.stk-56158d6 {min-height:200px !important;align-items:center !important;display:flex !important;}<\/style><div class=\"stk-row stk-inner-blocks stk-block-content stk-content-align stk-56158d6-column alignwide\">\n<div class=\"wp-block-stackable-column stk-block-column stk-column stk-block stk-6e4c662\" data-v=\"4\" data-block-id=\"6e4c662\"><style>.stk-6e4c662 {align-self:center !important;}<\/style><div class=\"stk-column-wrapper stk-block-column__content stk-container stk-6e4c662-container stk--no-background stk--no-padding\"><div class=\"stk-block-content stk-inner-blocks stk-6e4c662-inner-blocks\">\n<div class=\"wp-block-stackable-heading stk-block-heading stk-block-heading--v2 stk-block stk-5081b35\" id=\"heading-placeholder\" data-block-id=\"5081b35\"><h2 class=\"stk-block-heading__text has-text-align-center\">Documentaci\u00f3n<\/h2><\/div>\n<\/div><\/div><\/div>\n\n\n\n<div class=\"wp-block-stackable-column stk-block-column stk-column stk-block stk-cbc9b0b\" data-v=\"4\" data-block-id=\"cbc9b0b\"><div class=\"stk-column-wrapper stk-block-column__content stk-container stk-cbc9b0b-container stk--no-background stk--no-padding\"><div class=\"stk-block-content stk-inner-blocks stk-cbc9b0b-inner-blocks\">\n<div class=\"wp-block-stackable-text stk-block-text stk-block stk-8dc74e5\" data-block-id=\"8dc74e5\"><p class=\"stk-block-text__text\">\u00bfNecesitas ayuda? Encuentre respuestas, gu\u00edas y tutoriales en nuestra documentaci\u00f3n.<\/p><\/div>\n\n\n\n<div class=\"wp-block-stackable-button-group stk-block-button-group stk-block stk-0242e5a\" data-block-id=\"0242e5a\"><div class=\"stk-row stk-inner-blocks stk-block-content stk-button-group\">\n<div class=\"wp-block-stackable-button stk-block-button stk-block stk-41ef088\" data-block-id=\"41ef088\"><a class=\"stk-link stk-button stk--hover-effect-darken\" href=\"https:\/\/docs.gsoftwarelab.com\" target=\"_blank\" rel=\"noreferrer noopener\"><span class=\"stk-button__inner-text\">Navegar por la Documentaci\u00f3n<\/span><\/a><\/div>\n<\/div><\/div>\n<\/div><\/div><\/div>\n<\/div><\/div>\n<\/div><\/div><\/div>","protected":false},"excerpt":{"rendered":"<p>P\u00f3ngase en contacto con nosotros \u00a1Nos encantar\u00eda saber de usted! Si tiene alguna pregunta, comentario o comentario, no dude en ponerse en contacto con nosotros. Puede ponerse en contacto con nosotros por correo electr\u00f3nico o abrir un ticket. Nuestro equipo est\u00e1 disponible de lunes a viernes para ayudarle. Alternativamente, puede completar el formulario de contacto a continuaci\u00f3n, y [...]<\/p>","protected":false},"author":1,"featured_media":8015,"parent":0,"menu_order":0,"comment_status":"closed","ping_status":"closed","template":"","meta":{"rop_custom_images_group":[],"rop_custom_messages_group":[],"rop_publish_now":"initial","rop_publish_now_accounts":{"twitter_2998589429_2998589429":""},"rop_publish_now_history":[],"rop_publish_now_status":"pending","footnotes":""},"class_list":["post-865","page","type-page","status-publish","has-post-thumbnail","hentry"],"blocksy_meta":[],"_links":{"self":[{"href":"https:\/\/gsoftwarelab.com\/es\/wp-json\/wp\/v2\/pages\/865","targetHints":{"allow":["GET"]}}],"collection":[{"href":"https:\/\/gsoftwarelab.com\/es\/wp-json\/wp\/v2\/pages"}],"about":[{"href":"https:\/\/gsoftwarelab.com\/es\/wp-json\/wp\/v2\/types\/page"}],"author":[{"embeddable":true,"href":"https:\/\/gsoftwarelab.com\/es\/wp-json\/wp\/v2\/users\/1"}],"replies":[{"embeddable":true,"href":"https:\/\/gsoftwarelab.com\/es\/wp-json\/wp\/v2\/comments?post=865"}],"version-history":[{"count":1,"href":"https:\/\/gsoftwarelab.com\/es\/wp-json\/wp\/v2\/pages\/865\/revisions"}],"predecessor-version":[{"id":8286,"href":"https:\/\/gsoftwarelab.com\/es\/wp-json\/wp\/v2\/pages\/865\/revisions\/8286"}],"wp:featuredmedia":[{"embeddable":true,"href":"https:\/\/gsoftwarelab.com\/es\/wp-json\/wp\/v2\/media\/8015"}],"wp:attachment":[{"href":"https:\/\/gsoftwarelab.com\/es\/wp-json\/wp\/v2\/media?parent=865"}],"curies":[{"name":"wp","href":"https:\/\/api.w.org\/{rel}","templated":true}]}}