{"id":8536,"date":"2025-11-18T09:01:09","date_gmt":"2025-11-18T07:01:09","guid":{"rendered":"https:\/\/gsoftwarelab.com\/?page_id=8536"},"modified":"2025-12-10T02:36:15","modified_gmt":"2025-12-10T00:36:15","slug":"free-seo-tools","status":"publish","type":"page","link":"https:\/\/gsoftwarelab.com\/es\/free-seo-tools\/","title":{"rendered":"Herramientas de SEO en l\u00ednea gratuitas para el an\u00e1lisis de sitios web &amp; Crecimiento"},"content":{"rendered":"<div class=\"wp-block-stackable-heading stk-block-heading stk-block-heading--v2 stk-block stk-7afc9ef\" id=\"free-online-seo-tools-for-website-analysis-amp-growth\" data-block-id=\"7afc9ef\"><style>.stk-7afc9ef .stk-block-heading__top-line{margin-left:auto !important;margin-right:auto !important;}.stk-7afc9ef .stk-block-heading__bottom-line{margin-left:auto !important;margin-right:auto !important;}<\/style><div class=\"stk-block-heading__top-line\"><\/div><h1 class=\"stk-block-heading__text has-text-align-center\">Herramientas de SEO en l\u00ednea gratuitas para el an\u00e1lisis de sitios web &amp; Crecimiento<\/h1><\/div>\n\n\n\n<div class=\"wp-block-stackable-text stk-block-text stk-block stk-9b7ede8\" data-block-id=\"9b7ede8\"><p class=\"stk-block-text__text\">Bienvenido a su nuevo centro de herramientas de SEO en l\u00ednea potentes y gratuitas. Estamos creando un conjunto de herramientas completo para ayudarle a analizar su sitio web, hacer un seguimiento de su rendimiento y descubrir nuevas oportunidades de crecimiento. Ya seas un profesional de SEO, un propietario de una peque\u00f1a empresa o un comercializador digital, estas herramientas est\u00e1n dise\u00f1adas para proporcionarte datos r\u00e1pidos y accionables, sin condiciones.<\/p><\/div>\n\n\n\n<div class=\"wp-block-stackable-columns alignfull stk-block-columns stk-block stk-d89ea53\" data-block-id=\"d89ea53\"><style>.stk-d89ea53 {margin-top:var(--stk--preset--spacing--70, 3.38rem) !important;margin-bottom:var(--stk--preset--spacing--70, 3.38rem) !important;}<\/style><div class=\"stk-row stk-inner-blocks stk-block-content stk-content-align stk-d89ea53-column alignwide\">\n<div class=\"wp-block-stackable-column stk-block-column stk-column stk-block stk-d10bbd9\" data-v=\"4\" data-block-id=\"d10bbd9\"><div class=\"stk-column-wrapper stk-block-column__content stk-container stk-d10bbd9-container stk--no-background stk--no-padding\"><div class=\"has-text-align-center stk-block-content stk-inner-blocks stk-d10bbd9-inner-blocks\">\n<div class=\"wp-block-stackable-heading stk-block-heading stk-block-heading--v2 stk-block stk-0de3490\" id=\"heading-placeholder\" data-block-id=\"0de3490\"><style>.stk-0de3490 {margin-bottom:40px !important;}<\/style><h2 class=\"stk-block-heading__text\">Sitio web gratuito PageRank Checker<\/h2><\/div>\n\n\n\n<div class=\"wp-block-stackable-columns stk-block-columns stk-block stk-abee3c0\" data-block-id=\"abee3c0\"><style>.stk-abee3c0 .stk--block-align-abee3c0{align-items:center !important;}.stk-abee3c0 {margin-bottom:64px !important;}<\/style><div class=\"stk-row stk-inner-blocks has-text-align-left stk--block-align-abee3c0 stk-block-content stk-content-align stk-abee3c0-column\">\n<div class=\"wp-block-stackable-column stk-block-column stk-column stk-block stk-5b7c62c\" data-v=\"4\" data-block-id=\"5b7c62c\"><div class=\"stk-column-wrapper stk-block-column__content stk-container stk-5b7c62c-container stk--no-background stk--no-padding\"><div class=\"stk-block-content stk-inner-blocks stk-5b7c62c-inner-blocks\">\n<div class=\"wp-block-stackable-heading stk-block-heading stk-block-heading--v2 stk-block stk-f8f6d88\" id=\"long-subheading-placeholder\" data-block-id=\"f8f6d88\"><h3 class=\"stk-block-heading__text\">Vea al instante la autoridad SEO de su sitio<\/h3><\/div>\n\n\n\n<div class=\"wp-block-stackable-text stk-block-text stk-block stk-5ca094b\" data-block-id=\"5ca094b\"><style>.stk-5ca094b {margin-bottom:40px !important;}<\/style><p class=\"stk-block-text__text\">Desbloquea informaci\u00f3n clave sobre el rendimiento de tu sitio web. Nuestro comprobador gratuito de PageRank revela instant\u00e1neamente la autoridad y las se\u00f1ales de clasificaci\u00f3n de su dominio. Comprenda d\u00f3nde se encuentra en los motores de b\u00fasqueda, analice a sus competidores y tome decisiones de SEO m\u00e1s inteligentes. Ingrese cualquier dominio para obtener un an\u00e1lisis instant\u00e1neo de PageRank y SQI.<\/p><\/div>\n<\/div><\/div><\/div>\n\n\n\n<div class=\"wp-block-stackable-column stk-block-column stk-column stk-block stk-09865b4\" data-v=\"4\" data-block-id=\"09865b4\"><style>.stk-09865b4 {overflow:hidden !important;}<\/style><div class=\"stk-column-wrapper stk-block-column__content stk-container stk-09865b4-container stk--no-background stk--no-padding\"><div class=\"stk-block-content stk-inner-blocks stk-09865b4-inner-blocks\">\n<iframe   src=\"https:\/\/pagerankapi-webapp.pages.dev\"   title=\"Comprobador gratuito de PageRank\"   width=\"100%\"   height=\"500\"   style=\"border:none;\"   frameborder=\"0\"   loading=\"lazy\"> <\/iframe>\n<\/div><\/div><\/div>\n<\/div><\/div>\n\n\n\n<div class=\"wp-block-stackable-heading stk-block-heading stk-block-heading--v2 stk-block stk-a37077d\" id=\"heading-placeholder\" data-block-id=\"a37077d\"><style>.stk-a37077d {margin-bottom:40px !important;}<\/style><h2 class=\"stk-block-heading__text\"><a href=\"https:\/\/topback.link\" target=\"_blank\" rel=\"noopener\">Free Backlink Checker &amp; An\u00e1lisis SEO<\/a><\/h2><\/div>\n\n\n\n<div class=\"wp-block-stackable-columns stk-block-columns stk-block stk-6da37b2\" data-block-id=\"6da37b2\"><style>.stk-6da37b2 .stk--block-align-6da37b2{align-items:center !important;}<\/style><div class=\"stk-row stk-inner-blocks has-text-align-left stk--block-align-6da37b2 stk-block-content stk-content-align stk-6da37b2-column\">\n<div class=\"wp-block-stackable-column stk-block-column stk-column stk-block stk-684d209\" data-v=\"4\" data-block-id=\"684d209\"><div class=\"stk-column-wrapper stk-block-column__content stk-container stk-684d209-container stk--no-background stk--no-padding\"><div class=\"stk-block-content stk-inner-blocks stk-684d209-inner-blocks\">\n<div class=\"wp-block-stackable-image stk-block-image stk-block stk-398883e\" data-block-id=\"398883e\"><style>.stk-398883e .stk-img-wrapper{height:500px !important;}.stk-398883e .stk-img-wrapper img{object-fit:contain !important;}<\/style><figure><span class=\"stk-img-wrapper stk-image--shape-stretch\"><img decoding=\"async\" class=\"stk-img wp-image-8620\" src=\"https:\/\/gsoftwarelab.com\/wp-content\/uploads\/2025\/12\/screenshot-topbacklink-1024x1024.png\" width=\"1024\" height=\"1024\" alt=\"Interfaz de comprobaci\u00f3n de backlinks de TopBack.Link\" title=\"\" srcset=\"https:\/\/gsoftwarelab.com\/wp-content\/uploads\/2025\/12\/screenshot-topbacklink-1024x1024.png 1024w, https:\/\/gsoftwarelab.com\/wp-content\/uploads\/2025\/12\/screenshot-topbacklink-300x300.png 300w, https:\/\/gsoftwarelab.com\/wp-content\/uploads\/2025\/12\/screenshot-topbacklink-150x150.png 150w, https:\/\/gsoftwarelab.com\/wp-content\/uploads\/2025\/12\/screenshot-topbacklink-768x768.png 768w, https:\/\/gsoftwarelab.com\/wp-content\/uploads\/2025\/12\/screenshot-topbacklink-12x12.png 12w, https:\/\/gsoftwarelab.com\/wp-content\/uploads\/2025\/12\/screenshot-topbacklink-600x600.png 600w, https:\/\/gsoftwarelab.com\/wp-content\/uploads\/2025\/12\/screenshot-topbacklink-100x100.png 100w, https:\/\/gsoftwarelab.com\/wp-content\/uploads\/2025\/12\/screenshot-topbacklink.png 1280w\" sizes=\"(max-width: 1024px) 100vw, 1024px\" \/><\/span><\/figure><\/div>\n<\/div><\/div><\/div>\n\n\n\n<div class=\"wp-block-stackable-column stk-block-column stk-column stk-block stk-68b2fbc\" data-v=\"4\" data-block-id=\"68b2fbc\"><style>.stk-68b2fbc {overflow:hidden !important;}<\/style><div class=\"stk-column-wrapper stk-block-column__content stk-container stk-68b2fbc-container stk--no-background stk--no-padding\"><div class=\"stk-block-content stk-inner-blocks stk-68b2fbc-inner-blocks\">\n<div class=\"wp-block-stackable-heading stk-block-heading stk-block-heading--v2 stk-block stk-dc91a3f\" id=\"long-subheading-placeholder\" data-block-id=\"dc91a3f\"><h3 class=\"stk-block-heading__text\">Verifique Backlinks, Analice Quality &amp; Rastree el Rendimiento<\/h3><\/div>\n\n\n\n<div class=\"wp-block-stackable-text stk-block-text stk-block stk-b7ea234\" data-block-id=\"b7ea234\"><style>.stk-b7ea234 {margin-bottom:40px !important;}<\/style><p class=\"stk-block-text__text\">Tome el control de su SEO fuera de la p\u00e1gina con la verificaci\u00f3n instant\u00e1nea. Pegue su lista de URL para rastrear enlaces en tiempo real, verificando su presencia, anclaje de texto y <code>dofollow<\/code>\/<code>nofollow<\/code> situaci\u00f3n.<\/p><\/div>\n\n\n\n<p>Ir m\u00e1s all\u00e1 de la simple comprobaci\u00f3n con nuestro propietario <strong>Puntuaci\u00f3n de calidad<\/strong>. Analizamos la autoridad, el recuento de palabras y la densidad de enlaces de la p\u00e1gina de origen para ayudarle a identificar enlaces y oportunidades t\u00f3xicos. \u00a1No se requiere tarjeta de cr\u00e9dito! Comience ahora en <a href=\"https:\/\/topback.link\" target=\"_blank\" rel=\"noopener\">TopBack.Enlace<\/a>.<\/p>\n<\/div><\/div><\/div>\n<\/div><\/div>\n<\/div><\/div><\/div>\n<\/div><\/div>\n\n\n\n<div class=\"wp-block-stackable-columns alignfull stk-block-columns stk-block stk-32917c9\" data-block-id=\"32917c9\"><style>.stk-32917c9 {margin-top:var(--stk--preset--spacing--70, 3.38rem) !important;margin-bottom:var(--stk--preset--spacing--70, 3.38rem) !important;}<\/style><div class=\"stk-row stk-inner-blocks stk-block-content stk-content-align stk-32917c9-column alignwide\">\n<div class=\"wp-block-stackable-column stk-block-column stk-column stk-block stk-d40e88a\" data-v=\"4\" data-block-id=\"d40e88a\"><div class=\"stk-column-wrapper stk-block-column__content stk-container stk-d40e88a-container stk--no-background stk--no-padding\"><div class=\"has-text-align-center stk-block-content stk-inner-blocks stk-d40e88a-inner-blocks\">\n<div class=\"wp-block-stackable-heading stk-block-heading stk-block-heading--v2 stk-block stk-c63df49\" id=\"heading-placeholder\" data-block-id=\"c63df49\"><style>.stk-c63df49 {margin-bottom:40px !important;}<\/style><h2 class=\"stk-block-heading__text\">M\u00e1s herramientas gratuitas pr\u00f3ximamente<\/h2><\/div>\n\n\n\n<div class=\"wp-block-stackable-columns stk-block-columns stk-block stk-78dfe0e\" data-block-id=\"78dfe0e\"><style>.stk-78dfe0e .stk--block-align-78dfe0e{align-items:center !important;}<\/style><div class=\"stk-row stk-inner-blocks has-text-align-left stk--block-align-78dfe0e stk-block-content stk-content-align stk-78dfe0e-column\">\n<div class=\"wp-block-stackable-column stk-block-column stk-column stk-block stk-7b43cae\" data-v=\"4\" data-block-id=\"7b43cae\"><div class=\"stk-column-wrapper stk-block-column__content stk-container stk-7b43cae-container stk--no-background stk--no-padding\"><div class=\"stk-block-content stk-inner-blocks stk-7b43cae-inner-blocks\">\n<div class=\"wp-block-stackable-heading stk-block-heading stk-block-heading--v2 stk-block stk-49e109a\" id=\"long-subheading-placeholder\" data-block-id=\"49e109a\"><h3 class=\"stk-block-heading__text\">S\u00f3lo el principio...<\/h3><\/div>\n\n\n\n<div class=\"wp-block-stackable-text stk-block-text stk-block stk-b734eb0\" data-block-id=\"b734eb0\"><style>.stk-b734eb0 {margin-bottom:40px !important;}<\/style><p class=\"stk-block-text__text\">Este comprobador de PageRank es solo el comienzo. Estamos desarrollando activamente m\u00e1s herramientas gratuitas para ayudarte a dominar tu SEO, como un analizador de backlinks, una herramienta de investigaci\u00f3n de palabras clave y un auditor de SEO en la p\u00e1gina. Marca esta p\u00e1gina y vuelve pronto!<\/p><\/div>\n<\/div><\/div><\/div>\n\n\n\n<div class=\"wp-block-stackable-column stk-block-column stk-column stk-block stk-a6e9c05\" data-v=\"4\" data-block-id=\"a6e9c05\"><div class=\"stk-column-wrapper stk-block-column__content stk-container stk-a6e9c05-container stk--no-background stk--no-padding\"><div class=\"stk-block-content stk-inner-blocks stk-a6e9c05-inner-blocks\"><\/div><\/div><\/div>\n<\/div><\/div>\n<\/div><\/div><\/div>\n<\/div><\/div>","protected":false},"excerpt":{"rendered":"<p>Herramientas de SEO en l\u00ednea gratuitas para an\u00e1lisis de sitios web &amp; Crecimiento Bienvenido a su nuevo centro de herramientas de SEO en l\u00ednea potentes y gratuitas. Estamos creando un conjunto de herramientas completo para ayudarle a analizar su sitio web, hacer un seguimiento de su rendimiento y descubrir nuevas oportunidades de crecimiento. Ya seas un profesional de SEO, un propietario de una peque\u00f1a empresa o un comercializador digital, estas herramientas [...]<\/p>","protected":false},"author":1,"featured_media":8537,"parent":0,"menu_order":0,"comment_status":"closed","ping_status":"closed","template":"","meta":{"rop_custom_images_group":[],"rop_custom_messages_group":[],"rop_publish_now":"initial","rop_publish_now_accounts":{"twitter_2998589429_2998589429":""},"rop_publish_now_history":[],"rop_publish_now_status":"pending","footnotes":""},"class_list":["post-8536","page","type-page","status-publish","has-post-thumbnail","hentry"],"blocksy_meta":[],"_links":{"self":[{"href":"https:\/\/gsoftwarelab.com\/es\/wp-json\/wp\/v2\/pages\/8536","targetHints":{"allow":["GET"]}}],"collection":[{"href":"https:\/\/gsoftwarelab.com\/es\/wp-json\/wp\/v2\/pages"}],"about":[{"href":"https:\/\/gsoftwarelab.com\/es\/wp-json\/wp\/v2\/types\/page"}],"author":[{"embeddable":true,"href":"https:\/\/gsoftwarelab.com\/es\/wp-json\/wp\/v2\/users\/1"}],"replies":[{"embeddable":true,"href":"https:\/\/gsoftwarelab.com\/es\/wp-json\/wp\/v2\/comments?post=8536"}],"version-history":[{"count":4,"href":"https:\/\/gsoftwarelab.com\/es\/wp-json\/wp\/v2\/pages\/8536\/revisions"}],"predecessor-version":[{"id":8623,"href":"https:\/\/gsoftwarelab.com\/es\/wp-json\/wp\/v2\/pages\/8536\/revisions\/8623"}],"wp:featuredmedia":[{"embeddable":true,"href":"https:\/\/gsoftwarelab.com\/es\/wp-json\/wp\/v2\/media\/8537"}],"wp:attachment":[{"href":"https:\/\/gsoftwarelab.com\/es\/wp-json\/wp\/v2\/media?parent=8536"}],"curies":[{"name":"wp","href":"https:\/\/api.w.org\/{rel}","templated":true}]}}