{"id":8524,"date":"2025-11-15T08:47:14","date_gmt":"2025-11-15T06:47:14","guid":{"rendered":"https:\/\/gsoftwarelab.com\/?page_id=8524"},"modified":"2025-11-15T08:47:18","modified_gmt":"2025-11-15T06:47:18","slug":"software-license-agreement","status":"publish","type":"page","link":"https:\/\/gsoftwarelab.com\/es\/software-license-agreement\/","title":{"rendered":"Acuerdo de licencia de software"},"content":{"rendered":"<h1 class=\"wp-block-heading\">ACUERDO DE LICENCIA DE SOFTWARE<\/h1>\n\n\n\n<p>El presente Acuerdo de licencia de software (el \u00abACUERDO\u00bb) es un acuerdo jur\u00eddico vinculante entre usted (ya sea una persona f\u00edsica o jur\u00eddica \u00fanica, en lo sucesivo \u00abusted\u00bb o \u00abLicenciatario\u00bb) y GSoftwareLab (en lo sucesivo, \u00abLicenciante\u00bb o \u00abGSoftwareLab\u201d).<\/p>\n\n\n\n<p>Este ACUERDO rige su uso del GSoftwareLab el producto de software que acompa\u00f1a al presente ACUERDO, que incluye el software, cualquier medio asociado, materiales impresos y documentaci\u00f3n \u00aben l\u00ednea\u00bb o electr\u00f3nica (colectivamente, el \u00abSOFTWARE\u00bb).<\/p>\n\n\n\n<p><strong>Al instalar, copiar, descargar o utilizar el SOFTWARE, usted acepta estar sujeto a los t\u00e9rminos y condiciones de este ACUERDO. Si no est\u00e1 de acuerdo con estos t\u00e9rminos, no instale ni utilice el SOFTWARE.<\/strong><\/p>\n\n\n\n<h3 class=\"wp-block-heading\">1. PROPIEDAD Y PROPIEDAD INTELECTUAL<\/h3>\n\n\n\n<p>El SOFTWARE es propiedad de GSoftwareLab y est\u00e1 protegido por las leyes de derechos de autor y los tratados internacionales de derechos de autor, as\u00ed como por otras leyes y tratados de propiedad intelectual. El SOFTWARE tiene licencia, no se vende. GSoftwareLab se reserva todos los derechos no otorgados expresamente a usted en este ACUERDO.<\/p>\n\n\n\n<h3 class=\"wp-block-heading\">2. CONCESI\u00d3N DE LICENCIA<\/h3>\n\n\n\n<p>Sujeto a su cumplimiento de todos los t\u00e9rminos de este ACUERDO, GSoftwareLab le otorga los siguientes derechos no exclusivos e intransferibles:<\/p>\n\n\n\n<ul class=\"wp-block-list\">\n<li><strong>Licencia de prueba o evaluaci\u00f3n:<\/strong> Si se le proporciona el SOFTWARE para fines de evaluaci\u00f3n, GSoftwareLab le concede una licencia para instalar y utilizar una (1) copia del SOFTWARE con fines de prueba y evaluaci\u00f3n durante un per\u00edodo de tiempo limitado (el \u00abPer\u00edodo de prueba\u00bb). La duraci\u00f3n y los t\u00e9rminos espec\u00edficos del per\u00edodo de prueba (por ejemplo, limitaciones de caracter\u00edsticas) se especificar\u00e1n mediante: GSoftwareLab en el momento de la descarga o dentro del propio SOFTWARE. Al expirar el Per\u00edodo de prueba, debe comprar una suscripci\u00f3n para continuar usando el SOFTWARE o desinstalar y destruir todas las copias del SOFTWARE.<\/li>\n\n\n\n<li><strong>Licencia de suscripci\u00f3n:<\/strong> Condicionado a su cumplimiento de este ACUERDO y al pago oportuno de todas las tarifas de suscripci\u00f3n aplicables, GSoftwareLab le otorga una licencia para instalar y utilizar el SOFTWARE durante el per\u00edodo de su suscripci\u00f3n activa. Esta licencia permite el uso en una sola computadora (por ejemplo, PC o servidor) a la vez, a menos que se compren licencias adicionales (suscripciones) de GSoftwareLab por cada ordenador adicional.<\/li>\n<\/ul>\n\n\n\n<h3 class=\"wp-block-heading\">3. PLAZO DE SUSCRIPCI\u00d3N Y PAGO<\/h3>\n\n\n\n<p>El SOFTWARE tiene licencia por suscripci\u00f3n. Su licencia para usar el SOFTWARE depende de su pago activo y oportuno de las tarifas de suscripci\u00f3n. Estas tarifas se facturar\u00e1n peri\u00f3dicamente (por ejemplo, mensualmente, anualmente) seg\u00fan lo especificado en el momento de su compra.<\/p>\n\n\n\n<p>El hecho de no mantener una suscripci\u00f3n activa o de remitir el pago de las tarifas de suscripci\u00f3n dar\u00e1 lugar a la terminaci\u00f3n de su licencia. Al finalizar o expirar su suscripci\u00f3n, debe cesar inmediatamente todo uso del SOFTWARE y desinstalarlo de su(s) computadora(s).<\/p>\n\n\n\n<h3 class=\"wp-block-heading\">4. RESTRICCIONES DE LICENCIA<\/h3>\n\n\n\n<p>Se le proh\u00edbe expresamente hacer lo siguiente:<\/p>\n\n\n\n<ul class=\"wp-block-list\">\n<li>Usted no puede sublicenciar, alquilar, arrendar, vender o transferir el SOFTWARE o cualquier parte del mismo a terceros.<\/li>\n\n\n\n<li>Usted no puede descompilar, desensamblar, realizar ingenier\u00eda inversa o intentar derivar el c\u00f3digo fuente del SOFTWARE o cualquier parte del mismo, excepto y solo en la medida en que dicha actividad est\u00e9 expresamente permitida por la ley aplicable a pesar de esta limitaci\u00f3n.<\/li>\n\n\n\n<li>Usted no puede modificar el SOFTWARE ni crear trabajos derivados basados en el SOFTWARE.<\/li>\n\n\n\n<li>No puede usar el SOFTWARE despu\u00e9s de que el Per\u00edodo de prueba autorizado haya expirado sin comprar una suscripci\u00f3n activa.<\/li>\n\n\n\n<li>Usted no puede pasar por alto, deshabilitar o anular ninguna licencia, protecci\u00f3n contra copias o mecanismos de aplicaci\u00f3n del per\u00edodo de prueba contenidos en el SOFTWARE.<\/li>\n\n\n\n<li>Usted no puede copiar o distribuir el instalador de SOFTWARE o cualquiera de sus componentes. Toda la distribuci\u00f3n es manejada exclusivamente por GSoftwareLab o sus revendedores autorizados.<\/li>\n<\/ul>\n\n\n\n<h3 class=\"wp-block-heading\">5. ACTUALIZACIONES Y APOYO<\/h3>\n\n\n\n<p>GSoftwareLab puede, a su entera discreci\u00f3n, proporcionar actualizaciones, parches o soporte t\u00e9cnico para el SOFTWARE durante un per\u00edodo de suscripci\u00f3n activa. Cualquier c\u00f3digo de software suplementario o actualizaciones que se le proporcionen se considerar\u00e1 parte del SOFTWARE y estar\u00e1 sujeto a los t\u00e9rminos y condiciones de este ACUERDO.<\/p>\n\n\n\n<h3 class=\"wp-block-heading\">6. RECOPILACI\u00d3N DE DATOS Y PRIVACIDAD<\/h3>\n\n\n\n<p>Usted reconoce que el SOFTWARE puede contener tecnolog\u00eda de activaci\u00f3n, anti-abuso y verificaci\u00f3n de licencias. Para detectar y prevenir el uso fraudulento o no autorizado, el SOFTWARE puede recopilar, almacenar y transmitir ciertos datos (como direcciones IP o identificadores de m\u00e1quina). GSoftwareLab se reserva el derecho de utilizar estos datos para hacer cumplir sus t\u00e9rminos de licencia. GSoftwareLabLa recopilaci\u00f3n y el uso de cualquier dato personal se regir\u00e1n por su pol\u00edtica de privacidad, que est\u00e1 disponible en su sitio web.<\/p>\n\n\n\n<h3 class=\"wp-block-heading\">7. COMPONENTES DE TERCEROS<\/h3>\n\n\n\n<p>El SOFTWARE puede contener o estar incluido con software, bibliotecas o componentes de terceros que est\u00e1n licenciados bajo sus respectivos acuerdos de licencia. Una lista de dichos componentes y sus licencias aplicables puede estar disponible en la documentaci\u00f3n del SOFTWARE o en la pantalla \u00abAcerca de\u00bb. Este ACUERDO no altera ning\u00fan derecho u obligaci\u00f3n que pueda tener bajo esas licencias separadas.<\/p>\n\n\n\n<h3 class=\"wp-block-heading\">8. RENUNCIA DE GARANT\u00cdA<\/h3>\n\n\n\n<p>EL SOFTWARE SE SUMINISTRA \u00abTAL COMO EST\u00c1\u00bb Y SIN GARANT\u00cdA DE NING\u00daN TIPO. GSOFTWARELAB RENUNCIA A TODAS LAS GARANT\u00cdAS, EXPRESAS O IMPL\u00cdCITAS, INCLUIDAS, SIN LIMITACI\u00d3N, LAS GARANT\u00cdAS DE COMERCIABILIDAD, ADECUACI\u00d3N PARA UN PROP\u00d3SITO PARTICULAR Y NO INFRACCI\u00d3N. EL RIESGO TOTAL QUE SURJA DEL USO O RENDIMIENTO DEL SOFTWARE PERMANECE CON USTED.<\/p>\n\n\n\n<h3 class=\"wp-block-heading\">9. LIMITACI\u00d3N DE RESPONSABILIDAD<\/h3>\n\n\n\n<p>EN NING\u00daN CASO GSOFTWARELAB O SUS PROVEEDORES SER\u00c1N RESPONSABLES DE CUALQUIER DA\u00d1O (INCLUIDOS, SIN LIMITACI\u00d3N, LOS DA\u00d1OS POR P\u00c9RDIDA DE BENEFICIOS EMPRESARIALES, INTERRUPCI\u00d3N EMPRESARIAL, P\u00c9RDIDA DE INFORMACI\u00d3N EMPRESARIAL O CUALQUIER OTRA P\u00c9RDIDA PECUNIARIA) QUE SURJA DEL USO O INCAPACIDAD DE USAR EL SOFTWARE, INCLUSO SI GSOFTWARELAB HA SIDO Avisado DE LA POSIBILIDAD DE TALES DA\u00d1OS.<\/p>\n\n\n\n<p>EN CUALQUIER CASO, LA RESPONSABILIDAD TOTAL DE GSOFTWARELAB EN VIRTUD DE CUALQUIER DISPOSICI\u00d3N DEL PRESENTE ACUERDO ESTAR\u00c1 LIMITADA AL IMPORTE REALMENTE PAGADO POR USTED POR LA SUSCRIPCI\u00d3N DE SOFTWARE DURANTE LOS DOS (12) MESESES ANTERIORES AL EVENTO QUE SUCEDA LA RECLAMACI\u00d3N, O AL IMPORTE M\u00c1S BAJO PERMITIDO POR LA LEY.<\/p>\n\n\n\n<h3 class=\"wp-block-heading\">10. TERMINACI\u00d3N<\/h3>\n\n\n\n<p>Sin perjuicio de cualesquiera otros derechos, GSoftwareLab puede rescindir este ACUERDO inmediatamente si no cumple con cualquiera de sus t\u00e9rminos y condiciones. En tal caso, debe cesar inmediatamente todo uso del SOFTWARE y destruir todas las copias del SOFTWARE y todas sus partes componentes. Las secciones 1, 4, 6, 7, 8, 9 y 11 sobrevivir\u00e1n a cualquier terminaci\u00f3n de este ACUERDO.<\/p>\n\n\n\n<h3 class=\"wp-block-heading\">11. DISPOSICIONES GENERALES<\/h3>\n\n\n\n<ul class=\"wp-block-list\">\n<li><strong>Ley aplicable:<\/strong> El presente ACUERDO se regir\u00e1 e interpretar\u00e1 de conformidad con las leyes de <strong>[Su Estado\/Pa\u00eds]<\/strong>, sin tener en cuenta sus principios de conflicto de leyes. Usted acepta someterse a la jurisdicci\u00f3n exclusiva de los tribunales ubicados en <strong>[Su ciudad, estado\/pa\u00eds]<\/strong> para resolver cualquier disputa que surja de este ACUERDO.<\/li>\n\n\n\n<li><strong>Separabilidad:<\/strong> Si alguna disposici\u00f3n de este ACUERDO se considera inaplicable o inv\u00e1lida, dicha disposici\u00f3n se cambiar\u00e1 e interpretar\u00e1 para lograr los objetivos de dicha disposici\u00f3n en la mayor medida posible seg\u00fan la ley aplicable, y las disposiciones restantes continuar\u00e1n en plena vigencia y efecto.<\/li>\n\n\n\n<li><strong>Restricciones a la exportaci\u00f3n:<\/strong> Usted acepta cumplir con todas las leyes y regulaciones de control de exportaci\u00f3n y reexportaci\u00f3n aplicables de su jurisdicci\u00f3n y cualquier otra jurisdicci\u00f3n aplicable.<\/li>\n\n\n\n<li><strong>Acuerdo completo:<\/strong> Este ACUERDO constituye el acuerdo completo entre usted y GSoftwareLab en relaci\u00f3n con el SOFTWARE y reemplaza todas las comunicaciones, propuestas y representaciones orales o escritas anteriores o contempor\u00e1neas con respecto al SOFTWARE o cualquier otro tema cubierto por este ACUERDO.<\/li>\n<\/ul>","protected":false},"excerpt":{"rendered":"<p>ACUERDO DE LICENCIA DE SOFTWARE El presente Acuerdo de Licencia de Software (el \u00abACUERDO\u00bb) es un acuerdo jur\u00eddico vinculante entre usted (ya sea una persona f\u00edsica o jur\u00eddica \u00fanica, en lo sucesivo \u00abusted\u00bb o \u00abLicenciatario\u00bb) y GSoftwareLab (en lo sucesivo, \u00abLicenciante\u00bb o \u00abGSoftwareLab\u201d). Este ACUERDO rige su uso del GSoftwareLab producto de software que acompa\u00f1a a este ACUERDO, que incluye el software, cualquier medio asociado, [...]<\/p>","protected":false},"author":1,"featured_media":0,"parent":0,"menu_order":0,"comment_status":"closed","ping_status":"closed","template":"","meta":{"rop_custom_images_group":[],"rop_custom_messages_group":[],"rop_publish_now":"initial","rop_publish_now_accounts":{"twitter_2998589429_2998589429":""},"rop_publish_now_history":[],"rop_publish_now_status":"pending","footnotes":""},"class_list":["post-8524","page","type-page","status-publish","hentry"],"blocksy_meta":[],"_links":{"self":[{"href":"https:\/\/gsoftwarelab.com\/es\/wp-json\/wp\/v2\/pages\/8524","targetHints":{"allow":["GET"]}}],"collection":[{"href":"https:\/\/gsoftwarelab.com\/es\/wp-json\/wp\/v2\/pages"}],"about":[{"href":"https:\/\/gsoftwarelab.com\/es\/wp-json\/wp\/v2\/types\/page"}],"author":[{"embeddable":true,"href":"https:\/\/gsoftwarelab.com\/es\/wp-json\/wp\/v2\/users\/1"}],"replies":[{"embeddable":true,"href":"https:\/\/gsoftwarelab.com\/es\/wp-json\/wp\/v2\/comments?post=8524"}],"version-history":[{"count":1,"href":"https:\/\/gsoftwarelab.com\/es\/wp-json\/wp\/v2\/pages\/8524\/revisions"}],"predecessor-version":[{"id":8525,"href":"https:\/\/gsoftwarelab.com\/es\/wp-json\/wp\/v2\/pages\/8524\/revisions\/8525"}],"wp:attachment":[{"href":"https:\/\/gsoftwarelab.com\/es\/wp-json\/wp\/v2\/media?parent=8524"}],"curies":[{"name":"wp","href":"https:\/\/api.w.org\/{rel}","templated":true}]}}