{"id":8012,"date":"2025-08-14T16:46:16","date_gmt":"2025-08-14T14:46:16","guid":{"rendered":"https:\/\/gsoftwarelab.com\/?page_id=8012"},"modified":"2025-11-02T05:50:20","modified_gmt":"2025-11-02T03:50:20","slug":"about","status":"publish","type":"page","link":"https:\/\/gsoftwarelab.com\/es\/about\/","title":{"rendered":"Acerca de nosotros"},"content":{"rendered":"<div class=\"wp-block-stackable-columns stk-block-columns stk-block stk-7cad701\" data-block-id=\"7cad701\"><style>.stk-7cad701 {margin-top:var(--stk--preset--spacing--80, 5.06rem) !important;margin-bottom:0px !important;}<\/style><div class=\"stk-row stk-inner-blocks stk-block-content stk-content-align stk-7cad701-column\">\n<div class=\"wp-block-stackable-column stk-block-column stk-column stk-block stk-759a128\" data-v=\"4\" data-block-id=\"759a128\"><div class=\"stk-column-wrapper stk-block-column__content stk-container stk-759a128-container stk--no-background stk--no-padding\"><div class=\"stk-block-content stk-inner-blocks stk-759a128-inner-blocks\">\n<div class=\"wp-block-stackable-heading stk-block-heading stk-block-heading--v2 stk-block stk-8b85890\" id=\"about-us\" data-block-id=\"8b85890\"><style>.stk-8b85890 .stk-block-heading__top-line{margin-left:auto !important;margin-right:auto !important;}<\/style><div class=\"stk-block-heading__top-line\"><\/div><h1 class=\"stk-block-heading__text has-text-align-center\">Acerca de nosotros<\/h1><\/div>\n<\/div><\/div><\/div>\n<\/div><\/div>\n\n\n\n<div class=\"wp-block-stackable-columns alignfull stk-block-columns stk-block stk-763009c\" data-block-id=\"763009c\"><style>.stk-763009c {margin-top:var(--stk--preset--spacing--none, 0px) !important;margin-bottom:var(--stk--preset--spacing--30, 0.67rem) !important;}.stk-763009c-column{max-width:1200px !important;min-width:auto !important;}<\/style><div class=\"stk-row stk-inner-blocks stk-block-content stk-content-align stk-763009c-column alignfull\">\n<div class=\"wp-block-stackable-column stk-block-column stk-column stk-block stk-366084f\" data-v=\"4\" data-block-id=\"366084f\"><style>.stk-366084f {align-self:center !important;}<\/style><div class=\"stk-column-wrapper stk-block-column__content stk-container stk-366084f-container stk--no-background stk--no-padding\"><div class=\"stk-block-content stk-inner-blocks stk-366084f-inner-blocks\">\n<div class=\"wp-block-stackable-heading stk-block-heading stk-block-heading--v2 stk-block stk-56e9fc0\" id=\"heading-placeholder\" data-block-id=\"56e9fc0\"><h2 class=\"stk-block-heading__text has-text-align-center\">Elevando <span style=\"color: var(--theme-palette-color-2, #fd7c47);\" class=\"stk-highlight\">\u00c9xito digital<\/span> desde 2012<\/h2><\/div>\n\n\n\n<div class=\"wp-block-stackable-text stk-block-text stk-block stk-0f939cc\" data-block-id=\"0f939cc\"><p class=\"stk-block-text__text has-text-align-justify\">Con sede en el coraz\u00f3n de Alemania, <a href=\"https:\/\/gsoftwarelab.com\/es\/\">GSoftwareLab<\/a> Fue fundada para resolver un desaf\u00edo cr\u00edtico: para llevar el poder de la ingenier\u00eda de precisi\u00f3n al mundo din\u00e1mico del marketing digital. Vimos la necesidad de herramientas de SEO y automatizaci\u00f3n que no solo fueran poderosas sino tambi\u00e9n confiables, eficientes e intuitivas.<br \/>Hoy en d\u00eda, estamos orgullosos de haber empoderado a miles de profesionales de marketing, agencias y propietarios de negocios en todo el mundo para lograr sus ambiciones digitales.<\/p><\/div>\n\n\n\n<div class=\"wp-block-stackable-button-group stk-block-button-group stk-block stk-09e2621\" data-block-id=\"09e2621\"><div class=\"stk-row stk-inner-blocks has-text-align-center stk-block-content stk-button-group\">\n<div class=\"wp-block-stackable-button stk-block-button stk-block stk-953b7c9\" data-block-id=\"953b7c9\"><a class=\"stk-link stk-button stk--hover-effect-darken\" href=\"https:\/\/gsoftwarelab.atlassian.net\/servicedesk\/customer\/portal\/1\" target=\"_blank\" rel=\"nofollow noreferrer noopener\"><span class=\"stk-button__inner-text\">Cont\u00e1ctenos hoy<\/span><\/a><\/div>\n<\/div><\/div>\n<\/div><\/div><\/div>\n\n\n\n<div class=\"wp-block-stackable-column stk-block-column stk-column stk-block stk-fc5d4eb\" data-v=\"4\" data-block-id=\"fc5d4eb\"><div class=\"stk-column-wrapper stk-block-column__content stk-container stk-fc5d4eb-container stk--no-background stk--no-padding\"><div class=\"stk-block-content stk-inner-blocks stk-fc5d4eb-inner-blocks\">\n<div class=\"wp-block-stackable-image stk-block-image stk-block stk-4ce4082\" data-block-id=\"4ce4082\"><style>.stk-4ce4082 .stk-img-wrapper img{border-radius:var(--stk--preset--border-radius--none, 0px) !important;}<\/style><figure><span class=\"stk-img-wrapper stk-image--shape-stretch\"><img decoding=\"async\" class=\"stk-img wp-image-8309\" src=\"https:\/\/gsoftwarelab.com\/wp-content\/uploads\/2025\/09\/gsoftwarelab_about_us_abstract.png\" width=\"1024\" height=\"1024\" alt=\"Ilustraci\u00f3n abstracta en blanco y naranja que muestra SEO y Crecimiento\" title=\"\" srcset=\"https:\/\/gsoftwarelab.com\/wp-content\/uploads\/2025\/09\/gsoftwarelab_about_us_abstract.png 1024w, https:\/\/gsoftwarelab.com\/wp-content\/uploads\/2025\/09\/gsoftwarelab_about_us_abstract-300x300.png 300w, https:\/\/gsoftwarelab.com\/wp-content\/uploads\/2025\/09\/gsoftwarelab_about_us_abstract-150x150.png 150w, https:\/\/gsoftwarelab.com\/wp-content\/uploads\/2025\/09\/gsoftwarelab_about_us_abstract-768x768.png 768w, https:\/\/gsoftwarelab.com\/wp-content\/uploads\/2025\/09\/gsoftwarelab_about_us_abstract-12x12.png 12w, https:\/\/gsoftwarelab.com\/wp-content\/uploads\/2025\/09\/gsoftwarelab_about_us_abstract-600x600.png 600w, https:\/\/gsoftwarelab.com\/wp-content\/uploads\/2025\/09\/gsoftwarelab_about_us_abstract-100x100.png 100w\" sizes=\"(max-width: 1024px) 100vw, 1024px\" \/><\/span><\/figure><\/div>\n<\/div><\/div><\/div>\n<\/div><\/div>\n\n\n\n<div class=\"wp-block-stackable-columns alignfull stk-block-columns stk-block stk-592db8e\" data-block-id=\"592db8e\"><style>.stk-592db8e {margin-top:var(--stk--preset--spacing--70, 3.38rem) !important;margin-bottom:var(--stk--preset--spacing--70, 3.38rem) !important;}.stk-592db8e-column{max-width:1200px !important;min-width:auto !important;}<\/style><div class=\"stk-row stk-inner-blocks stk-block-content stk-content-align stk-592db8e-column alignfull\">\n<div class=\"wp-block-stackable-column stk-block-column stk-column stk-block stk-8522c81\" data-v=\"4\" data-block-id=\"8522c81\"><div class=\"stk-column-wrapper stk-block-column__content stk-container stk-8522c81-container stk--no-background stk--no-padding\"><div class=\"stk-block-content stk-inner-blocks stk-8522c81-inner-blocks\">\n<div class=\"wp-block-stackable-heading stk-block-heading stk-block-heading--v2 stk-block stk-90f140e\" id=\"heading-placeholder\" data-block-id=\"90f140e\"><h2 class=\"stk-block-heading__text has-text-align-center\">Lo que nuestro <span style=\"color: var(--theme-palette-color-2, #fd7c47);\" class=\"stk-highlight\">Los clientes dicen<\/span><\/h2><\/div>\n\n\n\n<div class=\"wp-block-stackable-text stk-block-text stk-block stk-8e9e9ac\" data-block-id=\"8e9e9ac\"><style>.stk-8e9e9ac {margin-bottom:40px !important;}<\/style><p class=\"stk-block-text__text has-text-align-center\">He aqu\u00ed un vistazo a lo que dice la gente sobre trabajar con nosotros. Estamos orgullosos de haber ayudado a tantos a alcanzar sus objetivos.<\/p><\/div>\n\n\n\n<div class=\"wp-block-stackable-columns stk-block-columns stk-block stk-dfcd28d\" data-block-id=\"dfcd28d\"><div class=\"stk-row stk-inner-blocks stk-block-content stk-content-align stk-dfcd28d-column\">\n<div class=\"wp-block-stackable-column stk-block-column stk-column stk-block stk-b46a0a0\" data-v=\"4\" data-block-id=\"b46a0a0\"><div class=\"stk-column-wrapper stk-block-column__content stk-container stk-b46a0a0-container stk-hover-parent\"><div class=\"stk-block-content stk-inner-blocks stk-b46a0a0-inner-blocks stk--align-last-block-to-bottom\">\n<div class=\"wp-block-stackable-icon stk-block-icon stk-block stk-0e24750\" data-block-id=\"0e24750\"><span class=\"stk--svg-wrapper\"><div class=\"stk--inner-svg\"><svg style=\"height:0;width:0\"><defs><lineargradient id=\"linear-gradient-0e24750\" x1=\"0\" x2=\"100%\" y1=\"0\" y2=\"0\"><stop offset=\"0%\" style=\"stop-opacity:1;stop-color:var(--linear-gradient-0-e-24750-color-1)\"><\/stop><stop offset=\"100%\" style=\"stop-opacity:1;stop-color:var(--linear-gradient-0-e-24750-color-2)\"><\/stop><\/lineargradient><\/defs><\/svg><svg xmlns=\"http:\/\/www.w3.org\/2000\/svg\" viewbox=\"0 0 448 512\" aria-hidden=\"true\" width=\"32\" height=\"32\"><path d=\"M0 216C0 149.7 53.7 96 120 96h8c17.7 0 32 14.3 32 32s-14.3 32-32 32h-8c-30.9 0-56 25.1-56 56v8h64c35.3 0 64 28.7 64 64v64c0 35.3-28.7 64-64 64H64c-35.3 0-64-28.7-64-64V320 288 216zm256 0c0-66.3 53.7-120 120-120h8c17.7 0 32 14.3 32 32s-14.3 32-32 32h-8c-30.9 0-56 25.1-56 56v8h64c35.3 0 64 28.7 64 64v64c0 35.3-28.7 64-64 64H320c-35.3 0-64-28.7-64-64V320 288 216z\"><\/path><\/svg><\/div><\/span><\/div>\n\n\n\n<div class=\"wp-block-stackable-text stk-block-text stk-block stk-a09e34c\" data-block-id=\"a09e34c\"><p class=\"stk-block-text__text\">\u00a1Gracias! Todo funciona bien. Soluci\u00f3n perfecta para nuestras necesidades.<\/p><\/div>\n\n\n\n<div class=\"wp-block-stackable-subtitle stk-block-subtitle stk-block stk-1e5ec4b\" data-block-id=\"1e5ec4b\"><style>.stk-1e5ec4b .stk-block-subtitle__text{font-weight:bold !important;}<\/style><p class=\"stk-block-subtitle__text stk-subtitle\">Juan T.<\/p><\/div>\n<\/div><\/div><\/div>\n\n\n\n<div class=\"wp-block-stackable-column stk-block-column stk-column stk-block stk-224c5bd\" data-v=\"4\" data-block-id=\"224c5bd\"><div class=\"stk-column-wrapper stk-block-column__content stk-container stk-224c5bd-container stk-hover-parent\"><div class=\"stk-block-content stk-inner-blocks stk-224c5bd-inner-blocks stk--align-last-block-to-bottom\">\n<div class=\"wp-block-stackable-icon stk-block-icon stk-block stk-9669bb0\" data-block-id=\"9669bb0\"><span class=\"stk--svg-wrapper\"><div class=\"stk--inner-svg\"><svg style=\"height:0;width:0\"><defs><lineargradient id=\"linear-gradient-9669bb0\" x1=\"0\" x2=\"100%\" y1=\"0\" y2=\"0\"><stop offset=\"0%\" style=\"stop-opacity:1;stop-color:var(--linear-gradient-9669-bb-0-color-1)\"><\/stop><stop offset=\"100%\" style=\"stop-opacity:1;stop-color:var(--linear-gradient-9669-bb-0-color-2)\"><\/stop><\/lineargradient><\/defs><\/svg><svg xmlns=\"http:\/\/www.w3.org\/2000\/svg\" viewbox=\"0 0 448 512\" aria-hidden=\"true\" width=\"32\" height=\"32\"><path d=\"M0 216C0 149.7 53.7 96 120 96h8c17.7 0 32 14.3 32 32s-14.3 32-32 32h-8c-30.9 0-56 25.1-56 56v8h64c35.3 0 64 28.7 64 64v64c0 35.3-28.7 64-64 64H64c-35.3 0-64-28.7-64-64V320 288 216zm256 0c0-66.3 53.7-120 120-120h8c17.7 0 32 14.3 32 32s-14.3 32-32 32h-8c-30.9 0-56 25.1-56 56v8h64c35.3 0 64 28.7 64 64v64c0 35.3-28.7 64-64 64H320c-35.3 0-64-28.7-64-64V320 288 216z\"><\/path><\/svg><\/div><\/span><\/div>\n\n\n\n<div class=\"wp-block-stackable-text stk-block-text stk-block stk-4ae33a6\" data-block-id=\"4ae33a6\"><p class=\"stk-block-text__text\">Impresionante <a href=\"https:\/\/gsoftwarelab.com\/es\/producto\/custom-software-development-1-hour\/\">software y el desarrollador<\/a> Es muy amable y trabaja con usted. Ojal\u00e1 m\u00e1s gente fuera tan agradable y cari\u00f1osa. Gracias de nuevo.<\/p><\/div>\n\n\n\n<div class=\"wp-block-stackable-subtitle stk-block-subtitle stk-block stk-03e702d\" data-block-id=\"03e702d\"><style>.stk-03e702d .stk-block-subtitle__text{font-weight:bold !important;}<\/style><p class=\"stk-block-subtitle__text stk-subtitle\">Frank L.<\/p><\/div>\n<\/div><\/div><\/div>\n\n\n\n<div class=\"wp-block-stackable-column stk-block-column stk-column stk-block stk-17dad12\" data-v=\"4\" data-block-id=\"17dad12\"><div class=\"stk-column-wrapper stk-block-column__content stk-container stk-17dad12-container stk-hover-parent\"><div class=\"stk-block-content stk-inner-blocks stk-17dad12-inner-blocks stk--align-last-block-to-bottom\">\n<div class=\"wp-block-stackable-icon stk-block-icon stk-block stk-2615191\" data-block-id=\"2615191\"><span class=\"stk--svg-wrapper\"><div class=\"stk--inner-svg\"><svg style=\"height:0;width:0\"><defs><lineargradient id=\"linear-gradient-2615191\" x1=\"0\" x2=\"100%\" y1=\"0\" y2=\"0\"><stop offset=\"0%\" style=\"stop-opacity:1;stop-color:var(--linear-gradient-2615191-color-1)\"><\/stop><stop offset=\"100%\" style=\"stop-opacity:1;stop-color:var(--linear-gradient-2615191-color-2)\"><\/stop><\/lineargradient><\/defs><\/svg><svg xmlns=\"http:\/\/www.w3.org\/2000\/svg\" viewbox=\"0 0 448 512\" aria-hidden=\"true\" width=\"32\" height=\"32\"><path d=\"M0 216C0 149.7 53.7 96 120 96h8c17.7 0 32 14.3 32 32s-14.3 32-32 32h-8c-30.9 0-56 25.1-56 56v8h64c35.3 0 64 28.7 64 64v64c0 35.3-28.7 64-64 64H64c-35.3 0-64-28.7-64-64V320 288 216zm256 0c0-66.3 53.7-120 120-120h8c17.7 0 32 14.3 32 32s-14.3 32-32 32h-8c-30.9 0-56 25.1-56 56v8h64c35.3 0 64 28.7 64 64v64c0 35.3-28.7 64-64 64H320c-35.3 0-64-28.7-64-64V320 288 216z\"><\/path><\/svg><\/div><\/span><\/div>\n\n\n\n<div class=\"wp-block-stackable-text stk-block-text stk-block stk-f2606fa\" data-block-id=\"f2606fa\"><p class=\"stk-block-text__text\">El programa funciona excelentemente. El vendedor es receptivo y proporciona un gran apoyo. Muy recomendable!<\/p><\/div>\n\n\n\n<div class=\"wp-block-stackable-subtitle stk-block-subtitle stk-block stk-701f602\" data-block-id=\"701f602\"><style>.stk-701f602 .stk-block-subtitle__text{font-weight:bold !important;}<\/style><p class=\"stk-block-subtitle__text stk-subtitle\">Oleg K.<\/p><\/div>\n<\/div><\/div><\/div>\n<\/div><\/div>\n<\/div><\/div><\/div>\n<\/div><\/div>\n\n\n\n<div class=\"wp-block-stackable-columns stk-block-columns stk-block stk-1e6e067\" data-block-id=\"1e6e067\"><style>.stk-1e6e067 {margin-top:var(--stk--preset--spacing--70, 3.38rem) !important;margin-bottom:var(--stk--preset--spacing--70, 3.38rem) !important;}.stk-1e6e067-column{max-width:1200px !important;min-width:auto !important;}<\/style><div class=\"stk-row stk-inner-blocks stk-block-content stk-content-align stk-1e6e067-column\">\n<div class=\"wp-block-stackable-column stk-block-column stk-column stk-block stk-159b967\" data-v=\"4\" data-block-id=\"159b967\"><div class=\"stk-column-wrapper stk-block-column__content stk-container stk-159b967-container stk--no-background stk--no-padding\"><div class=\"stk-block-content stk-inner-blocks stk-159b967-inner-blocks\">\n<div class=\"wp-block-stackable-heading stk-block-heading stk-block-heading--v2 stk-block stk-9a7ad7e\" id=\"heading-placeholder\" data-block-id=\"9a7ad7e\"><h2 class=\"stk-block-heading__text has-text-align-center\">Nuestro <span style=\"color: var(--theme-palette-color-2, #fd7c47);\" class=\"stk-highlight\">Compromiso<\/span> a usted<\/h2><\/div>\n\n\n\n<div class=\"wp-block-stackable-text stk-block-text stk-block stk-032fc0b\" data-block-id=\"032fc0b\"><p class=\"stk-block-text__text has-text-align-center\">\u00abingenier\u00eda alemana\u00bb es m\u00e1s que un lugar; es nuestra filosof\u00eda fundamental. Significa que cada soluci\u00f3n de software que desarrollamos se basa en una base de precisi\u00f3n, estabilidad y dise\u00f1o l\u00f3gico. Creemos que la funcionalidad robusta y la experiencia f\u00e1cil de usar deben ir de la mano. Nuestro objetivo es crear herramientas que se integren perfectamente en su flujo de trabajo, haciendo que las estrategias de marketing sofisticadas sean accesibles y manejables.<\/p><\/div>\n\n\n\n<div class=\"wp-block-stackable-columns stk-block-columns stk-block stk-dff659a\" data-block-id=\"dff659a\"><style>.stk-dff659a-column{flex-wrap:wrap !important;--stk-flex-grow:0 !important;}<\/style><div class=\"stk-row stk-inner-blocks stk-block-content stk-content-align stk-dff659a-column\">\n<div class=\"wp-block-stackable-column stk-block-column stk-column stk-block stk-751a6e8\" data-v=\"4\" data-block-id=\"751a6e8\"><div class=\"stk-column-wrapper stk-block-column__content stk-container stk-751a6e8-container stk-hover-parent\"><div class=\"stk-block-content stk-inner-blocks stk-751a6e8-inner-blocks\">\n<div class=\"wp-block-stackable-icon-label stk-block-icon-label stk-block stk-d37e096\" data-block-id=\"d37e096\"><div class=\"stk-row stk-inner-blocks stk-block-content\">\n<div class=\"wp-block-stackable-icon stk-block-icon has-text-align-left stk-block stk-3c8792f\" data-block-id=\"3c8792f\"><style>.stk-3c8792f .stk--svg-wrapper .stk--inner-svg svg:last-child, .stk-3c8792f .stk--svg-wrapper .stk--inner-svg svg:last-child :is(g, path, rect, polygon, ellipse){fill:var(--theme-palette-color-2, #fd7c47) !important;}<\/style><span class=\"stk--svg-wrapper\"><div class=\"stk--inner-svg\"><svg style=\"height:0;width:0\"><defs><lineargradient id=\"linear-gradient-3c8792f\" x1=\"0\" x2=\"100%\" y1=\"0\" y2=\"0\"><stop offset=\"0%\" style=\"stop-opacity:1;stop-color:var(--linear-gradient-3-c-8792-f-color-1)\"><\/stop><stop offset=\"100%\" style=\"stop-opacity:1;stop-color:var(--linear-gradient-3-c-8792-f-color-2)\"><\/stop><\/lineargradient><\/defs><\/svg><svg data-prefix=\"fa\" data-icon=\"star\" class=\"svg-inline--fa fa-star fa-w-18\" xmlns=\"http:\/\/www.w3.org\/2000\/svg\" viewbox=\"0 0 576 512\" aria-hidden=\"true\" width=\"32\" height=\"32\"><path fill=\"currentColor\" d=\"M259.3 17.8L194 150.2 47.9 171.5c-26.2 3.8-36.7 36.1-17.7 54.6l105.7 103-25 145.5c-4.5 26.3 23.2 46 46.4 33.7L288 439.6l130.7 68.7c23.2 12.2 50.9-7.4 46.4-33.7l-25-145.5 105.7-103c19-18.5 8.5-50.8-17.7-54.6L382 150.2 316.7 17.8c-11.7-23.6-45.6-23.9-57.4 0z\"><\/path><\/svg><\/div><\/span><\/div>\n\n\n\n<div class=\"wp-block-stackable-heading stk-block-heading stk-block-heading--v2 stk-block stk-d5c3ec3\" id=\"c-title-1-placeholder\" data-block-id=\"d5c3ec3\"><h3 class=\"stk-block-heading__text\">Soluciones innovadoras<\/h3><\/div>\n<\/div><\/div>\n\n\n\n<div class=\"wp-block-stackable-text stk-block-text stk-block stk-18c9fc6\" data-block-id=\"18c9fc6\"><p class=\"stk-block-text__text\">Cada herramienta est\u00e1 meticulosamente dise\u00f1ada para realizar su funci\u00f3n sin problemas, proporcion\u00e1ndole datos precisos y una automatizaci\u00f3n confiable.<\/p><\/div>\n<\/div><\/div><\/div>\n\n\n\n<div class=\"wp-block-stackable-column stk-block-column stk-column stk-block stk-95e07d3\" data-v=\"4\" data-block-id=\"95e07d3\"><div class=\"stk-column-wrapper stk-block-column__content stk-container stk-95e07d3-container stk-hover-parent\"><div class=\"stk-block-content stk-inner-blocks stk-95e07d3-inner-blocks\">\n<div class=\"wp-block-stackable-icon-label stk-block-icon-label stk-block stk-ef54877\" data-block-id=\"ef54877\"><div class=\"stk-row stk-inner-blocks stk-block-content\">\n<div class=\"wp-block-stackable-icon stk-block-icon has-text-align-left stk-block stk-47ff3b6\" data-block-id=\"47ff3b6\"><style>.stk-47ff3b6 .stk--svg-wrapper .stk--inner-svg svg:last-child, .stk-47ff3b6 .stk--svg-wrapper .stk--inner-svg svg:last-child :is(g, path, rect, polygon, ellipse){fill:var(--theme-palette-color-2, #fd7c47) !important;}<\/style><span class=\"stk--svg-wrapper\"><div class=\"stk--inner-svg\"><svg style=\"height:0;width:0\"><defs><lineargradient id=\"linear-gradient-47ff3b6\" x1=\"0\" x2=\"100%\" y1=\"0\" y2=\"0\"><stop offset=\"0%\" style=\"stop-opacity:1;stop-color:var(--linear-gradient-47-ff-3-b-6-color-1)\"><\/stop><stop offset=\"100%\" style=\"stop-opacity:1;stop-color:var(--linear-gradient-47-ff-3-b-6-color-2)\"><\/stop><\/lineargradient><\/defs><\/svg><svg data-prefix=\"fa\" data-icon=\"star\" class=\"svg-inline--fa fa-star fa-w-18\" xmlns=\"http:\/\/www.w3.org\/2000\/svg\" viewbox=\"0 0 576 512\" aria-hidden=\"true\" width=\"32\" height=\"32\"><path fill=\"currentColor\" d=\"M259.3 17.8L194 150.2 47.9 171.5c-26.2 3.8-36.7 36.1-17.7 54.6l105.7 103-25 145.5c-4.5 26.3 23.2 46 46.4 33.7L288 439.6l130.7 68.7c23.2 12.2 50.9-7.4 46.4-33.7l-25-145.5 105.7-103c19-18.5 8.5-50.8-17.7-54.6L382 150.2 316.7 17.8c-11.7-23.6-45.6-23.9-57.4 0z\"><\/path><\/svg><\/div><\/span><\/div>\n\n\n\n<div class=\"wp-block-stackable-heading stk-block-heading stk-block-heading--v2 stk-block stk-d0bc74a\" id=\"c-title-2-placeholder\" data-block-id=\"d0bc74a\"><h3 class=\"stk-block-heading__text\">Orientaci\u00f3n de expertos<\/h3><\/div>\n<\/div><\/div>\n\n\n\n<div class=\"wp-block-stackable-text stk-block-text stk-block stk-5b9dd9c\" data-block-id=\"5b9dd9c\"><p class=\"stk-block-text__text\">Su \u00e9xito es nuestro \u00e9xito. Nuestro equipo de soporte experto siempre est\u00e1 listo para proporcionar asistencia oportuna y \u00fatil, asegur\u00e1ndose de que obtenga el m\u00e1ximo provecho de nuestro software.<\/p><\/div>\n<\/div><\/div><\/div>\n\n\n\n<div class=\"wp-block-stackable-column stk-block-column stk-column stk-block stk-f9bbb1f\" data-v=\"4\" data-block-id=\"f9bbb1f\"><div class=\"stk-column-wrapper stk-block-column__content stk-container stk-f9bbb1f-container stk-hover-parent\"><div class=\"stk-block-content stk-inner-blocks stk-f9bbb1f-inner-blocks\">\n<div class=\"wp-block-stackable-icon-label stk-block-icon-label stk-block stk-cca0782\" data-block-id=\"cca0782\"><div class=\"stk-row stk-inner-blocks stk-block-content\">\n<div class=\"wp-block-stackable-icon stk-block-icon has-text-align-left stk-block stk-f017d94\" data-block-id=\"f017d94\"><style>.stk-f017d94 .stk--svg-wrapper .stk--inner-svg svg:last-child, .stk-f017d94 .stk--svg-wrapper .stk--inner-svg svg:last-child :is(g, path, rect, polygon, ellipse){fill:var(--theme-palette-color-2, #fd7c47) !important;}<\/style><span class=\"stk--svg-wrapper\"><div class=\"stk--inner-svg\"><svg style=\"height:0;width:0\"><defs><lineargradient id=\"linear-gradient-f017d94\" x1=\"0\" x2=\"100%\" y1=\"0\" y2=\"0\"><stop offset=\"0%\" style=\"stop-opacity:1;stop-color:var(--linear-gradient-f-017-d-94-color-1)\"><\/stop><stop offset=\"100%\" style=\"stop-opacity:1;stop-color:var(--linear-gradient-f-017-d-94-color-2)\"><\/stop><\/lineargradient><\/defs><\/svg><svg data-prefix=\"fa\" data-icon=\"star\" class=\"svg-inline--fa fa-star fa-w-18\" xmlns=\"http:\/\/www.w3.org\/2000\/svg\" viewbox=\"0 0 576 512\" aria-hidden=\"true\" width=\"32\" height=\"32\"><path fill=\"currentColor\" d=\"M259.3 17.8L194 150.2 47.9 171.5c-26.2 3.8-36.7 36.1-17.7 54.6l105.7 103-25 145.5c-4.5 26.3 23.2 46 46.4 33.7L288 439.6l130.7 68.7c23.2 12.2 50.9-7.4 46.4-33.7l-25-145.5 105.7-103c19-18.5 8.5-50.8-17.7-54.6L382 150.2 316.7 17.8c-11.7-23.6-45.6-23.9-57.4 0z\"><\/path><\/svg><\/div><\/span><\/div>\n\n\n\n<div class=\"wp-block-stackable-heading stk-block-heading stk-block-heading--v2 stk-block stk-f6bc0de\" id=\"c-title-3-placeholder\" data-block-id=\"f6bc0de\"><h3 class=\"stk-block-heading__text\">Innovaci\u00f3n continua<\/h3><\/div>\n<\/div><\/div>\n\n\n\n<div class=\"wp-block-stackable-text stk-block-text stk-block stk-92207d0\" data-block-id=\"92207d0\"><p class=\"stk-block-text__text\">El mundo digital nunca se detiene, y nosotros tampoco. Estamos comprometidos a actualizar regularmente nuestro software para enfrentar nuevos desaf\u00edos y oportunidades.<\/p><\/div>\n<\/div><\/div><\/div>\n<\/div><\/div>\n<\/div><\/div><\/div>\n<\/div><\/div>","protected":false},"excerpt":{"rendered":"<p>Elevar el \u00e9xito digital desde 2012 Con sede en el coraz\u00f3n de Alemania, GSoftwareLab Fue fundada para resolver un desaf\u00edo cr\u00edtico: para llevar el poder de la ingenier\u00eda de precisi\u00f3n al mundo din\u00e1mico del marketing digital. Vimos la necesidad de herramientas de SEO y automatizaci\u00f3n que no solo fueran poderosas sino tambi\u00e9n confiables, eficientes e intuitivas.<\/p>","protected":false},"author":1,"featured_media":0,"parent":0,"menu_order":0,"comment_status":"closed","ping_status":"closed","template":"","meta":{"rop_custom_images_group":[],"rop_custom_messages_group":[],"rop_publish_now":"initial","rop_publish_now_accounts":{"twitter_2998589429_2998589429":""},"rop_publish_now_history":[],"rop_publish_now_status":"pending","footnotes":""},"class_list":["post-8012","page","type-page","status-publish","hentry"],"blocksy_meta":[],"_links":{"self":[{"href":"https:\/\/gsoftwarelab.com\/es\/wp-json\/wp\/v2\/pages\/8012","targetHints":{"allow":["GET"]}}],"collection":[{"href":"https:\/\/gsoftwarelab.com\/es\/wp-json\/wp\/v2\/pages"}],"about":[{"href":"https:\/\/gsoftwarelab.com\/es\/wp-json\/wp\/v2\/types\/page"}],"author":[{"embeddable":true,"href":"https:\/\/gsoftwarelab.com\/es\/wp-json\/wp\/v2\/users\/1"}],"replies":[{"embeddable":true,"href":"https:\/\/gsoftwarelab.com\/es\/wp-json\/wp\/v2\/comments?post=8012"}],"version-history":[{"count":3,"href":"https:\/\/gsoftwarelab.com\/es\/wp-json\/wp\/v2\/pages\/8012\/revisions"}],"predecessor-version":[{"id":8492,"href":"https:\/\/gsoftwarelab.com\/es\/wp-json\/wp\/v2\/pages\/8012\/revisions\/8492"}],"wp:attachment":[{"href":"https:\/\/gsoftwarelab.com\/es\/wp-json\/wp\/v2\/media?parent=8012"}],"curies":[{"name":"wp","href":"https:\/\/api.w.org\/{rel}","templated":true}]}}