{"id":71,"date":"2014-09-19T17:25:00","date_gmt":"2014-09-19T15:25:00","guid":{"rendered":"http:\/\/gsoftwarelab.com\/?page_id=71"},"modified":"2025-10-05T02:47:27","modified_gmt":"2025-10-05T00:47:27","slug":"privacy","status":"publish","type":"page","link":"https:\/\/gsoftwarelab.com\/es\/privacy\/","title":{"rendered":"Pol\u00edtica de privacidad"},"content":{"rendered":"<h1 class=\"wp-block-heading\">Declaraci\u00f3n de privacidad<\/h1>\n\n\n\n<h2 class=\"wp-block-heading\">Aspectos generales<\/h2>\n\n\n\n<p>Sus datos personales (por ejemplo, t\u00edtulo, nombre, direcci\u00f3n de la casa, direcci\u00f3n de correo electr\u00f3nico, n\u00famero de tel\u00e9fono, datos bancarios, n\u00famero de tarjeta de cr\u00e9dito) son procesados por nosotros solo de acuerdo con las disposiciones de las leyes alemanas de privacidad de datos. Las siguientes disposiciones describen el tipo, el alcance y el prop\u00f3sito de la recopilaci\u00f3n, el procesamiento y la utilizaci\u00f3n de datos personales. Esta pol\u00edtica de privacidad de datos se aplica solo a nuestras p\u00e1ginas web. Si los enlaces en nuestras p\u00e1ginas lo dirigen a otras p\u00e1ginas, inf\u00f3rmese all\u00ed sobre c\u00f3mo se manejan sus datos en tales casos.<\/p>\n\n\n\n<h2 class=\"wp-block-heading\">Datos de inventario<\/h2>\n\n\n\n<p>(1) Sus datos personales, en la medida en que sean necesarios para esta relaci\u00f3n contractual (datos de inventario) en t\u00e9rminos de su establecimiento, organizaci\u00f3n de contenido y modificaciones, se utilizan exclusivamente para el cumplimiento del contrato. Para que las mercanc\u00edas sean entregadas, por ejemplo, su nombre y direcci\u00f3n deben ser transmitidos al proveedor de las mercanc\u00edas.<br \/>(2) Sin su consentimiento expl\u00edcito o una base legal, sus datos personales no se transmiten a terceros fuera del alcance del cumplimiento de este contrato. Despu\u00e9s de la finalizaci\u00f3n del contrato, sus datos se bloquean contra el uso posterior. Despu\u00e9s de la expiraci\u00f3n de los plazos seg\u00fan las regulaciones fiscales y comerciales, estos datos se eliminan a menos que haya dado su consentimiento expreso para su uso posterior.<\/p>\n\n\n\n<h2 class=\"wp-block-heading\">An\u00e1lisis web con Google Analytics<\/h2>\n\n\n\n<p>Este sitio web utiliza Google Analytics, un servicio de an\u00e1lisis web de Google Inc. (Google). Google Analytics utiliza cookies, es decir, archivos de texto almacenados en su ordenador para permitir el an\u00e1lisis del uso del sitio web por su parte. La informaci\u00f3n generada por la cookie sobre su uso de este sitio web generalmente se transmite a un servidor de Google en los Estados Unidos y se almacena all\u00ed. Sin embargo, en caso de que se active la anonimizaci\u00f3n de IP en este sitio web, Google truncar\u00e1 previamente su direcci\u00f3n IP dentro de los estados miembros de la Uni\u00f3n Europea o en otros estados que sean parte del acuerdo sobre el Espacio Econ\u00f3mico Europeo. Solo en casos excepcionales se transmite una direcci\u00f3n IP completa a un servidor de Google en los Estados Unidos y se trunca all\u00ed. En nombre del propietario de este sitio web, Google utilizar\u00e1 esta informaci\u00f3n para evaluar su uso del sitio web, elaborar informes sobre las actividades del sitio web y proporcionar al operador del sitio web otros servicios relacionados con el uso del sitio web y de Internet. La direcci\u00f3n IP enviada desde su navegador como parte de Google Analytics no se fusiona con otros datos de Google. Puede evitar el almacenamiento de cookies configurando adecuadamente el software de su navegador; en este caso, sin embargo, tenga en cuenta que es posible que no pueda utilizar plenamente todas las funciones ofrecidas por este sitio web. Adem\u00e1s, puede evitar que Google recopile y procese los datos generados por la cookie y relacionados con su uso del sitio web (incluida su direcci\u00f3n IP), descargando e instalando un complemento del navegador desde el siguiente enlace: <a href=\"http:\/\/tools.google.com\/dlpage\/gaoptout?hl=en\" target=\"_blank\" rel=\"noopener noreferrer\">http:\/\/tools.google.com\/dlpage\/gaoptout?hl=en<\/a><\/p>\n\n\n\n<h2 class=\"wp-block-heading\">Informaci\u00f3n sobre las cookies<\/h2>\n\n\n\n<p>(1) Para optimizar nuestra presencia en la web, utilizamos cookies. Se trata de peque\u00f1os archivos de texto almacenados en la memoria principal de su ordenador. Estas cookies se eliminan despu\u00e9s de cerrar el navegador. Otras cookies permanecen en su ordenador (cookies de larga duraci\u00f3n) y permiten su reconocimiento en su pr\u00f3xima visita. Esto nos permite mejorar su acceso a nuestro sitio.<br \/>(2) Puede evitar el almacenamiento de cookies seleccionando la opci\u00f3n \u00abdesactivar cookies\u00bb en la configuraci\u00f3n de su navegador. Pero esto puede limitar la funcionalidad de nuestras ofertas de Internet como resultado.<\/p>\n\n\n\n<h2 class=\"wp-block-heading\">Plug-ins sociales de Facebook<\/h2>\n\n\n\n<p>Utilizamos complementos sociales de facebook.com, operados por Facebook Inc., 1601 S. California Ave, Palo Alto, CA 94304, EE. Los complementos pueden reconocerse mediante el logotipo de Facebook o el suplemento \u00abFacebook Social Plug-in\u00bb. Por ejemplo, si hace clic en el bot\u00f3n \u00abMe gusta\u00bb o deja un comentario, la informaci\u00f3n pertinente se transmite directamente desde su navegador a Facebook y se almacena all\u00ed. Adem\u00e1s, Facebook hace que tus likes sean p\u00fablicos para tus amigos de Facebook. Si ha iniciado sesi\u00f3n en Facebook, puede asignar la invocaci\u00f3n de nuestra p\u00e1gina directamente a su cuenta de Facebook. Incluso si no ha iniciado sesi\u00f3n o no tiene una cuenta de Facebook, su navegador env\u00eda informaci\u00f3n (por ejemplo, a qu\u00e9 p\u00e1ginas web ha accedido, su direcci\u00f3n IP) que Facebook almacena a continuaci\u00f3n. Para obtener detalles sobre el manejo de sus datos personales por parte de Facebook y sus derechos relacionados, consulte la pol\u00edtica de privacidad de datos de Facebook: <a href=\"http:\/\/www.facebook.com\/policy.php\" target=\"_blank\" rel=\"noopener noreferrer\">http:\/\/www.facebook.com\/policy.php<\/a>. Si no desea que Facebook asigne los datos recopilados sobre usted a trav\u00e9s de nuestros sitios web a su cuenta de Facebook, debe cerrar sesi\u00f3n en Facebook antes de visitar nuestras p\u00e1ginas web.<\/p>\n\n\n\n<h2 class=\"wp-block-heading\">Complementos sociales de Twitter<\/h2>\n\n\n\n<p>Con Twitter y sus funciones Retweet, utilizamos complementos sociales de Twitter.com, operados por Twitter Inc. 795 Folsom St., Suite 600, San Francisco, CA 94107. Si utiliza Retweet, los sitios web visitados por usted se anuncian a terceros y se asocian con su cuenta de Twitter. Los detalles sobre el tratamiento de sus datos por parte de Twitter, as\u00ed como sus derechos y opciones de configuraci\u00f3n para proteger su informaci\u00f3n personal, pueden consultarse en la pol\u00edtica de privacidad de datos de Twitter: <a href=\"http:\/\/twitter.com\/privacy\" target=\"_blank\" rel=\"noopener noreferrer\">http:\/\/twitter.com\/privacy <\/a><\/p>\n\n\n\n<h2 class=\"wp-block-heading\">Divulgaci\u00f3n<\/h2>\n\n\n\n<p>De acuerdo con la Ley Federal de Protecci\u00f3n de Datos, usted tiene derecho a informaci\u00f3n gratuita sobre sus datos almacenados, y posiblemente derecho a la correcci\u00f3n, bloqueo o eliminaci\u00f3n de dichos datos. Las consultas pueden dirigirse a las siguientes direcciones de correo electr\u00f3nico: soporte (AT) gsoftwarelab.atlassian.net<\/p>","protected":false},"excerpt":{"rendered":"<p>General Sus datos personales (por ejemplo, t\u00edtulo, nombre, direcci\u00f3n de la casa, direcci\u00f3n de correo electr\u00f3nico, n\u00famero de tel\u00e9fono, datos bancarios, n\u00famero de tarjeta de cr\u00e9dito) son procesados por nosotros solo de acuerdo con las disposiciones de las leyes alemanas de privacidad de datos. Las siguientes disposiciones describen el tipo, el alcance y el prop\u00f3sito de la recopilaci\u00f3n, el procesamiento y la utilizaci\u00f3n de datos personales. Esta pol\u00edtica de privacidad de datos [...]<\/p>","protected":false},"author":1,"featured_media":0,"parent":0,"menu_order":0,"comment_status":"closed","ping_status":"closed","template":"","meta":{"rop_custom_images_group":[],"rop_custom_messages_group":[],"rop_publish_now":"initial","rop_publish_now_accounts":{"twitter_2998589429_2998589429":""},"rop_publish_now_history":[],"rop_publish_now_status":"pending","footnotes":""},"class_list":["post-71","page","type-page","status-publish","hentry"],"blocksy_meta":[],"_links":{"self":[{"href":"https:\/\/gsoftwarelab.com\/es\/wp-json\/wp\/v2\/pages\/71","targetHints":{"allow":["GET"]}}],"collection":[{"href":"https:\/\/gsoftwarelab.com\/es\/wp-json\/wp\/v2\/pages"}],"about":[{"href":"https:\/\/gsoftwarelab.com\/es\/wp-json\/wp\/v2\/types\/page"}],"author":[{"embeddable":true,"href":"https:\/\/gsoftwarelab.com\/es\/wp-json\/wp\/v2\/users\/1"}],"replies":[{"embeddable":true,"href":"https:\/\/gsoftwarelab.com\/es\/wp-json\/wp\/v2\/comments?post=71"}],"version-history":[{"count":1,"href":"https:\/\/gsoftwarelab.com\/es\/wp-json\/wp\/v2\/pages\/71\/revisions"}],"predecessor-version":[{"id":8367,"href":"https:\/\/gsoftwarelab.com\/es\/wp-json\/wp\/v2\/pages\/71\/revisions\/8367"}],"wp:attachment":[{"href":"https:\/\/gsoftwarelab.com\/es\/wp-json\/wp\/v2\/media?parent=71"}],"curies":[{"name":"wp","href":"https:\/\/api.w.org\/{rel}","templated":true}]}}