{"id":68,"date":"2021-01-05T17:24:31","date_gmt":"2021-01-05T15:24:31","guid":{"rendered":"http:\/\/gsoftwarelab.com\/?page_id=68"},"modified":"2025-11-09T08:46:22","modified_gmt":"2025-11-09T06:46:22","slug":"imprint","status":"publish","type":"page","link":"https:\/\/gsoftwarelab.com\/es\/imprint\/","title":{"rendered":"Impresi\u00f3n"},"content":{"rendered":"<h1 class=\"wp-block-heading\">Divulgaci\u00f3n de informaci\u00f3n jur\u00eddica<\/h1>\n\n\n\n<p>Informaci\u00f3n de acuerdo con la secci\u00f3n 5 TMG<\/p>\n\n\n\n<p>GSoftwareLab Inh. Lucas Schmutzler<br \/>Dahlienweg 8<br \/>09557 Floeha<br \/>Sajonia (Alemania)<\/p>\n\n\n\n<h2 class=\"wp-block-heading\">Contacto<\/h2>\n\n\n\n<p>Correo electr\u00f3nico: <a href=\"mailto:support@gsoftwarelab.atlassian.net\">support@gsoftwarelab.atlassian.net<\/a><br \/>Cont\u00e1ctenos: <a href=\"https:\/\/gsoftwarelab.atlassian.net\/servicedesk\/customer\/portal\/1\" target=\"_blank\" rel=\"noreferrer noopener\">https:\/\/gsoftwarelab.atlassian.net\/servicedesk\/customer\/portal\/1<\/a><br \/>Sitio web: <a href=\"https:\/\/GSoftwareLab.com\" target=\"_blank\" rel=\"noreferrer noopener\">https:\/\/GSoftwareLab.com<\/a><\/p>\n\n\n\n<h2 class=\"wp-block-heading\">N\u00famero de IVA<\/h2>\n\n\n\n<p>N\u00famero de identificaci\u00f3n a efectos del IVA de conformidad con el art\u00edculo 27, letra a), de la Ley alemana del IVA<br \/>USt-Id-NR: DE 220\/269\/01182<\/p>\n\n\n\n<p>El impuesto sobre el valor a\u00f1adido no se recauda, ya que las peque\u00f1as empresas seg\u00fan \u00a719 (1) UStG.<\/p>\n\n\n\n<h2 class=\"wp-block-heading\">descargo<\/h2>\n\n\n\n<p>Rendici\u00f3n de cuentas por el contenido<br \/>Los contenidos de nuestras p\u00e1ginas han sido creados con el m\u00e1ximo cuidado. Sin embargo, no podemos garantizar la exactitud, integridad o actualidad del contenido. De acuerdo con las disposiciones legales, tambi\u00e9n somos responsables de nuestro propio contenido en estas p\u00e1ginas web. En este contexto, tenga en cuenta que, por lo tanto, no estamos obligados a controlar simplemente la informaci\u00f3n transmitida o guardada de terceros, ni a investigar circunstancias que apunten a una actividad ilegal. Nuestras obligaciones de eliminar o bloquear el uso de informaci\u00f3n bajo las leyes generalmente aplicables no se ven afectadas por esto seg\u00fan los \u00a7\u00a7 8 a 10 de la Ley de Telemedia (TMG).<\/p>\n\n\n\n<p>Rendici\u00f3n de cuentas por los enlaces<br \/>La responsabilidad del contenido de los enlaces externos (a p\u00e1ginas web de terceros) recae \u00fanicamente en los operadores de las p\u00e1ginas enlazadas. Ninguna violaci\u00f3n era evidente para nosotros en el momento de la vinculaci\u00f3n. En caso de que tengamos conocimiento de cualquier infracci\u00f3n legal, eliminaremos el enlace correspondiente de inmediato.<\/p>\n\n\n\n<p>Derechos de autor<br \/>Nuestras p\u00e1ginas web y sus contenidos est\u00e1n sujetos a la ley alemana de derechos de autor. A menos que la ley lo permita expresamente (\u00a7 44a y siguientes de la ley de derechos de autor), cualquier forma de utilizaci\u00f3n, reproducci\u00f3n o procesamiento de obras sujetas a protecci\u00f3n de derechos de autor en nuestras p\u00e1ginas web requiere el consentimiento previo del respectivo propietario de los derechos. Las reproducciones individuales de una obra solo est\u00e1n permitidas para uso privado, por lo que no deben servir directa o indirectamente para obtener ganancias. La utilizaci\u00f3n no autorizada de obras protegidas por derechos de autor es punible (art\u00edculo 106 de la ley de derechos de autor).<\/p>\n\n\n<div class=\"woocommerce woocommerce-gzd woocommerce-gzd-complaints-shortcode\">\n\t\t\t<h3>Resoluci\u00f3n alternativa de litigios de conformidad con el art\u00edculo 14, apartado 1, de la ODR-VO y el art\u00edculo 36 de la VSBG:<\/h3>\n\t\nNo estamos obligados ni dispuestos a participar en procedimientos de soluci\u00f3n de controversias ante una junta de arbitraje de consumidores.<\/div>","protected":false},"excerpt":{"rendered":"<p>Informaci\u00f3n de Divulgaci\u00f3n Legal de acuerdo con la secci\u00f3n 5 TMG GSoftwareLab Inh. Lucas SchmutzlerDahlienweg 809557 FloehaSaxony, Alemania P\u00f3ngase en contacto con E-Mail: support@gsoftwarelab.atlassian.netCont\u00e1ctenos: https:\/\/gsoftwarelab.atlassian.net\/servicedesk\/customer\/portal\/1Sitio web: https:\/\/GSoftwareLabN\u00famero de identificaci\u00f3n a efectos del IVA de .com de conformidad con el art\u00edculo 27 a de la Ley alemana del IVAUSt-Id-NR: DE 220\/269\/01182 No se recauda el impuesto sobre el valor a\u00f1adido, ya que las peque\u00f1as empresas seg\u00fan \u00a719 (1) UStG. Descargo de responsabilidad [...]<\/p>","protected":false},"author":1,"featured_media":0,"parent":0,"menu_order":0,"comment_status":"closed","ping_status":"closed","template":"","meta":{"rop_custom_images_group":[],"rop_custom_messages_group":[],"rop_publish_now":"initial","rop_publish_now_accounts":{"twitter_2998589429_2998589429":""},"rop_publish_now_history":[],"rop_publish_now_status":"pending","footnotes":""},"class_list":["post-68","page","type-page","status-publish","hentry"],"blocksy_meta":[],"_links":{"self":[{"href":"https:\/\/gsoftwarelab.com\/es\/wp-json\/wp\/v2\/pages\/68","targetHints":{"allow":["GET"]}}],"collection":[{"href":"https:\/\/gsoftwarelab.com\/es\/wp-json\/wp\/v2\/pages"}],"about":[{"href":"https:\/\/gsoftwarelab.com\/es\/wp-json\/wp\/v2\/types\/page"}],"author":[{"embeddable":true,"href":"https:\/\/gsoftwarelab.com\/es\/wp-json\/wp\/v2\/users\/1"}],"replies":[{"embeddable":true,"href":"https:\/\/gsoftwarelab.com\/es\/wp-json\/wp\/v2\/comments?post=68"}],"version-history":[{"count":3,"href":"https:\/\/gsoftwarelab.com\/es\/wp-json\/wp\/v2\/pages\/68\/revisions"}],"predecessor-version":[{"id":8498,"href":"https:\/\/gsoftwarelab.com\/es\/wp-json\/wp\/v2\/pages\/68\/revisions\/8498"}],"wp:attachment":[{"href":"https:\/\/gsoftwarelab.com\/es\/wp-json\/wp\/v2\/media?parent=68"}],"curies":[{"name":"wp","href":"https:\/\/api.w.org\/{rel}","templated":true}]}}