{"id":5002,"date":"2022-07-06T12:59:17","date_gmt":"2022-07-06T10:59:17","guid":{"rendered":"https:\/\/gsoftwarelab.com\/terms-conditions\/"},"modified":"2025-10-26T05:16:22","modified_gmt":"2025-10-26T03:16:22","slug":"terms-of-service","status":"publish","type":"page","link":"https:\/\/gsoftwarelab.com\/es\/terms-of-service\/","title":{"rendered":"T\u00e9rminos de servicio"},"content":{"rendered":"<div class=\"wp-block-group is-layout-constrained wp-block-group-is-layout-constrained\">\n<div class=\"wp-block-stackable-heading stk-block-heading stk-block-heading--v2 stk-block stk-f0a48d6\" id=\"terms-of-service\" data-block-id=\"f0a48d6\"><style>.stk-f0a48d6 .stk-block-heading__top-line{margin-left:auto !important;margin-right:auto !important;}<\/style><div class=\"stk-block-heading__top-line\"><\/div><h1 class=\"stk-block-heading__text has-text-align-center\">T\u00e9rminos de servicio<\/h1><\/div>\n\n\n\n<!-- This legal document was generated by Complianz Terms &amp; Conditions https:\/\/wordpress.org\/plugins\/complianz-terms-conditions -->\n<div id=\"cmplz-document\" class=\"cmplz-document cmplz-terms-conditions\"><p><i>Los t\u00e9rminos y condiciones se actualizaon por \u00faltima vez el enero 15, 2026<\/i><\/p><h2>1. Introducci\u00f3n<\/h2><p>Estos T\u00e9rminos y Condiciones se aplican a este sitio web y a las transacciones relacionadas con nuestros productos y servicios.\u00a0Usted puede estar obligado por contratos adicionales relacionados con su relaci\u00f3n con nosotros o con cualquier producto o servicio que reciba de nosotros.\u00a0Si alguna de las disposiciones de los contratos adicionales entra en conflicto con alguna de las disposiciones de estas Condiciones, las disposiciones de estos contratos adicionales prevalecer\u00e1n.<\/p><h2>2. Vinculaci\u00f3n<\/h2><p>Al registrarse en este sitio web, acceder a \u00e9l o utilizarlo cualquier de otro modo, usted acepta someterse a las condiciones que se exponen a continuaci\u00f3n.\u00a0El mero uso de este sitio web implica el conocimiento y la aceptaci\u00f3n de estos T\u00e9rminos y Condiciones.\u00a0En algunos casos particulares, tambi\u00e9n podemos pedir que lo acepte expl\u00edcitamente.<\/p><h2>3. Comunicaci\u00f3n electr\u00f3nica <\/h2><p>Al utilizar este sitio web o comunicarse con nosotros por medios electr\u00f3nicos, usted acepta y reconoce que podemos comunicarnos con usted electr\u00f3nicamente en nuestro sitio web o enviarle un correo electr\u00f3nico, y acepta que todos los acuerdos, avisos, divulgaciones y otras comunicaciones que le proporcionemos electr\u00f3nicamente satisfacen cualquier requisito legal, incluido, entre otros, el requisito de que dichas comunicaciones sean por escrito.<\/p><h2>4. Propiedad intelectual <\/h2><p>Nosotros o nuestros licenciantes poseemos y controlamos todos los derechos de autor y otros derechos de propiedad intelectual en el sitio web, y los datos, la informaci\u00f3n y otros recursos mostrados por o accesibles dentro del sitio web.<\/p><p class=\"cmplz-subtitle\">4.1 Todos los derechos est\u00e1n reservados <\/p><p>A menos que el contenido espec\u00edfico indique lo contrario, no se le concede una licencia ni ning\u00fan otro derecho en virtud de los derechos de autor, marcas comerciales, patentes u otros derechos de propiedad intelectual.\u00a0Esto significa que usted no utilizar\u00e1, copiar\u00e1, reproducir\u00e1, ejecutar\u00e1, mostrar\u00e1, distribuir\u00e1, incrustar\u00e1 en cualquier medio electr\u00f3nico, alterar\u00e1, realizar\u00e1 ingenier\u00eda inversa, descompilar\u00e1, transferir\u00e1, descargar\u00e1, transmitir\u00e1, monetizar\u00e1, vender\u00e1, comercializar\u00e1 o har\u00e1 uso de cualquier recurso de este sitio web en cualquier forma, sin nuestro permiso previo por escrito, excepto y solo en la medida en que se estipule lo contrario en normas de leyes obligatorias (como el derecho de cita).<\/p><h2>5. Bolet\u00edn de noticias<\/h2><p>No obstante lo anterior, usted puede reenviar nuestro bolet\u00edn de noticias en formato electr\u00f3nico a otras personas que puedan estar interesadas en visitar nuestro sitio web.<\/p><h2>6. Propiedad de terceros<\/h2><p>Nuestro sitio web puede incluir hiperv\u00ednculos u otras referencias a sitios web de terceros.\u00a0No controlamos ni revisamos el contenido de los sitios web de terceros a los que se accede desde este sitio web.\u00a0Los productos o servicios ofrecidos por otros sitios web estar\u00e1n sujetos a los T\u00e9rminos y Condiciones aplicables de esos terceros.\u00a0Las opiniones expresadas o el material que aparece en esos sitios web no son necesariamente compartidas o respaldadas por nosotros.<\/p><p>No seremos responsables de las pr\u00e1cticas de privacidad o del contenido de estos sitios.\u00a0Usted asume todos los riesgos asociados al uso de estos sitios web y de cualquier servicio de terceros relacionados.\u00a0No aceptaremos ninguna responsabilidad por cualquier p\u00e9rdida o da\u00f1o, sea cual sea la forma en que se produzca, que result de la divulgaci\u00f3n por su parte de informaci\u00f3n personal a terceros.<\/p><h2>7. Uso responsable<\/h2><p>Al visitar nuestro sitio web, usted se compromete a utilizarlo solo para los fines previstos y seg\u00fan lo permitido por estos T\u00e9rminos, cualquier contrato adicional con nosotros, y aplicables leyes, reglamentos y pr\u00e1cticas en l\u00ednea generalmente aceptadas y directrices de la industria.\u00a0No debe usar nuestro sitio web o nuestros servicios para utilizar, publicar o distribuir cualquier material que consista en (o est\u00e9 vinculado a) software inform\u00e1tico malicioso; utilizar los datos recogidos en nuestro sitio web para cualquier actividad de marketing directo, o llevar a cabo cualquier actividad de recopilaci\u00f3n de datos sistem\u00e1tica o automatizada en o en relaci\u00f3n con nuestro sitio web.<\/p><p>Est\u00e1 estrictamente prohibido realizar cualquier actividad que provoque o pueda provocar da\u00f1os en el sitio web o que interfiera en su funcionamiento, disponibilidad o accesibilidad.<\/p><h2>8. Registro<\/h2><p>Puede registrarse para obtener una cuenta en nuestro sitio web.\u00a0Durante este proceso, es posible que se le pida que elija una contrase\u00f1a.\u00a0Usted es responsable de mantener la confidencialidad de las contrase\u00f1as y la informaci\u00f3n de la cuenta y se compromete a no compartir sus contrase\u00f1as, la informaci\u00f3n de la cuenta o el acceso seguro a nuestro sitio web o servicios con ninguna otra persona.\u00a0No debe permitir que ninguna otra persona use su cuenta para acceder al sitio web porque usted es responsable de todas las actividades que ocurren a trav\u00e9s del uso de sus contrase\u00f1as o cuentas. \u00a0Debe notificarnos inmediatamente si tiene conocimiento de la divulgaci\u00f3n de su contrase\u00f1a.<\/p><p>Despu\u00e9s de la cancelaci\u00f3n de la cuenta, usted no intentar\u00e1 registrar una nueva cuenta sin nuestro permiso. <\/p><h2>9. Pol\u00edtica de Devoluciones y Reembolsos<\/h2><p class=\"cmplz-subtitle\">9.1 Derecho de desistimiento<\/p><p>Tiene derecho a rescindir el contrato en un plazo de 14 d\u00edas sin indicar el motivo.<\/p><p>El plazo de desistimiento expirar\u00e1 transcurridos 14 d\u00edas desde la celebraci\u00f3n del contrato.<\/p><p>Para ejercer el derecho de desistimiento, debe informarnos de su decisi\u00f3n de desistir de este contrato mediante una declaraci\u00f3n inequ\u00edvoca (por ejemplo, una carta enviada por correo, fax o correo electr\u00f3nico).\u00a0A continuaci\u00f3n encontrar\u00e1 nuestros datos de contacto.\u00a0Puede utilizar el modelo adjunto <a target=\"_blank\" href=\"https:\/\/gsoftwarelab.com\/wp-content\/uploads\/complianz\/withdrawal-forms\/withdrawal-form-es.pdf\">formulario de desistimiento<\/a>, pero no es obligatorio.<\/p><p>Tambi\u00e9n puede rellenar y enviar electr\u00f3nicamente el modelo de formulario de desistimiento o cualquier otra declaraci\u00f3n inequ\u00edvoca en nuestra p\u00e1gina web. <a href=\"https:\/\/gsoftwarelab.com\/es\/contact-us\/\"> web<\/a>.<\/p><p>Si utiliza esta opci\u00f3n, le comunicaremos sin demora un acuse de recibo de dicho desistimiento en un soporte duradero (por ejemplo, por correo electr\u00f3nico).<\/p><p>Para cumplir el plazo de desistimiento, basta con que env\u00ede su comunicaci\u00f3n sobre el ejercicio del derecho de desistimiento antes de que expire el plazo de desistimiento.<\/p><p class=\"cmplz-subtitle\">9.2 Consecuencias de la retirada <\/p><p>Si rescindes el contrato, te reembolsaremos todos los pagos que hayamos recibido, incluidos los gastos de entrega (a excepci\u00f3n de los gastos suplementarios resultantes de tu elecci\u00f3n de un tipo de entrega distinto al tipo de entrega est\u00e1ndar menos costoso que ofrezcamos), sin ninguna demora indebida y, en cualquier caso, a m\u00e1s tardar en 14 d\u00edas a partir del d\u00eda en que se nos informe de tu decisi\u00f3n de rescindir el contrato.\u00a0Realizaremos dicho reembolso utilizando el mismo medio de pago que usted utiliz\u00f3 para la transacci\u00f3n inicial, a menos que haya acordado expresamente lo contrario; en cualquier caso, usted no incurrir\u00e1 en ninguna comisi\u00f3n como resultado de dicho reembolso.<\/p><p>Si ha solicitado el inicio de la ejecuci\u00f3n de los servicios durante el periodo de desistimiento, deber\u00e1 abonarnos un importe proporcional a lo prestado hasta que nos haya comunicado su desistimiento de este contrato, en comparaci\u00f3n con la cobertura total del mismo.<\/p><p>Por favor, ten en cuenta que hay algunas excepciones legales al derecho de desistimiento y, por tanto, algunos art\u00edculos no se devolver\u00e1n o cambiar\u00e1n. \u00a0Le informaremos si esto se aplica a su caso particular.<\/p><h2>10. Env\u00edo de ideas<\/h2><p>No env\u00ede ideas, inventos, trabajos de autor\u00eda u otra informaci\u00f3n que pueda considerarse su propia propiedad intelectual y que le gustar\u00eda presentarnos, a menos que primero hayamos firmado un acuerdo con respecto a la propiedad intelectual o un acuerdo de no divulgaci\u00f3n. \u00a0Si nos lo comunica en ausencia de dicho acuerdo por escrito, nos concede una licencia mundial, irrevocable, no exclusiva y libre de derechos de autor para utilizar, reproducir, almacenar, adaptar, publicar, traducir y distribuir su contenido en cualquier medio existente o futuro.<\/p><h2>11. Terminaci\u00f3n de uso <\/h2><p>Podemos, a nuestra entera discreci\u00f3n, modificar o interrumpir en cualquier momento el acceso, temporal o permanente, al sitio web o a cualquier Servicio del mismo.\u00a0Usted acepta que no seremos responsables ante usted ni ante ning\u00fan tercero por cualquier modificaci\u00f3n, suspensi\u00f3n o interrupci\u00f3n de su acceso o uso del sitio web o de cualquier contenido que pueda haber compartido en el sitio web.\u00a0Usted no tendr\u00e1 derecho a ninguna compensaci\u00f3n ni a ning\u00fan otro pago, ni siquiera si se pierden de forma permanente determinadas funciones, configuraciones y\/o cualquier Contenido con el que haya contribuido o en el que haya confiado.\u00a0No debe eludir o evitar, o intentar eludir o evitar, cualquier medida de restricci\u00f3n de acceso en nuestro sitio web.<\/p><h2>12. Garant\u00edas y responsabilidad<\/h2><p>Nada de lo dispuesto en esta secci\u00f3n limitar\u00e1 o excluir\u00e1 cualquier garant\u00eda impl\u00edcita por ley que fuera ilegal limitar o excluir.\u00a0Este sitio web y todo su contenido se proporciona \"tal cual\" y \"seg\u00fan disponibilidad\" y pueden incluir inexactitudes o errores tipogr\u00e1ficos.\u00a0Renunciamos expresamente a toda garant\u00eda de cualquier tipo, ya sea expresa o impl\u00edcita, en cuanto a la disponibilidad, precisi\u00f3n o integridad del Contenido. \u00a0No garantizamos que:<\/p><p><ul>\n\t\t\t\t<li>este sitio web o nuestros productos o servicios cumplir\u00e1n con sus requisitos;<\/li>\n\t\t\t\t<li>este sitio web estar\u00e1 disponible de forma ininterrumpida, oportuna, segura o sin errores;<\/li>\n\t\t\t\t<li>La calidad de cualquier producto o servicio adquirido u obtenido por usted a trav\u00e9s de este sitio web satisfar\u00e1 sus expectativas.<\/li>\n\t\t\t<\/ul><\/p><p>Nada de lo contenido en este sitio web constituye o pretende constituir un asesoramiento jur\u00eddico, financiero o m\u00e9dico de ning\u00fan tipo.\u00a0Si necesita asesoramiento, debe consultar a un profesional adecuado.<\/p><p>Las siguientes disposiciones de esta secci\u00f3n se aplican en la medida m\u00e1xima permitida por la ley aplicable y no limitar\u00e1n ni excluir\u00e1n nuestra responsabilidad con respecto a cualquier asunto que ser\u00eda il\u00edcito o ilegal para nosotros limitar o excluir nuestra responsabilidad. \u00a0En ning\u00fan caso seremos responsables de cualquier da\u00f1o directo o indirecto (incluyendo cualquier da\u00f1o por p\u00e9rdida de beneficios o ingresos, p\u00e9rdida o corrupci\u00f3n de datos, software o base de datos, o p\u00e9rdida o da\u00f1o a la propiedad o a los datos) incurridos por usted o por cualquier tercero, que surja de su acceso o uso de nuestro sitio web.<\/p><p>Salvo en la medida en que cualquier contrato adicional establezca expresamente lo contrario, nuestra responsabilidad m\u00e1xima hacia usted por todos los da\u00f1os que surjan o est\u00e9n relacionados con el sitio web o con cualquier producto o servicio comercializado o vendido a trav\u00e9s del sitio web, independientemente de la forma de acci\u00f3n legal que imponga la responsabilidad (ya sea por contrato, equidad, negligencia, conducta intencionada, agravio o cualquier otra forma) se limitar\u00e1 al precio total que usted nos paga para comprar dichos productos o servicios o utilizar el sitio web.\u00a0Dicho l\u00edmite se aplicar\u00e1 en conjunto a todas sus reclamaciones, acciones y causas de acci\u00f3n de cualquier tipo y naturaleza.<\/p><h2>13. Privacidad<\/h2><p>Para acceder a nuestro sitio web y\/o servicios, es posible que se le pida que proporcione cierta informaci\u00f3n sobre usted como parte del proceso de registro.\u00a0Usted se compromete a que toda la informaci\u00f3n que proporcione sea siempre precisa, correcta y actualizada.<\/p><p>Nos tomamos muy en serio sus datos personales y nos comprometemos a proteger su privacidad.\u00a0No utilizaremos su direcci\u00f3n de correo electr\u00f3nico para enviar mensajes no solicitados.\u00a0Cualquier correo electr\u00f3nico que le enviemos solo estar\u00e1 relacionado con el suministro de productos o servicios acordados. <\/p><p>Hemos desarrollado una pol\u00edtica para abordar cualquier preocupaci\u00f3n sobre la privacidad que pueda tener.\u00a0Para obtener m\u00e1s informaci\u00f3n, consulte nuestro <a href=\"https:\/\/gsoftwarelab.com\/es\/privacy\/\">Declaraci\u00f3n de privacidad<\/a> y nuestro <a href=\"https:\/\/gsoftwarelab.com\/es\/cookie-policy-eu\/\">Pol\u00edtica de Cookies<\/a>.<\/p><h2>14. Accesibilidad<\/h2><p>Nos comprometemos a que los contenidos que ofrecemos sean accesibles para las personas con discapacidad.\u00a0Si tiene una discapacidad y no puede acceder a cualquier parte de nuestro sitio web debido a su discapacidad, le pedimos que nos avise incluyendo una descripci\u00f3n detallada del problema que ha encontrado.\u00a0Si el problema es f\u00e1cilmente identificable y se puede resolver de acuerdo con las herramientas y t\u00e9cnicas de la tecnolog\u00eda de la informaci\u00f3n est\u00e1ndar del sector, lo resolveremos r\u00e1pidamente.<\/p><h2>15. Restricciones a la exportaci\u00f3n \/ Cumplimiento legal<\/h2><p>Se proh\u00edbe el acceso al sitio web desde territorios o pa\u00edses donde el Contenido o la compra de los productos o Servicios vendidos en el sitio web es ilegal. \u00a0No puede utilizar este sitio web infringiendo las leyes y reglamentos de exportaci\u00f3n de Germany.<\/p><h2>16. Marketing de afiliados<\/h2><p>A trav\u00e9s de este sitio web podemos realizar actividades de marketing de afiliaci\u00f3n por las que recibimos un porcentaje o una comisi\u00f3n por la venta de servicios o productos en este sitio web o a trav\u00e9s de \u00e9l.\u00a0Tambi\u00e9n podemos aceptar patrocinios u otras formas de compensaci\u00f3n publicitaria de empresas.\u00a0Esta informaci\u00f3n pretende cumplir con los requisitos legales sobre marketing y publicidad que puedan ser de aplicaci\u00f3n, como las normas de la Comisi\u00f3n Federal de Comercio de Estados Unidos.<\/p><h2>17. Asignaci\u00f3n<\/h2><p>Usted no puede ceder, transferir o subcontratar ninguno de sus derechos y\/u obligaciones en virtud de estos T\u00e9rminos y Condiciones, en su totalidad o en parte, a ning\u00fan tercero sin nuestro consentimiento previo por escrito.\u00a0Cualquier supuesta asignaci\u00f3n en violaci\u00f3n de esta secci\u00f3n ser\u00e1 nula y sin efecto.<\/p><h2>18. Incumplimientos de estos T\u00e9rminos y Condiciones <\/h2><p>Sin perjuicio de los dem\u00e1s derechos que nos asisten en virtud de los presentes T\u00e9rminos y Condiciones, si usted incumple estos T\u00e9rminos y Condiciones de cualquier manera, podremos tomar las medidas que consideremos oportunas para hacer frente al incumplimiento, incluyendo la suspensi\u00f3n temporal o permanente de su acceso al sitio web, poni\u00e9ndonos en contacto con su proveedor de servicios de Internet para solicitarle que bloquee su acceso al sitio web, y\/o iniciar acciones legales contra usted.<\/p><h2>19. Fuerza mayor (fuerza mayor)<\/h2><p>Excepto en el caso de las obligaciones de pago de dinero, ning\u00fan retraso, fallo u omisi\u00f3n por parte de cualquiera de las partes en el cumplimiento o la observancia de cualquiera de sus obligaciones en virtud del presente documento se considera un incumplimiento de estos T\u00e9rminos y Condiciones si, y mientras, dicho retraso, fallo u omisi\u00f3n seba a una causa m\u00e1s all\u00e1 del control razonable de dicha parte.<\/p><h2>20. Indemnizaci\u00f3n<\/h2><p>Usted se compromete a indemnizarnos, defendernos y eximirnos de toda reclamaci\u00f3n, responsabilidad, da\u00f1os, p\u00e9rdidas y gastos, relacionados con la violaci\u00f3n de estas condiciones y de las leyes aplicables, incluidos los derechos de propiedad intelectual y los derechos de privacidad.\u00a0Usted nos reembolsar\u00e1 sin demora los da\u00f1os, p\u00e9rdidas, costes y gastos relacionados con dichas reclamaciones o derivados de ellas.<\/p><h2>21. Renuncia <\/h2><p>El incumplimiento de cualquiera de las disposiciones establecidas en estos T\u00e9rminos y condiciones y en cualquier Acuerdo, o la falta de ejercicio de cualquier opci\u00f3n de interrupci\u00f3n, no se interpretar\u00e1 como una renuncia a dichas disposiciones y no afectar\u00e1 a la validez de estos T\u00e9rminos y Condiciones o de cualquier Acuerdo o cualquier parte del, ni al derecho mismo posterior de hacer cumplir todas y cada una de las disposiciones.<\/p><h2>22. Idioma<\/h2><p>Estos T\u00e9rminos y Condiciones se interpretar\u00e1n y analizar\u00e1n exclusivamente en Ingl\u00e9s.\u00a0Todas las notificaciones y la correspondencia se redactar\u00e1n exclusivamente en ese idioma. <\/p><h2>23. Acuerdo completo<\/h2><p>Estos T\u00e9rminos y Condiciones, junto con nuestros <a href=\"https:\/\/gsoftwarelab.com\/es\/privacy\/\">declaraci\u00f3n de confidencialidad<\/a> y <a href=\"https:\/\/gsoftwarelab.com\/es\/cookie-policy-eu\/\">pol\u00edtica de cookies<\/a>, constituyen el acuerdo completo entre usted y GSoftwareLab Inh. Lucas Schmutzler en relaci\u00f3n con su uso de este sitio web.<\/p><h2>24. Actualizaci\u00f3n de los presentes T\u00e9rminos y Condiciones<\/h2><p>Es posible que actualicemos estos T\u00e9rminos y Condiciones de vez en cuando. \u00a0Es su obligaci\u00f3n revisar peri\u00f3dicamente estos T\u00e9rminos y Condiciones para ver si hay cambios o actualizaciones.\u00a0La fecha indicada al principio de estas Condiciones Generales es la \u00faltima fecha de revisi\u00f3n.\u00a0Los cambios a estos T\u00e9rminos y Condiciones entrar\u00e1n en vigencia cuando dichos cambios se publiquen en este sitio web. \u00a0El uso continuado de este sitio web tras la publicaci\u00f3n de cambios o actualizaciones se considera un aviso de su aceptaci\u00f3n de cumplir y estar sujeto por estos T\u00e9rminos y Condiciones.<\/p><h2>25. Elecci\u00f3n de ley y jurisdicci\u00f3n <\/h2><p>Estos T\u00e9rminos y Condiciones se regir\u00e1n por las leyes de Germany.\u00a0Cualquier disputa relacionada con estos T\u00e9rminos y Condiciones estar\u00e1 sujeta a la jurisdicci\u00f3n de los tribunales de Alemania. \u00a0Si un tribunal u otra autoridad considera que alguna parte o disposici\u00f3n de estos T\u00e9rminos y Condiciones es inv\u00e1lida y\/o inaplicable en virtud de la legislaci\u00f3n vigente, dicha parte o disposici\u00f3n ser\u00e1 modificada, eliminada y\/o aplicada en la mayor medida permitida para hacer efectiva la intenci\u00f3n de estos T\u00e9rminos y Condiciones. \u00a0Las dem\u00e1s disposiciones no se ver\u00e1n afectadas.<\/p><h2>26. Informaci\u00f3n del contacto<\/h2><p>Este sitio web es propiedad y est\u00e1 gestionado por GSoftwareLab Inh. Lucas Schmutzler (en ingl\u00e9s).<\/p><p>Puede ponerse en contacto con nosotros con respecto a estos T\u00e9rminos y Condiciones a trav\u00e9s de nuestro <a href=\"https:\/\/gsoftwarelab.com\/es\/contact-us\/\">contacto<\/a> p\u00e1gina.<\/p><h2>27. Descargar<\/h2><p>Tambi\u00e9n puedes <a href=\"https:\/\/gsoftwarelab.com\/wp-content\/plugins\/complianz-terms-conditions\/download.php\">descargar<\/a> nuestros T\u00e9rminos y Condiciones en formato PDF.<\/p><\/div>\n<\/div>\n\n\n<div class=\"woocommerce woocommerce-gzd woocommerce-gzd-complaints-shortcode\">\n\t\t\t<h3>Resoluci\u00f3n alternativa de litigios de conformidad con el art\u00edculo 14, apartado 1, de la ODR-VO y el art\u00edculo 36 de la VSBG:<\/h3>\n\t\nNo estamos obligados ni dispuestos a participar en procedimientos de soluci\u00f3n de controversias ante una junta de arbitraje de consumidores.<\/div>","protected":false},"excerpt":{"rendered":"<p>T\u00e9rminos de servicio<\/p>","protected":false},"author":1,"featured_media":0,"parent":0,"menu_order":0,"comment_status":"closed","ping_status":"closed","template":"","meta":{"rop_custom_images_group":[],"rop_custom_messages_group":[],"rop_publish_now":"initial","rop_publish_now_accounts":{"twitter_2998589429_2998589429":""},"rop_publish_now_history":[],"rop_publish_now_status":"pending","footnotes":""},"class_list":["post-5002","page","type-page","status-publish","hentry"],"blocksy_meta":[],"_links":{"self":[{"href":"https:\/\/gsoftwarelab.com\/es\/wp-json\/wp\/v2\/pages\/5002","targetHints":{"allow":["GET"]}}],"collection":[{"href":"https:\/\/gsoftwarelab.com\/es\/wp-json\/wp\/v2\/pages"}],"about":[{"href":"https:\/\/gsoftwarelab.com\/es\/wp-json\/wp\/v2\/types\/page"}],"author":[{"embeddable":true,"href":"https:\/\/gsoftwarelab.com\/es\/wp-json\/wp\/v2\/users\/1"}],"replies":[{"embeddable":true,"href":"https:\/\/gsoftwarelab.com\/es\/wp-json\/wp\/v2\/comments?post=5002"}],"version-history":[{"count":3,"href":"https:\/\/gsoftwarelab.com\/es\/wp-json\/wp\/v2\/pages\/5002\/revisions"}],"predecessor-version":[{"id":8455,"href":"https:\/\/gsoftwarelab.com\/es\/wp-json\/wp\/v2\/pages\/5002\/revisions\/8455"}],"wp:attachment":[{"href":"https:\/\/gsoftwarelab.com\/es\/wp-json\/wp\/v2\/media?parent=5002"}],"curies":[{"name":"wp","href":"https:\/\/api.w.org\/{rel}","templated":true}]}}