{"id":3273,"date":"2021-10-06T19:55:27","date_gmt":"2021-10-06T17:55:27","guid":{"rendered":"https:\/\/gsoftwarelab.com\/?page_id=3273"},"modified":"2025-10-05T02:52:06","modified_gmt":"2025-10-05T00:52:06","slug":"cancellation-policy","status":"publish","type":"page","link":"https:\/\/gsoftwarelab.com\/es\/cancellation-policy\/","title":{"rendered":"Resumen de la pol\u00edtica de cancelaci\u00f3n"},"content":{"rendered":"<div class=\"wp-block-stackable-heading stk-block-heading stk-block-heading--v2 stk-block stk-45b3b19\" id=\"cancellation-policy-summary\" data-block-id=\"45b3b19\"><h2 class=\"stk-block-heading__text\">Resumen de la pol\u00edtica de cancelaci\u00f3n<\/h2><\/div>\n\n\n\n<p>Creemos en un proceso de cancelaci\u00f3n sencillo y justo. He aqu\u00ed un breve resumen de sus derechos.<\/p>\n\n\n\n<p>Usted tiene el derecho de cancelar su contrato dentro de <strong>14 d\u00edas<\/strong> de su conclusi\u00f3n, sin necesidad de proporcionar una raz\u00f3n.<\/p>\n\n\n\n<p>Para cancelar, debe enviarnos una declaraci\u00f3n clara de su decisi\u00f3n por <a href=\"https:\/\/gsoftwarelab.com\/es\/contact-us\/\">email<\/a>, post, o mediante el formulario de cancelaci\u00f3n en nuestro sitio web. Al recibir su solicitud, procesaremos un reembolso completo, incluidos los costos de entrega est\u00e1ndar, dentro de los 14 d\u00edas.<\/p>\n\n\n\n<p>Tenga en cuenta que si solicit\u00f3 que los servicios comiencen durante el per\u00edodo de cancelaci\u00f3n, se le puede cobrar un monto proporcional al servicio prestado antes de cancelar.<\/p>\n\n\n\n<p>Este es un resumen para su conveniencia. Para obtener detalles completos, excepciones y la pol\u00edtica oficial, consulte <strong><a href=\"https:\/\/gsoftwarelab.com\/es\/terms-conditions\/\">Secci\u00f3n 9 (Pol\u00edtica de reembolso y devoluci\u00f3n) en nuestros T\u00e9rminos de servicio<\/a><\/strong>.<\/p>","protected":false},"excerpt":{"rendered":"<p>Creemos en un proceso de cancelaci\u00f3n sencillo y justo. He aqu\u00ed un breve resumen de sus derechos. Usted tiene derecho a cancelar su contrato dentro de los 14 d\u00edas posteriores a su celebraci\u00f3n, sin necesidad de proporcionar una raz\u00f3n. Para cancelar, debe enviarnos una declaraci\u00f3n clara de su decisi\u00f3n por correo electr\u00f3nico, correo postal, [...]<\/p>","protected":false},"author":1,"featured_media":0,"parent":0,"menu_order":0,"comment_status":"closed","ping_status":"closed","template":"","meta":{"rop_custom_images_group":[],"rop_custom_messages_group":[],"rop_publish_now":"initial","rop_publish_now_accounts":{"twitter_2998589429_2998589429":""},"rop_publish_now_history":[],"rop_publish_now_status":"pending","footnotes":""},"class_list":["post-3273","page","type-page","status-publish","hentry"],"blocksy_meta":[],"_links":{"self":[{"href":"https:\/\/gsoftwarelab.com\/es\/wp-json\/wp\/v2\/pages\/3273","targetHints":{"allow":["GET"]}}],"collection":[{"href":"https:\/\/gsoftwarelab.com\/es\/wp-json\/wp\/v2\/pages"}],"about":[{"href":"https:\/\/gsoftwarelab.com\/es\/wp-json\/wp\/v2\/types\/page"}],"author":[{"embeddable":true,"href":"https:\/\/gsoftwarelab.com\/es\/wp-json\/wp\/v2\/users\/1"}],"replies":[{"embeddable":true,"href":"https:\/\/gsoftwarelab.com\/es\/wp-json\/wp\/v2\/comments?post=3273"}],"version-history":[{"count":1,"href":"https:\/\/gsoftwarelab.com\/es\/wp-json\/wp\/v2\/pages\/3273\/revisions"}],"predecessor-version":[{"id":8271,"href":"https:\/\/gsoftwarelab.com\/es\/wp-json\/wp\/v2\/pages\/3273\/revisions\/8271"}],"wp:attachment":[{"href":"https:\/\/gsoftwarelab.com\/es\/wp-json\/wp\/v2\/media?parent=3273"}],"curies":[{"name":"wp","href":"https:\/\/api.w.org\/{rel}","templated":true}]}}