{"id":2067,"date":"2021-01-30T19:35:47","date_gmt":"2021-01-30T17:35:47","guid":{"rendered":"https:\/\/gsoftwarelab.com\/payment-methods\/"},"modified":"2025-10-05T02:45:32","modified_gmt":"2025-10-05T00:45:32","slug":"payment-methods","status":"publish","type":"page","link":"https:\/\/gsoftwarelab.com\/es\/payment-methods\/","title":{"rendered":"M\u00e9todos de pago"},"content":{"rendered":"<p>Queremos que su experiencia de pago sea lo m\u00e1s simple y segura posible. Ofrecemos una gama de opciones de pago para satisfacer sus necesidades. Todas las transacciones se procesan mediante cifrado seguro para garantizar que sus datos est\u00e9n siempre protegidos.<\/p>\n\n\n\n<p>Elija el m\u00e9todo que funcione mejor para usted de las siguientes opciones.<\/p>\n\n\n\n<hr class=\"wp-block-separator has-alpha-channel-opacity\"\/>\n\n\n\n<h4 class=\"wp-block-heading\"><strong>PayPal &amp; Tarjetas de cr\u00e9dito\/d\u00e9bito<\/strong><\/h4>\n\n\n\n<p>Aceptamos pagos de forma segura a trav\u00e9s de PayPal. Cuando proceda a realizar el pago, ser\u00e1 redirigido a la pasarela de pago de PayPal.<\/p>\n\n\n\n<ul class=\"wp-block-list\">\n<li><strong>Paga con una cuenta PayPal:<\/strong> Si tiene una cuenta de PayPal, puede iniciar sesi\u00f3n para completar r\u00e1pidamente su compra utilizando su saldo guardado o los m\u00e9todos de pago vinculados.<\/li>\n\n\n\n<li><strong>Pague con una tarjeta de cr\u00e9dito o d\u00e9bito:<\/strong> \u00bfNo tienes una cuenta PayPal? No hay problema. Simplemente seleccione la opci\u00f3n \u00abPagar con tarjeta de d\u00e9bito o cr\u00e9dito\u00bb en la p\u00e1gina de PayPal. Puede ingresar de forma segura los datos de su tarjeta (Visa, Mastercard, American Express, etc.) para completar la transacci\u00f3n como invitado. Su informaci\u00f3n financiera est\u00e1 protegida por la plataforma segura de PayPal.<\/li>\n<\/ul>\n\n\n\n<h4 class=\"wp-block-heading\"><strong>Criptomoneda<\/strong><\/h4>\n\n\n\n<p>Abrazando el futuro de los pagos digitales, estamos orgullosos de aceptar varias criptomonedas.<\/p>\n\n\n\n<ul class=\"wp-block-list\">\n<li><strong>Bitcoin (BTC):<\/strong> Puedes pagar directamente usando Bitcoin.<\/li>\n\n\n\n<li><strong>Altcoins:<\/strong> Tambi\u00e9n aceptamos una selecci\u00f3n de otras criptomonedas alternativas populares.<\/li>\n<\/ul>\n\n\n\n<p>La cantidad requerida se calcular\u00e1 en funci\u00f3n del tipo de cambio actual en el momento de la transacci\u00f3n. Simplemente seleccione la opci\u00f3n de criptomoneda al finalizar la compra para continuar.<\/p>\n\n\n\n<hr class=\"wp-block-separator has-alpha-channel-opacity\"\/>\n\n\n\n<p>Si tiene alguna pregunta sobre nuestros m\u00e9todos de pago o tiene alg\u00fan problema, no dude en <strong><a href=\"https:\/\/gsoftwarelab.com\/es\/contact-us\/\">P\u00f3ngase en contacto con nuestro equipo de soporte<\/a><\/strong> para asistencia.<\/p>\n\n\n\n<div class=\"wp-block-group alignfull has-ti-bg-alt-background-color has-background is-layout-constrained wp-block-group-is-layout-constrained\" style=\"margin-top:0;margin-bottom:0;padding-top:64px;padding-bottom:64px\">\n<h3 class=\"wp-block-heading alignwide has-text-align-center has-large-font-size\">M\u00e9todos de pago aceptados<\/h3>\n\n\n\n<div class=\"wp-block-group is-content-justification-center is-nowrap is-layout-flex wp-container-core-group-is-layout-23441af8 wp-block-group-is-layout-flex\">\n<figure class=\"wp-block-image size-full\"><img decoding=\"async\" width=\"128\" height=\"36\" src=\"https:\/\/gsoftwarelab.com\/wp-content\/uploads\/2023\/07\/payment_method_paypal.webp\" alt=\"Paga con PayPal\" class=\"wp-image-6699\" title=\"\"><\/figure>\n\n\n\n<figure class=\"wp-block-image size-full\"><img decoding=\"async\" width=\"100\" height=\"78\" src=\"https:\/\/gsoftwarelab.com\/wp-content\/uploads\/2023\/07\/payment_method_cc.webp\" alt=\"Pague con CreditCard\" class=\"wp-image-6700\" title=\"\"><\/figure>\n\n\n\n<figure class=\"wp-block-image size-full\"><img decoding=\"async\" width=\"100\" height=\"42\" src=\"https:\/\/gsoftwarelab.com\/wp-content\/uploads\/2023\/07\/payment_method_stripe.webp\" alt=\"Paga con Stripe\" class=\"wp-image-6701\" title=\"\"><\/figure>\n\n\n\n<figure class=\"wp-block-image size-full\"><img decoding=\"async\" width=\"98\" height=\"98\" src=\"https:\/\/gsoftwarelab.com\/wp-content\/uploads\/2023\/07\/payment_method_bitcoin.webp\" alt=\"Paga con Bitcoin\" class=\"wp-image-6702\" title=\"\" srcset=\"https:\/\/gsoftwarelab.com\/wp-content\/uploads\/2023\/07\/payment_method_bitcoin.webp 98w, https:\/\/gsoftwarelab.com\/wp-content\/uploads\/2023\/07\/payment_method_bitcoin-96x96.webp 96w\" sizes=\"(max-width: 98px) 100vw, 98px\" \/><\/figure>\n\n\n\n<figure class=\"wp-block-image size-full\"><img decoding=\"async\" width=\"60\" height=\"100\" src=\"https:\/\/gsoftwarelab.com\/wp-content\/uploads\/2023\/07\/payment_method_eth.webp\" alt=\"Paga con Ethereum y Altcoin\" class=\"wp-image-6703\" title=\"\"><\/figure>\n<\/div>\n<\/div>","protected":false},"excerpt":{"rendered":"<p>Queremos que su experiencia de pago sea lo m\u00e1s simple y segura posible. Ofrecemos una gama de opciones de pago para satisfacer sus necesidades. Todas las transacciones se procesan mediante cifrado seguro para garantizar que sus datos est\u00e9n siempre protegidos. Elija el m\u00e9todo que funcione mejor para usted de las siguientes opciones. PayPal &amp; Tarjetas de cr\u00e9dito\/d\u00e9bito [...]<\/p>","protected":false},"author":1,"featured_media":0,"parent":0,"menu_order":0,"comment_status":"closed","ping_status":"closed","template":"","meta":{"rop_custom_images_group":[],"rop_custom_messages_group":[],"rop_publish_now":"initial","rop_publish_now_accounts":{"twitter_2998589429_2998589429":""},"rop_publish_now_history":[],"rop_publish_now_status":"pending","footnotes":""},"class_list":["post-2067","page","type-page","status-publish","hentry"],"blocksy_meta":[],"_links":{"self":[{"href":"https:\/\/gsoftwarelab.com\/es\/wp-json\/wp\/v2\/pages\/2067","targetHints":{"allow":["GET"]}}],"collection":[{"href":"https:\/\/gsoftwarelab.com\/es\/wp-json\/wp\/v2\/pages"}],"about":[{"href":"https:\/\/gsoftwarelab.com\/es\/wp-json\/wp\/v2\/types\/page"}],"author":[{"embeddable":true,"href":"https:\/\/gsoftwarelab.com\/es\/wp-json\/wp\/v2\/users\/1"}],"replies":[{"embeddable":true,"href":"https:\/\/gsoftwarelab.com\/es\/wp-json\/wp\/v2\/comments?post=2067"}],"version-history":[{"count":2,"href":"https:\/\/gsoftwarelab.com\/es\/wp-json\/wp\/v2\/pages\/2067\/revisions"}],"predecessor-version":[{"id":8364,"href":"https:\/\/gsoftwarelab.com\/es\/wp-json\/wp\/v2\/pages\/2067\/revisions\/8364"}],"wp:attachment":[{"href":"https:\/\/gsoftwarelab.com\/es\/wp-json\/wp\/v2\/media?parent=2067"}],"curies":[{"name":"wp","href":"https:\/\/api.w.org\/{rel}","templated":true}]}}