{"id":8312,"date":"2025-09-27T08:34:07","date_gmt":"2025-09-27T06:34:07","guid":{"rendered":"https:\/\/gsoftwarelab.com\/?post_type=product&#038;p=8312"},"modified":"2026-04-05T02:56:39","modified_gmt":"2026-04-05T00:56:39","slug":"free-trial-traffic-buddy","status":"publish","type":"product","link":"https:\/\/gsoftwarelab.com\/de\/produkt\/free-trial-traffic-buddy\/","title":{"rendered":"Traffic Buddy \u2013 Kostenlose Testversion"},"content":{"rendered":"<h2>Traffic Buddy 7-Tage-Testversion \u2013 Free Traffic Bot<\/h2>\n<p>Neugierig, wie Traffic Buddy kann Ihnen helfen, das Ranking Ihrer Website zu verbessern? Laden Sie unsere kostenlose 7-Tage-Testversion herunter und sehen Sie sich die Kernfunktionen selbst an. Diese Version mit eingeschr\u00e4nkten Funktionen erm\u00f6glicht es Ihnen, grundlegenden Traffic zu generieren, die benutzerfreundliche Oberfl\u00e4che zu erkunden und zu verstehen, wie unser Tool echten Browser-Traffic f\u00fcr Ihre Website erzeugen kann. Kein Engagement, kein Risiko. Starten Sie noch heute Ihre kostenlose Testversion!<\/p>\n<h3><a href=\"https:\/\/gsoftwarelab.com\/de\/produkt\/traffic-buddy\/\">Kaufen Vollversion von Traffic Buddy<\/a><\/h3>\n<p><img decoding=\"async\" src=\"https:\/\/api.apidog.com\/api\/v1\/projects\/1067667\/resources\/362604\/image-preview\" alt=\"Bild.png\" title=\"\"><\/p>\n<p><strong>Hauptmerkmale:<br \/>\n<\/strong><\/p>\n<ul>\n<li>Echten Browser-Traffic generieren<\/li>\n<li>Erbaut in privaten, Wohn-, rotierenden und \u00f6ffentlichen proxy Unterst\u00fctzung (Http, Https, Socken4, Socken5)<\/li>\n<li>Eingebauter \u00f6ffentlicher Proxy-Scraper (Http, Https, Socks4, Socks5)<\/li>\n<li>Eingebauter Multi-Thread-Proxy-Tester<\/li>\n<li>Eingebauter Proxy-L\u00e4nderfilter (unter Verwendung einer Geo-IP-Datenbank)<\/li>\n<li>\u00c4ndern Sie den Referrer\/Ursprung des Traffics (unterst\u00fctzt Google, Bing, DuckDuckGo mit Keywords und benutzerdefinierten URLs)<\/li>\n<li>Innere Website-Seiten durchsuchen<\/li>\n<li>Benutzerverhalten simulieren (scrollen und klicken)<\/li>\n<li>Simulieren Sie Benutzerklicks (Klicken auf benutzerdefinierte Schaltfl\u00e4chen, Bilder usw.)<\/li>\n<li>Eingebaute Ger\u00e4teemulation (\u00fcber 100 authentische Ger\u00e4te, emuliert automatisch den Benutzeragenten, das Display, die CPU, den RAM und vieles mehr)<\/li>\n<li>Kostenlose lebenslange Updates<\/li>\n<li>NEU: Integrierter TOR-Proxy-Support<\/li>\n<li>NEU: Google Search Bot (SEO-Traffic generieren)<\/li>\n<li><a href=\"https:\/\/gsoftwarelab.com\/de\/organic-website-traffic-bot\/\">Mehr erfahren<\/a> \u00fcber alle Traffic-Bot-Funktionen.<\/li>\n<\/ul>\n<p><strong>Einschr\u00e4nkungen der Testversion:<\/strong><\/p>\n<ul>\n<li>G\u00fcltig f\u00fcr 7 Tage<\/li>\n<li>Erstellung einer Kampagne<\/li>\n<li>Generierung von bis zu 1000 Views<\/li>\n<li>1 gleichzeitiger Browser (Thread)<\/li>\n<\/ul>","protected":false},"excerpt":{"rendered":"<p>Neugierig, wie Traffic Buddy kann Ihnen helfen, das Ranking Ihrer Website zu verbessern? Laden Sie unsere kostenlose 7-Tage-Testversion herunter und sehen Sie sich die Kernfunktionen selbst an. Diese Version mit eingeschr\u00e4nkten Funktionen erm\u00f6glicht es Ihnen, grundlegenden Traffic zu generieren, die benutzerfreundliche Oberfl\u00e4che zu erkunden und zu verstehen, wie unser Tool echten Browser-Traffic f\u00fcr Ihre Website erzeugen kann. Kein Engagement, kein Risiko. Starten Sie noch heute Ihre kostenlose Testversion!<\/p>","protected":false},"featured_media":8315,"comment_status":"open","ping_status":"closed","template":"","meta":{"rop_custom_images_group":[],"rop_custom_messages_group":[],"rop_publish_now":"initial","rop_publish_now_accounts":{"twitter_2998589429_2998589429":""},"rop_publish_now_history":[],"rop_publish_now_status":"pending"},"product_brand":[2068,2071],"product_cat":[2400,87,104],"product_tag":[140,2376,696,2377,2375],"class_list":{"0":"post-8312","1":"product","2":"type-product","3":"status-publish","4":"has-post-thumbnail","6":"product_brand-gsoftwarelab","7":"product_brand-traffic-buddy","8":"product_cat-free-software","9":"product_cat-software","10":"product_cat-traffic-buddy","11":"product_tag-free","12":"product_tag-free-download","13":"product_tag-traffic-bot","14":"product_tag-traffic-buddy-trial","15":"product_tag-trial","17":"first","18":"instock","19":"downloadable","20":"virtual","21":"sold-individually","22":"purchasable","23":"product-type-simple"},"wcol_rules":[{"obj_ids":["8312","8292","8298"],"applied_on":"quantity","cus_applied_on":"amount","message":"","accomulative":"","id":8330,"rule_type":"products","product_type":"simple","min_rule_limit":"0","enable_max_rule_limit":"on","max_rule_limit":"1","enable_time_limit":"on","rule_time_span":"yearly","yearly_start_day":"1","yearly_start_month":"01","weekly_start_day":"monday","monthly_start_date":"","enable_for_users":"on","user_type":"guest-users","disable_limit":"","parent_rule":"","across_all_orders":"2","exclude_shipping_price":"","enable_for_payment":"","enable_custom_notice":"","rule_start_time":"","rule_end_time":""}],"_links":{"self":[{"href":"https:\/\/gsoftwarelab.com\/de\/wp-json\/wp\/v2\/product\/8312","targetHints":{"allow":["GET"]}}],"collection":[{"href":"https:\/\/gsoftwarelab.com\/de\/wp-json\/wp\/v2\/product"}],"about":[{"href":"https:\/\/gsoftwarelab.com\/de\/wp-json\/wp\/v2\/types\/product"}],"replies":[{"embeddable":true,"href":"https:\/\/gsoftwarelab.com\/de\/wp-json\/wp\/v2\/comments?post=8312"}],"wp:featuredmedia":[{"embeddable":true,"href":"https:\/\/gsoftwarelab.com\/de\/wp-json\/wp\/v2\/media\/8315"}],"wp:attachment":[{"href":"https:\/\/gsoftwarelab.com\/de\/wp-json\/wp\/v2\/media?parent=8312"}],"wp:term":[{"taxonomy":"product_brand","embeddable":true,"href":"https:\/\/gsoftwarelab.com\/de\/wp-json\/wp\/v2\/product_brand?post=8312"},{"taxonomy":"product_cat","embeddable":true,"href":"https:\/\/gsoftwarelab.com\/de\/wp-json\/wp\/v2\/product_cat?post=8312"},{"taxonomy":"product_tag","embeddable":true,"href":"https:\/\/gsoftwarelab.com\/de\/wp-json\/wp\/v2\/product_tag?post=8312"}],"curies":[{"name":"wp","href":"https:\/\/api.w.org\/{rel}","templated":true}]}}