{"id":8292,"date":"2025-09-25T01:12:53","date_gmt":"2025-09-24T23:12:53","guid":{"rendered":"https:\/\/gsoftwarelab.com\/?post_type=product&#038;p=8292"},"modified":"2025-11-05T09:07:16","modified_gmt":"2025-11-05T07:07:16","slug":"backlink-checker","status":"publish","type":"product","link":"https:\/\/gsoftwarelab.com\/de\/produkt\/backlink-checker\/","title":{"rendered":"Backlink-Checker"},"content":{"rendered":"<h2 class=\"elementor-image-box-title\">Backlink Checker \u2013 Echtzeit-Backlink-Einblicke<\/h2>\n<p>Der Backlink Checker ist ein intuitives und einfach zu bedienendes Tool, mit dem Benutzer \u00fcberpr\u00fcfen k\u00f6nnen, ob Websites eine bestimmte Zeichenfolge wie einen Domainnamen oder ein Keyword enthalten. Diese Funktion kann verwendet werden, um schnell und einfach nach Backlinks zu Ihrer Website zu suchen, damit Sie die Qualit\u00e4t und Relevanz der Links, die auf Ihre Website verweisen, verfolgen und analysieren k\u00f6nnen. Mit einer einfachen und unkomplizierten Oberfl\u00e4che ist der Backlink Checker ein leistungsstarkes und wesentliches Tool f\u00fcr alle, die das Backlink-Profil ihrer Website \u00fcberwachen und verbessern m\u00f6chten.<\/p>\n<p><img decoding=\"async\" src=\"https:\/\/gsoftwarelab.com\/wp-content\/uploads\/2020\/11\/dasht.png.webp\" alt=\"Kostenlose Link- und Backlink-\u00dcberpr\u00fcfungssoftware\" title=\"\"><\/p>\n<p>&nbsp;<\/p>\n<p><strong>Hauptmerkmale<\/strong><\/p>\n<ul>\n<li>Bulk &amp; Massenlistenunterst\u00fctzung<\/li>\n<li>Multi-Threaded-Pr\u00fcfung<\/li>\n<li>Benutzerdefinierte String- oder Link-Pr\u00fcfung<\/li>\n<li>Detaillierte Ergebnisse<\/li>\n<li>100% KOSTENLOS<\/li>\n<\/ul>","protected":false},"excerpt":{"rendered":"<p>Der Backlink Checker ist ein intuitives und benutzerfreundliches Tool, mit dem Benutzer \u00fcberpr\u00fcfen k\u00f6nnen, ob Websites eine bestimmte Zeichenfolge wie einen Domainnamen oder ein Keyword enthalten. Mit dieser Funktion k\u00f6nnen Sie schnell und einfach nach Backlinks zu Ihrer Website suchen, um die Qualit\u00e4t und Relevanz der Links, die auf Ihre Website verweisen, zu verfolgen und zu analysieren.<\/p>","protected":false},"featured_media":8294,"comment_status":"closed","ping_status":"closed","template":"","meta":{"rop_custom_images_group":[],"rop_custom_messages_group":[],"rop_publish_now":"initial","rop_publish_now_accounts":{"twitter_2998589429_2998589429":""},"rop_publish_now_history":[],"rop_publish_now_status":"pending"},"product_brand":[2068],"product_cat":[2400,87],"product_tag":[],"class_list":{"0":"post-8292","1":"product","2":"type-product","3":"status-publish","4":"has-post-thumbnail","6":"product_brand-gsoftwarelab","7":"product_cat-free-software","8":"product_cat-software","10":"first","11":"instock","12":"downloadable","13":"virtual","14":"purchasable","15":"product-type-simple"},"wcol_rules":[{"obj_ids":["8312","8292","8298"],"applied_on":"quantity","cus_applied_on":"amount","message":"","accomulative":"","id":8330,"rule_type":"products","product_type":"simple","min_rule_limit":"0","enable_max_rule_limit":"on","max_rule_limit":"1","enable_time_limit":"on","rule_time_span":"yearly","yearly_start_day":"1","yearly_start_month":"01","weekly_start_day":"monday","monthly_start_date":"","enable_for_users":"on","user_type":"guest-users","disable_limit":"","parent_rule":"","across_all_orders":"2","exclude_shipping_price":"","enable_for_payment":"","enable_custom_notice":"","rule_start_time":"","rule_end_time":""}],"_links":{"self":[{"href":"https:\/\/gsoftwarelab.com\/de\/wp-json\/wp\/v2\/product\/8292","targetHints":{"allow":["GET"]}}],"collection":[{"href":"https:\/\/gsoftwarelab.com\/de\/wp-json\/wp\/v2\/product"}],"about":[{"href":"https:\/\/gsoftwarelab.com\/de\/wp-json\/wp\/v2\/types\/product"}],"replies":[{"embeddable":true,"href":"https:\/\/gsoftwarelab.com\/de\/wp-json\/wp\/v2\/comments?post=8292"}],"wp:featuredmedia":[{"embeddable":true,"href":"https:\/\/gsoftwarelab.com\/de\/wp-json\/wp\/v2\/media\/8294"}],"wp:attachment":[{"href":"https:\/\/gsoftwarelab.com\/de\/wp-json\/wp\/v2\/media?parent=8292"}],"wp:term":[{"taxonomy":"product_brand","embeddable":true,"href":"https:\/\/gsoftwarelab.com\/de\/wp-json\/wp\/v2\/product_brand?post=8292"},{"taxonomy":"product_cat","embeddable":true,"href":"https:\/\/gsoftwarelab.com\/de\/wp-json\/wp\/v2\/product_cat?post=8292"},{"taxonomy":"product_tag","embeddable":true,"href":"https:\/\/gsoftwarelab.com\/de\/wp-json\/wp\/v2\/product_tag?post=8292"}],"curies":[{"name":"wp","href":"https:\/\/api.w.org\/{rel}","templated":true}]}}