{"id":7899,"date":"2025-07-21T09:02:57","date_gmt":"2025-07-21T07:02:57","guid":{"rendered":"https:\/\/gsoftwarelab.com\/?post_type=product&#038;p=7899"},"modified":"2026-04-11T11:42:01","modified_gmt":"2026-04-11T09:42:01","slug":"private-proxies-1-month","status":"publish","type":"product","link":"https:\/\/gsoftwarelab.com\/de\/produkt\/private-proxies-1-month\/","title":{"rendered":"Private Proxys \u2013 1 Monat"},"content":{"rendered":"<p>Wir stellen unser neuestes Angebot vor: <strong>Private Proxies <\/strong>\u00a0\u2013 1 Monatsabonnement mit <strong>250 GB inkludierter Datenverkehr <\/strong>und optional <strong>periodischer Austausch von IP-Adressen<\/strong>. Dieser Premium-Service sorgt f\u00fcr sicheres und effizientes Surfen mit einem dedizierten proxy Pool von w\u00e4hlbaren GEO-Standorten weltweit. Sch\u00fctzen Sie Ihre Privatsph\u00e4re und erleben Sie nahtlose Konnektivit\u00e4t mit unserem exklusiven proxy L\u00f6sung, die auf Ihre Bed\u00fcrfnisse zugeschnitten ist.<\/p>\n<ul>\n<li>1000\u201310000 R\u00fcckgrat proxy Verbindungen (IP:PORT:USER:PASS)<\/li>\n<li>1x Rotierende Endpunktverbindung (neuer Proxy bei jeder Verbindung)<\/li>\n<li>250GB Traffic (erweiterbar)<\/li>\n<li>Weltweite GEO Standorte m\u00f6glich<\/li>\n<li>100 Proxy-Threads anzeigen<\/li>\n<li>Unterst\u00fctzung f\u00fcr HTTP\/HTTPS-Verbindungen<\/li>\n<li>Unterst\u00fctzung f\u00fcr SOCKS5-Verbindungen<\/li>\n<\/ul>\n<p>Diese Bestellung wird manuell bearbeitet und kann bis zu 48 Stunden dauern. Wir setzen uns anschlie\u00dfend mit Ihnen in Verbindung, um die gew\u00fcnschten GEO-Standorte mit Ihnen abzustimmen.<br \/>\nWir k\u00f6nnen derzeit keine R\u00fcckerstattungen f\u00fcr diesen Service anbieten, nachdem die Bestellung bearbeitet wurde.<\/p>","protected":false},"excerpt":{"rendered":"<p><strong>Private Proxies <\/strong>\u00a0\u2013 1 Monatsabonnement mit <strong>250 GB inkludierter Datenverkehr <\/strong>und optional<strong> IP-Ersatz.<\/strong><\/p>","protected":false},"featured_media":7931,"comment_status":"open","ping_status":"closed","template":"","meta":{"rop_custom_images_group":[],"rop_custom_messages_group":[],"rop_publish_now":"initial","rop_publish_now_accounts":{"twitter_2998589429_2998589429":""},"rop_publish_now_history":[],"rop_publish_now_status":"pending"},"product_brand":[],"product_cat":[158],"product_tag":[],"class_list":{"0":"post-7899","1":"product","2":"type-product","3":"status-publish","4":"has-post-thumbnail","6":"product_cat-services","8":"first","9":"instock","10":"shipping-taxable","11":"purchasable","12":"product-type-variable"},"wcol_rules":[],"_links":{"self":[{"href":"https:\/\/gsoftwarelab.com\/de\/wp-json\/wp\/v2\/product\/7899","targetHints":{"allow":["GET"]}}],"collection":[{"href":"https:\/\/gsoftwarelab.com\/de\/wp-json\/wp\/v2\/product"}],"about":[{"href":"https:\/\/gsoftwarelab.com\/de\/wp-json\/wp\/v2\/types\/product"}],"replies":[{"embeddable":true,"href":"https:\/\/gsoftwarelab.com\/de\/wp-json\/wp\/v2\/comments?post=7899"}],"wp:featuredmedia":[{"embeddable":true,"href":"https:\/\/gsoftwarelab.com\/de\/wp-json\/wp\/v2\/media\/7931"}],"wp:attachment":[{"href":"https:\/\/gsoftwarelab.com\/de\/wp-json\/wp\/v2\/media?parent=7899"}],"wp:term":[{"taxonomy":"product_brand","embeddable":true,"href":"https:\/\/gsoftwarelab.com\/de\/wp-json\/wp\/v2\/product_brand?post=7899"},{"taxonomy":"product_cat","embeddable":true,"href":"https:\/\/gsoftwarelab.com\/de\/wp-json\/wp\/v2\/product_cat?post=7899"},{"taxonomy":"product_tag","embeddable":true,"href":"https:\/\/gsoftwarelab.com\/de\/wp-json\/wp\/v2\/product_tag?post=7899"}],"curies":[{"name":"wp","href":"https:\/\/api.w.org\/{rel}","templated":true}]}}