{"id":5915,"date":"2023-02-04T16:45:33","date_gmt":"2023-02-04T14:45:33","guid":{"rendered":"https:\/\/gsoftwarelab.com\/?post_type=product&#038;p=5915"},"modified":"2025-11-10T06:30:58","modified_gmt":"2025-11-10T04:30:58","slug":"index-buddy-v2","status":"publish","type":"product","link":"https:\/\/gsoftwarelab.com\/de\/produkt\/index-buddy-v2\/","title":{"rendered":"Index Buddy"},"content":{"rendered":"<h2 class=\"elementor-image-box-title\">Index Buddy V2 \u2013 Massen-SEO-Link-Indexer<\/h2>\n<div class=\"flex flex-grow flex-col gap-3\">\n<div class=\"min-h-[20px] flex flex-col items-start gap-4 whitespace-pre-wrap\">\n<div class=\"markdown prose w-full break-words dark:prose-invert light\">\n<p>Index Buddy V2 ist die neueste und verbesserte Version von Index Buddy. Es bietet erweiterte und verbesserte Indexierungsfunktionen, um die Sichtbarkeit und das Ranking Ihrer Website oder URLs in gro\u00dfen Suchmaschinen wie Google, Bing und Baidu zu verbessern. Die Software ist benutzerfreundlich und leistungsstark und macht es Ihnen leicht, einzelne URLs, ganze Websites oder Bulk-Listen von URLs mit nur wenigen Klicks zu indizieren.<\/p>\n<p>Mit einem monatlichen Abonnement f\u00fcr Index Buddy V2, Sie k\u00f6nnen nahtlose und ununterbrochene Indizierung auf einem Computer genie\u00dfen. Alle zuk\u00fcnftigen Updates, neuen Funktionen und Fehlerbehebungen sind f\u00fcr 1 Monat enthalten, um sicherzustellen, dass Sie immer Zugriff auf die aktuellste Version der Software haben.<\/p>\n<p><img decoding=\"async\" class=\"aligncenter wp-image-6384 size-full\" src=\"https:\/\/gsoftwarelab.com\/wp-content\/uploads\/2023\/02\/Indexing.gif\" alt=\"Index Buddy - Indexierung von Links und Backlinks\" width=\"1000\" height=\"650\" title=\"\"><\/p>\n<\/div>\n<\/div>\n<\/div>\n<p>&nbsp;<\/p>\n<p><strong>Mindestsystemanforderungen:<\/strong><\/p>\n<ul>\n<li>Betriebssystem: Windows 10 (Version 22H2 oder h\u00f6her) Windows 11 (alle Versionen), Windows Server 2019 und h\u00f6her<\/li>\n<li>8 GB RAM<\/li>\n<li>10 GB Speicher<\/li>\n<li>4 Kerne<\/li>\n<li>Stabile Internetverbindung<\/li>\n<\/ul>\n<p><strong>Bestellung beinhaltet:<\/strong><\/p>\n<ul>\n<li>1 Monat Software-Abonnement (<span class=\"HwtZe\" lang=\"en\"><span class=\"jCAhz ChMk0b\"><span class=\"ryNqvb\">1PC)<\/span><\/span><\/span><\/li>\n<li>1 Monat umfassende Unterst\u00fctzung<\/li>\n<\/ul>\n<p><strong>Abonnement-Bedingungen:<\/strong><\/p>\n<ul>\n<li>Automatische Verl\u00e4ngerung jeden Monat bis zur Stornierung<\/li>\n<li>Support und Updates w\u00e4hrend des Abonnementzeitraums<\/li>\n<\/ul>\n<p><strong><a href=\"https:\/\/gsoftwarelab.com\/de\/index-buddy-backlink-indexer\/\">Erfahren Sie mehr \u00fcber Index Buddy (Link-Indexierungssoftware)<\/a><\/strong><br \/>\n<strong><a href=\"https:\/\/docs.gsoftwarelab.com\/\">Lesen Sie die Dokumentation<\/a><\/strong><\/p>\n<p><strong><a href=\"https:\/\/gsoftwarelab.com\/de\/organic-traffic-view-bot\/\">Erfahren Sie mehr \u00fcber Traffic Buddy<\/a><a href=\"https:\/\/gsoftwarelab.com\/de\/organic-traffic-view-bot\/\"> (Verkehrsbot)<\/a><br \/>\n<a href=\"https:\/\/gsoftwarelab.com\/de\/proxy-buddy-scraper-tester\/\">Erfahren Sie mehr \u00fcber Proxy Buddy <\/a><a href=\"https:\/\/gsoftwarelab.com\/de\/proxy-buddy-scraper-tester\/\">(Proxy-Schaber)<\/a><\/strong><\/p>","protected":false},"excerpt":{"rendered":"<p>Index Buddy V2, das perfekte Werkzeug f\u00fcr die Indizierung riesiger Listen von Backlinks in Suchmaschinen.<\/p>","protected":false},"featured_media":7727,"comment_status":"open","ping_status":"closed","template":"","meta":{"rop_custom_images_group":[],"rop_custom_messages_group":[],"rop_publish_now":"initial","rop_publish_now_accounts":{"twitter_2998589429_2998589429":""},"rop_publish_now_history":[],"rop_publish_now_status":"pending"},"product_brand":[2068,2070],"product_cat":[89,87],"product_tag":[190,2383,191,2384,192,193],"class_list":{"0":"post-5915","1":"product","2":"type-product","3":"status-publish","4":"has-post-thumbnail","6":"product_brand-gsoftwarelab","7":"product_brand-index-buddy","8":"product_cat-index-buddy","9":"product_cat-software","10":"product_tag-backlink-indexer","11":"product_tag-backlink-indexer-subscription","12":"product_tag-indexing-software","13":"product_tag-indexing-software-subscription","14":"product_tag-indexing-tool","15":"product_tag-url-indexer","17":"first","18":"instock","19":"featured","20":"downloadable","21":"virtual","22":"purchasable","23":"product-type-simple"},"wcol_rules":[],"_links":{"self":[{"href":"https:\/\/gsoftwarelab.com\/de\/wp-json\/wp\/v2\/product\/5915","targetHints":{"allow":["GET"]}}],"collection":[{"href":"https:\/\/gsoftwarelab.com\/de\/wp-json\/wp\/v2\/product"}],"about":[{"href":"https:\/\/gsoftwarelab.com\/de\/wp-json\/wp\/v2\/types\/product"}],"replies":[{"embeddable":true,"href":"https:\/\/gsoftwarelab.com\/de\/wp-json\/wp\/v2\/comments?post=5915"}],"wp:featuredmedia":[{"embeddable":true,"href":"https:\/\/gsoftwarelab.com\/de\/wp-json\/wp\/v2\/media\/7727"}],"wp:attachment":[{"href":"https:\/\/gsoftwarelab.com\/de\/wp-json\/wp\/v2\/media?parent=5915"}],"wp:term":[{"taxonomy":"product_brand","embeddable":true,"href":"https:\/\/gsoftwarelab.com\/de\/wp-json\/wp\/v2\/product_brand?post=5915"},{"taxonomy":"product_cat","embeddable":true,"href":"https:\/\/gsoftwarelab.com\/de\/wp-json\/wp\/v2\/product_cat?post=5915"},{"taxonomy":"product_tag","embeddable":true,"href":"https:\/\/gsoftwarelab.com\/de\/wp-json\/wp\/v2\/product_tag?post=5915"}],"curies":[{"name":"wp","href":"https:\/\/api.w.org\/{rel}","templated":true}]}}