{"id":1636,"date":"2020-11-09T23:57:30","date_gmt":"2020-11-09T21:57:30","guid":{"rendered":"https:\/\/gsoftwarelab.com\/?post_type=product&#038;p=1636"},"modified":"2026-01-23T12:54:55","modified_gmt":"2026-01-23T10:54:55","slug":"traffic-buddy","status":"publish","type":"product","link":"https:\/\/gsoftwarelab.com\/de\/produkt\/traffic-buddy\/","title":{"rendered":"Traffic Buddy"},"content":{"rendered":"<h2><strong><span class=\"edtFontSize200\">Traffic Buddy: Traffic Generator, Website-Ansicht Bot &amp; Google Search Bot<\/span><\/strong><\/h2>\n<p>Unser neuer bot erm\u00f6glicht es, eine gro\u00dfe menge seo-traffic von verschiedenen suchmaschinen mit ihren keywords auf ihre website zu senden. Durch die Verwendung eines echten Chrome-basierten Browsers kann er Tausende von echt aussehenden Website-Ansichten generieren.<\/p>\n<p>Die Browser des View Generators simulieren automatisch verschiedene Aktionen des Benutzerverhaltens, wie das Klicken auf Schaltfl\u00e4chen, um Seiten auf der Website zu durchsuchen oder durch die Seite zu scrollen.<\/p>\n<div style=\"padding: 56.25% 0 0 0; position: relative;\"><iframe style=\"position: absolute; top: 0; left: 0; width: 100%; height: 100%;\" src=\"https:\/\/player.vimeo.com\/video\/1029029240?h=59eb4a1d9e&amp;autoplay=1&amp;loop=1&amp;byline=0\" frameborder=\"0\" allowfullscreen=\"allowfullscreen\" data-mce-fragment=\"1\"><\/iframe><\/div>\n<p><strong>Hauptmerkmale:<br \/>\n<\/strong><\/p>\n<ul>\n<li>Echten Browser-Traffic generieren<\/li>\n<li>Erbaut in privaten, Wohn-, rotierenden und \u00f6ffentlichen proxy Unterst\u00fctzung (Http, Https, Socken4, Socken5, Tor Proxy)<\/li>\n<li>Eingebauter \u00f6ffentlicher Proxy-Scraper (Http, Https, Socks4, Socks5)<\/li>\n<li>Eingebauter Multi-Thread-Proxy-Tester<\/li>\n<li>Eingebauter Proxy-L\u00e4nderfilter (unter Verwendung einer Geo-IP-Datenbank)<\/li>\n<li>Kampagnenspezifisch proxies (Verwendung unterschiedlicher proxies f\u00fcr jede Kampagne)<\/li>\n<li>\u00c4ndern Sie den Referrer\/Ursprung des Traffics (unterst\u00fctzt Google, Bing, DuckDuckGo mit Keywords und benutzerdefinierten URLs)<\/li>\n<li>Innere Website-Seiten durchsuchen<\/li>\n<li>Benutzerverhalten simulieren (scrollen und klicken)<\/li>\n<li>Simulieren Sie Benutzerklicks (Klicken auf benutzerdefinierte Schaltfl\u00e4chen, Bilder usw.)<\/li>\n<li>Eingebaute Ger\u00e4teemulation (\u00fcber 100 authentische Ger\u00e4te, emuliert automatisch den Benutzeragenten, das Display, die CPU, den RAM und vieles mehr)<\/li>\n<li>H\u00e4ufige Updates und Support<\/li>\n<li>NEU: Easy Traffic Origin-Definition<\/li>\n<li>NEU: Google-Suchbot (Erzeugung von SEO-Traffic)<\/li>\n<li><a href=\"https:\/\/gsoftwarelab.com\/de\/organic-website-traffic-bot\/\">Mehr erfahren<\/a> \u00fcber alle Traffic-Bot-Funktionen.<\/li>\n<\/ul>\n<p><strong>Anwendungsf\u00e4lle von Software:<\/strong><\/p>\n<ul>\n<li>SEO- und Marketing-Zwecke<\/li>\n<li>Sicherheitsforschung<\/li>\n<li>Web Crawling und Scraping<\/li>\n<li>Testen von Website-\/Server-Last<\/li>\n<\/ul>\n<p><strong>Mindestsystemanforderungen:<\/strong><\/p>\n<ul>\n<li>Betriebssystem: Windows 10 (Version 22H2 oder h\u00f6her) Windows 11 (alle Versionen), Windows Server 2019 und h\u00f6her<\/li>\n<li>8 GB RAM<\/li>\n<li>10 GB Speicher<\/li>\n<li>4 Kerne<\/li>\n<li>Stabile Internetverbindung<\/li>\n<\/ul>\n<p><strong>Ihr Kauf beinhaltet:<\/strong><\/p>\n<ul>\n<li>1 Monat Software-Abonnement<\/li>\n<li>1 Monat umfassende Unterst\u00fctzung<\/li>\n<li>Beitrag zum Pflanzen eines Baumes<\/li>\n<li><a href=\"https:\/\/gsoftwarelab.com\/de\/docs\/traffic-buddy\/getting-started\/\">Software-Dokumentation<\/a><\/li>\n<\/ul>\n<p><strong>Abonnement-Bedingungen:<\/strong><\/p>\n<ul>\n<li>Automatische Verl\u00e4ngerung jeden Monat bis zur Stornierung<\/li>\n<li>Support und Updates w\u00e4hrend des Abonnementzeitraums<\/li>\n<\/ul>","protected":false},"excerpt":{"rendered":"<p>Traffic Buddy: Traffic Generator, Website View Bot &amp; Google Search Bot.<\/p>","protected":false},"featured_media":7349,"comment_status":"open","ping_status":"closed","template":"","meta":{"rop_custom_images_group":[],"rop_custom_messages_group":[],"rop_publish_now":"initial","rop_publish_now_accounts":{"twitter_2998589429_2998589429":""},"rop_publish_now_history":[],"rop_publish_now_status":"pending"},"product_brand":[2068,2071],"product_cat":[104,87],"product_tag":[2372,696,2382,699,2373,2381,2371],"class_list":{"0":"post-1636","1":"product","2":"type-product","3":"status-publish","4":"has-post-thumbnail","6":"product_brand-gsoftwarelab","7":"product_brand-traffic-buddy","8":"product_cat-traffic-buddy","9":"product_cat-software","10":"product_tag-generate-traffic-with-traffic-buddy","11":"product_tag-traffic-bot","12":"product_tag-traffic-bot-subscription","13":"product_tag-traffic-buddy","14":"product_tag-traffic-buddy-download","15":"product_tag-traffic-buddy-subscription","16":"product_tag-traffic-buddy-view-bot","18":"first","19":"instock","20":"featured","21":"downloadable","22":"virtual","23":"purchasable","24":"product-type-simple"},"wcol_rules":[],"_links":{"self":[{"href":"https:\/\/gsoftwarelab.com\/de\/wp-json\/wp\/v2\/product\/1636","targetHints":{"allow":["GET"]}}],"collection":[{"href":"https:\/\/gsoftwarelab.com\/de\/wp-json\/wp\/v2\/product"}],"about":[{"href":"https:\/\/gsoftwarelab.com\/de\/wp-json\/wp\/v2\/types\/product"}],"replies":[{"embeddable":true,"href":"https:\/\/gsoftwarelab.com\/de\/wp-json\/wp\/v2\/comments?post=1636"}],"wp:featuredmedia":[{"embeddable":true,"href":"https:\/\/gsoftwarelab.com\/de\/wp-json\/wp\/v2\/media\/7349"}],"wp:attachment":[{"href":"https:\/\/gsoftwarelab.com\/de\/wp-json\/wp\/v2\/media?parent=1636"}],"wp:term":[{"taxonomy":"product_brand","embeddable":true,"href":"https:\/\/gsoftwarelab.com\/de\/wp-json\/wp\/v2\/product_brand?post=1636"},{"taxonomy":"product_cat","embeddable":true,"href":"https:\/\/gsoftwarelab.com\/de\/wp-json\/wp\/v2\/product_cat?post=1636"},{"taxonomy":"product_tag","embeddable":true,"href":"https:\/\/gsoftwarelab.com\/de\/wp-json\/wp\/v2\/product_tag?post=1636"}],"curies":[{"name":"wp","href":"https:\/\/api.w.org\/{rel}","templated":true}]}}