{"id":1411,"date":"2020-05-14T10:21:22","date_gmt":"2020-05-14T08:21:22","guid":{"rendered":"https:\/\/gsoftwarelab.com\/?post_type=product&#038;p=1411"},"modified":"2025-10-18T06:49:26","modified_gmt":"2025-10-18T04:49:26","slug":"index-buddy","status":"publish","type":"product","link":"https:\/\/gsoftwarelab.com\/de\/produkt\/index-buddy\/","title":{"rendered":"Index Buddy V1"},"content":{"rendered":"<h2 class=\"elementor-image-box-title\">Index Buddy V1 \u2013 Massen-SEO-Link-Indexer<\/h2>\n<p><strong>Upgrade auf <a href=\"https:\/\/gsoftwarelab.com\/de\/produkt\/index-buddy-v2\/\"><span style=\"color: #ff9900;\">Index Buddy v2<\/span><\/a>: Verbesserte Funktionen &amp; Verbesserte Benutzererfahrung<\/strong><\/p>\n<p>Index Buddy ist eine leistungsstarke und einfach zu bedienende Indexierungssoftware. Es erm\u00f6glicht, einzelne URLs, Website- oder Bulk-Listen von URLs in gro\u00dfen Suchmaschinen wie Google, Bing oder Baidu zu indizieren. Die Indizierung funktioniert, indem Sie Ihre Website oder URLs an Tausende von Whois- und Statistik-Websites senden, die zu vielen Backlinks f\u00fchren. Sie erhalten eine lebenslange Lizenz f\u00fcr Index Buddy. Es kann nur auf einem Computer gleichzeitig verwendet werden. Alle zuk\u00fcnftigen Updates, zus\u00e4tzlichen Funktionen und Fehlerbehebungen sind ohne zus\u00e4tzliche Kosten enthalten.<\/p>\n<p><img decoding=\"async\" class=\"aligncenter wp-image-3558 size-full\" src=\"https:\/\/gsoftwarelab.com\/wp-content\/uploads\/2021\/11\/indexing_process.gif\" alt=\"SEO Backlink Indexierung Prozess\" width=\"802\" height=\"478\" title=\"\"><\/p>\n<p>&nbsp;<\/p>\n<p><strong>Mindestsystemanforderungen:<\/strong><\/p>\n<ul>\n<li>Betriebssystem: Windows 10 (Version 22H2 oder h\u00f6her) Windows 11 (alle Versionen), Windows Server 2019 und h\u00f6her<\/li>\n<li>8 GB RAM<\/li>\n<li>10 GB Speicher<\/li>\n<li>4 Kerne<\/li>\n<li>Stabile Internetverbindung<\/li>\n<\/ul>\n<p><strong>Ihr Kauf beinhaltet:<\/strong><\/p>\n<ul>\n<li>Eine lebenslange Lizenz f\u00fcr einen PC<\/li>\n<li>Beitrag zum Pflanzen eines einzelnen Baumes<\/li>\n<\/ul>\n<p><strong><a href=\"https:\/\/gsoftwarelab.com\/de\/index-buddy-backlink-indexer\/\">Erfahren Sie mehr \u00fcber Index Buddy<\/a><\/strong><br \/>\n<strong><a href=\"https:\/\/docs.gsoftwarelab.com\/\">Lesen Sie die Dokumentation<\/a><\/strong><\/p>\n<p><strong><a href=\"https:\/\/gsoftwarelab.com\/de\/organic-traffic-view-bot\/\">Erfahren Sie mehr \u00fcber Traffic Buddy<\/a><br \/>\n<a href=\"https:\/\/gsoftwarelab.com\/de\/proxy-buddy-scraper-tester\/\">Erfahren Sie mehr \u00fcber Proxy Buddy<\/a><br \/>\n<\/strong><\/p>","protected":false},"excerpt":{"rendered":"<p>Index Buddy V1, das perfekte Werkzeug f\u00fcr die Indizierung riesiger Listen von Backlinks in Suchmaschinen.<\/p>","protected":false},"featured_media":1771,"comment_status":"open","ping_status":"closed","template":"","meta":{"rop_custom_images_group":[],"rop_custom_messages_group":[],"rop_publish_now":"initial","rop_publish_now_accounts":{"twitter_2998589429_2998589429":""},"rop_publish_now_history":[],"rop_publish_now_status":"pending"},"product_brand":[],"product_cat":[89,87],"product_tag":[190,191,192,193],"class_list":{"0":"post-1411","1":"product","2":"type-product","3":"status-publish","4":"has-post-thumbnail","6":"product_cat-index-buddy","7":"product_cat-software","8":"product_tag-backlink-indexer","9":"product_tag-indexing-software","10":"product_tag-indexing-tool","11":"product_tag-url-indexer","13":"first","14":"instock","15":"downloadable","16":"virtual","17":"purchasable","18":"product-type-simple"},"wcol_rules":[],"_links":{"self":[{"href":"https:\/\/gsoftwarelab.com\/de\/wp-json\/wp\/v2\/product\/1411","targetHints":{"allow":["GET"]}}],"collection":[{"href":"https:\/\/gsoftwarelab.com\/de\/wp-json\/wp\/v2\/product"}],"about":[{"href":"https:\/\/gsoftwarelab.com\/de\/wp-json\/wp\/v2\/types\/product"}],"replies":[{"embeddable":true,"href":"https:\/\/gsoftwarelab.com\/de\/wp-json\/wp\/v2\/comments?post=1411"}],"wp:featuredmedia":[{"embeddable":true,"href":"https:\/\/gsoftwarelab.com\/de\/wp-json\/wp\/v2\/media\/1771"}],"wp:attachment":[{"href":"https:\/\/gsoftwarelab.com\/de\/wp-json\/wp\/v2\/media?parent=1411"}],"wp:term":[{"taxonomy":"product_brand","embeddable":true,"href":"https:\/\/gsoftwarelab.com\/de\/wp-json\/wp\/v2\/product_brand?post=1411"},{"taxonomy":"product_cat","embeddable":true,"href":"https:\/\/gsoftwarelab.com\/de\/wp-json\/wp\/v2\/product_cat?post=1411"},{"taxonomy":"product_tag","embeddable":true,"href":"https:\/\/gsoftwarelab.com\/de\/wp-json\/wp\/v2\/product_tag?post=1411"}],"curies":[{"name":"wp","href":"https:\/\/api.w.org\/{rel}","templated":true}]}}