{"id":1409,"date":"2020-05-14T09:55:52","date_gmt":"2020-05-14T07:55:52","guid":{"rendered":"https:\/\/gsoftwarelab.com\/?post_type=product&#038;p=1409"},"modified":"2026-01-14T05:49:24","modified_gmt":"2026-01-14T03:49:24","slug":"proxy-buddy-v3","status":"publish","type":"product","link":"https:\/\/gsoftwarelab.com\/de\/produkt\/proxy-buddy-v3\/","title":{"rendered":"Proxy Buddy"},"content":{"rendered":"<h2>Unlock Unlimited Proxies mit Proxy Buddy<\/h2>\n<div class=\"flex flex-grow flex-col gap-3\">\n<div class=\"min-h-[20px] flex flex-col items-start gap-4 whitespace-pre-wrap\">\n<div class=\"markdown prose w-full break-words dark:prose-invert light\">\n<p>Einf\u00fchrung Proxy Buddy \u2013 die ultimative L\u00f6sung f\u00fcr das schnelle und einfache Schaben, Testen, Filtern und Exportieren von Listen Tausender neuer \u00f6ffentlicher Proxy-Server. Mit der Ein-Klick-Autopilot-Funktion k\u00f6nnen Sie Proxies m\u00fchelos mit nur einem Klick ernten und testen. Perfekt f\u00fcr SEO-Software-Anwendungen und Bots, Proxy Buddy Es enth\u00e4lt sogar einen speziellen google-suchtest, um sicherzustellen, dass ihre proxy-server suchmaschinenergebnisse von google abkratzen k\u00f6nnen.<\/p>\n<p>Aktualisieren Sie Ihre proxy Spielen Sie mit unserem leistungsstarken und effizienten Kauf proxy Schaberwerkzeug. Durch den Kauf unserer proxy Scraper, erhalten Sie Zugang zu einem monatlichen Abonnement von Proxy Buddy. Mit dieser Lizenz k\u00f6nnen Sie das Tool auf einem Computer gleichzeitig verwenden, ohne zus\u00e4tzliche Kosten f\u00fcr Updates, zus\u00e4tzliche Funktionen oder Fehlerbehebungen. Verpassen Sie nicht die Gelegenheit, Ihre proxy F\u00e4higkeiten mit Proxy Buddy \u2013 Jetzt kaufen!<\/p>\n<\/div>\n<\/div>\n<\/div>\n<div style=\"padding: 56.25% 0 0 0; position: relative;\"><iframe style=\"position: absolute; top: 0; left: 0; width: 100%; height: 100%;\" src=\"https:\/\/player.vimeo.com\/video\/672830210?h=59eb4a1d9e&amp;autoplay=1&amp;loop=1&amp;byline=0\" frameborder=\"0\" allowfullscreen=\"allowfullscreen\"><\/iframe><\/div>\n<p>&nbsp;<\/p>\n<h3 id=\"item-description__key-features\">Hauptmerkmale:<\/h3>\n<ul>\n<li>Vollautomatischer Proxy Scraper<\/li>\n<li>Eingebaute Proxy-Quelle<\/li>\n<li>Verschrotten Sie Millionen von Proxy-Servern<\/li>\n<li>Multi-Threaded und Socket-Based<\/li>\n<li>Unterst\u00fctzt HTTP, HTTPS, Socks4 und Socks5<\/li>\n<li>Upload- und E-Mail-Sendefunktion<\/li>\n<li>Erweiterte Filterunterst\u00fctzung (Protokoll, Google Pass, Anonymit\u00e4t, Land und mehr)<\/li>\n<li>Updates und Support<\/li>\n<li>Echter und einzigartiger Lizenzschl\u00fcssel<\/li>\n<\/ul>\n<p><strong>Mindestsystemanforderungen:<\/strong><\/p>\n<ul>\n<li>Betriebssystem: Windows 10 (Version 22H2 oder h\u00f6her) Windows 11 (alle Versionen), Windows Server 2019 und h\u00f6her<\/li>\n<li>8 GB RAM<\/li>\n<li>10 GB Speicher<\/li>\n<li>4 Kerne<\/li>\n<li>Stabile Internetverbindung<\/li>\n<\/ul>\n<p><strong>Ihr Kauf beinhaltet:<\/strong><\/p>\n<ul>\n<li>Monatliches Software-Abonnement<\/li>\n<li>Umfassender Support<\/li>\n<li>Beitrag zum Pflanzen eines einzelnen Baumes<\/li>\n<\/ul>\n<p><strong>Abonnement-Bedingungen:<\/strong><\/p>\n<ul>\n<li>Automatische Verl\u00e4ngerung jeden Monat bis zur Stornierung<\/li>\n<li>Support und Updates w\u00e4hrend des Abonnementzeitraums<\/li>\n<\/ul>\n<p><a href=\"https:\/\/gsoftwarelab.com\/de\/proxy-buddy-scraper-tester\/\"><strong>Erfahren Sie mehr \u00fcber Proxy Buddy<\/strong><\/a><strong><a href=\"https:\/\/gsoftwarelab.com\/de\/proxy-buddy-scraper-tester\/\"> (Proxy-Schaber)<\/a><\/strong><br \/>\n<strong><a href=\"https:\/\/docs.gsoftwarelab.com\/\">Lesen Sie die Dokumentation<\/a><\/strong><\/p>\n<p><strong><a href=\"https:\/\/gsoftwarelab.com\/de\/organic-traffic-view-bot\/\">Erfahren Sie mehr \u00fcber Traffic Buddy<\/a><a href=\"https:\/\/gsoftwarelab.com\/de\/organic-traffic-view-bot\/\"> (Verkehrsbot)<\/a><br \/>\n<a href=\"https:\/\/gsoftwarelab.com\/de\/index-buddy-backlink-indexer\/\">Erfahren Sie mehr \u00fcber Index Buddy<\/a><a href=\"https:\/\/gsoftwarelab.com\/de\/index-buddy-backlink-indexer\/\"> (Link-Indexierungssoftware)<\/a><br \/>\n<\/strong><\/p>","protected":false},"excerpt":{"rendered":"<p>Finden und testen Sie m\u00fchelos Tausende von neuen \u00f6ffentlichen Proxy-Servern mit Proxy Buddy. Unser schnelles und benutzerfreundliches Tool erm\u00f6glicht es Ihnen, Proxy-Listen mit Leichtigkeit zu kratzen, zu testen, zu filtern und zu exportieren. Die Ein-Klick-Autopilot-Funktion macht es einfach, Proxys in gro\u00dfen Mengen zu ernten und zu testen. Optimieren Sie Ihre Proxy-Suche und gew\u00e4hrleisten Sie Spitzenleistung mit Proxy Buddy.<\/p>","protected":false},"featured_media":7548,"comment_status":"open","ping_status":"closed","template":"","meta":{"rop_custom_images_group":[],"rop_custom_messages_group":[],"rop_publish_now":"initial","rop_publish_now_accounts":{"twitter_2998589429_2998589429":""},"rop_publish_now_history":[],"rop_publish_now_status":"pending"},"product_brand":[2068,2069],"product_cat":[88,87],"product_tag":[153,156,103,2386,102,98,2385,99,157,155,188,189],"class_list":{"0":"post-1409","1":"product","2":"type-product","3":"status-publish","4":"has-post-thumbnail","6":"product_brand-gsoftwarelab","7":"product_brand-proxy-buddy","8":"product_cat-proxy-buddy","9":"product_cat-software","10":"product_tag-google-proxies","11":"product_tag-gsa-ser-proxies","12":"product_tag-proxy-buddy","13":"product_tag-proxy-buddy-subscription","14":"product_tag-proxy-list","15":"product_tag-proxy-scraper","16":"product_tag-proxy-scraper-subscription","17":"product_tag-proxy-tester","18":"product_tag-scrapebox-proxies","19":"product_tag-seo-proxies","20":"product_tag-sock5-proxy","21":"product_tag-socks4-proxy","23":"first","24":"instock","25":"featured","26":"downloadable","27":"virtual","28":"purchasable","29":"product-type-simple"},"wcol_rules":[],"_links":{"self":[{"href":"https:\/\/gsoftwarelab.com\/de\/wp-json\/wp\/v2\/product\/1409","targetHints":{"allow":["GET"]}}],"collection":[{"href":"https:\/\/gsoftwarelab.com\/de\/wp-json\/wp\/v2\/product"}],"about":[{"href":"https:\/\/gsoftwarelab.com\/de\/wp-json\/wp\/v2\/types\/product"}],"replies":[{"embeddable":true,"href":"https:\/\/gsoftwarelab.com\/de\/wp-json\/wp\/v2\/comments?post=1409"}],"wp:featuredmedia":[{"embeddable":true,"href":"https:\/\/gsoftwarelab.com\/de\/wp-json\/wp\/v2\/media\/7548"}],"wp:attachment":[{"href":"https:\/\/gsoftwarelab.com\/de\/wp-json\/wp\/v2\/media?parent=1409"}],"wp:term":[{"taxonomy":"product_brand","embeddable":true,"href":"https:\/\/gsoftwarelab.com\/de\/wp-json\/wp\/v2\/product_brand?post=1409"},{"taxonomy":"product_cat","embeddable":true,"href":"https:\/\/gsoftwarelab.com\/de\/wp-json\/wp\/v2\/product_cat?post=1409"},{"taxonomy":"product_tag","embeddable":true,"href":"https:\/\/gsoftwarelab.com\/de\/wp-json\/wp\/v2\/product_tag?post=1409"}],"curies":[{"name":"wp","href":"https:\/\/api.w.org\/{rel}","templated":true}]}}