{"id":8536,"date":"2025-11-18T09:01:09","date_gmt":"2025-11-18T07:01:09","guid":{"rendered":"https:\/\/gsoftwarelab.com\/?page_id=8536"},"modified":"2025-12-10T02:36:15","modified_gmt":"2025-12-10T00:36:15","slug":"free-seo-tools","status":"publish","type":"page","link":"https:\/\/gsoftwarelab.com\/de\/free-seo-tools\/","title":{"rendered":"Kostenlose Online-SEO-Tools f\u00fcr Website-Analyse &amp; Wachstum"},"content":{"rendered":"<div class=\"wp-block-stackable-heading stk-block-heading stk-block-heading--v2 stk-block stk-7afc9ef\" id=\"free-online-seo-tools-for-website-analysis-amp-growth\" data-block-id=\"7afc9ef\"><style>.stk-7afc9ef .stk-block-heading__top-line{margin-left:auto !important;margin-right:auto !important;}.stk-7afc9ef .stk-block-heading__bottom-line{margin-left:auto !important;margin-right:auto !important;}<\/style><div class=\"stk-block-heading__top-line\"><\/div><h1 class=\"stk-block-heading__text has-text-align-center\">Kostenlose Online-SEO-Tools f\u00fcr Website-Analyse &amp; Wachstum<\/h1><\/div>\n\n\n\n<div class=\"wp-block-stackable-text stk-block-text stk-block stk-9b7ede8\" data-block-id=\"9b7ede8\"><p class=\"stk-block-text__text\">Willkommen in Ihrem neuen Hub f\u00fcr leistungsstarke, kostenlose Online-SEO-Tools. Wir erstellen ein komplettes Toolkit, mit dem Sie Ihre Website analysieren, Ihre Leistung verfolgen und neue Wachstumschancen entdecken k\u00f6nnen. Unabh\u00e4ngig davon, ob Sie ein SEO-Experte, ein Inhaber eines kleinen Unternehmens oder ein digitaler Vermarkter sind, sind diese Tools so konzipiert, dass Sie schnelle, umsetzbare Daten erhalten \u2013 ohne Anh\u00e4ngsel.<\/p><\/div>\n\n\n\n<div class=\"wp-block-stackable-columns alignfull stk-block-columns stk-block stk-d89ea53\" data-block-id=\"d89ea53\"><style>.stk-d89ea53 {margin-top:var(--stk--preset--spacing--70, 3.38rem) !important;margin-bottom:var(--stk--preset--spacing--70, 3.38rem) !important;}<\/style><div class=\"stk-row stk-inner-blocks stk-block-content stk-content-align stk-d89ea53-column alignwide\">\n<div class=\"wp-block-stackable-column stk-block-column stk-column stk-block stk-d10bbd9\" data-v=\"4\" data-block-id=\"d10bbd9\"><div class=\"stk-column-wrapper stk-block-column__content stk-container stk-d10bbd9-container stk--no-background stk--no-padding\"><div class=\"has-text-align-center stk-block-content stk-inner-blocks stk-d10bbd9-inner-blocks\">\n<div class=\"wp-block-stackable-heading stk-block-heading stk-block-heading--v2 stk-block stk-0de3490\" id=\"heading-placeholder\" data-block-id=\"0de3490\"><style>.stk-0de3490 {margin-bottom:40px !important;}<\/style><h2 class=\"stk-block-heading__text\">Kostenlose Website PageRank Checker<\/h2><\/div>\n\n\n\n<div class=\"wp-block-stackable-columns stk-block-columns stk-block stk-abee3c0\" data-block-id=\"abee3c0\"><style>.stk-abee3c0 .stk--block-align-abee3c0{align-items:center !important;}.stk-abee3c0 {margin-bottom:64px !important;}<\/style><div class=\"stk-row stk-inner-blocks has-text-align-left stk--block-align-abee3c0 stk-block-content stk-content-align stk-abee3c0-column\">\n<div class=\"wp-block-stackable-column stk-block-column stk-column stk-block stk-5b7c62c\" data-v=\"4\" data-block-id=\"5b7c62c\"><div class=\"stk-column-wrapper stk-block-column__content stk-container stk-5b7c62c-container stk--no-background stk--no-padding\"><div class=\"stk-block-content stk-inner-blocks stk-5b7c62c-inner-blocks\">\n<div class=\"wp-block-stackable-heading stk-block-heading stk-block-heading--v2 stk-block stk-f8f6d88\" id=\"long-subheading-placeholder\" data-block-id=\"f8f6d88\"><h3 class=\"stk-block-heading__text\">Sehen Sie sofort die SEO-Beh\u00f6rde Ihrer Website<\/h3><\/div>\n\n\n\n<div class=\"wp-block-stackable-text stk-block-text stk-block stk-5ca094b\" data-block-id=\"5ca094b\"><style>.stk-5ca094b {margin-bottom:40px !important;}<\/style><p class=\"stk-block-text__text\">Gewinnen Sie wichtige Einblicke in die Leistung Ihrer Website. Unser kostenloser PageRank-Checker zeigt sofort die Autorit\u00e4ts- und Rankingsignale Ihrer Domain an. Verstehen Sie, wo Sie in Suchmaschinen stehen, analysieren Sie Ihre Konkurrenten und treffen Sie intelligentere SEO-Entscheidungen. Geben Sie eine beliebige Domain ein, um eine sofortige PageRank- und SQI-Analyse zu erhalten.<\/p><\/div>\n<\/div><\/div><\/div>\n\n\n\n<div class=\"wp-block-stackable-column stk-block-column stk-column stk-block stk-09865b4\" data-v=\"4\" data-block-id=\"09865b4\"><style>.stk-09865b4 {overflow:hidden !important;}<\/style><div class=\"stk-column-wrapper stk-block-column__content stk-container stk-09865b4-container stk--no-background stk--no-padding\"><div class=\"stk-block-content stk-inner-blocks stk-09865b4-inner-blocks\">\n<iframe   src=\"https:\/\/pagerankapi-webapp.pages.dev\"   title=\"Kostenloser PageRank Checker\"   width=\"100%\"   height=\"500\"   style=\"border:none;\"   frameborder=\"0\"   loading=\"lazy\"> <\/iframe>\n<\/div><\/div><\/div>\n<\/div><\/div>\n\n\n\n<div class=\"wp-block-stackable-heading stk-block-heading stk-block-heading--v2 stk-block stk-a37077d\" id=\"heading-placeholder\" data-block-id=\"a37077d\"><style>.stk-a37077d {margin-bottom:40px !important;}<\/style><h2 class=\"stk-block-heading__text\"><a href=\"https:\/\/topback.link\" target=\"_blank\" rel=\"noopener\">Kostenlose Backlink Checker &amp; SEO-Analyse<\/a><\/h2><\/div>\n\n\n\n<div class=\"wp-block-stackable-columns stk-block-columns stk-block stk-6da37b2\" data-block-id=\"6da37b2\"><style>.stk-6da37b2 .stk--block-align-6da37b2{align-items:center !important;}<\/style><div class=\"stk-row stk-inner-blocks has-text-align-left stk--block-align-6da37b2 stk-block-content stk-content-align stk-6da37b2-column\">\n<div class=\"wp-block-stackable-column stk-block-column stk-column stk-block stk-684d209\" data-v=\"4\" data-block-id=\"684d209\"><div class=\"stk-column-wrapper stk-block-column__content stk-container stk-684d209-container stk--no-background stk--no-padding\"><div class=\"stk-block-content stk-inner-blocks stk-684d209-inner-blocks\">\n<div class=\"wp-block-stackable-image stk-block-image stk-block stk-398883e\" data-block-id=\"398883e\"><style>.stk-398883e .stk-img-wrapper{height:500px !important;}.stk-398883e .stk-img-wrapper img{object-fit:contain !important;}<\/style><figure><span class=\"stk-img-wrapper stk-image--shape-stretch\"><img decoding=\"async\" class=\"stk-img wp-image-8620\" src=\"https:\/\/gsoftwarelab.com\/wp-content\/uploads\/2025\/12\/screenshot-topbacklink-1024x1024.png\" width=\"1024\" height=\"1024\" alt=\"TopBack.Link Backlink-\u00dcberpr\u00fcfungsschnittstelle\" title=\"\" srcset=\"https:\/\/gsoftwarelab.com\/wp-content\/uploads\/2025\/12\/screenshot-topbacklink-1024x1024.png 1024w, https:\/\/gsoftwarelab.com\/wp-content\/uploads\/2025\/12\/screenshot-topbacklink-300x300.png 300w, https:\/\/gsoftwarelab.com\/wp-content\/uploads\/2025\/12\/screenshot-topbacklink-150x150.png 150w, https:\/\/gsoftwarelab.com\/wp-content\/uploads\/2025\/12\/screenshot-topbacklink-768x768.png 768w, https:\/\/gsoftwarelab.com\/wp-content\/uploads\/2025\/12\/screenshot-topbacklink-12x12.png 12w, https:\/\/gsoftwarelab.com\/wp-content\/uploads\/2025\/12\/screenshot-topbacklink-600x600.png 600w, https:\/\/gsoftwarelab.com\/wp-content\/uploads\/2025\/12\/screenshot-topbacklink-100x100.png 100w, https:\/\/gsoftwarelab.com\/wp-content\/uploads\/2025\/12\/screenshot-topbacklink.png 1280w\" sizes=\"(max-width: 1024px) 100vw, 1024px\" \/><\/span><\/figure><\/div>\n<\/div><\/div><\/div>\n\n\n\n<div class=\"wp-block-stackable-column stk-block-column stk-column stk-block stk-68b2fbc\" data-v=\"4\" data-block-id=\"68b2fbc\"><style>.stk-68b2fbc {overflow:hidden !important;}<\/style><div class=\"stk-column-wrapper stk-block-column__content stk-container stk-68b2fbc-container stk--no-background stk--no-padding\"><div class=\"stk-block-content stk-inner-blocks stk-68b2fbc-inner-blocks\">\n<div class=\"wp-block-stackable-heading stk-block-heading stk-block-heading--v2 stk-block stk-dc91a3f\" id=\"long-subheading-placeholder\" data-block-id=\"dc91a3f\"><h3 class=\"stk-block-heading__text\">Verifizieren Sie Backlinks, analysieren Sie Qualit\u00e4t &amp; Track Performance<\/h3><\/div>\n\n\n\n<div class=\"wp-block-stackable-text stk-block-text stk-block stk-b7ea234\" data-block-id=\"b7ea234\"><style>.stk-b7ea234 {margin-bottom:40px !important;}<\/style><p class=\"stk-block-text__text\">\u00dcbernehmen Sie die Kontrolle \u00fcber Ihre Off-Page-SEO mit sofortiger \u00dcberpr\u00fcfung. F\u00fcgen Sie Ihre URL-Liste ein, um Links in Echtzeit zu crawlen, ihre Anwesenheit zu \u00fcberpr\u00fcfen, Text zu verankern und <code>dofollow<\/code>\/<code>nofollow<\/code> Status.<\/p><\/div>\n\n\n\n<p>Gehen Sie \u00fcber die einfache \u00dcberpr\u00fcfung mit unserem propriet\u00e4ren <strong>Qualit\u00e4tsfaktor<\/strong>. Wir analysieren die Autorit\u00e4t der Quellseite, die Wortzahl und die Linkdichte, um Ihnen zu helfen, toxische Links und Chancen zu identifizieren. Keine Kreditkarte erforderlich! Starten Sie jetzt bei <a href=\"https:\/\/topback.link\" target=\"_blank\" rel=\"noopener\">TopBack.Link<\/a>.<\/p>\n<\/div><\/div><\/div>\n<\/div><\/div>\n<\/div><\/div><\/div>\n<\/div><\/div>\n\n\n\n<div class=\"wp-block-stackable-columns alignfull stk-block-columns stk-block stk-32917c9\" data-block-id=\"32917c9\"><style>.stk-32917c9 {margin-top:var(--stk--preset--spacing--70, 3.38rem) !important;margin-bottom:var(--stk--preset--spacing--70, 3.38rem) !important;}<\/style><div class=\"stk-row stk-inner-blocks stk-block-content stk-content-align stk-32917c9-column alignwide\">\n<div class=\"wp-block-stackable-column stk-block-column stk-column stk-block stk-d40e88a\" data-v=\"4\" data-block-id=\"d40e88a\"><div class=\"stk-column-wrapper stk-block-column__content stk-container stk-d40e88a-container stk--no-background stk--no-padding\"><div class=\"has-text-align-center stk-block-content stk-inner-blocks stk-d40e88a-inner-blocks\">\n<div class=\"wp-block-stackable-heading stk-block-heading stk-block-heading--v2 stk-block stk-c63df49\" id=\"heading-placeholder\" data-block-id=\"c63df49\"><style>.stk-c63df49 {margin-bottom:40px !important;}<\/style><h2 class=\"stk-block-heading__text\">Weitere kostenlose Tools folgen in K\u00fcrze<\/h2><\/div>\n\n\n\n<div class=\"wp-block-stackable-columns stk-block-columns stk-block stk-78dfe0e\" data-block-id=\"78dfe0e\"><style>.stk-78dfe0e .stk--block-align-78dfe0e{align-items:center !important;}<\/style><div class=\"stk-row stk-inner-blocks has-text-align-left stk--block-align-78dfe0e stk-block-content stk-content-align stk-78dfe0e-column\">\n<div class=\"wp-block-stackable-column stk-block-column stk-column stk-block stk-7b43cae\" data-v=\"4\" data-block-id=\"7b43cae\"><div class=\"stk-column-wrapper stk-block-column__content stk-container stk-7b43cae-container stk--no-background stk--no-padding\"><div class=\"stk-block-content stk-inner-blocks stk-7b43cae-inner-blocks\">\n<div class=\"wp-block-stackable-heading stk-block-heading stk-block-heading--v2 stk-block stk-49e109a\" id=\"long-subheading-placeholder\" data-block-id=\"49e109a\"><h3 class=\"stk-block-heading__text\">Nur der Anfang...<\/h3><\/div>\n\n\n\n<div class=\"wp-block-stackable-text stk-block-text stk-block stk-b734eb0\" data-block-id=\"b734eb0\"><style>.stk-b734eb0 {margin-bottom:40px !important;}<\/style><p class=\"stk-block-text__text\">Dieser PageRank Checker ist nur der Anfang. Wir entwickeln aktiv mehr kostenlose Tools, die Ihnen helfen, Ihre SEO zu meistern, einschlie\u00dflich eines Backlink-Analysators, eines Keyword-Recherche-Tools und eines On-Page-SEO-Auditors. Merken Sie sich diese Seite und schauen Sie bald wieder vorbei!<\/p><\/div>\n<\/div><\/div><\/div>\n\n\n\n<div class=\"wp-block-stackable-column stk-block-column stk-column stk-block stk-a6e9c05\" data-v=\"4\" data-block-id=\"a6e9c05\"><div class=\"stk-column-wrapper stk-block-column__content stk-container stk-a6e9c05-container stk--no-background stk--no-padding\"><div class=\"stk-block-content stk-inner-blocks stk-a6e9c05-inner-blocks\"><\/div><\/div><\/div>\n<\/div><\/div>\n<\/div><\/div><\/div>\n<\/div><\/div>","protected":false},"excerpt":{"rendered":"<p>Kostenlose Online-SEO-Tools f\u00fcr Website-Analyse &amp; amp; Wachstum Willkommen in Ihrem neuen Hub f\u00fcr leistungsstarke, kostenlose Online-SEO-Tools. Wir erstellen ein komplettes Toolkit, mit dem Sie Ihre Website analysieren, Ihre Leistung verfolgen und neue Wachstumschancen entdecken k\u00f6nnen. Egal, ob Sie ein SEO-Profi, ein Kleinunternehmer oder ein digitaler Vermarkter sind, diese Tools [...]<\/p>","protected":false},"author":1,"featured_media":8537,"parent":0,"menu_order":0,"comment_status":"closed","ping_status":"closed","template":"","meta":{"rop_custom_images_group":[],"rop_custom_messages_group":[],"rop_publish_now":"initial","rop_publish_now_accounts":{"twitter_2998589429_2998589429":""},"rop_publish_now_history":[],"rop_publish_now_status":"pending","footnotes":""},"class_list":["post-8536","page","type-page","status-publish","has-post-thumbnail","hentry"],"blocksy_meta":[],"_links":{"self":[{"href":"https:\/\/gsoftwarelab.com\/de\/wp-json\/wp\/v2\/pages\/8536","targetHints":{"allow":["GET"]}}],"collection":[{"href":"https:\/\/gsoftwarelab.com\/de\/wp-json\/wp\/v2\/pages"}],"about":[{"href":"https:\/\/gsoftwarelab.com\/de\/wp-json\/wp\/v2\/types\/page"}],"author":[{"embeddable":true,"href":"https:\/\/gsoftwarelab.com\/de\/wp-json\/wp\/v2\/users\/1"}],"replies":[{"embeddable":true,"href":"https:\/\/gsoftwarelab.com\/de\/wp-json\/wp\/v2\/comments?post=8536"}],"version-history":[{"count":4,"href":"https:\/\/gsoftwarelab.com\/de\/wp-json\/wp\/v2\/pages\/8536\/revisions"}],"predecessor-version":[{"id":8623,"href":"https:\/\/gsoftwarelab.com\/de\/wp-json\/wp\/v2\/pages\/8536\/revisions\/8623"}],"wp:featuredmedia":[{"embeddable":true,"href":"https:\/\/gsoftwarelab.com\/de\/wp-json\/wp\/v2\/media\/8537"}],"wp:attachment":[{"href":"https:\/\/gsoftwarelab.com\/de\/wp-json\/wp\/v2\/media?parent=8536"}],"curies":[{"name":"wp","href":"https:\/\/api.w.org\/{rel}","templated":true}]}}