{"id":71,"date":"2014-09-19T17:25:00","date_gmt":"2014-09-19T15:25:00","guid":{"rendered":"http:\/\/gsoftwarelab.com\/?page_id=71"},"modified":"2025-10-05T02:47:27","modified_gmt":"2025-10-05T00:47:27","slug":"privacy","status":"publish","type":"page","link":"https:\/\/gsoftwarelab.com\/de\/privacy\/","title":{"rendered":"Datenschutzerkl\u00e4rung"},"content":{"rendered":"<h1 class=\"wp-block-heading\">Datenschutzerkl\u00e4rung<\/h1>\n\n\n\n<h2 class=\"wp-block-heading\">Allgemeines<\/h2>\n\n\n\n<p>Ihre personenbezogenen Daten (z.B. Anrede, Name, Hausanschrift, E-Mail-Adresse, Telefonnummer, Bankverbindung, Kreditkartennummer) werden von uns nur im Einklang mit den Bestimmungen des deutschen Datenschutzrechts verarbeitet. Die folgenden Bestimmungen beschreiben Art, Umfang und Zweck der Erhebung, Verarbeitung und Nutzung personenbezogener Daten. Diese Datenschutzerkl\u00e4rung gilt nur f\u00fcr unsere Webseiten. Wenn Links auf unseren Seiten Sie zu anderen Seiten f\u00fchren, erkundigen Sie sich bitte dort, wie Ihre Daten in solchen F\u00e4llen behandelt werden.<\/p>\n\n\n\n<h2 class=\"wp-block-heading\">Bestandsdaten<\/h2>\n\n\n\n<p>(1) Ihre personenbezogenen Daten, soweit diese f\u00fcr dieses Vertragsverh\u00e4ltnis erforderlich sind (Bestandsdaten) im Hinblick auf dessen Begr\u00fcndung, Organisation von Inhalten und \u00c4nderungen, werden ausschlie\u00dflich zur Vertragserf\u00fcllung verwendet. Damit zum Beispiel Waren geliefert werden k\u00f6nnen, m\u00fcssen Ihr Name und Ihre Adresse an den Lieferanten der Waren weitergegeben werden.<br \/>(2) Ohne Ihre ausdr\u00fcckliche Einwilligung oder eine Rechtsgrundlage werden Ihre personenbezogenen Daten nicht an Dritte au\u00dferhalb des Rahmens der Vertragserf\u00fcllung weitergegeben. Nach Vertragsabschluss werden Ihre Daten f\u00fcr die weitere Nutzung gesperrt. Nach Ablauf von Fristen gem\u00e4\u00df steuer- und handelsrechtlichen Vorschriften werden diese Daten gel\u00f6scht, sofern Sie nicht ausdr\u00fccklich in deren weitere Verwendung eingewilligt haben.<\/p>\n\n\n\n<h2 class=\"wp-block-heading\">Webanalyse mit Google Analytics<\/h2>\n\n\n\n<p>Diese Website benutzt Google Analytics, einen Webanalysedienst der Google Inc. (Google). Google Analytics verwendet Cookies, also Textdateien, die auf Ihrem Computer gespeichert werden und die eine Analyse der Benutzung der Website durch Sie erm\u00f6glichen. Die durch den Cookie erzeugten Informationen \u00fcber Ihre Benutzung dieser Website werden in der Regel an einen Server von Google in den USA \u00fcbertragen und dort gespeichert. Im Falle der Aktivierung der IP-Anonymisierung auf dieser Website wird Ihre IP-Adresse von Google jedoch innerhalb von Mitgliedstaaten der Europ\u00e4ischen Union oder in anderen Vertragsstaaten des Abkommens \u00fcber den Europ\u00e4ischen Wirtschaftsraum zuvor gek\u00fcrzt. Nur in Ausnahmef\u00e4llen wird eine vollst\u00e4ndige IP-Adresse an einen Server von Google in den USA \u00fcbertragen und dort gek\u00fcrzt. Im Auftrag des Betreibers dieser Website wird Google diese Informationen benutzen, um Ihre Nutzung der Website auszuwerten, um Reports \u00fcber die Websiteaktivit\u00e4ten zusammenzustellen und um weitere mit der Websitenutzung und der Internetnutzung verbundene Dienstleistungen gegen\u00fcber dem Websitebetreiber zu erbringen. Die im Rahmen von Google Analytics von Ihrem Browser \u00fcbermittelte IP-Adresse wird nicht mit anderen Daten von Google zusammengef\u00fchrt. Sie k\u00f6nnen die Speicherung von Cookies durch eine entsprechende Einstellung Ihrer Browser-Software verhindern; Bitte beachten Sie in diesem Fall jedoch, dass Sie m\u00f6glicherweise nicht alle Funktionen dieser Website vollumf\u00e4nglich nutzen k\u00f6nnen. Dar\u00fcber hinaus k\u00f6nnen Sie die Erfassung und Verarbeitung der durch den Cookie erzeugten und auf Ihre Nutzung der Website bezogenen Daten (einschlie\u00dflich Ihrer IP-Adresse) durch Google verhindern, indem Sie unter folgendem Link ein Browser-Plugin herunterladen und installieren: <a href=\"http:\/\/tools.google.com\/dlpage\/gaoptout?hl=en\" target=\"_blank\" rel=\"noopener noreferrer\">http:\/\/tools.google.com\/dlpage\/gaoptout?hl=en<\/a><\/p>\n\n\n\n<h2 class=\"wp-block-heading\">Informationen zu Cookies<\/h2>\n\n\n\n<p>(1) Zur Optimierung unseres Webauftritts verwenden wir Cookies. Dabei handelt es sich um kleine Textdateien, die im Hauptspeicher Ihres Computers gespeichert werden. Diese Cookies werden gel\u00f6scht, nachdem Sie den Browser geschlossen haben. Andere Cookies verbleiben auf Ihrem Computer (Langzeit-Cookies) und erm\u00f6glichen deren Wiedererkennung bei Ihrem n\u00e4chsten Besuch. Dies erm\u00f6glicht es uns, Ihren Zugriff auf unsere Website zu verbessern.<br \/>(2) Sie k\u00f6nnen die Speicherung von Cookies verhindern, indem Sie in Ihren Browsereinstellungen die Option \u201eCookies deaktivieren\u201c w\u00e4hlen. Dies kann jedoch die Funktionalit\u00e4t unserer Internetangebote einschr\u00e4nken.<\/p>\n\n\n\n<h2 class=\"wp-block-heading\">Social Plugins von Facebook<\/h2>\n\n\n\n<p>Wir verwenden Social Plugins von facebook.com, betrieben von der Facebook Inc., 1601 S. California Ave, Palo Alto, CA 94304, USA. Die Plugins sind an dem Facebook-Logo oder dem Zusatz \u201eFacebook Social Plug-in\u201c zu erkennen. Wenn Sie beispielsweise auf den \"Gef\u00e4llt mir\"-Button klicken oder einen Kommentar abgeben, wird die entsprechende Information von Ihrem Browser direkt an Facebook \u00fcbermittelt und dort gespeichert. Dar\u00fcber hinaus macht Facebook Ihre Likes f\u00fcr Ihre Facebook-Freunde \u00f6ffentlich. Sind Sie bei Facebook eingeloggt, kann dieser den Aufruf unserer Seite direkt Ihrem Facebook-Konto zuordnen. Auch wenn Sie nicht eingeloggt sind oder kein Facebook-Konto haben, sendet Ihr Browser Informationen (z.B. welche Webseiten Sie aufgerufen haben, Ihre IP-Adresse), die dann von Facebook gespeichert werden. Einzelheiten zum Umgang mit Ihren personenbezogenen Daten durch Facebook und Ihren diesbez\u00fcglichen Rechten entnehmen Sie bitte der Datenschutzerkl\u00e4rung von Facebook: <a href=\"http:\/\/www.facebook.com\/policy.php\" target=\"_blank\" rel=\"noopener noreferrer\">http:\/\/www.facebook.com\/policy.php<\/a>. Wenn Sie nicht m\u00f6chten, dass Facebook die \u00fcber unsere Websites \u00fcber Sie erhobenen Daten Ihrem Facebook-Konto zuordnet, m\u00fcssen Sie sich vor Ihrem Besuch unserer Webseiten bei Facebook ausloggen.<\/p>\n\n\n\n<h2 class=\"wp-block-heading\">Social Plugins von Twitter<\/h2>\n\n\n\n<p>Mit Twitter und seinen Retweet-Funktionen verwenden wir Social Plugins von Twitter.com, betrieben von der Twitter Inc. 795 Folsom St., Suite 600, San Francisco, CA 94107. Wenn Sie Retweet nutzen, werden die von Ihnen besuchten Webseiten Dritten bekannt gegeben und Ihrem Twitter-Account zugeordnet. Einzelheiten zum Umgang mit Ihren Daten durch Twitter sowie zu Ihren Rechten und Einstellungsm\u00f6glichkeiten zum Schutz Ihrer personenbezogenen Daten finden Sie in der Datenschutzerkl\u00e4rung von Twitter: <a href=\"http:\/\/twitter.com\/privacy\" target=\"_blank\" rel=\"noopener noreferrer\">http:\/\/twitter.com\/privacy <\/a><\/p>\n\n\n\n<h2 class=\"wp-block-heading\">Offenlegung<\/h2>\n\n\n\n<p>Nach dem Bundesdatenschutzgesetz haben Sie ein Recht auf unentgeltliche Auskunft \u00fcber Ihre gespeicherten Daten und ggf. ein Recht auf Berichtigung, Sperrung oder L\u00f6schung dieser Daten. Anfragen k\u00f6nnen an folgende E-Mail-Adressen gerichtet werden: Unterst\u00fctzung (AT) gsoftwarelab.atlassian.net<\/p>","protected":false},"excerpt":{"rendered":"<p>Ihre personenbezogenen Daten (z.B. Anrede, Name, Anschrift, E-Mail-Adresse, Telefonnummer, Bankverbindung, Kreditkartennummer) werden von uns nur gem\u00e4\u00df den Bestimmungen des deutschen Datenschutzrechts verarbeitet. Die folgenden Bestimmungen beschreiben Art, Umfang und Zweck der Erhebung, Verarbeitung und Nutzung personenbezogener Daten. Diese Datenschutzerkl\u00e4rung [...]<\/p>","protected":false},"author":1,"featured_media":0,"parent":0,"menu_order":0,"comment_status":"closed","ping_status":"closed","template":"","meta":{"rop_custom_images_group":[],"rop_custom_messages_group":[],"rop_publish_now":"initial","rop_publish_now_accounts":{"twitter_2998589429_2998589429":""},"rop_publish_now_history":[],"rop_publish_now_status":"pending","footnotes":""},"class_list":["post-71","page","type-page","status-publish","hentry"],"blocksy_meta":[],"_links":{"self":[{"href":"https:\/\/gsoftwarelab.com\/de\/wp-json\/wp\/v2\/pages\/71","targetHints":{"allow":["GET"]}}],"collection":[{"href":"https:\/\/gsoftwarelab.com\/de\/wp-json\/wp\/v2\/pages"}],"about":[{"href":"https:\/\/gsoftwarelab.com\/de\/wp-json\/wp\/v2\/types\/page"}],"author":[{"embeddable":true,"href":"https:\/\/gsoftwarelab.com\/de\/wp-json\/wp\/v2\/users\/1"}],"replies":[{"embeddable":true,"href":"https:\/\/gsoftwarelab.com\/de\/wp-json\/wp\/v2\/comments?post=71"}],"version-history":[{"count":1,"href":"https:\/\/gsoftwarelab.com\/de\/wp-json\/wp\/v2\/pages\/71\/revisions"}],"predecessor-version":[{"id":8367,"href":"https:\/\/gsoftwarelab.com\/de\/wp-json\/wp\/v2\/pages\/71\/revisions\/8367"}],"wp:attachment":[{"href":"https:\/\/gsoftwarelab.com\/de\/wp-json\/wp\/v2\/media?parent=71"}],"curies":[{"name":"wp","href":"https:\/\/api.w.org\/{rel}","templated":true}]}}