{"id":5002,"date":"2022-07-06T12:59:17","date_gmt":"2022-07-06T10:59:17","guid":{"rendered":"https:\/\/gsoftwarelab.com\/terms-conditions\/"},"modified":"2025-10-26T05:16:22","modified_gmt":"2025-10-26T03:16:22","slug":"terms-of-service","status":"publish","type":"page","link":"https:\/\/gsoftwarelab.com\/de\/terms-of-service\/","title":{"rendered":"Nutzungsbedingungen"},"content":{"rendered":"<div class=\"wp-block-group is-layout-constrained wp-block-group-is-layout-constrained\">\n<div class=\"wp-block-stackable-heading stk-block-heading stk-block-heading--v2 stk-block stk-f0a48d6\" id=\"terms-of-service\" data-block-id=\"f0a48d6\"><style>.stk-f0a48d6 .stk-block-heading__top-line{margin-left:auto !important;margin-right:auto !important;}<\/style><div class=\"stk-block-heading__top-line\"><\/div><h1 class=\"stk-block-heading__text has-text-align-center\">Nutzungsbedingungen<\/h1><\/div>\n\n\n\n<!-- This legal document was generated by Complianz Terms &amp; Conditions https:\/\/wordpress.org\/plugins\/complianz-terms-conditions -->\n<div id=\"cmplz-document\" class=\"cmplz-document cmplz-terms-conditions\"><p><i>Die Allgemeinen Gesch\u00e4ftsbedingungen wurden zuletzt am Januar 15, 2026 aktualisiert<\/i><\/p><h2>1. Einf\u00fchrung<\/h2><p>Diese Allgemeinen Gesch\u00e4ftsbedingungen gelten f\u00fcr diese Website und f\u00fcr die Transaktionen im Zusammenhang mit unseren Produkten und Dienstleistungen.\u00a0Du bist m\u00f6glicherweise an zus\u00e4tzliche Vertr\u00e4ge gebunden, die sich auf deine Beziehung zu uns oder auf Produkte oder Dienstleistungen beziehen, die du von uns erh\u00e4ltst.\u00a0Wenn Bestimmungen der Zusatzvertr\u00e4ge mit Bestimmungen dieser Bedingungen in Konflikt stehen, haben die Bestimmungen dieser Zusatzvertr\u00e4ge Vorrang.<\/p><h2>2. Verbindlichkeit<\/h2><p>Durch die Registrierung, den Zugriff auf oder die anderweitige Nutzung dieser Website erkl\u00e4rst du dich hiermit einverstanden, an diese unten aufgef\u00fchrten Allgemeinen Gesch\u00e4ftsbedingungen zu gebunden sein.\u00a0Die blo\u00dfe Nutzung dieser Website setzt die Kenntnis und Akzeptanz dieser Allgemeinen Gesch\u00e4ftsbedingungen voraus.\u00a0In bestimmten F\u00e4llen k\u00f6nnen wir dich auch bitten, ausdr\u00fccklich zuzustimmen.<\/p><h2>3. Elektronische Kommunikation<\/h2><p>Durch die Nutzung dieser Website oder die Kommunikation mit uns auf elektronischem Wege erkl\u00e4rst du dich damit einverstanden und erkennst an, dass wir auf unserer Website elektronisch mit dir kommunizieren oder dir eine E-Mail senden k\u00f6nnen, und stimmst zu, dass alle Vereinbarungen, Mitteilungen, Offenlegungen und sonstigen Mitteilungen, die wir dir elektronisch zusenden, alle gesetzlichen Anforderungen erf\u00fcllen. Beinhaltet au\u00dferdem, aber nicht auf die Anforderung beschr\u00e4nkt, dass solche Mitteilungen schriftlich erfolgen sollten.<\/p><h2>4. Geistiges Eigentum<\/h2><p>Wir oder unsere Lizenzgeber besitzen und kontrollieren alle Urheberrechte und sonstigen Rechte an geistigem Eigentum auf der Website sowie die Daten, Informationen und sonstigen Ressourcen, die auf der Website angezeigt werden oder auf der Website zug\u00e4nglich ist.<\/p><p class=\"cmplz-subtitle\">4.1 Alle Rechte vorbehalten<\/p><p>Sofern bestimmte Inhalte nichts anderes vorschreiben, wird dir keine Lizenz oder ein anderes Recht unter Urheber-, Marken-, Patent- oder andere Rechten an geistigem Eigentum gew\u00e4hrt. \u00a0Dies bedeutet, dass du keine Ressourcen auf dieser Website verwendest, kopierst, reproduzierst, ausf\u00fchrst, anzeigst, verteilst, in ein elektronisches Medium einbettest, \u00e4nderst, zur\u00fcckentwickelst, dekompilierst, \u00fcbergibst, herunterl\u00e4dst, \u00fcbertragst, monetarisierst, verkaufst, vermarktest oder kommerzialisierst in jeglicher Form, ohne unsere vorherige schriftliche Genehmigung, au\u00dfer und insoweit, als dies in den Bestimmungen des zwingenden Rechts (wie das Recht auf Zitat) anders festgelegt ist.<\/p><h2>5. Newsletter<\/h2><p>Ungeachtet des Obigen, kannst du unseren Newsletter in elektronischer Form an andere Personen weiterleiten, die m\u00f6glicherweise an einem Besuch unserer Website interessiert sind.<\/p><h2>6. Eigentum Drittanbieter<\/h2><p>Unsere Website kann Hyperlinks oder andere Verweise auf Websites andere Parteien enthalten.\u00a0Wir \u00fcberwachen oder \u00fcberpr\u00fcfen nicht den Inhalt der Websites andere Parteien, auf die von dieser Website aus verwiesen wird.\u00a0Produkte oder Dienstleistungen, die von anderen Websites angeboten werden, unterliegen den Allgemeinen Gesch\u00e4ftsbedingungen dieser Dritten.\u00a0Auf diesen Websites ge\u00e4u\u00dferte Meinungen oder Materialien werden von uns nicht unbedingt geteilt oder unterst\u00fctzt.<\/p><p>Wir sind nicht verantwortlich f\u00fcr Datenschutzpraktiken oder Inhalte dieser Websites.\u00a0Du tr\u00e4gst alle Risiken, die mit der Nutzung dieser Websites und damit verbundener Dienste Dritter verbunden sind.\u00a0Wir \u00fcbernehmen keine Verantwortung f\u00fcr Verluste oder Sch\u00e4den jeglicher Art, die sich aus deiner Weitergabe personenbezogener Daten an Dritte ergeben.<\/p><h2>7. Verantwortungsbewusster Umgang<\/h2><p>Durch den Besuch unserer Website erkl\u00e4rst du dich damit einverstanden, diese nur f\u00fcr die Zwecke zu verwenden, die durch diese Bedingungen, zus\u00e4tzliche Vertr\u00e4ge mit uns sowie geltende Gesetze, Vorschriften und allgemein anerkannte Online-Praktiken und Branchenrichtlinien beabsichtigt und gestattet sind.\u00a0Du darfst unsere Website oder Dienste nicht verwenden, um Material zu verwenden, zu ver\u00f6ffentlichen oder zu verbreiten, das aus b\u00f6sartiger Computersoftware besteht (oder mit dieser verlinkt ist). Verwende die auf unserer Website gesammelten Daten f\u00fcr Direktmarketingaktivit\u00e4ten oder f\u00fchre systematische oder automatisierte Datenerfassungsaktivit\u00e4ten auf oder in Bezug auf unsere Website durch.<\/p><p>Die Teilnahme an Aktivit\u00e4ten, die Sch\u00e4den an der Website verursachen oder verursachen k\u00f6nnen oder die Leistung, Verf\u00fcgbarkeit oder Zug\u00e4nglichkeit der Website beeintr\u00e4chtigen, ist strengstens untersagt.<\/p><h2>8. Anmeldung<\/h2><p>Du kannst dich f\u00fcr ein Konto auf unserer Website registrieren.\u00a0W\u00e4hrend diesem Prozess, k\u00f6nnte es erforderlich sein, ein Passwort ausw\u00e4hlen.\u00a0Du bist f\u00fcr die Wahrung der Vertraulichkeit von Passw\u00f6rtern und Kontoinformationen verantwortlich und erkl\u00e4rst dich damit einverstanden, deren Passw\u00f6rter, Kontoinformationen oder den gesicherten Zugang zu unserer Website oder unseren Diensten nicht an andere Personen weiterzugeben. \u00a0Du darfst keine andere Person erlauben, dein Konto f\u00fcr den Zugriff auf die Website zu verwenden, da du f\u00fcr alle Aktivit\u00e4ten verantwortlich bist, die durch die Verwendung deiner Passw\u00f6rter oder Konten erfolgen.\u00a0Du musst uns unverz\u00fcglich benachrichtigen, wenn du Kenntnis von einer Offenlegung deines Passworts erh\u00e4ltst.<\/p><p>Nach der K\u00fcndigung des Kontos kannst du ohne unsere Erlaubnis kein neues Konto anlegen.<\/p><h2>9. R\u00fcckerstattungs- und R\u00fcckgaberecht<\/h2><p class=\"cmplz-subtitle\">9.1 Recht des Widerrufs<\/p><p>Du hast das Recht, innerhalb von 14 Tagen ohne Angabe von Gr\u00fcnden von diesem Vertrag zur\u00fcckzutreten.<\/p><p>Die Widerrufsfrist l\u00e4uft nach 14 Tagen ab dem Tag des Vertragsschlusses ab.<\/p><p>Um das Widerrufsrecht auszu\u00fcben, musst du du uns deine Entscheidung zum R\u00fccktritt von diesem Vertrag durch eine eindeutige Erkl\u00e4rung (z. B. einen Brief per Post, Fax oder E-Mail) mitteilen.\u00a0Unsere Kontaktdaten findest du unten.\u00a0Sie k\u00f6nnen das beigef\u00fcgte Modell verwenden <a target=\"_blank\" href=\"https:\/\/gsoftwarelab.com\/wp-content\/uploads\/complianz\/withdrawal-forms\/withdrawal-form-de.pdf\">Widerrufsformular<\/a>, aber es ist nicht obligatorisch.<\/p><p>Sie k\u00f6nnen auch das Muster-Widerrufsformular oder eine andere eindeutige Erkl\u00e4rung auf unserer Website elektronisch ausf\u00fcllen und absenden. <a href=\"https:\/\/gsoftwarelab.com\/de\/contact-us\/\"> Webseite<\/a>.<\/p><p>Wenn du diese Option nutzt, werden wir dir unverz\u00fcglich eine Empfangsbest\u00e4tigung \u00fcber einen solchen Widerruf auf einem dauerhaften Medium (z. B. per E-Mail) \u00fcbermitteln.<\/p><p>Um die Widerrufsfrist einzuhalten, reicht es aus, dass du deine Mitteilung \u00fcber die Aus\u00fcbung des Widerrufsrechts vor Ablauf der Widerrufsfrist absendest.<\/p><p class=\"cmplz-subtitle\">9.2 Auswirkungen des Widerrufs<\/p><p>Wenn du von diesem Vertrag zur\u00fccktrittst, erstatten wir dir alle von dir erhaltenen Zahlungen, einschlie\u00dflich der Lieferkosten (mit Ausnahme der zus\u00e4tzlichen Kosten, die sich aus deiner Wahl einer anderen Lieferart als der von dir angebotenen kosteng\u00fcnstigsten Standardlieferungsart ergibt), unverz\u00fcglich und in jedem Fall sp\u00e4testens 14 Tage ab dem Tag, an dem wir \u00fcber deine Entscheidung zum R\u00fccktritt von diesem Vertrag informiert werden.\u00a0Wir werden diese Erstattung mit denselben Zahlungsmitteln durchf\u00fchren, die du f\u00fcr die urspr\u00fcngliche Transaktion verwendet hast, sofern du nicht ausdr\u00fccklich etwas anderes vereinbart hattest. In jedem Fall gefallen f\u00fcr diese Erstattung keine Geb\u00fchren an. <\/p><p>Wenn du w\u00e4hrend der Widerrufsfrist mit der Leistungserbringung begonnen hast, zahlst du uns einen Betrag, der im Verh\u00e4ltnis zu den geleisteten Leistungen steht, bis du uns deinen R\u00fccktritt von diesem Vertrag im Vergleich zur vollst\u00e4ndigen Deckung des Vertrages mitgeteilt hast.<\/p><p>Bitte beachte, dass es einige gesetzliche Ausnahmen vom Widerrufsrecht gibt und einige Artikel daher nicht zur\u00fcckgegeben oder umgetauscht werden k\u00f6nnen.\u00a0Wir werden dich informieren, wenn dies in deinem speziellen Fall zutrifft.<\/p><h2>10. Ideeneinreichung<\/h2><p>Reiche keine Ideen, Erfindungen, Werke der Urheberschaft oder andere Informationen ein, die als dein eigenes geistiges Eigentum angesehen werden k\u00f6nnen und welche du uns pr\u00e4sentieren m\u00f6chtest, es sei denn, wir haben zuvor eine Vereinbarung \u00fcber das geistige Eigentum oder eine Geheimhaltungsvereinbarung unterzeichnet.\u00a0Wenn du uns dies ohne eine solche schriftliche Vereinbarung mitteilst, gew\u00e4hrst du uns eine weltweite, unwiderrufliche, nicht exklusive, lizenzgeb\u00fchrenfreie Lizenz zur Nutzung, Reproduktion, Speicherung, Anpassung, Ver\u00f6ffentlichung, \u00dcbersetzung und deine Verbreitung Inhalte in bestehenden oder zuk\u00fcnftigen Medien .<\/p><h2>11. Beendigung der Nutzung<\/h2><p>Wir k\u00f6nnen nach eigenem Ermessen den Zugriff auf die Website oder einen darauf befindlichen Service jederzeit vor\u00fcbergehend oder dauerhaft \u00e4ndern oder einstellen.\u00a0Du erkl\u00e4rst dich damit einverstanden, dass wir weder dir noch Dritten gegen\u00fcber f\u00fcr solche \u00c4nderungen, Aussetzungen oder Unterbrechungen deines Zugriffs auf oder deiner Nutzung der Website oder von Inhalten, die dich m\u00f6glicherweise auf der Website geteilt haben, haften.\u00a0Du hast keinen Anspruch auf Entsch\u00e4digung oder sonstige Zahlung, selbst wenn bestimmte Funktionen, Einstellungen und\/oder Inhalte, die du beigesteuert hast oder auf die du dich verl\u00e4sst, dauerhaft verloren gehen.\u00a0Du darfst keine Zugriffsbeschr\u00e4nkungsma\u00dfnahmen auf unserer Website umgehen oder versuchen, sie zu umgehen.<\/p><h2>12. Garantien und Haftung<\/h2><p>Durch nichts in diesem Abschnitt wird eine gesetzlich implizierte Garantie eingeschr\u00e4nkt oder ausgeschlossen, deren Einschr\u00e4nkung oder Ausschluss rechtswidrig w\u00e4re.\u00a0Diese Website und alle Inhalte der Website werden \"wie sie sind\" und \"wie verf\u00fcgbar\" bereitgestellt und k\u00f6nnen Ungenauigkeiten oder Tippfehler enthalten.\u00a0Wir lehnen ausdr\u00fccklich jegliche ausdr\u00fcckliche oder stillschweigende Gew\u00e4hrleistung jeglicher Art hinsichtlich der Verf\u00fcgbarkeit, Richtigkeit oder Vollst\u00e4ndigkeit des Inhalts ab.\u00a0Wir \u00fcbernehmen keine Garantie daf\u00fcr, dass:<\/p><p><ul>\n\t\t\t\t<li>Diese Website oder unsere Produkte oder Dienstleistungen erf\u00fcllen deine Anforderungen.<\/li>\n\t\t\t\t<li>Diese Website wird ununterbrochen, zeitnah, sicher oder fehlerfrei verf\u00fcgbar sein;<\/li>\n\t\t\t\t<li>Die Qualit\u00e4t aller Produkte oder Dienstleistungen, die du \u00fcber diese Website gekauft oder erhalten habst, entspricht deinen Erwartungen.<\/li>\n\t\t\t<\/ul><\/p><p>Nichts auf dieser Website stellt eine rechtliche, finanzielle oder medizinische Beratung jeglicher Art dar oder soll diese darstellen.\u00a0Wenn du eine Beratung ben\u00f6tigst, solltest du einen geeigneten Fachmann konsultieren.<\/p><p>Die folgenden Bestimmungen dieses Abschnitts gelten im gesetzlich zul\u00e4ssigen H\u00f6chstma\u00df und schr\u00e4nken unsere Haftung in Bezug auf Angelegenheiten, die f\u00fcr uns rechtswidrig oder rechtswidrig w\u00e4ren, unsere Haftung einzuschr\u00e4nken oder auszuschlie\u00dfen, nicht ein oder aus.\u00a0In keinem Fall haften wir f\u00fcr direkte oder indirekte Sch\u00e4den (einschlie\u00dflich Sch\u00e4den f\u00fcr entgangenen Gewinn oder Umsatz, Verlust oder Besch\u00e4digung von Daten, Software oder Datenbank oder Verlust oder Besch\u00e4digung von Eigentum oder Daten), die dir oder Drittparteien entstehen, die sich aus deinem Zugriff auf oder deiner Nutzung unserer Website ergibt.<\/p><p>Sofern in einem zus\u00e4tzlichen Vertrag nicht ausdr\u00fccklich etwas anderes bestimmt ist, haften wir dir gegen\u00fcber maximal f\u00fcr alle Sch\u00e4den, die aus der Website oder mit Produkten und Dienstleistungen entstehen oder damit in Verbindung stehen, die \u00fcber die Website vermarktet oder verkauft werden, unabh\u00e4ngig von der Form der rechtlichen Schritte, die eine Haftung auferlegen ( Ob vertraglich, nach Billigkeit, Fahrl\u00e4ssigkeit, vors\u00e4tzlichem Verhalten, unerlaubter Handlung oder auf andere Weise) wird auf den Gesamtpreis begrenzt, den du an uns hast, um solche Produkte oder Dienstleistungen zu kaufen oder die Website zu nutzen.\u00a0Diese Begrenzung gilt insgesamt f\u00fcr alle deine Anspr\u00fcche, Handlungen und Klagegr\u00fcnde jeglicher Art und Art.<\/p><h2>13. Privatsph\u00e4re<\/h2><p>Um auf unsere Website und\/oder Dienstleistungen zugreifen zu k\u00f6nnen, musst du im Rahmen des Registrierungsprozesses m\u00f6glicherweise bestimmte Informationen \u00fcber dich selbst angeben.\u00a0Du stimmst zu, dass alle von dir angegebenen Informationen immer genau, korrekt und aktuell sind.<\/p><p>Wir nehmen deine pers\u00f6nlichen Daten ernst und verpflichten uns, deine Privatsph\u00e4re zu sch\u00fctzen.\u00a0Wir werden deine E-Mail-Adresse nicht f\u00fcr unerw\u00fcnschte E-Mails verwenden.\u00a0Alle von uns an dich gesendeten E-Mails beziehen sich auf nur auf die Bereitstellung vereinbarter Produkte oder Dienstleistungen.<\/p><p>Wir haben eine Richtlinie entwickelt, um eventuelle Datenschutzbedenken auszur\u00e4umen.\u00a0Weitere Informationen finden Sie in unserem <a href=\"https:\/\/gsoftwarelab.com\/de\/privacy\/\">Datenschutzerkl\u00e4rung<\/a> und unsere <a href=\"https:\/\/gsoftwarelab.com\/de\/cookie-policy-eu\/\">Cookie-Richtlinie<\/a>.<\/p><h2>14. Barrierefreiheit<\/h2><p>Wir verpflichten uns, die von uns bereitgestellten Inhalte f\u00fcr Menschen mit Behinderungen zug\u00e4nglich zu machen.\u00a0Wenn du eine Behinderung\/Beeintr\u00e4chtigung hast und aufgrund dieser nicht auf einen Teil unserer Website zugreifen kannst, bitten wir dich, uns eine Mitteilung mit einer detaillierten Beschreibung des aufgetretenen Problems zu senden.\u00a0Wenn das Problem gem\u00e4\u00df den branchen\u00fcblichen Informationstechnologie-Tools und -Techniken leicht zu identifizieren und zu l\u00f6sen ist, werden wir es umgehend beheben.<\/p><h2>15. Exportbeschr\u00e4nkungen \/ Einhaltung von Gesetzen<\/h2><p>Der Zugriff auf die Website aus Gebieten oder L\u00e4ndern, in denen der Inhalt oder Kauf der auf der Website verkauften Produkte oder Dienstleistungen illegal ist, ist verboten.\u00a0Du darfst diese Website nicht unter Versto\u00df gegen die Exportgesetze und -bestimmungen von Deutschland verwenden.<\/p><h2>16. Partnerschafts-Marketing<\/h2><p>\u00dcber diese Website k\u00f6nnen wir Partnerschafts-Marketing betreiben, wobei wir einen Prozentsatz oder eine Provision f\u00fcr den Verkauf von Dienstleistungen oder Produkten auf oder \u00fcber diese Website erhalten.\u00a0Wir k\u00f6nnen auch Sponsoring oder andere Formen der Werbeverg\u00fctung von Unternehmen akzeptieren.\u00a0Diese Offenlegung soll den gesetzlichen Anforderungen in Bezug auf Marketing und Werbung entsprechen, die m\u00f6glicherweise gelten, wie z. B. den Regeln der US-amerikanischen Federal Trade Commission.<\/p><h2>17. Zuordnung<\/h2><p>Ohne unsere vorherige schriftliche Zustimmung darfst du deine Rechte und\/oder Pflichten aus diesen Gesch\u00e4ftsbedingungen weder ganz noch teilweise an Dritte abtreten, \u00fcbertragen oder an Dritte weitergeben.\u00a0Jede angebliche Abtretung, die gegen diesen Abschnitt verst\u00f6\u00dft, ist nichtig.<\/p><h2>18. Verst\u00f6\u00dfe gegen diese Allgemeinen Gesch\u00e4ftsbedingungen<\/h2><p>Ungeachtet unserer anderen Rechte aus diesen Allgemeinen Gesch\u00e4ftsbedingungen k\u00f6nnen wir, wenn du in irgendeiner Weise gegen diese Allgemeinen Gesch\u00e4ftsbedingungen verst\u00f6\u00dft, Ma\u00dfnahmen ergreifen, die wir f\u00fcr angemessen halten, um den Versto\u00df zu behandeln, einschlie\u00dflich der vor\u00fcbergehenden oder dauerhaften Sperrung deines Zugriffs auf die Website und mit der Kontaktaufnahme deines Internetdienstanbieters mit der Aufforderung deinen Zugang zur Website zu sperren und\/oder rechtliche Schritte gegen dich einzuleiten.<\/p><h2>19. H\u00f6here Gewalt<\/h2><p>Mit Ausnahme der Zahlungsverpflichtung, eine Verz\u00f6gerung, ein Vers\u00e4umnis oder eine Unterlassung einer Partei bei der Erf\u00fcllung oder Einhaltung einer ihrer Verpflichtungen aus diesem Vertrag, gilt nicht als Versto\u00df gegen diese Allgemeinen Gesch\u00e4ftsbedingungen, wenn und solange eine solche Verz\u00f6gerung, ein Vers\u00e4umnis oder eine Unterlassung aus einem \u00fcber den vern\u00fcnftigen Grund hinausgehenden Grund der angemessenen Kontrolle dieser Partei liegt.<\/p><h2>20. Entsch\u00e4digung<\/h2><p>Du erkl\u00e4rst dich damit einverstanden, uns von allen Anspr\u00fcchen, Verbindlichkeiten, Sch\u00e4den, Verlusten und Kosten im Zusammenhang mit deiner Verletzung dieser Allgemeinen Gesch\u00e4ftsbedingungen und der geltenden Gesetze, einschlie\u00dflich geistiger Eigentumsrechte und Datenschutzrechte, freizustellen, zu verteidigen und schadlos zu halten.\u00a0Du wirst uns unverz\u00fcglich unsere Sch\u00e4den, Verluste, Kosten und Aufwendungen im Zusammenhang mit oder aus solchen Anspr\u00fcchen erstatten.<\/p><h2>21. Verzicht<\/h2><p>Das Vers\u00e4umnis, eine der Bestimmungen dieser Allgemeinen Gesch\u00e4ftsbedingungen und einer Vereinbarung durchzusetzen, oder das Vers\u00e4umnis, eine K\u00fcndigungsoption auszu\u00fcben, gilt nicht als Verzicht auf diese Bestimmungen und ber\u00fchrt nicht die G\u00fcltigkeit dieser Allgemeinen Gesch\u00e4ftsbedingungen oder einer dieser Vereinbarungen oder ein Teil davon oder das Recht danach, jede einzelne Bestimmung durchzusetzen.<\/p><h2>22. Sprache<\/h2><p>Diese Allgemeinen Gesch\u00e4ftsbedingungen werden ausschlie\u00dflich in Englisch interpretiert und ausgelegt.\u00a0Alle Mitteilungen und Korrespondenzen werden ausschlie\u00dflich in dieser Sprache verfasst.<\/p><h2>23. Komplette Vereinbarung<\/h2><p>Diese Allgemeinen Gesch\u00e4ftsbedingungen, zusammen mit unseren <a href=\"https:\/\/gsoftwarelab.com\/de\/privacy\/\">Datenschutzerkl\u00e4rung<\/a> und <a href=\"https:\/\/gsoftwarelab.com\/de\/cookie-policy-eu\/\">Cookie-Richtlinie<\/a>, stellen die gesamte Vereinbarung zwischen Ihnen und GSoftwareLab Inh. Lucas Schmutzler in Bezug auf Ihre Nutzung dieser Website.<\/p><h2>24. Aktualisierung dieser Allgemeinen Gesch\u00e4ftsbedingungen<\/h2><p>Wir k\u00f6nnen diese Allgemeinen Gesch\u00e4ftsbedingungen von Zeit zu Zeit aktualisieren.\u00a0Du bist verpflichtet, diese Allgemeinen Gesch\u00e4ftsbedingungen regelm\u00e4\u00dfig auf \u00c4nderungen oder Aktualisierungen zu \u00fcberpr\u00fcfen.\u00a0Das zu Beginn dieser Allgemeinen Gesch\u00e4ftsbedingungen angegebene Datum ist das letzte \u00dcberarbeitungsdatum.\u00a0\u00c4nderungen dieser Allgemeinen Gesch\u00e4ftsbedingungen werden wirksam, sobald solche \u00c4nderungen auf dieser Website ver\u00f6ffentlicht werden.\u00a0Deine fortgesetzte Nutzung dieser Website nach der Ver\u00f6ffentlichung von \u00c4nderungen oder Aktualisierungen gilt als Hinweis auf deine Zustimmung zur Einhaltung und Bindung dieser Allgemeinen Gesch\u00e4ftsbedingungen.<\/p><h2>25. Rechtswahl und Gerichtsstand<\/h2><p>Diese Allgemeinen Gesch\u00e4ftsbedingungen unterliegen den Gesetzen von Deutschland. \u00a0F\u00fcr alle Streitigkeiten im Zusammenhang mit diesen Allgemeinen Gesch\u00e4ftsbedingungen sind die Gerichte von Deutschland zust\u00e4ndig.\u00a0Wenn ein Teil oder eine Bestimmung dieser Allgemeinen Gesch\u00e4ftsbedingungen von einem Gericht oder einer anderen Beh\u00f6rde als ung\u00fcltig und \/ oder nach geltendem Recht nicht durchsetzbar befunden wird, wird dieser Teil oder diese Bestimmung im maximalen zul\u00e4ssigen Umfang ge\u00e4ndert, gel\u00f6scht und \/ oder durchgesetzt die Absicht dieser Allgemeinen Gesch\u00e4ftsbedingungen verwirklicht.\u00a0Die \u00fcbrigen Bestimmungen bleiben unber\u00fchrt.<\/p><h2>26. Kontaktinformationen<\/h2><p>Diese Website geh\u00f6rt und wird betrieben von GSoftwareLab Inh. Lucas Schmutzler .<\/p><p>Sie k\u00f6nnen uns bez\u00fcglich dieser Allgemeinen Gesch\u00e4ftsbedingungen \u00fcber unsere Website kontaktieren. <a href=\"https:\/\/gsoftwarelab.com\/de\/contact-us\/\">Kontakt<\/a> Seite.<\/p><h2>27. Herunterladen<\/h2><p>Sie k\u00f6nnen auch <a href=\"https:\/\/gsoftwarelab.com\/wp-content\/plugins\/complianz-terms-conditions\/download.php\">herunterladen<\/a> Unsere AGB als PDF.<\/p><\/div>\n<\/div>\n\n\n<div class=\"woocommerce woocommerce-gzd woocommerce-gzd-complaints-shortcode\">\n\t\t\t<h3>Alternative Streitbeilegung gem\u00e4\u00df Art. 14 Abs. 1 ODR-VO und \u00a7 36 VSBG:<\/h3>\n\t\nWir sind weder verpflichtet noch bereit, an Streitbeilegungsverfahren vor einer Verbraucherschlichtungsstelle teilzunehmen.<\/div>","protected":false},"excerpt":{"rendered":"<p>Nutzungsbedingungen<\/p>","protected":false},"author":1,"featured_media":0,"parent":0,"menu_order":0,"comment_status":"closed","ping_status":"closed","template":"","meta":{"rop_custom_images_group":[],"rop_custom_messages_group":[],"rop_publish_now":"initial","rop_publish_now_accounts":{"twitter_2998589429_2998589429":""},"rop_publish_now_history":[],"rop_publish_now_status":"pending","footnotes":""},"class_list":["post-5002","page","type-page","status-publish","hentry"],"blocksy_meta":[],"_links":{"self":[{"href":"https:\/\/gsoftwarelab.com\/de\/wp-json\/wp\/v2\/pages\/5002","targetHints":{"allow":["GET"]}}],"collection":[{"href":"https:\/\/gsoftwarelab.com\/de\/wp-json\/wp\/v2\/pages"}],"about":[{"href":"https:\/\/gsoftwarelab.com\/de\/wp-json\/wp\/v2\/types\/page"}],"author":[{"embeddable":true,"href":"https:\/\/gsoftwarelab.com\/de\/wp-json\/wp\/v2\/users\/1"}],"replies":[{"embeddable":true,"href":"https:\/\/gsoftwarelab.com\/de\/wp-json\/wp\/v2\/comments?post=5002"}],"version-history":[{"count":3,"href":"https:\/\/gsoftwarelab.com\/de\/wp-json\/wp\/v2\/pages\/5002\/revisions"}],"predecessor-version":[{"id":8455,"href":"https:\/\/gsoftwarelab.com\/de\/wp-json\/wp\/v2\/pages\/5002\/revisions\/8455"}],"wp:attachment":[{"href":"https:\/\/gsoftwarelab.com\/de\/wp-json\/wp\/v2\/media?parent=5002"}],"curies":[{"name":"wp","href":"https:\/\/api.w.org\/{rel}","templated":true}]}}