{"id":3273,"date":"2021-10-06T19:55:27","date_gmt":"2021-10-06T17:55:27","guid":{"rendered":"https:\/\/gsoftwarelab.com\/?page_id=3273"},"modified":"2025-10-05T02:52:06","modified_gmt":"2025-10-05T00:52:06","slug":"cancellation-policy","status":"publish","type":"page","link":"https:\/\/gsoftwarelab.com\/de\/cancellation-policy\/","title":{"rendered":"Zusammenfassung der Widerrufsbelehrung"},"content":{"rendered":"<div class=\"wp-block-stackable-heading stk-block-heading stk-block-heading--v2 stk-block stk-45b3b19\" id=\"cancellation-policy-summary\" data-block-id=\"45b3b19\"><h2 class=\"stk-block-heading__text\">Zusammenfassung der Widerrufsbelehrung<\/h2><\/div>\n\n\n\n<p>Wir glauben an ein unkompliziertes und faires K\u00fcndigungsverfahren. Hier ein kurzer \u00dcberblick \u00fcber Ihre Rechte.<\/p>\n\n\n\n<p>Sie haben das Recht, Ihren Vertrag innerhalb <strong>14 Tage<\/strong> seiner Schlussfolgerung, ohne dass ein Grund angegeben werden muss.<\/p>\n\n\n\n<p>Um zu stornieren, m\u00fcssen Sie uns eine klare Erkl\u00e4rung \u00fcber Ihre Entscheidung per E-Mail senden. <a href=\"https:\/\/gsoftwarelab.com\/de\/contact-us\/\">Emailadresse<\/a>, per Post oder \u00fcber das Widerrufsformular auf unserer Website. Nach Erhalt Ihrer Anfrage bearbeiten wir innerhalb von 14 Tagen eine vollst\u00e4ndige R\u00fcckerstattung, einschlie\u00dflich der Standardlieferkosten.<\/p>\n\n\n\n<p>Bitte beachten Sie, dass, wenn Sie Dienstleistungen angefordert haben, um w\u00e4hrend der Stornierungsfrist zu beginnen, Ihnen m\u00f6glicherweise ein Betrag in H\u00f6he der vor der Stornierung erbrachten Dienstleistung in Rechnung gestellt wird.<\/p>\n\n\n\n<p>Dies ist eine Zusammenfassung f\u00fcr Ihre Bequemlichkeit. Ausf\u00fchrliche Informationen, Ausnahmen und die offizielle Richtlinie finden Sie unter <strong><a href=\"https:\/\/gsoftwarelab.com\/de\/terms-conditions\/\">Abschnitt 9 (R\u00fcckerstattungs- und R\u00fcckgabebedingungen) in unseren Nutzungsbedingungen<\/a><\/strong>.<\/p>","protected":false},"excerpt":{"rendered":"<p>Wir glauben an einen einfachen und fairen Stornierungsprozess. Hier ein kurzer \u00dcberblick \u00fcber Ihre Rechte. Sie haben das Recht, Ihren Vertrag innerhalb von 14 Tagen nach Vertragsschluss ohne Angabe von Gr\u00fcnden zu widerrufen. Um zu stornieren, m\u00fcssen Sie uns eine klare Erkl\u00e4rung Ihrer Entscheidung per E-Mail, Post, [...]<\/p>","protected":false},"author":1,"featured_media":0,"parent":0,"menu_order":0,"comment_status":"closed","ping_status":"closed","template":"","meta":{"rop_custom_images_group":[],"rop_custom_messages_group":[],"rop_publish_now":"initial","rop_publish_now_accounts":{"twitter_2998589429_2998589429":""},"rop_publish_now_history":[],"rop_publish_now_status":"pending","footnotes":""},"class_list":["post-3273","page","type-page","status-publish","hentry"],"blocksy_meta":[],"_links":{"self":[{"href":"https:\/\/gsoftwarelab.com\/de\/wp-json\/wp\/v2\/pages\/3273","targetHints":{"allow":["GET"]}}],"collection":[{"href":"https:\/\/gsoftwarelab.com\/de\/wp-json\/wp\/v2\/pages"}],"about":[{"href":"https:\/\/gsoftwarelab.com\/de\/wp-json\/wp\/v2\/types\/page"}],"author":[{"embeddable":true,"href":"https:\/\/gsoftwarelab.com\/de\/wp-json\/wp\/v2\/users\/1"}],"replies":[{"embeddable":true,"href":"https:\/\/gsoftwarelab.com\/de\/wp-json\/wp\/v2\/comments?post=3273"}],"version-history":[{"count":1,"href":"https:\/\/gsoftwarelab.com\/de\/wp-json\/wp\/v2\/pages\/3273\/revisions"}],"predecessor-version":[{"id":8271,"href":"https:\/\/gsoftwarelab.com\/de\/wp-json\/wp\/v2\/pages\/3273\/revisions\/8271"}],"wp:attachment":[{"href":"https:\/\/gsoftwarelab.com\/de\/wp-json\/wp\/v2\/media?parent=3273"}],"curies":[{"name":"wp","href":"https:\/\/api.w.org\/{rel}","templated":true}]}}